{"id":8655,"date":"2025-04-16T03:47:31","date_gmt":"2025-04-16T03:47:31","guid":{"rendered":"https:\/\/jinhuaceramic.com\/?post_type=product&#038;p=8655"},"modified":"2025-04-16T03:47:33","modified_gmt":"2025-04-16T03:47:33","slug":"bulk-dinnerware-wholesale","status":"publish","type":"product","link":"https:\/\/jinhuaceramic.com\/pt\/product\/bulk-dinnerware-wholesale\/","title":{"rendered":"Servi\u00e7o de jantar r\u00fastico a granel por atacado, conjunto de lou\u00e7a feito \u00e0 medida"},"content":{"rendered":"<div class=\"wp-block-columns is-layout-flex wp-container-core-columns-is-layout-9d6595d7 wp-block-columns-is-layout-flex\">\n<div class=\"wp-block-column is-layout-flow wp-block-column-is-layout-flow\">\n<h3 class=\"wp-block-heading\">Servi\u00e7o de jantar Premium a granel por atacado Carater\u00edsticas:<\/h3>\n\n\n\n<ul class=\"wp-block-list\">\n<li><strong>Estilo r\u00fastico: <\/strong>Esta loi\u00e7a de jantar a granel por atacado foi concebida para ser r\u00fastica e elegante. O cinzento claro quente com debrum castanho ao longo das bordas \u00e9 elegante e vers\u00e1til. A textura ligeiramente irregular na superf\u00edcie da loi\u00e7a d\u00e1-lhe um toque de retro e um aspeto artesanal, dando-lhe um aspeto r\u00fastico.<\/li>\n\n\n\n<li><strong>Material cer\u00e2mico de alta qualidade:<\/strong> Estes conjuntos de loi\u00e7a personalizados individualmente s\u00e3o feitos de argila cer\u00e2mica natural cozida a alta temperatura, t\u00eam boa resist\u00eancia ao calor e s\u00e3o seguros para conter diferentes alimentos quentes. Os utens\u00edlios de mesa de cer\u00e2mica s\u00e3o dur\u00e1veis, n\u00e3o s\u00e3o facilmente risc\u00e1veis e quebr\u00e1veis, e t\u00eam uma longa vida \u00fatil.<\/li>\n\n\n\n<li><strong>Praticidade: <\/strong>Estas loi\u00e7as a granel por atacado incluem diferentes tamanhos de ta\u00e7as e pratos para satisfazer uma variedade de necessidades di\u00e1rias de refei\u00e7\u00f5es, quer se trate de refei\u00e7\u00f5es caseiras ou de receber convidados, podem facilmente lidar com isso.<\/li>\n\n\n\n<li><strong>Melhorar a experi\u00eancia gastron\u00f3mica: <\/strong>Estes conjuntos de loi\u00e7a personalizada de alta qualidade s\u00e3o texturizados, podem proporcionar uma experi\u00eancia t\u00e1til fina e aumentar o conforto das refei\u00e7\u00f5es. O aspeto bonito e luxuoso pode melhorar o ambiente e o ritual da refei\u00e7\u00e3o e aumentar o prazer de jantar.<\/li>\n<\/ul>\n<\/div>\n\n\n\n<div class=\"wp-block-column is-layout-flow wp-block-column-is-layout-flow\">\n<figure class=\"wp-block-image size-full\"><img fetchpriority=\"high\" decoding=\"async\" width=\"2000\" height=\"2000\" src=\"https:\/\/jinhuaceramic.com\/wp-content\/uploads\/2025\/04\/Rustic-Dinner-Crockery-Set-Wholesale-Custom-Tableware-In-Bulk-8.webp\" alt=\"Servi\u00e7o de jantar r\u00fastico a granel por atacado, Conjunto de lou\u00e7a feito \u00e0 medida-1\" class=\"wp-image-8662\" srcset=\"https:\/\/jinhuaceramic.com\/wp-content\/uploads\/2025\/04\/Rustic-Dinner-Crockery-Set-Wholesale-Custom-Tableware-In-Bulk-8.webp 2000w, https:\/\/jinhuaceramic.com\/wp-content\/uploads\/2025\/04\/Rustic-Dinner-Crockery-Set-Wholesale-Custom-Tableware-In-Bulk-8-300x300.webp 300w, https:\/\/jinhuaceramic.com\/wp-content\/uploads\/2025\/04\/Rustic-Dinner-Crockery-Set-Wholesale-Custom-Tableware-In-Bulk-8-150x150.webp 150w, https:\/\/jinhuaceramic.com\/wp-content\/uploads\/2025\/04\/Rustic-Dinner-Crockery-Set-Wholesale-Custom-Tableware-In-Bulk-8-768x768.webp 768w, https:\/\/jinhuaceramic.com\/wp-content\/uploads\/2025\/04\/Rustic-Dinner-Crockery-Set-Wholesale-Custom-Tableware-In-Bulk-8-12x12.webp 12w, https:\/\/jinhuaceramic.com\/wp-content\/uploads\/2025\/04\/Rustic-Dinner-Crockery-Set-Wholesale-Custom-Tableware-In-Bulk-8-285x285.webp 285w, https:\/\/jinhuaceramic.com\/wp-content\/uploads\/2025\/04\/Rustic-Dinner-Crockery-Set-Wholesale-Custom-Tableware-In-Bulk-8-1600x1600.webp 1600w, https:\/\/jinhuaceramic.com\/wp-content\/uploads\/2025\/04\/Rustic-Dinner-Crockery-Set-Wholesale-Custom-Tableware-In-Bulk-8-270x270.webp 270w, https:\/\/jinhuaceramic.com\/wp-content\/uploads\/2025\/04\/Rustic-Dinner-Crockery-Set-Wholesale-Custom-Tableware-In-Bulk-8-540x540.webp 540w, https:\/\/jinhuaceramic.com\/wp-content\/uploads\/2025\/04\/Rustic-Dinner-Crockery-Set-Wholesale-Custom-Tableware-In-Bulk-8-660x660.webp 660w\" sizes=\"(max-width: 2000px) 100vw, 2000px\" \/><\/figure>\n<\/div>\n<\/div>","protected":false},"excerpt":{"rendered":"<p>Bem-vindo \u00e0 compra de lou\u00e7a de jantar a granel por grosso. Estes conjuntos de loi\u00e7a r\u00fastica feita \u00e0 medida t\u00eam um aspeto bonito, material cer\u00e2mico seguro e dur\u00e1vel e v\u00e1rios tamanhos de loi\u00e7a. Eles n\u00e3o s\u00f3 podem atender \u00e0s necessidades di\u00e1rias de jantar das pessoas, mas tamb\u00e9m fornecer uma atmosfera de jantar quente, aconchegante e elegante e uma melhor experi\u00eancia de jantar.<\/p>","protected":false},"featured_media":8663,"comment_status":"closed","ping_status":"closed","template":"","meta":{"_acf_changed":false},"product_brand":[],"product_cat":[83,54],"product_tag":[],"class_list":{"0":"post-8655","1":"product","2":"type-product","3":"status-publish","4":"has-post-thumbnail","6":"product_cat-wholesale-dinnerware-sets","7":"product_cat-tableware-wholesale","9":"first","10":"instock","11":"shipping-taxable","12":"product-type-simple"},"acf":[],"_links":{"self":[{"href":"https:\/\/jinhuaceramic.com\/pt\/wp-json\/wp\/v2\/product\/8655","targetHints":{"allow":["GET"]}}],"collection":[{"href":"https:\/\/jinhuaceramic.com\/pt\/wp-json\/wp\/v2\/product"}],"about":[{"href":"https:\/\/jinhuaceramic.com\/pt\/wp-json\/wp\/v2\/types\/product"}],"replies":[{"embeddable":true,"href":"https:\/\/jinhuaceramic.com\/pt\/wp-json\/wp\/v2\/comments?post=8655"}],"version-history":[{"count":0,"href":"https:\/\/jinhuaceramic.com\/pt\/wp-json\/wp\/v2\/product\/8655\/revisions"}],"wp:featuredmedia":[{"embeddable":true,"href":"https:\/\/jinhuaceramic.com\/pt\/wp-json\/wp\/v2\/media\/8663"}],"wp:attachment":[{"href":"https:\/\/jinhuaceramic.com\/pt\/wp-json\/wp\/v2\/media?parent=8655"}],"wp:term":[{"taxonomy":"product_brand","embeddable":true,"href":"https:\/\/jinhuaceramic.com\/pt\/wp-json\/wp\/v2\/product_brand?post=8655"},{"taxonomy":"product_cat","embeddable":true,"href":"https:\/\/jinhuaceramic.com\/pt\/wp-json\/wp\/v2\/product_cat?post=8655"},{"taxonomy":"product_tag","embeddable":true,"href":"https:\/\/jinhuaceramic.com\/pt\/wp-json\/wp\/v2\/product_tag?post=8655"}],"curies":[{"name":"wp","href":"https:\/\/api.w.org\/{rel}","templated":true}]}}