{"id":8672,"date":"2025-04-18T03:04:51","date_gmt":"2025-04-18T03:04:51","guid":{"rendered":"https:\/\/jinhuaceramic.com\/?post_type=product&#038;p=8672"},"modified":"2025-04-18T03:04:53","modified_gmt":"2025-04-18T03:04:53","slug":"wholesale-bathroom-accessory-set-2","status":"publish","type":"product","link":"https:\/\/jinhuaceramic.com\/pt\/product\/wholesale-bathroom-accessory-set-2\/","title":{"rendered":"Conjunto de acess\u00f3rios de casa de banho bege por atacado, Conjunto de casa de banho personalizado"},"content":{"rendered":"<div class=\"wp-block-columns is-layout-flex wp-container-core-columns-is-layout-9d6595d7 wp-block-columns-is-layout-flex\">\n<div class=\"wp-block-column is-layout-flow wp-block-column-is-layout-flow\">\n<h3 class=\"wp-block-heading\">Conjunto de acess\u00f3rios de casa de banho Premium Wholesale Carater\u00edsticas:<\/h3>\n\n\n\n<ul class=\"wp-block-list\">\n<li><strong>Design elegante: <\/strong>O design deste conjunto de acess\u00f3rios de casa de banho por atacado tem um design limpo mas elegante. A cor bege quente e a forma redonda s\u00e3o flex\u00edveis e quentes, e podem ser facilmente integradas em qualquer design de casa de banho. A textura fina da superf\u00edcie salpicada d\u00e1 um toque de eleg\u00e2ncia aos acess\u00f3rios de casa de banho.<\/li>\n\n\n\n<li><strong>Material de alta qualidade: <\/strong>Para fabricar os nossos conjuntos de casa de banho personalizados, utilizamos material cer\u00e2mico de alta qualidade, cozido a alta temperatura. Assim, tem uma grande resist\u00eancia \u00e0 corros\u00e3o e \u00e0 abras\u00e3o, pode suportar a a\u00e7\u00e3o da eros\u00e3o em condi\u00e7\u00f5es h\u00famidas da casa de banho e n\u00e3o se deforma ou parte facilmente.<\/li>\n\n\n\n<li><strong>Conjunto completo: <\/strong>Estes conjuntos de acess\u00f3rios de casa de banho por atacado incluem um dispensador de sab\u00e3o, um copo para elixir bucal, um frasco e uma saboneteira, que podem satisfazer as necessidades de armazenamento e utiliza\u00e7\u00e3o de artigos de casa de banho di\u00e1rios. A bomba do dispensador de sab\u00e3o tem uma \u00e1rea grande e \u00e9 f\u00e1cil de carregar.<\/li>\n\n\n\n<li><strong>F\u00e1cil de limpar: <\/strong>Estes conjuntos de casa de banho personalizados em cer\u00e2mica t\u00eam uma superf\u00edcie lisa que n\u00e3o fica facilmente manchada e \u00e9 muito f\u00e1cil de limpar, basta passar um pano h\u00famido. O material cer\u00e2mico n\u00e3o pode ser facilmente criado em bact\u00e9rias, o que pode manter os artigos de casa de banho limpos.<\/li>\n<\/ul>\n<\/div>\n\n\n\n<div class=\"wp-block-column is-layout-flow wp-block-column-is-layout-flow\">\n<figure class=\"wp-block-image size-full\"><img fetchpriority=\"high\" decoding=\"async\" width=\"1600\" height=\"1600\" src=\"https:\/\/jinhuaceramic.com\/wp-content\/uploads\/2025\/04\/Beige-Custom-Bathroom-Accessories-Set-Bathroom-Supplies-Wholesale-5.webp\" alt=\"Conjunto de acess\u00f3rios de casa de banho bege por atacado, Conjunto de casa de banho personalizado-1\" class=\"wp-image-8676\" srcset=\"https:\/\/jinhuaceramic.com\/wp-content\/uploads\/2025\/04\/Beige-Custom-Bathroom-Accessories-Set-Bathroom-Supplies-Wholesale-5.webp 1600w, https:\/\/jinhuaceramic.com\/wp-content\/uploads\/2025\/04\/Beige-Custom-Bathroom-Accessories-Set-Bathroom-Supplies-Wholesale-5-300x300.webp 300w, https:\/\/jinhuaceramic.com\/wp-content\/uploads\/2025\/04\/Beige-Custom-Bathroom-Accessories-Set-Bathroom-Supplies-Wholesale-5-150x150.webp 150w, https:\/\/jinhuaceramic.com\/wp-content\/uploads\/2025\/04\/Beige-Custom-Bathroom-Accessories-Set-Bathroom-Supplies-Wholesale-5-768x768.webp 768w, https:\/\/jinhuaceramic.com\/wp-content\/uploads\/2025\/04\/Beige-Custom-Bathroom-Accessories-Set-Bathroom-Supplies-Wholesale-5-12x12.webp 12w, https:\/\/jinhuaceramic.com\/wp-content\/uploads\/2025\/04\/Beige-Custom-Bathroom-Accessories-Set-Bathroom-Supplies-Wholesale-5-285x285.webp 285w, https:\/\/jinhuaceramic.com\/wp-content\/uploads\/2025\/04\/Beige-Custom-Bathroom-Accessories-Set-Bathroom-Supplies-Wholesale-5-270x270.webp 270w, https:\/\/jinhuaceramic.com\/wp-content\/uploads\/2025\/04\/Beige-Custom-Bathroom-Accessories-Set-Bathroom-Supplies-Wholesale-5-540x540.webp 540w, https:\/\/jinhuaceramic.com\/wp-content\/uploads\/2025\/04\/Beige-Custom-Bathroom-Accessories-Set-Bathroom-Supplies-Wholesale-5-660x660.webp 660w\" sizes=\"(max-width: 1600px) 100vw, 1600px\" \/><\/figure>\n<\/div>\n<\/div>","protected":false},"excerpt":{"rendered":"<p>Bem-vindo ao comprar conjuntos de acess\u00f3rios de casa de banho por atacado. Os nossos conjuntos de casa de banho personalizados em bege s\u00e3o simples e elegantes em termos de design, dur\u00e1veis em material cer\u00e2mico, com acess\u00f3rios completos e f\u00e1ceis de limpar.<\/p>","protected":false},"featured_media":8678,"comment_status":"closed","ping_status":"closed","template":"","meta":{"_acf_changed":false},"product_brand":[],"product_cat":[51],"product_tag":[74],"class_list":{"0":"post-8672","1":"product","2":"type-product","3":"status-publish","4":"has-post-thumbnail","6":"product_cat-bathroom-accessories-wholesale","7":"product_tag-ceramic-bath-accessories-wholesale","9":"first","10":"instock","11":"shipping-taxable","12":"product-type-simple"},"acf":[],"_links":{"self":[{"href":"https:\/\/jinhuaceramic.com\/pt\/wp-json\/wp\/v2\/product\/8672","targetHints":{"allow":["GET"]}}],"collection":[{"href":"https:\/\/jinhuaceramic.com\/pt\/wp-json\/wp\/v2\/product"}],"about":[{"href":"https:\/\/jinhuaceramic.com\/pt\/wp-json\/wp\/v2\/types\/product"}],"replies":[{"embeddable":true,"href":"https:\/\/jinhuaceramic.com\/pt\/wp-json\/wp\/v2\/comments?post=8672"}],"version-history":[{"count":0,"href":"https:\/\/jinhuaceramic.com\/pt\/wp-json\/wp\/v2\/product\/8672\/revisions"}],"wp:featuredmedia":[{"embeddable":true,"href":"https:\/\/jinhuaceramic.com\/pt\/wp-json\/wp\/v2\/media\/8678"}],"wp:attachment":[{"href":"https:\/\/jinhuaceramic.com\/pt\/wp-json\/wp\/v2\/media?parent=8672"}],"wp:term":[{"taxonomy":"product_brand","embeddable":true,"href":"https:\/\/jinhuaceramic.com\/pt\/wp-json\/wp\/v2\/product_brand?post=8672"},{"taxonomy":"product_cat","embeddable":true,"href":"https:\/\/jinhuaceramic.com\/pt\/wp-json\/wp\/v2\/product_cat?post=8672"},{"taxonomy":"product_tag","embeddable":true,"href":"https:\/\/jinhuaceramic.com\/pt\/wp-json\/wp\/v2\/product_tag?post=8672"}],"curies":[{"name":"wp","href":"https:\/\/api.w.org\/{rel}","templated":true}]}}