{"id":8683,"date":"2025-04-18T02:30:42","date_gmt":"2025-04-18T02:30:42","guid":{"rendered":"https:\/\/jinhuaceramic.com\/?post_type=product&#038;p=8683"},"modified":"2025-04-18T02:30:44","modified_gmt":"2025-04-18T02:30:44","slug":"asian-dinnerware-wholesale","status":"publish","type":"product","link":"https:\/\/jinhuaceramic.com\/pt\/product\/asian-dinnerware-wholesale\/","title":{"rendered":"Servi\u00e7o de jantar asi\u00e1tico verde-oliva por grosso, pratos e ta\u00e7as a granel"},"content":{"rendered":"<div class=\"wp-block-columns is-layout-flex wp-container-core-columns-is-layout-9d6595d7 wp-block-columns-is-layout-flex\">\n<div class=\"wp-block-column is-layout-flow wp-block-column-is-layout-flow\">\n<h3 class=\"wp-block-heading\">Servi\u00e7o de jantar asi\u00e1tico de qualidade por atacado Carater\u00edsticas:<\/h3>\n\n\n\n<ul class=\"wp-block-list\">\n<li><strong>Verde escuro Tonalidade: <\/strong>Esta loi\u00e7a asi\u00e1tica por atacado tem uma cor verde profunda e natural, que pode trazer uma sensa\u00e7\u00e3o de calma e energia \u00e0 mesa de jantar e aumentar significativamente a beleza do ambiente de jantar.<\/li>\n\n\n\n<li><strong>Aspeto requintado:<\/strong> A subtil diferen\u00e7a de cor na superf\u00edcie destes pratos e ta\u00e7as a granel confere-lhes um acabamento semelhante ao dos pratos feitos \u00e0 m\u00e3o, que, sendo de aspeto r\u00fastico, possuem eleg\u00e2ncia. Estes utens\u00edlios de mesa s\u00e3o revestidos com um rebordo castanho-escuro, que delimita a borda dos utens\u00edlios de mesa e os torna mais elegantes.<\/li>\n\n\n\n<li><strong>Material de alta qualidade: <\/strong>Estas lou\u00e7as asi\u00e1ticas verde-oliva s\u00e3o produzidas com material cer\u00e2mico de alta qualidade cozido a alta temperatura com uma certa dureza e n\u00e3o s\u00e3o facilmente quebradas ou arranhadas. N\u00e3o s\u00e3o t\u00f3xicos e s\u00e3o seguros, t\u00eam boa resist\u00eancia ao calor e podem ser utilizados para guardar alimentos quentes sem preocupa\u00e7\u00f5es.<\/li>\n\n\n\n<li><strong>Praticidade: <\/strong>Este conjunto de pratos e tigelas a granel inclui uma tigela de cereais, um prato de salada e um prato de jantar para cobrir todos os alimentos. S\u00e3o utilizados para refei\u00e7\u00f5es di\u00e1rias em fam\u00edlia ou mesmo para receber visitas.<\/li>\n<\/ul>\n<\/div>\n\n\n\n<div class=\"wp-block-column is-layout-flow wp-block-column-is-layout-flow\">\n<figure class=\"wp-block-image size-full\"><img fetchpriority=\"high\" decoding=\"async\" width=\"1280\" height=\"1280\" src=\"https:\/\/jinhuaceramic.com\/wp-content\/uploads\/2025\/04\/High-End-Green-Dinnerware-Set-Custom-Ceramic-Dinner-Tableware-Set.webp\" alt=\"Servi\u00e7o de jantar asi\u00e1tico verde-oliva por grosso, pratos e ta\u00e7as a granel-8\" class=\"wp-image-8691\" srcset=\"https:\/\/jinhuaceramic.com\/wp-content\/uploads\/2025\/04\/High-End-Green-Dinnerware-Set-Custom-Ceramic-Dinner-Tableware-Set.webp 1280w, https:\/\/jinhuaceramic.com\/wp-content\/uploads\/2025\/04\/High-End-Green-Dinnerware-Set-Custom-Ceramic-Dinner-Tableware-Set-300x300.webp 300w, https:\/\/jinhuaceramic.com\/wp-content\/uploads\/2025\/04\/High-End-Green-Dinnerware-Set-Custom-Ceramic-Dinner-Tableware-Set-150x150.webp 150w, https:\/\/jinhuaceramic.com\/wp-content\/uploads\/2025\/04\/High-End-Green-Dinnerware-Set-Custom-Ceramic-Dinner-Tableware-Set-768x768.webp 768w, https:\/\/jinhuaceramic.com\/wp-content\/uploads\/2025\/04\/High-End-Green-Dinnerware-Set-Custom-Ceramic-Dinner-Tableware-Set-12x12.webp 12w, https:\/\/jinhuaceramic.com\/wp-content\/uploads\/2025\/04\/High-End-Green-Dinnerware-Set-Custom-Ceramic-Dinner-Tableware-Set-285x285.webp 285w, https:\/\/jinhuaceramic.com\/wp-content\/uploads\/2025\/04\/High-End-Green-Dinnerware-Set-Custom-Ceramic-Dinner-Tableware-Set-270x270.webp 270w, https:\/\/jinhuaceramic.com\/wp-content\/uploads\/2025\/04\/High-End-Green-Dinnerware-Set-Custom-Ceramic-Dinner-Tableware-Set-540x540.webp 540w, https:\/\/jinhuaceramic.com\/wp-content\/uploads\/2025\/04\/High-End-Green-Dinnerware-Set-Custom-Ceramic-Dinner-Tableware-Set-660x660.webp 660w\" sizes=\"(max-width: 1280px) 100vw, 1280px\" \/><\/figure>\n<\/div>\n<\/div>","protected":false},"excerpt":{"rendered":"<p>Bem-vindo \u00e0 compra de pratos e tigelas a granel. A nossa lou\u00e7a asi\u00e1tica verde azeitona por atacado tem cores \u00fanicas, designs de borda requintados, combina\u00e7\u00f5es pr\u00e1ticas de lou\u00e7a de mesa, durabilidade e seguran\u00e7a de materiais, que podem efetivamente aumentar o prazer de jantar.<\/p>","protected":false},"featured_media":8690,"comment_status":"closed","ping_status":"closed","template":"","meta":{"_acf_changed":false},"product_brand":[],"product_cat":[83,54],"product_tag":[],"class_list":{"0":"post-8683","1":"product","2":"type-product","3":"status-publish","4":"has-post-thumbnail","6":"product_cat-wholesale-dinnerware-sets","7":"product_cat-tableware-wholesale","9":"first","10":"instock","11":"shipping-taxable","12":"product-type-simple"},"acf":[],"_links":{"self":[{"href":"https:\/\/jinhuaceramic.com\/pt\/wp-json\/wp\/v2\/product\/8683","targetHints":{"allow":["GET"]}}],"collection":[{"href":"https:\/\/jinhuaceramic.com\/pt\/wp-json\/wp\/v2\/product"}],"about":[{"href":"https:\/\/jinhuaceramic.com\/pt\/wp-json\/wp\/v2\/types\/product"}],"replies":[{"embeddable":true,"href":"https:\/\/jinhuaceramic.com\/pt\/wp-json\/wp\/v2\/comments?post=8683"}],"version-history":[{"count":0,"href":"https:\/\/jinhuaceramic.com\/pt\/wp-json\/wp\/v2\/product\/8683\/revisions"}],"wp:featuredmedia":[{"embeddable":true,"href":"https:\/\/jinhuaceramic.com\/pt\/wp-json\/wp\/v2\/media\/8690"}],"wp:attachment":[{"href":"https:\/\/jinhuaceramic.com\/pt\/wp-json\/wp\/v2\/media?parent=8683"}],"wp:term":[{"taxonomy":"product_brand","embeddable":true,"href":"https:\/\/jinhuaceramic.com\/pt\/wp-json\/wp\/v2\/product_brand?post=8683"},{"taxonomy":"product_cat","embeddable":true,"href":"https:\/\/jinhuaceramic.com\/pt\/wp-json\/wp\/v2\/product_cat?post=8683"},{"taxonomy":"product_tag","embeddable":true,"href":"https:\/\/jinhuaceramic.com\/pt\/wp-json\/wp\/v2\/product_tag?post=8683"}],"curies":[{"name":"wp","href":"https:\/\/api.w.org\/{rel}","templated":true}]}}