{"id":8700,"date":"2025-04-18T09:49:09","date_gmt":"2025-04-18T09:49:09","guid":{"rendered":"https:\/\/jinhuaceramic.com\/?post_type=product&#038;p=8700"},"modified":"2025-04-18T09:49:11","modified_gmt":"2025-04-18T09:49:11","slug":"wholesale-bath-set","status":"publish","type":"product","link":"https:\/\/jinhuaceramic.com\/pt\/product\/wholesale-bath-set\/","title":{"rendered":"Conjunto de banho por atacado Acess\u00f3rios de casa de banho com folhas em relevo"},"content":{"rendered":"<div class=\"wp-block-columns is-layout-flex wp-container-core-columns-is-layout-9d6595d7 wp-block-columns-is-layout-flex\">\n<div class=\"wp-block-column is-layout-flow wp-block-column-is-layout-flow\">\n<h3 class=\"wp-block-heading\">Conjunto de banho Premium Wholesale Carater\u00edsticas:<\/h3>\n\n\n\n<ul class=\"wp-block-list\">\n<li><strong>Design elegante: <\/strong>Estes conjuntos de banho brancos por atacado s\u00e3o simples e elegantes, e podem ser facilmente adicionados \u00e0 decora\u00e7\u00e3o da casa de banho da maioria dos tipos. A superf\u00edcie dos acess\u00f3rios de casa de banho \u00e9 feita com padr\u00f5es de folhas em relevo, que quebram o efeito mon\u00f3tono da cor branca e proporcionam um aspeto criativo e luxuoso.<\/li>\n\n\n\n<li><strong>Material duradouro: <\/strong>Todos estes acess\u00f3rios de casa de banho a granel s\u00e3o feitos de material cer\u00e2mico resistente ao desgaste, \u00e0 corros\u00e3o, duro e dur\u00e1vel e n\u00e3o s\u00e3o suscept\u00edveis de se danificarem devido \u00e0 utiliza\u00e7\u00e3o repetida.<\/li>\n\n\n\n<li><strong>Praticidade: <\/strong>Este conjunto de banho por atacado cont\u00e9m um dispensador de sab\u00e3o, um suporte para escova de dentes, uma tampa e um frasco de sab\u00e3o e uma saboneteira. O frasco de sabonete \u00e9 utilizado para dispensar sabonete para as m\u00e3os, gel de banho ou champ\u00f4, etc. As divis\u00f3rias do suporte para escovas de dentes permitem guardar v\u00e1rias escovas de dentes ao mesmo tempo, o que \u00e9 pr\u00e1tico e higi\u00e9nico. O frasco de arruma\u00e7\u00e3o \u00e9 utilizado para guardar pequenos objectos, como discos e bolas de algod\u00e3o.<\/li>\n\n\n\n<li><strong>F\u00e1cil de limpar: <\/strong>Estes acess\u00f3rios de casa de banho a granel feitos de cer\u00e2mica t\u00eam uma textura suave e s\u00e3o dif\u00edceis de manchar. S\u00e3o f\u00e1ceis de limpar, bastando passar um pano h\u00famido.<\/li>\n<\/ul>\n<\/div>\n\n\n\n<div class=\"wp-block-column is-layout-flow wp-block-column-is-layout-flow\">\n<figure class=\"wp-block-image size-full\"><img fetchpriority=\"high\" decoding=\"async\" width=\"1600\" height=\"1600\" src=\"https:\/\/jinhuaceramic.com\/wp-content\/uploads\/2025\/04\/Custom-Bathroom-Set-With-Embossed-Leaves-Bathroom-Accessories-Wholesale-5.webp\" alt=\"Conjunto de banho por atacado Acess\u00f3rios de casa de banho com folhas em relevo-1\" class=\"wp-image-8704\" srcset=\"https:\/\/jinhuaceramic.com\/wp-content\/uploads\/2025\/04\/Custom-Bathroom-Set-With-Embossed-Leaves-Bathroom-Accessories-Wholesale-5.webp 1600w, https:\/\/jinhuaceramic.com\/wp-content\/uploads\/2025\/04\/Custom-Bathroom-Set-With-Embossed-Leaves-Bathroom-Accessories-Wholesale-5-300x300.webp 300w, https:\/\/jinhuaceramic.com\/wp-content\/uploads\/2025\/04\/Custom-Bathroom-Set-With-Embossed-Leaves-Bathroom-Accessories-Wholesale-5-150x150.webp 150w, https:\/\/jinhuaceramic.com\/wp-content\/uploads\/2025\/04\/Custom-Bathroom-Set-With-Embossed-Leaves-Bathroom-Accessories-Wholesale-5-768x768.webp 768w, https:\/\/jinhuaceramic.com\/wp-content\/uploads\/2025\/04\/Custom-Bathroom-Set-With-Embossed-Leaves-Bathroom-Accessories-Wholesale-5-12x12.webp 12w, https:\/\/jinhuaceramic.com\/wp-content\/uploads\/2025\/04\/Custom-Bathroom-Set-With-Embossed-Leaves-Bathroom-Accessories-Wholesale-5-285x285.webp 285w, https:\/\/jinhuaceramic.com\/wp-content\/uploads\/2025\/04\/Custom-Bathroom-Set-With-Embossed-Leaves-Bathroom-Accessories-Wholesale-5-270x270.webp 270w, https:\/\/jinhuaceramic.com\/wp-content\/uploads\/2025\/04\/Custom-Bathroom-Set-With-Embossed-Leaves-Bathroom-Accessories-Wholesale-5-540x540.webp 540w, https:\/\/jinhuaceramic.com\/wp-content\/uploads\/2025\/04\/Custom-Bathroom-Set-With-Embossed-Leaves-Bathroom-Accessories-Wholesale-5-660x660.webp 660w\" sizes=\"(max-width: 1600px) 100vw, 1600px\" \/><\/figure>\n<\/div>\n<\/div>","protected":false},"excerpt":{"rendered":"<p>Bem-vindo a comprar conjuntos de banho por atacado. Os nossos acess\u00f3rios de casa de banho a granel t\u00eam um belo design em relevo, material cer\u00e2mico duro e dur\u00e1vel e acess\u00f3rios de casa de banho multifuncionais. S\u00e3o bonitos e pr\u00e1ticos, o que os torna muito pr\u00e1ticos para decora\u00e7\u00e3o e arruma\u00e7\u00e3o na casa de banho.<\/p>","protected":false},"featured_media":8705,"comment_status":"closed","ping_status":"closed","template":"","meta":{"_acf_changed":false},"product_brand":[],"product_cat":[51],"product_tag":[74],"class_list":{"0":"post-8700","1":"product","2":"type-product","3":"status-publish","4":"has-post-thumbnail","6":"product_cat-bathroom-accessories-wholesale","7":"product_tag-ceramic-bath-accessories-wholesale","9":"first","10":"instock","11":"shipping-taxable","12":"product-type-simple"},"acf":[],"_links":{"self":[{"href":"https:\/\/jinhuaceramic.com\/pt\/wp-json\/wp\/v2\/product\/8700","targetHints":{"allow":["GET"]}}],"collection":[{"href":"https:\/\/jinhuaceramic.com\/pt\/wp-json\/wp\/v2\/product"}],"about":[{"href":"https:\/\/jinhuaceramic.com\/pt\/wp-json\/wp\/v2\/types\/product"}],"replies":[{"embeddable":true,"href":"https:\/\/jinhuaceramic.com\/pt\/wp-json\/wp\/v2\/comments?post=8700"}],"version-history":[{"count":0,"href":"https:\/\/jinhuaceramic.com\/pt\/wp-json\/wp\/v2\/product\/8700\/revisions"}],"wp:featuredmedia":[{"embeddable":true,"href":"https:\/\/jinhuaceramic.com\/pt\/wp-json\/wp\/v2\/media\/8705"}],"wp:attachment":[{"href":"https:\/\/jinhuaceramic.com\/pt\/wp-json\/wp\/v2\/media?parent=8700"}],"wp:term":[{"taxonomy":"product_brand","embeddable":true,"href":"https:\/\/jinhuaceramic.com\/pt\/wp-json\/wp\/v2\/product_brand?post=8700"},{"taxonomy":"product_cat","embeddable":true,"href":"https:\/\/jinhuaceramic.com\/pt\/wp-json\/wp\/v2\/product_cat?post=8700"},{"taxonomy":"product_tag","embeddable":true,"href":"https:\/\/jinhuaceramic.com\/pt\/wp-json\/wp\/v2\/product_tag?post=8700"}],"curies":[{"name":"wp","href":"https:\/\/api.w.org\/{rel}","templated":true}]}}