{"id":8734,"date":"2025-04-21T09:58:18","date_gmt":"2025-04-21T09:58:18","guid":{"rendered":"https:\/\/jinhuaceramic.com\/?post_type=product&#038;p=8734"},"modified":"2025-04-21T09:58:20","modified_gmt":"2025-04-21T09:58:20","slug":"bulk-wedding-tableware","status":"publish","type":"product","link":"https:\/\/jinhuaceramic.com\/pt\/product\/bulk-wedding-tableware\/","title":{"rendered":"Lou\u00e7a de mesa para casamento a granel com textura em relevo, Lou\u00e7a de jantar para restaurante"},"content":{"rendered":"<div class=\"wp-block-columns is-layout-flex wp-container-core-columns-is-layout-9d6595d7 wp-block-columns-is-layout-flex\">\n<div class=\"wp-block-column is-layout-flow wp-block-column-is-layout-flow\">\n<h3 class=\"wp-block-heading\">Artigos de mesa para casamentos a granel de qualidade superior Carater\u00edsticas:<\/h3>\n\n\n\n<ul class=\"wp-block-list\">\n<li><strong>Textura \u00fanica em relevo: <\/strong>A superf\u00edcie destes conjuntos de loi\u00e7a de casamento a granel tem linhas verticais claras e regulares em relevo. Esta textura n\u00e3o s\u00f3 aumenta a estratifica\u00e7\u00e3o visual e a beleza, como tamb\u00e9m aumenta o tato, desempenha um papel antiderrapante e melhora a experi\u00eancia sensorial da refei\u00e7\u00e3o.<\/li>\n\n\n\n<li><strong>Rebordo em bronze delicado: <\/strong>Os rebordos destes conjuntos de lou\u00e7a para restaurante por atacado s\u00e3o decorados com bronze delicado. Os aros de metal conferem \u00e0 cer\u00e2mica branca geral o seu luxo e eleg\u00e2ncia discretos, evitando a monotonia que o branco puro cria e real\u00e7ando o temperamento elegante da cer\u00e2mica.<\/li>\n\n\n\n<li><strong>Material de alta qualidade:<\/strong> Compostos por material cer\u00e2mico de alta qualidade e cozinhados a alta temperatura, estes conjuntos de loi\u00e7a para casamentos a granel s\u00e3o resistentes a riscos e \u00e0 quebra. S\u00e3o resistentes a altas e baixas temperaturas e podem ser utilizados com seguran\u00e7a no micro-ondas, no forno, na fritadeira, no frigor\u00edfico e na m\u00e1quina de lavar lou\u00e7a.<\/li>\n\n\n\n<li><strong>Forte car\u00e1cter pr\u00e1tico: <\/strong>Estes conjuntos de lou\u00e7a para restaurantes por atacado incluem uma tigela de cer\u00e2mica para sopa, cereais ou arroz e dois pratos de diferentes tamanhos que podem ser selecionados de acordo com diferentes por\u00e7\u00f5es de comida para satisfazer diferentes necessidades di\u00e1rias de refei\u00e7\u00f5es.<\/li>\n<\/ul>\n<\/div>\n\n\n\n<div class=\"wp-block-column is-layout-flow wp-block-column-is-layout-flow\">\n<figure class=\"wp-block-image size-full\"><img fetchpriority=\"high\" decoding=\"async\" width=\"1500\" height=\"1500\" src=\"https:\/\/jinhuaceramic.com\/wp-content\/uploads\/2025\/04\/White-Dinnerware-Set-With-Embossed-Texture-Wholesale-Tableware-Custom-7.webp\" alt=\"Servi\u00e7o de mesa para casamentos com textura em relevo, Servi\u00e7o de jantar para restaurantes-1\" class=\"wp-image-8725\" srcset=\"https:\/\/jinhuaceramic.com\/wp-content\/uploads\/2025\/04\/White-Dinnerware-Set-With-Embossed-Texture-Wholesale-Tableware-Custom-7.webp 1500w, https:\/\/jinhuaceramic.com\/wp-content\/uploads\/2025\/04\/White-Dinnerware-Set-With-Embossed-Texture-Wholesale-Tableware-Custom-7-300x300.webp 300w, https:\/\/jinhuaceramic.com\/wp-content\/uploads\/2025\/04\/White-Dinnerware-Set-With-Embossed-Texture-Wholesale-Tableware-Custom-7-150x150.webp 150w, https:\/\/jinhuaceramic.com\/wp-content\/uploads\/2025\/04\/White-Dinnerware-Set-With-Embossed-Texture-Wholesale-Tableware-Custom-7-768x768.webp 768w, https:\/\/jinhuaceramic.com\/wp-content\/uploads\/2025\/04\/White-Dinnerware-Set-With-Embossed-Texture-Wholesale-Tableware-Custom-7-12x12.webp 12w, https:\/\/jinhuaceramic.com\/wp-content\/uploads\/2025\/04\/White-Dinnerware-Set-With-Embossed-Texture-Wholesale-Tableware-Custom-7-285x285.webp 285w, https:\/\/jinhuaceramic.com\/wp-content\/uploads\/2025\/04\/White-Dinnerware-Set-With-Embossed-Texture-Wholesale-Tableware-Custom-7-270x270.webp 270w, https:\/\/jinhuaceramic.com\/wp-content\/uploads\/2025\/04\/White-Dinnerware-Set-With-Embossed-Texture-Wholesale-Tableware-Custom-7-540x540.webp 540w, https:\/\/jinhuaceramic.com\/wp-content\/uploads\/2025\/04\/White-Dinnerware-Set-With-Embossed-Texture-Wholesale-Tableware-Custom-7-660x660.webp 660w\" sizes=\"(max-width: 1500px) 100vw, 1500px\" \/><\/figure>\n<\/div>\n<\/div>","protected":false},"excerpt":{"rendered":"<p>Bem-vindo \u00e0 compra de loi\u00e7a de casamento a granel. Estes conjuntos de lou\u00e7a de restaurante por atacado apresentam um design elegante, adequado para decora\u00e7\u00e3o de cozinha de v\u00e1rios estilos. O material cer\u00e2mico \u00e9 seguro e dur\u00e1vel, e a combina\u00e7\u00e3o de v\u00e1rios utens\u00edlios de mesa \u00e9 pr\u00e1tica. Estes utens\u00edlios de mesa podem n\u00e3o s\u00f3 satisfazer as necessidades di\u00e1rias de jantar, mas tamb\u00e9m criar uma atmosfera acolhedora de jantar e melhorar o ritual e o prazer de jantar.<\/p>","protected":false},"featured_media":8723,"comment_status":"closed","ping_status":"closed","template":"","meta":{"_acf_changed":false},"product_brand":[],"product_cat":[83,54],"product_tag":[],"class_list":{"0":"post-8734","1":"product","2":"type-product","3":"status-publish","4":"has-post-thumbnail","6":"product_cat-wholesale-dinnerware-sets","7":"product_cat-tableware-wholesale","9":"first","10":"instock","11":"shipping-taxable","12":"product-type-simple"},"acf":[],"_links":{"self":[{"href":"https:\/\/jinhuaceramic.com\/pt\/wp-json\/wp\/v2\/product\/8734","targetHints":{"allow":["GET"]}}],"collection":[{"href":"https:\/\/jinhuaceramic.com\/pt\/wp-json\/wp\/v2\/product"}],"about":[{"href":"https:\/\/jinhuaceramic.com\/pt\/wp-json\/wp\/v2\/types\/product"}],"replies":[{"embeddable":true,"href":"https:\/\/jinhuaceramic.com\/pt\/wp-json\/wp\/v2\/comments?post=8734"}],"version-history":[{"count":0,"href":"https:\/\/jinhuaceramic.com\/pt\/wp-json\/wp\/v2\/product\/8734\/revisions"}],"wp:featuredmedia":[{"embeddable":true,"href":"https:\/\/jinhuaceramic.com\/pt\/wp-json\/wp\/v2\/media\/8723"}],"wp:attachment":[{"href":"https:\/\/jinhuaceramic.com\/pt\/wp-json\/wp\/v2\/media?parent=8734"}],"wp:term":[{"taxonomy":"product_brand","embeddable":true,"href":"https:\/\/jinhuaceramic.com\/pt\/wp-json\/wp\/v2\/product_brand?post=8734"},{"taxonomy":"product_cat","embeddable":true,"href":"https:\/\/jinhuaceramic.com\/pt\/wp-json\/wp\/v2\/product_cat?post=8734"},{"taxonomy":"product_tag","embeddable":true,"href":"https:\/\/jinhuaceramic.com\/pt\/wp-json\/wp\/v2\/product_tag?post=8734"}],"curies":[{"name":"wp","href":"https:\/\/api.w.org\/{rel}","templated":true}]}}