{"id":8802,"date":"2025-04-24T02:11:14","date_gmt":"2025-04-24T02:11:14","guid":{"rendered":"https:\/\/jinhuaceramic.com\/?post_type=product&#038;p=8802"},"modified":"2025-04-24T02:11:15","modified_gmt":"2025-04-24T02:11:15","slug":"ceramic-plates-bulk","status":"publish","type":"product","link":"https:\/\/jinhuaceramic.com\/pt\/product\/ceramic-plates-bulk\/","title":{"rendered":"Pratos de cer\u00e2mica de p\u00e9 alto a granel, pratos de servi\u00e7o de catering por atacado"},"content":{"rendered":"<div class=\"wp-block-columns is-layout-flex wp-container-core-columns-is-layout-9d6595d7 wp-block-columns-is-layout-flex\">\n<div class=\"wp-block-column is-layout-flow wp-block-column-is-layout-flow\">\n<h3 class=\"wp-block-heading\">Placas de cer\u00e2mica de p\u00e9 alto Premium Carater\u00edsticas a granel:<\/h3>\n\n\n\n<ul class=\"wp-block-list\">\n<li><strong>Design \u00fanico de pernas altas:<\/strong> A carater\u00edstica mais apelativa destes pratos de cer\u00e2mica a granel \u00e9 o seu design de p\u00e9 alto. Os pratos elevados s\u00e3o mais tridimensionais e art\u00edsticos \u00e0 vista, o que pode contribuir para o ambiente geral da mesa de jantar e fazer com que os alimentos servidos pare\u00e7am mais elegantes.<\/li>\n\n\n\n<li><strong>Forma elegante:<\/strong> Estes pratos de servir por atacado t\u00eam um arco esticado, que se liga suavemente com os p\u00e9s altos e afilados por baixo. Toda a forma \u00e9 grandiosa e graciosa, com um sentido de modernidade, mas ainda com a conten\u00e7\u00e3o e o zen da est\u00e9tica oriental.<\/li>\n\n\n\n<li><strong>V\u00e1rias cores e tamanhos: <\/strong>Estes pratos de cer\u00e2mica de p\u00e9 alto v\u00eam em duas cores sofisticadas, um bege r\u00fastico e um castanho avermelhado profundo e texturado, e em quatro tamanhos e formas diferentes, cada um com uma apresenta\u00e7\u00e3o ligeiramente diferente para se adequar a diferentes pratos.<\/li>\n\n\n\n<li><strong>Material cer\u00e2mico de alta qualidade: <\/strong>Estes pratos de servir por atacado s\u00e3o feitos de argila cer\u00e2mica natural inofensiva cozida a altas temperaturas, n\u00e3o cont\u00eam subst\u00e2ncias met\u00e1licas como o chumbo e podem estar em contacto seguro com os alimentos. Ao mesmo tempo, a superf\u00edcie das placas de cer\u00e2mica \u00e9 lisa e f\u00e1cil de limpar.<\/li>\n<\/ul>\n<\/div>\n\n\n\n<div class=\"wp-block-column is-layout-flow wp-block-column-is-layout-flow\">\n<figure class=\"wp-block-image size-full\"><img fetchpriority=\"high\" decoding=\"async\" width=\"800\" height=\"800\" src=\"https:\/\/jinhuaceramic.com\/wp-content\/uploads\/2025\/04\/High-Leg-Custom-Dinner-Plates-Ceramic-Serving-Dish-Wholesale-9.webp\" alt=\"Pratos de cer\u00e2mica de p\u00e9 alto a granel, pratos de servi\u00e7o de catering por atacado-2\" class=\"wp-image-8810\" srcset=\"https:\/\/jinhuaceramic.com\/wp-content\/uploads\/2025\/04\/High-Leg-Custom-Dinner-Plates-Ceramic-Serving-Dish-Wholesale-9.webp 800w, https:\/\/jinhuaceramic.com\/wp-content\/uploads\/2025\/04\/High-Leg-Custom-Dinner-Plates-Ceramic-Serving-Dish-Wholesale-9-300x300.webp 300w, https:\/\/jinhuaceramic.com\/wp-content\/uploads\/2025\/04\/High-Leg-Custom-Dinner-Plates-Ceramic-Serving-Dish-Wholesale-9-150x150.webp 150w, https:\/\/jinhuaceramic.com\/wp-content\/uploads\/2025\/04\/High-Leg-Custom-Dinner-Plates-Ceramic-Serving-Dish-Wholesale-9-768x768.webp 768w, https:\/\/jinhuaceramic.com\/wp-content\/uploads\/2025\/04\/High-Leg-Custom-Dinner-Plates-Ceramic-Serving-Dish-Wholesale-9-12x12.webp 12w, https:\/\/jinhuaceramic.com\/wp-content\/uploads\/2025\/04\/High-Leg-Custom-Dinner-Plates-Ceramic-Serving-Dish-Wholesale-9-285x285.webp 285w, https:\/\/jinhuaceramic.com\/wp-content\/uploads\/2025\/04\/High-Leg-Custom-Dinner-Plates-Ceramic-Serving-Dish-Wholesale-9-270x270.webp 270w, https:\/\/jinhuaceramic.com\/wp-content\/uploads\/2025\/04\/High-Leg-Custom-Dinner-Plates-Ceramic-Serving-Dish-Wholesale-9-540x540.webp 540w, https:\/\/jinhuaceramic.com\/wp-content\/uploads\/2025\/04\/High-Leg-Custom-Dinner-Plates-Ceramic-Serving-Dish-Wholesale-9-660x660.webp 660w\" sizes=\"(max-width: 800px) 100vw, 800px\" \/><\/figure>\n<\/div>\n<\/div>","protected":false},"excerpt":{"rendered":"<p>Bem-vindo \u00e0 compra de pratos para servi\u00e7o de catering por grosso. Estas placas de cer\u00e2mica de p\u00e9 alto a granel s\u00e3o muito populares entre os consumidores pelo seu design \u00fanico de p\u00e9 alto, forma elegante, v\u00e1rias cores e tamanhos, e material cer\u00e2mico seguro e dur\u00e1vel.<\/p>","protected":false},"featured_media":8809,"comment_status":"closed","ping_status":"closed","template":"","meta":{"_acf_changed":false},"product_brand":[],"product_cat":[84,54],"product_tag":[76],"class_list":{"0":"post-8802","1":"product","2":"type-product","3":"status-publish","4":"has-post-thumbnail","6":"product_cat-wholesale-ceramic-plates","7":"product_cat-tableware-wholesale","8":"product_tag-dinner-plates-bulk","10":"first","11":"instock","12":"shipping-taxable","13":"product-type-simple"},"acf":[],"_links":{"self":[{"href":"https:\/\/jinhuaceramic.com\/pt\/wp-json\/wp\/v2\/product\/8802","targetHints":{"allow":["GET"]}}],"collection":[{"href":"https:\/\/jinhuaceramic.com\/pt\/wp-json\/wp\/v2\/product"}],"about":[{"href":"https:\/\/jinhuaceramic.com\/pt\/wp-json\/wp\/v2\/types\/product"}],"replies":[{"embeddable":true,"href":"https:\/\/jinhuaceramic.com\/pt\/wp-json\/wp\/v2\/comments?post=8802"}],"version-history":[{"count":0,"href":"https:\/\/jinhuaceramic.com\/pt\/wp-json\/wp\/v2\/product\/8802\/revisions"}],"wp:featuredmedia":[{"embeddable":true,"href":"https:\/\/jinhuaceramic.com\/pt\/wp-json\/wp\/v2\/media\/8809"}],"wp:attachment":[{"href":"https:\/\/jinhuaceramic.com\/pt\/wp-json\/wp\/v2\/media?parent=8802"}],"wp:term":[{"taxonomy":"product_brand","embeddable":true,"href":"https:\/\/jinhuaceramic.com\/pt\/wp-json\/wp\/v2\/product_brand?post=8802"},{"taxonomy":"product_cat","embeddable":true,"href":"https:\/\/jinhuaceramic.com\/pt\/wp-json\/wp\/v2\/product_cat?post=8802"},{"taxonomy":"product_tag","embeddable":true,"href":"https:\/\/jinhuaceramic.com\/pt\/wp-json\/wp\/v2\/product_tag?post=8802"}],"curies":[{"name":"wp","href":"https:\/\/api.w.org\/{rel}","templated":true}]}}