{"id":8815,"date":"2025-04-24T01:46:43","date_gmt":"2025-04-24T01:46:43","guid":{"rendered":"https:\/\/jinhuaceramic.com\/?post_type=product&#038;p=8815"},"modified":"2025-04-24T01:46:45","modified_gmt":"2025-04-24T01:46:45","slug":"bulk-dinnerware-sets","status":"publish","type":"product","link":"https:\/\/jinhuaceramic.com\/pt\/product\/bulk-dinnerware-sets\/","title":{"rendered":"Conjuntos de loi\u00e7a azul brilhante a granel, loi\u00e7a de mesa de cor s\u00f3lida por atacado"},"content":{"rendered":"<div class=\"wp-block-columns is-layout-flex wp-container-core-columns-is-layout-9d6595d7 wp-block-columns-is-layout-flex\">\n<div class=\"wp-block-column is-layout-flow wp-block-column-is-layout-flow\">\n<h3 class=\"wp-block-heading\">Conjuntos de loi\u00e7a Premium a granel Carater\u00edsticas:<\/h3>\n\n\n\n<ul class=\"wp-block-list\">\n<li><strong>Esmalte reativo \u00fanico:<\/strong> Estes conjuntos de lou\u00e7a a granel utilizam esmaltes reactivos que produzem altera\u00e7\u00f5es imprevis\u00edveis de cor e textura durante o processo de cozedura. Como resultado, a cor azul de cada loi\u00e7a apresenta diferentes tonalidades, cheias de sentido art\u00edstico e evitando a monotonia da produ\u00e7\u00e3o industrial em massa.<\/li>\n\n\n\n<li><strong>Design moderno: <\/strong>Os designs destes conjuntos de loi\u00e7a a cores para venda por grosso s\u00e3o modernos e elegantes. A borda dos utens\u00edlios de mesa \u00e9 revestida com uma fina borda castanha clara, que acrescenta um toque de luxo e eleg\u00e2ncia ao azul sereno e eleva o estilo.<\/li>\n\n\n\n<li><strong>Material seguro: <\/strong>Fabricados em barro cer\u00e2mico natural n\u00e3o t\u00f3xico a alta temperatura, estes conjuntos de lou\u00e7a a granel n\u00e3o cont\u00eam chumbo nem outros materiais met\u00e1licos e podem entrar em contacto seguro com os alimentos.<\/li>\n\n\n\n<li><strong>Conjunto completo: <\/strong>Estes conjuntos de loi\u00e7a colorida por atacado incluem uma tigela de cer\u00e2mica e dois pratos, um pequeno e um grande, e s\u00e3o muito pr\u00e1ticos. Pode comer-se um cereal, uma sopa ou arroz diretamente da tigela de cer\u00e2mica, o prato pequeno \u00e9 adequado para petiscos, saladas e outros acompanhamentos, enquanto o prato grande \u00e9 adequado para pratos principais como bifes.<\/li>\n<\/ul>\n<\/div>\n\n\n\n<div class=\"wp-block-column is-layout-flow wp-block-column-is-layout-flow\">\n<figure class=\"wp-block-image size-full\"><img fetchpriority=\"high\" decoding=\"async\" width=\"1600\" height=\"1600\" src=\"https:\/\/jinhuaceramic.com\/wp-content\/uploads\/2025\/04\/Custom-Dinnerware-With-Reactive-Glaze-Wholesale-Tableware-In-Bulk-4.webp\" alt=\"Conjuntos de lou\u00e7a de jantar a granel azul brilhante, lou\u00e7a de mesa de cor s\u00f3lida por atacado-1\" class=\"wp-image-8818\" srcset=\"https:\/\/jinhuaceramic.com\/wp-content\/uploads\/2025\/04\/Custom-Dinnerware-With-Reactive-Glaze-Wholesale-Tableware-In-Bulk-4.webp 1600w, https:\/\/jinhuaceramic.com\/wp-content\/uploads\/2025\/04\/Custom-Dinnerware-With-Reactive-Glaze-Wholesale-Tableware-In-Bulk-4-300x300.webp 300w, https:\/\/jinhuaceramic.com\/wp-content\/uploads\/2025\/04\/Custom-Dinnerware-With-Reactive-Glaze-Wholesale-Tableware-In-Bulk-4-150x150.webp 150w, https:\/\/jinhuaceramic.com\/wp-content\/uploads\/2025\/04\/Custom-Dinnerware-With-Reactive-Glaze-Wholesale-Tableware-In-Bulk-4-768x768.webp 768w, https:\/\/jinhuaceramic.com\/wp-content\/uploads\/2025\/04\/Custom-Dinnerware-With-Reactive-Glaze-Wholesale-Tableware-In-Bulk-4-12x12.webp 12w, https:\/\/jinhuaceramic.com\/wp-content\/uploads\/2025\/04\/Custom-Dinnerware-With-Reactive-Glaze-Wholesale-Tableware-In-Bulk-4-285x285.webp 285w, https:\/\/jinhuaceramic.com\/wp-content\/uploads\/2025\/04\/Custom-Dinnerware-With-Reactive-Glaze-Wholesale-Tableware-In-Bulk-4-270x270.webp 270w, https:\/\/jinhuaceramic.com\/wp-content\/uploads\/2025\/04\/Custom-Dinnerware-With-Reactive-Glaze-Wholesale-Tableware-In-Bulk-4-540x540.webp 540w, https:\/\/jinhuaceramic.com\/wp-content\/uploads\/2025\/04\/Custom-Dinnerware-With-Reactive-Glaze-Wholesale-Tableware-In-Bulk-4-660x660.webp 660w\" sizes=\"(max-width: 1600px) 100vw, 1600px\" \/><\/figure>\n<\/div>\n<\/div>","protected":false},"excerpt":{"rendered":"<p>Bem-vindo \u00e0 compra de lou\u00e7a de mesa colorida por atacado. Estes conjuntos de lou\u00e7a a granel abra\u00e7am um design moderno e elegante, aplicam um esmalte reativo para tornar cada pe\u00e7a \u00fanica e, ao mesmo tempo, o corpo cer\u00e2mico \u00e9 seguro e dur\u00e1vel, e a combina\u00e7\u00e3o de v\u00e1rias pe\u00e7as de lou\u00e7a \u00e9 muito pr\u00e1tica.<\/p>","protected":false},"featured_media":8821,"comment_status":"closed","ping_status":"closed","template":"","meta":{"_acf_changed":false},"product_brand":[],"product_cat":[83,54],"product_tag":[],"class_list":{"0":"post-8815","1":"product","2":"type-product","3":"status-publish","4":"has-post-thumbnail","6":"product_cat-wholesale-dinnerware-sets","7":"product_cat-tableware-wholesale","9":"first","10":"instock","11":"shipping-taxable","12":"product-type-simple"},"acf":[],"_links":{"self":[{"href":"https:\/\/jinhuaceramic.com\/pt\/wp-json\/wp\/v2\/product\/8815","targetHints":{"allow":["GET"]}}],"collection":[{"href":"https:\/\/jinhuaceramic.com\/pt\/wp-json\/wp\/v2\/product"}],"about":[{"href":"https:\/\/jinhuaceramic.com\/pt\/wp-json\/wp\/v2\/types\/product"}],"replies":[{"embeddable":true,"href":"https:\/\/jinhuaceramic.com\/pt\/wp-json\/wp\/v2\/comments?post=8815"}],"version-history":[{"count":0,"href":"https:\/\/jinhuaceramic.com\/pt\/wp-json\/wp\/v2\/product\/8815\/revisions"}],"wp:featuredmedia":[{"embeddable":true,"href":"https:\/\/jinhuaceramic.com\/pt\/wp-json\/wp\/v2\/media\/8821"}],"wp:attachment":[{"href":"https:\/\/jinhuaceramic.com\/pt\/wp-json\/wp\/v2\/media?parent=8815"}],"wp:term":[{"taxonomy":"product_brand","embeddable":true,"href":"https:\/\/jinhuaceramic.com\/pt\/wp-json\/wp\/v2\/product_brand?post=8815"},{"taxonomy":"product_cat","embeddable":true,"href":"https:\/\/jinhuaceramic.com\/pt\/wp-json\/wp\/v2\/product_cat?post=8815"},{"taxonomy":"product_tag","embeddable":true,"href":"https:\/\/jinhuaceramic.com\/pt\/wp-json\/wp\/v2\/product_tag?post=8815"}],"curies":[{"name":"wp","href":"https:\/\/api.w.org\/{rel}","templated":true}]}}