{"id":8837,"date":"2025-04-25T01:39:44","date_gmt":"2025-04-25T01:39:44","guid":{"rendered":"https:\/\/jinhuaceramic.com\/?post_type=product&#038;p=8837"},"modified":"2025-04-25T01:39:45","modified_gmt":"2025-04-25T01:39:45","slug":"wholesale-ceramic-plates-and-bowls","status":"publish","type":"product","link":"https:\/\/jinhuaceramic.com\/pt\/product\/wholesale-ceramic-plates-and-bowls\/","title":{"rendered":"Pratos e ta\u00e7as de cer\u00e2mica por atacado, lou\u00e7a comercial a granel"},"content":{"rendered":"<div class=\"wp-block-columns is-layout-flex wp-container-core-columns-is-layout-9d6595d7 wp-block-columns-is-layout-flex\">\n<div class=\"wp-block-column is-layout-flow wp-block-column-is-layout-flow\">\n<h3 class=\"wp-block-heading\">Premium Wholesale Ceramic Plates and Bowls\u00a0Features:<\/h3>\n\n\n\n<ul class=\"wp-block-list\">\n<li><strong>A Variety of Soft Color Combinations: <\/strong>These wholesale ceramic plates and bowls come in new beige, teal, and brown bowls with pastel color schemes. The bright and new colors not only draw attention and accentuate, but also create interesting and unique feelings within the surroundings, making a warm and stimulating environment.<\/li>\n\n\n\n<li><strong>Rustic Speckled Texture: <\/strong>The majority of this commercial crockery bulk is speckled on its surface with minute dark spots. These are not arranged in a well-organized pattern but are placed haphazardly, giving a feeling of handiness and ruralness, which is further enhanced by the piling of the tableware.<\/li>\n\n\n\n<li><strong>Material cer\u00e2mico de alta qualidade:<\/strong> Our wholesale ceramic plates and bowls are made from high-quality ceramics, with high-temperature firing, and are not easily breakable or scratchable. They are microwave-safe, oven-safe, dishwasher-safe, and fridge-safe.<\/li>\n\n\n\n<li><strong>Various Tableware Types:<\/strong> These commercial crockery bulk include two plates and bowls of different sizes to meet different needs of daily dinning. The ceramic bowls are reasonably sized with wide mouths for easy access to food. Different tableware can be stacked for easy storage and save cabinet space.<\/li>\n<\/ul>\n<\/div>\n\n\n\n<div class=\"wp-block-column is-layout-flow wp-block-column-is-layout-flow\">\n<figure class=\"wp-block-image size-full\"><img fetchpriority=\"high\" decoding=\"async\" width=\"1600\" height=\"1600\" src=\"https:\/\/jinhuaceramic.com\/wp-content\/uploads\/2025\/04\/Custom-Tableware-Sets-in-Various-Colors-Wholesale-Ceramic-Plate-and-Bowl-7.webp\" alt=\"Wholesale Ceramic Plates and Bowls, Commercial Crockery Bulk-1\" class=\"wp-image-8843\" srcset=\"https:\/\/jinhuaceramic.com\/wp-content\/uploads\/2025\/04\/Custom-Tableware-Sets-in-Various-Colors-Wholesale-Ceramic-Plate-and-Bowl-7.webp 1600w, https:\/\/jinhuaceramic.com\/wp-content\/uploads\/2025\/04\/Custom-Tableware-Sets-in-Various-Colors-Wholesale-Ceramic-Plate-and-Bowl-7-300x300.webp 300w, https:\/\/jinhuaceramic.com\/wp-content\/uploads\/2025\/04\/Custom-Tableware-Sets-in-Various-Colors-Wholesale-Ceramic-Plate-and-Bowl-7-150x150.webp 150w, https:\/\/jinhuaceramic.com\/wp-content\/uploads\/2025\/04\/Custom-Tableware-Sets-in-Various-Colors-Wholesale-Ceramic-Plate-and-Bowl-7-768x768.webp 768w, https:\/\/jinhuaceramic.com\/wp-content\/uploads\/2025\/04\/Custom-Tableware-Sets-in-Various-Colors-Wholesale-Ceramic-Plate-and-Bowl-7-12x12.webp 12w, https:\/\/jinhuaceramic.com\/wp-content\/uploads\/2025\/04\/Custom-Tableware-Sets-in-Various-Colors-Wholesale-Ceramic-Plate-and-Bowl-7-285x285.webp 285w, https:\/\/jinhuaceramic.com\/wp-content\/uploads\/2025\/04\/Custom-Tableware-Sets-in-Various-Colors-Wholesale-Ceramic-Plate-and-Bowl-7-270x270.webp 270w, https:\/\/jinhuaceramic.com\/wp-content\/uploads\/2025\/04\/Custom-Tableware-Sets-in-Various-Colors-Wholesale-Ceramic-Plate-and-Bowl-7-540x540.webp 540w, https:\/\/jinhuaceramic.com\/wp-content\/uploads\/2025\/04\/Custom-Tableware-Sets-in-Various-Colors-Wholesale-Ceramic-Plate-and-Bowl-7-660x660.webp 660w\" sizes=\"(max-width: 1600px) 100vw, 1600px\" \/><\/figure>\n<\/div>\n<\/div>","protected":false},"excerpt":{"rendered":"<p>Welcome to purchase commercial crockery in bulk. Our light-colored wholesale ceramic plates and bowls have a unique style that is contemporary and country. Also, with durable ceramic material and different forms of tableware, these table sets are not just visually appealing but also functional, offering a natural, contemporary and dynamic feel to the dining table.<\/p>","protected":false},"featured_media":8840,"comment_status":"closed","ping_status":"closed","template":"","meta":{"_acf_changed":false},"product_brand":[],"product_cat":[83,54],"product_tag":[],"class_list":{"0":"post-8837","1":"product","2":"type-product","3":"status-publish","4":"has-post-thumbnail","6":"product_cat-wholesale-dinnerware-sets","7":"product_cat-tableware-wholesale","9":"first","10":"instock","11":"shipping-taxable","12":"product-type-simple"},"acf":[],"_links":{"self":[{"href":"https:\/\/jinhuaceramic.com\/pt\/wp-json\/wp\/v2\/product\/8837","targetHints":{"allow":["GET"]}}],"collection":[{"href":"https:\/\/jinhuaceramic.com\/pt\/wp-json\/wp\/v2\/product"}],"about":[{"href":"https:\/\/jinhuaceramic.com\/pt\/wp-json\/wp\/v2\/types\/product"}],"replies":[{"embeddable":true,"href":"https:\/\/jinhuaceramic.com\/pt\/wp-json\/wp\/v2\/comments?post=8837"}],"version-history":[{"count":0,"href":"https:\/\/jinhuaceramic.com\/pt\/wp-json\/wp\/v2\/product\/8837\/revisions"}],"wp:featuredmedia":[{"embeddable":true,"href":"https:\/\/jinhuaceramic.com\/pt\/wp-json\/wp\/v2\/media\/8840"}],"wp:attachment":[{"href":"https:\/\/jinhuaceramic.com\/pt\/wp-json\/wp\/v2\/media?parent=8837"}],"wp:term":[{"taxonomy":"product_brand","embeddable":true,"href":"https:\/\/jinhuaceramic.com\/pt\/wp-json\/wp\/v2\/product_brand?post=8837"},{"taxonomy":"product_cat","embeddable":true,"href":"https:\/\/jinhuaceramic.com\/pt\/wp-json\/wp\/v2\/product_cat?post=8837"},{"taxonomy":"product_tag","embeddable":true,"href":"https:\/\/jinhuaceramic.com\/pt\/wp-json\/wp\/v2\/product_tag?post=8837"}],"curies":[{"name":"wp","href":"https:\/\/api.w.org\/{rel}","templated":true}]}}