{"id":8853,"date":"2025-04-28T07:37:15","date_gmt":"2025-04-28T07:37:15","guid":{"rendered":"https:\/\/jinhuaceramic.com\/?post_type=product&#038;p=8853"},"modified":"2025-04-28T08:18:44","modified_gmt":"2025-04-28T08:18:44","slug":"ceramic-dinner-sets-wholesale","status":"publish","type":"product","link":"https:\/\/jinhuaceramic.com\/pt\/product\/ceramic-dinner-sets-wholesale\/","title":{"rendered":"Conjuntos de jantar de cer\u00e2mica por atacado com esmalte craquelado, utens\u00edlios de mesa por atacado personalizados"},"content":{"rendered":"<div class=\"wp-block-columns is-layout-flex wp-container-core-columns-is-layout-9d6595d7 wp-block-columns-is-layout-flex\">\n<div class=\"wp-block-column is-layout-flow wp-block-column-is-layout-flow\">\n<h3 class=\"wp-block-heading\">Conjuntos de jantar em cer\u00e2mica por atacado Carater\u00edsticas:<\/h3>\n\n\n\n<ul class=\"wp-block-list\">\n<li><strong>Desenho a duas cores: <\/strong>Estes artigos de mesa personalizados adoptam um design de duas cores. O interior de todos os utens\u00edlios de mesa e canecas apresenta um efeito de esmalte reativo cinzento de v\u00e1rios tons, que \u00e9 calmo e contido, enquanto a superf\u00edcie exterior \u00e9 branca pura. Este forte contraste de cores torna a loi\u00e7a de mesa mais moderna.<\/li>\n\n\n\n<li><strong>Esmalte crepitante \u00fanico: <\/strong>As superf\u00edcies cinzentas destes utens\u00edlios de mesa personalizados por atacado t\u00eam texturas estaladi\u00e7as claras e delicadas, que n\u00e3o s\u00e3o danos reais mas efeitos visuais \u00fanicos formados naturalmente pelo esmalte durante o processo de cozedura, acrescentando um toque art\u00edstico aos utens\u00edlios de mesa e tornando-os mais reconhec\u00edveis.<\/li>\n\n\n\n<li><strong>Material cer\u00e2mico duradouro:<\/strong> Estes conjuntos de jantar de cer\u00e2mica de alta qualidade por atacado s\u00e3o muito duros e fortes, dif\u00edceis de usar e estilha\u00e7ar e t\u00eam uma vida longa. No uso di\u00e1rio, n\u00e3o s\u00e3o facilmente riscados por facas, garfos e outros talheres e permanecem lindos.<\/li>\n\n\n\n<li><strong>Forte car\u00e1cter pr\u00e1tico: <\/strong>Estes conjuntos de jantar em cer\u00e2mica para venda por grosso incluem uma tigela, dois pratos de diferentes tamanhos e uma caneca, que s\u00e3o adequados para conter diferentes alimentos e bebidas. Podem satisfazer v\u00e1rias necessidades das refei\u00e7\u00f5es di\u00e1rias e s\u00e3o muito pr\u00e1ticos.<\/li>\n<\/ul>\n<\/div>\n\n\n\n<div class=\"wp-block-column is-layout-flow wp-block-column-is-layout-flow\">\n<figure class=\"wp-block-image size-full\"><img fetchpriority=\"high\" decoding=\"async\" width=\"1600\" height=\"1600\" src=\"https:\/\/jinhuaceramic.com\/wp-content\/uploads\/2025\/04\/Bulk-Dinner-Set-With-Crackle-Glaze-Wholesale-Tableware-Custom-5.webp\" alt=\"Servi\u00e7o de jantar em cer\u00e2mica - venda por grosso com vidrado craquelado - venda por grosso de utens\u00edlios de mesa - 1\" class=\"wp-image-8857\" srcset=\"https:\/\/jinhuaceramic.com\/wp-content\/uploads\/2025\/04\/Bulk-Dinner-Set-With-Crackle-Glaze-Wholesale-Tableware-Custom-5.webp 1600w, https:\/\/jinhuaceramic.com\/wp-content\/uploads\/2025\/04\/Bulk-Dinner-Set-With-Crackle-Glaze-Wholesale-Tableware-Custom-5-300x300.webp 300w, https:\/\/jinhuaceramic.com\/wp-content\/uploads\/2025\/04\/Bulk-Dinner-Set-With-Crackle-Glaze-Wholesale-Tableware-Custom-5-150x150.webp 150w, https:\/\/jinhuaceramic.com\/wp-content\/uploads\/2025\/04\/Bulk-Dinner-Set-With-Crackle-Glaze-Wholesale-Tableware-Custom-5-768x768.webp 768w, https:\/\/jinhuaceramic.com\/wp-content\/uploads\/2025\/04\/Bulk-Dinner-Set-With-Crackle-Glaze-Wholesale-Tableware-Custom-5-12x12.webp 12w, https:\/\/jinhuaceramic.com\/wp-content\/uploads\/2025\/04\/Bulk-Dinner-Set-With-Crackle-Glaze-Wholesale-Tableware-Custom-5-285x285.webp 285w, https:\/\/jinhuaceramic.com\/wp-content\/uploads\/2025\/04\/Bulk-Dinner-Set-With-Crackle-Glaze-Wholesale-Tableware-Custom-5-270x270.webp 270w, https:\/\/jinhuaceramic.com\/wp-content\/uploads\/2025\/04\/Bulk-Dinner-Set-With-Crackle-Glaze-Wholesale-Tableware-Custom-5-540x540.webp 540w, https:\/\/jinhuaceramic.com\/wp-content\/uploads\/2025\/04\/Bulk-Dinner-Set-With-Crackle-Glaze-Wholesale-Tableware-Custom-5-660x660.webp 660w\" sizes=\"(max-width: 1600px) 100vw, 1600px\" \/><\/figure>\n<\/div>\n<\/div>","protected":false},"excerpt":{"rendered":"<p>Bem-vindo a comprar a nossa loi\u00e7a de mesa por atacado. Estes conjuntos de jantar de cer\u00e2mica por atacado s\u00e3o feitos de cer\u00e2mica dur\u00e1vel e incluem uma variedade de tipos de utens\u00edlios de mesa para uso pr\u00e1tico. O design de duas cores contrastantes e o esmalte craquelado \u00fanico tornam-nos muito art\u00edsticos. Estes conjuntos de jantar n\u00e3o s\u00e3o apenas utens\u00edlios para as refei\u00e7\u00f5es di\u00e1rias, mas tamb\u00e9m obras de arte que criam uma sensa\u00e7\u00e3o de ritual de jantar na mesa de jantar.<\/p>","protected":false},"featured_media":8858,"comment_status":"closed","ping_status":"closed","template":"","meta":{"_acf_changed":false},"product_brand":[],"product_cat":[83,54],"product_tag":[],"class_list":{"0":"post-8853","1":"product","2":"type-product","3":"status-publish","4":"has-post-thumbnail","6":"product_cat-wholesale-dinnerware-sets","7":"product_cat-tableware-wholesale","9":"first","10":"instock","11":"shipping-taxable","12":"product-type-simple"},"acf":[],"_links":{"self":[{"href":"https:\/\/jinhuaceramic.com\/pt\/wp-json\/wp\/v2\/product\/8853","targetHints":{"allow":["GET"]}}],"collection":[{"href":"https:\/\/jinhuaceramic.com\/pt\/wp-json\/wp\/v2\/product"}],"about":[{"href":"https:\/\/jinhuaceramic.com\/pt\/wp-json\/wp\/v2\/types\/product"}],"replies":[{"embeddable":true,"href":"https:\/\/jinhuaceramic.com\/pt\/wp-json\/wp\/v2\/comments?post=8853"}],"version-history":[{"count":0,"href":"https:\/\/jinhuaceramic.com\/pt\/wp-json\/wp\/v2\/product\/8853\/revisions"}],"wp:featuredmedia":[{"embeddable":true,"href":"https:\/\/jinhuaceramic.com\/pt\/wp-json\/wp\/v2\/media\/8858"}],"wp:attachment":[{"href":"https:\/\/jinhuaceramic.com\/pt\/wp-json\/wp\/v2\/media?parent=8853"}],"wp:term":[{"taxonomy":"product_brand","embeddable":true,"href":"https:\/\/jinhuaceramic.com\/pt\/wp-json\/wp\/v2\/product_brand?post=8853"},{"taxonomy":"product_cat","embeddable":true,"href":"https:\/\/jinhuaceramic.com\/pt\/wp-json\/wp\/v2\/product_cat?post=8853"},{"taxonomy":"product_tag","embeddable":true,"href":"https:\/\/jinhuaceramic.com\/pt\/wp-json\/wp\/v2\/product_tag?post=8853"}],"curies":[{"name":"wp","href":"https:\/\/api.w.org\/{rel}","templated":true}]}}