{"id":8879,"date":"2025-05-05T07:52:37","date_gmt":"2025-05-05T07:52:37","guid":{"rendered":"https:\/\/jinhuaceramic.com\/?post_type=product&#038;p=8879"},"modified":"2025-05-05T07:52:39","modified_gmt":"2025-05-05T07:52:39","slug":"custom-crockery","status":"publish","type":"product","link":"https:\/\/jinhuaceramic.com\/pt\/product\/custom-crockery\/","title":{"rendered":"Conjunto de loi\u00e7a personalizada com textura em espiral Gr\u00e9s, loi\u00e7a de mesa r\u00fastica por atacado"},"content":{"rendered":"<div class=\"wp-block-columns is-layout-flex wp-container-core-columns-is-layout-9d6595d7 wp-block-columns-is-layout-flex\">\n<div class=\"wp-block-column is-layout-flow wp-block-column-is-layout-flow\">\n<h3 class=\"wp-block-heading\">Conjunto de loi\u00e7a personalizada Premium Carater\u00edsticas:<\/h3>\n\n\n\n<ul class=\"wp-block-list\">\n<li><strong>Textura espiralada distinta: <\/strong>Estes conjuntos de loi\u00e7a personalizada apresentam padr\u00f5es em espiral conc\u00eantricos n\u00e3o uniformes, em que as cores irradiam do centro, passo a passo, para o limite, dando um aspeto natural e din\u00e2mico que impulsiona o trabalho art\u00edstico e a identificabilidade da loi\u00e7a.<\/li>\n\n\n\n<li><strong>Estilo r\u00fastico: <\/strong>A cor principal destes conjuntos de loi\u00e7a personalizados \u00e9 o bege com bordos brancos e texturas em espiral cinzentas. A cor \u00e9 simples mas, em geral, elegante. Com as manchas pretas irregulares salpicadas na superf\u00edcie, os conjuntos de loi\u00e7a tamb\u00e9m t\u00eam um aspeto mais r\u00fastico e artesanal.<\/li>\n\n\n\n<li><strong>Material de gr\u00e9s: <\/strong>Estes utens\u00edlios de mesa por atacado s\u00e3o feitos de cer\u00e2mica grosseira, que tem uma certa sensa\u00e7\u00e3o de dureza e peso. S\u00e3o suaves ao tato e mais duradouros do que a cer\u00e2mica comum, pelo que s\u00e3o adequados para uma utiliza\u00e7\u00e3o regular.<\/li>\n\n\n\n<li><strong>Forte praticabilidade: <\/strong>Este conjunto de loi\u00e7a personalizada de 16 pe\u00e7as inclui 4 ta\u00e7as de salada, 4 ta\u00e7as de sopa, 4 pratos de acompanhamento e 4 pratos de prato principal, que podem satisfazer as necessidades di\u00e1rias de uma fam\u00edlia de quatro pessoas e s\u00e3o muito pr\u00e1ticos.<\/li>\n<\/ul>\n<\/div>\n\n\n\n<div class=\"wp-block-column is-layout-flow wp-block-column-is-layout-flow\">\n<figure class=\"wp-block-image size-full\"><img fetchpriority=\"high\" decoding=\"async\" width=\"1600\" height=\"1600\" src=\"https:\/\/jinhuaceramic.com\/wp-content\/uploads\/2025\/04\/Rustic-Crockery-Set-With-Spiral-Texture-Stoneware-Tableware-Wholesale-9.webp\" alt=\"ccustom-crockery-set-with-spiral-texture-stoneware-rustic-tableware-wholesale-1\" class=\"wp-image-8887\" srcset=\"https:\/\/jinhuaceramic.com\/wp-content\/uploads\/2025\/04\/Rustic-Crockery-Set-With-Spiral-Texture-Stoneware-Tableware-Wholesale-9.webp 1600w, https:\/\/jinhuaceramic.com\/wp-content\/uploads\/2025\/04\/Rustic-Crockery-Set-With-Spiral-Texture-Stoneware-Tableware-Wholesale-9-300x300.webp 300w, https:\/\/jinhuaceramic.com\/wp-content\/uploads\/2025\/04\/Rustic-Crockery-Set-With-Spiral-Texture-Stoneware-Tableware-Wholesale-9-150x150.webp 150w, https:\/\/jinhuaceramic.com\/wp-content\/uploads\/2025\/04\/Rustic-Crockery-Set-With-Spiral-Texture-Stoneware-Tableware-Wholesale-9-768x768.webp 768w, https:\/\/jinhuaceramic.com\/wp-content\/uploads\/2025\/04\/Rustic-Crockery-Set-With-Spiral-Texture-Stoneware-Tableware-Wholesale-9-12x12.webp 12w, https:\/\/jinhuaceramic.com\/wp-content\/uploads\/2025\/04\/Rustic-Crockery-Set-With-Spiral-Texture-Stoneware-Tableware-Wholesale-9-285x285.webp 285w, https:\/\/jinhuaceramic.com\/wp-content\/uploads\/2025\/04\/Rustic-Crockery-Set-With-Spiral-Texture-Stoneware-Tableware-Wholesale-9-270x270.webp 270w, https:\/\/jinhuaceramic.com\/wp-content\/uploads\/2025\/04\/Rustic-Crockery-Set-With-Spiral-Texture-Stoneware-Tableware-Wholesale-9-540x540.webp 540w, https:\/\/jinhuaceramic.com\/wp-content\/uploads\/2025\/04\/Rustic-Crockery-Set-With-Spiral-Texture-Stoneware-Tableware-Wholesale-9-660x660.webp 660w\" sizes=\"(max-width: 1600px) 100vw, 1600px\" \/><\/figure>\n<\/div>\n<\/div>","protected":false},"excerpt":{"rendered":"<p>Bem-vindo a comprar a nossa loi\u00e7a de mesa por grosso. As vantagens destes conjuntos de loi\u00e7a personalizados residem na sua textura espiral \u00fanica, no seu aspeto vintage e no seu conte\u00fado em gr\u00e9s, que lhes confere textura e solidez, tornando-os assim est\u00e9ticos e pr\u00e1ticos. Podem dar uma sensa\u00e7\u00e3o de tranquilidade e beleza \u00e0 mesa de jantar e otimizar a alegria de jantar.<\/p>","protected":false},"featured_media":8886,"comment_status":"closed","ping_status":"closed","template":"","meta":{"_acf_changed":false},"product_brand":[],"product_cat":[83,54],"product_tag":[],"class_list":{"0":"post-8879","1":"product","2":"type-product","3":"status-publish","4":"has-post-thumbnail","6":"product_cat-wholesale-dinnerware-sets","7":"product_cat-tableware-wholesale","9":"first","10":"instock","11":"shipping-taxable","12":"product-type-simple"},"acf":[],"_links":{"self":[{"href":"https:\/\/jinhuaceramic.com\/pt\/wp-json\/wp\/v2\/product\/8879","targetHints":{"allow":["GET"]}}],"collection":[{"href":"https:\/\/jinhuaceramic.com\/pt\/wp-json\/wp\/v2\/product"}],"about":[{"href":"https:\/\/jinhuaceramic.com\/pt\/wp-json\/wp\/v2\/types\/product"}],"replies":[{"embeddable":true,"href":"https:\/\/jinhuaceramic.com\/pt\/wp-json\/wp\/v2\/comments?post=8879"}],"version-history":[{"count":0,"href":"https:\/\/jinhuaceramic.com\/pt\/wp-json\/wp\/v2\/product\/8879\/revisions"}],"wp:featuredmedia":[{"embeddable":true,"href":"https:\/\/jinhuaceramic.com\/pt\/wp-json\/wp\/v2\/media\/8886"}],"wp:attachment":[{"href":"https:\/\/jinhuaceramic.com\/pt\/wp-json\/wp\/v2\/media?parent=8879"}],"wp:term":[{"taxonomy":"product_brand","embeddable":true,"href":"https:\/\/jinhuaceramic.com\/pt\/wp-json\/wp\/v2\/product_brand?post=8879"},{"taxonomy":"product_cat","embeddable":true,"href":"https:\/\/jinhuaceramic.com\/pt\/wp-json\/wp\/v2\/product_cat?post=8879"},{"taxonomy":"product_tag","embeddable":true,"href":"https:\/\/jinhuaceramic.com\/pt\/wp-json\/wp\/v2\/product_tag?post=8879"}],"curies":[{"name":"wp","href":"https:\/\/api.w.org\/{rel}","templated":true}]}}