{"id":8892,"date":"2025-05-05T09:34:40","date_gmt":"2025-05-05T09:34:40","guid":{"rendered":"https:\/\/jinhuaceramic.com\/?post_type=product&#038;p=8892"},"modified":"2025-05-05T09:34:42","modified_gmt":"2025-05-05T09:34:42","slug":"custom-plates-and-bowls","status":"publish","type":"product","link":"https:\/\/jinhuaceramic.com\/pt\/product\/custom-plates-and-bowls\/","title":{"rendered":"Pratos e ta\u00e7as personalizados, Conjunto de jantar de cer\u00e2mica de luxo por atacado"},"content":{"rendered":"<div class=\"wp-block-columns is-layout-flex wp-container-core-columns-is-layout-9d6595d7 wp-block-columns-is-layout-flex\">\n<div class=\"wp-block-column is-layout-flow wp-block-column-is-layout-flow\">\n<h3 class=\"wp-block-heading\">Pratos e ta\u00e7as personalizados Premium Carater\u00edsticas:<\/h3>\n\n\n\n<ul class=\"wp-block-list\">\n<li><strong>Design elegante: <\/strong>Estes pratos e ta\u00e7as personalizados est\u00e3o cobertos com texturas de gotas de \u00e1gua irradiantes em castanho claro. Os pratos irradiam a partir do centro, mas as ta\u00e7as e copos irradiam para cima a partir do fundo, um desenho semelhante a um raio de sol em contraste com o rebordo verde. Todo o aspeto \u00e9 revestido de riqueza e harmonia.<\/li>\n\n\n\n<li><strong>Material de alta qualidade: <\/strong>O conjunto de jantar de cer\u00e2mica de alta qualidade por atacado \u00e9 dur\u00e1vel, duro, menos propenso ao desgaste e altamente resistente ao calor. Podem ser utilizados no micro-ondas, no forno, no frigor\u00edfico e na m\u00e1quina de lavar lou\u00e7a.<\/li>\n\n\n\n<li><strong>Conjunto completo: <\/strong>O conjunto de jantar de cer\u00e2mica por grosso inclui pratos, tigelas e ch\u00e1venas para servir v\u00e1rias necessidades de refei\u00e7\u00f5es. Os pratos, por exemplo, s\u00e3o perfeitos para ter o prato principal e o acompanhamento, as tigelas s\u00e3o perfeitas para ter sopa e alimentos b\u00e1sicos, e as ch\u00e1venas s\u00e3o perfeitas para ter bebidas como caf\u00e9, ch\u00e1 e muito mais.<\/li>\n\n\n\n<li><strong>Prenda perfeita: <\/strong>Pr\u00e1ticos e bonitos, os pratos e ta\u00e7as personalizados s\u00e3o presentes ideais para um casamento ou uma festa de inaugura\u00e7\u00e3o, para transmitir os bons desejos do doador.<\/li>\n<\/ul>\n<\/div>\n\n\n\n<div class=\"wp-block-column is-layout-flow wp-block-column-is-layout-flow\">\n<figure class=\"wp-block-image size-full\"><img fetchpriority=\"high\" decoding=\"async\" width=\"1600\" height=\"1591\" src=\"https:\/\/jinhuaceramic.com\/wp-content\/uploads\/2025\/05\/Luxury-Tableware-Set-Wholesale-Custom-Ceramic-Dinner-Bowl-And-Plate-3.webp\" alt=\"Conjunto de pratos e ta\u00e7as personalizados de luxo para servi\u00e7o de mesa - grossista-1\" class=\"wp-image-8894\" srcset=\"https:\/\/jinhuaceramic.com\/wp-content\/uploads\/2025\/05\/Luxury-Tableware-Set-Wholesale-Custom-Ceramic-Dinner-Bowl-And-Plate-3.webp 1600w, https:\/\/jinhuaceramic.com\/wp-content\/uploads\/2025\/05\/Luxury-Tableware-Set-Wholesale-Custom-Ceramic-Dinner-Bowl-And-Plate-3-300x298.webp 300w, https:\/\/jinhuaceramic.com\/wp-content\/uploads\/2025\/05\/Luxury-Tableware-Set-Wholesale-Custom-Ceramic-Dinner-Bowl-And-Plate-3-150x150.webp 150w, https:\/\/jinhuaceramic.com\/wp-content\/uploads\/2025\/05\/Luxury-Tableware-Set-Wholesale-Custom-Ceramic-Dinner-Bowl-And-Plate-3-768x764.webp 768w, https:\/\/jinhuaceramic.com\/wp-content\/uploads\/2025\/05\/Luxury-Tableware-Set-Wholesale-Custom-Ceramic-Dinner-Bowl-And-Plate-3-12x12.webp 12w, https:\/\/jinhuaceramic.com\/wp-content\/uploads\/2025\/05\/Luxury-Tableware-Set-Wholesale-Custom-Ceramic-Dinner-Bowl-And-Plate-3-285x283.webp 285w, https:\/\/jinhuaceramic.com\/wp-content\/uploads\/2025\/05\/Luxury-Tableware-Set-Wholesale-Custom-Ceramic-Dinner-Bowl-And-Plate-3-660x656.webp 660w\" sizes=\"(max-width: 1600px) 100vw, 1600px\" \/><\/figure>\n<\/div>\n<\/div>","protected":false},"excerpt":{"rendered":"<p>Bem-vindo a comprar os nossos pratos e ta\u00e7as personalizados. O conjunto de jantar de cer\u00e2mica por atacado \u00e9 bem decorado e compat\u00edvel com diferentes padr\u00f5es de mesa de jantar. O material cer\u00e2mico \u00e9 forte e dur\u00e1vel. Os pratos, ta\u00e7as e copos s\u00e3o todos funcionais, servindo diferentes tipos de necessidades de refei\u00e7\u00f5es. S\u00e3o adequados tanto para uso pessoal como para receber convidados.<\/p>","protected":false},"featured_media":8897,"comment_status":"closed","ping_status":"closed","template":"","meta":{"_acf_changed":false},"product_brand":[],"product_cat":[83,54],"product_tag":[],"class_list":{"0":"post-8892","1":"product","2":"type-product","3":"status-publish","4":"has-post-thumbnail","6":"product_cat-wholesale-dinnerware-sets","7":"product_cat-tableware-wholesale","9":"first","10":"instock","11":"shipping-taxable","12":"product-type-simple"},"acf":[],"_links":{"self":[{"href":"https:\/\/jinhuaceramic.com\/pt\/wp-json\/wp\/v2\/product\/8892","targetHints":{"allow":["GET"]}}],"collection":[{"href":"https:\/\/jinhuaceramic.com\/pt\/wp-json\/wp\/v2\/product"}],"about":[{"href":"https:\/\/jinhuaceramic.com\/pt\/wp-json\/wp\/v2\/types\/product"}],"replies":[{"embeddable":true,"href":"https:\/\/jinhuaceramic.com\/pt\/wp-json\/wp\/v2\/comments?post=8892"}],"version-history":[{"count":0,"href":"https:\/\/jinhuaceramic.com\/pt\/wp-json\/wp\/v2\/product\/8892\/revisions"}],"wp:featuredmedia":[{"embeddable":true,"href":"https:\/\/jinhuaceramic.com\/pt\/wp-json\/wp\/v2\/media\/8897"}],"wp:attachment":[{"href":"https:\/\/jinhuaceramic.com\/pt\/wp-json\/wp\/v2\/media?parent=8892"}],"wp:term":[{"taxonomy":"product_brand","embeddable":true,"href":"https:\/\/jinhuaceramic.com\/pt\/wp-json\/wp\/v2\/product_brand?post=8892"},{"taxonomy":"product_cat","embeddable":true,"href":"https:\/\/jinhuaceramic.com\/pt\/wp-json\/wp\/v2\/product_cat?post=8892"},{"taxonomy":"product_tag","embeddable":true,"href":"https:\/\/jinhuaceramic.com\/pt\/wp-json\/wp\/v2\/product_tag?post=8892"}],"curies":[{"name":"wp","href":"https:\/\/api.w.org\/{rel}","templated":true}]}}