{"id":8901,"date":"2025-05-05T08:54:24","date_gmt":"2025-05-05T08:54:24","guid":{"rendered":"https:\/\/jinhuaceramic.com\/?post_type=product&#038;p=8901"},"modified":"2025-05-05T08:54:25","modified_gmt":"2025-05-05T08:54:25","slug":"customized-dinnerware","status":"publish","type":"product","link":"https:\/\/jinhuaceramic.com\/pt\/product\/customized-dinnerware\/","title":{"rendered":"Servi\u00e7o de jantar personalizado para 4 pessoas, Servi\u00e7o de jantar japon\u00eas por atacado"},"content":{"rendered":"<div class=\"wp-block-columns is-layout-flex wp-container-core-columns-is-layout-9d6595d7 wp-block-columns-is-layout-flex\">\n<div class=\"wp-block-column is-layout-flow wp-block-column-is-layout-flow\">\n<h3 class=\"wp-block-heading\">Premium Customized Dinnerware\u00a0Features:<\/h3>\n\n\n\n<ul class=\"wp-block-list\">\n<li><strong>Japanese Style: <\/strong>These customized dinnerware sets are mostly in light gray, with vertical striped pattern ornamental bands and brown ring feet, exuding a very strong Japanese retro atmosphere. They can add an artistic touch to the dining table and can be used with most house styles, such as modern and retro.<\/li>\n\n\n\n<li><strong>Seguran\u00e7a e sa\u00fade: <\/strong>These wholesale premium ceramic dinnerware are manufactured using natural minerals and high-temperature-fired without the addition of any toxic chemicals. They never release any toxic chemicals during cooking, thereby making them safe and healthy for holding food.<\/li>\n\n\n\n<li><strong>Flexibility: <\/strong>These customized dinnerware sets include 6.75-inch bowls, 8.5-inch plates and 11-inch plates, which can be utilized to meet daily dining requirements, whether breakfast, lunch or dinner. They are not only suitable for home use, but also extremely well-suited for upscale restaurants.<\/li>\n\n\n\n<li><strong>F\u00e1cil de limpar: <\/strong>These smooth ceramic Japanese dinnerware pieces are difficult for stains to adhere to. They are easy to hand wash or dishwasher, which can reduce the effort and time cost of post-meal cleaning.<\/li>\n<\/ul>\n<\/div>\n\n\n\n<div class=\"wp-block-column is-layout-flow wp-block-column-is-layout-flow\">\n<figure class=\"wp-block-image size-full\"><img fetchpriority=\"high\" decoding=\"async\" width=\"2560\" height=\"2560\" src=\"https:\/\/jinhuaceramic.com\/wp-content\/uploads\/2025\/05\/Japanese-Dinnerware-Set-Custom-Tableware-Dinner-Service-For-4-7.webp\" alt=\"lou\u00e7a personalizada para 4 pessoas - lou\u00e7a japonesa - venda por grosso - 1\" class=\"wp-image-8907\" srcset=\"https:\/\/jinhuaceramic.com\/wp-content\/uploads\/2025\/05\/Japanese-Dinnerware-Set-Custom-Tableware-Dinner-Service-For-4-7.webp 2560w, https:\/\/jinhuaceramic.com\/wp-content\/uploads\/2025\/05\/Japanese-Dinnerware-Set-Custom-Tableware-Dinner-Service-For-4-7-300x300.webp 300w, https:\/\/jinhuaceramic.com\/wp-content\/uploads\/2025\/05\/Japanese-Dinnerware-Set-Custom-Tableware-Dinner-Service-For-4-7-150x150.webp 150w, https:\/\/jinhuaceramic.com\/wp-content\/uploads\/2025\/05\/Japanese-Dinnerware-Set-Custom-Tableware-Dinner-Service-For-4-7-768x768.webp 768w, https:\/\/jinhuaceramic.com\/wp-content\/uploads\/2025\/05\/Japanese-Dinnerware-Set-Custom-Tableware-Dinner-Service-For-4-7-12x12.webp 12w, https:\/\/jinhuaceramic.com\/wp-content\/uploads\/2025\/05\/Japanese-Dinnerware-Set-Custom-Tableware-Dinner-Service-For-4-7-285x285.webp 285w, https:\/\/jinhuaceramic.com\/wp-content\/uploads\/2025\/05\/Japanese-Dinnerware-Set-Custom-Tableware-Dinner-Service-For-4-7-1600x1600.webp 1600w, https:\/\/jinhuaceramic.com\/wp-content\/uploads\/2025\/05\/Japanese-Dinnerware-Set-Custom-Tableware-Dinner-Service-For-4-7-270x270.webp 270w, https:\/\/jinhuaceramic.com\/wp-content\/uploads\/2025\/05\/Japanese-Dinnerware-Set-Custom-Tableware-Dinner-Service-For-4-7-540x540.webp 540w, https:\/\/jinhuaceramic.com\/wp-content\/uploads\/2025\/05\/Japanese-Dinnerware-Set-Custom-Tableware-Dinner-Service-For-4-7-660x660.webp 660w\" sizes=\"(max-width: 2560px) 100vw, 2560px\" \/><\/figure>\n<\/div>\n<\/div>","protected":false},"excerpt":{"rendered":"<p>Welcome to purchase our Japanese dinnerware wholesale. These customized dinnerware sets feature a simple and versatile Japanese design style. The ceramic is safe and healthy, easy to wash, and the coordination between various tableware is convenient. Not only is the tableware pretty, but also convenient, which makes meals an enjoyable experience.<\/p>","protected":false},"featured_media":8904,"comment_status":"closed","ping_status":"closed","template":"","meta":{"_acf_changed":false},"product_brand":[],"product_cat":[83,54],"product_tag":[],"class_list":{"0":"post-8901","1":"product","2":"type-product","3":"status-publish","4":"has-post-thumbnail","6":"product_cat-wholesale-dinnerware-sets","7":"product_cat-tableware-wholesale","9":"first","10":"instock","11":"shipping-taxable","12":"product-type-simple"},"acf":[],"_links":{"self":[{"href":"https:\/\/jinhuaceramic.com\/pt\/wp-json\/wp\/v2\/product\/8901","targetHints":{"allow":["GET"]}}],"collection":[{"href":"https:\/\/jinhuaceramic.com\/pt\/wp-json\/wp\/v2\/product"}],"about":[{"href":"https:\/\/jinhuaceramic.com\/pt\/wp-json\/wp\/v2\/types\/product"}],"replies":[{"embeddable":true,"href":"https:\/\/jinhuaceramic.com\/pt\/wp-json\/wp\/v2\/comments?post=8901"}],"version-history":[{"count":0,"href":"https:\/\/jinhuaceramic.com\/pt\/wp-json\/wp\/v2\/product\/8901\/revisions"}],"wp:featuredmedia":[{"embeddable":true,"href":"https:\/\/jinhuaceramic.com\/pt\/wp-json\/wp\/v2\/media\/8904"}],"wp:attachment":[{"href":"https:\/\/jinhuaceramic.com\/pt\/wp-json\/wp\/v2\/media?parent=8901"}],"wp:term":[{"taxonomy":"product_brand","embeddable":true,"href":"https:\/\/jinhuaceramic.com\/pt\/wp-json\/wp\/v2\/product_brand?post=8901"},{"taxonomy":"product_cat","embeddable":true,"href":"https:\/\/jinhuaceramic.com\/pt\/wp-json\/wp\/v2\/product_cat?post=8901"},{"taxonomy":"product_tag","embeddable":true,"href":"https:\/\/jinhuaceramic.com\/pt\/wp-json\/wp\/v2\/product_tag?post=8901"}],"curies":[{"name":"wp","href":"https:\/\/api.w.org\/{rel}","templated":true}]}}