{"id":8912,"date":"2025-05-05T08:23:08","date_gmt":"2025-05-05T08:23:08","guid":{"rendered":"https:\/\/jinhuaceramic.com\/?post_type=product&#038;p=8912"},"modified":"2025-05-05T08:23:10","modified_gmt":"2025-05-05T08:23:10","slug":"chinese-bathroom-accessories","status":"publish","type":"product","link":"https:\/\/jinhuaceramic.com\/pt\/product\/chinese-bathroom-accessories\/","title":{"rendered":"Acess\u00f3rios de casa de banho chineses, Conjunto de casa de banho personalizado de hotel em cer\u00e2mica verde retro"},"content":{"rendered":"<div class=\"wp-block-columns is-layout-flex wp-container-core-columns-is-layout-9d6595d7 wp-block-columns-is-layout-flex\">\n<div class=\"wp-block-column is-layout-flow wp-block-column-is-layout-flow\">\n<h3 class=\"wp-block-heading\">Acess\u00f3rios de casa de banho chineses de qualidade superior Carater\u00edsticas:<\/h3>\n\n\n\n<ul class=\"wp-block-list\">\n<li><strong>Estilo retro: <\/strong>Estes conjuntos de casa de banho personalizados, com os seus tons verde-escuros, podem acrescentar uma atmosfera natural e serena \u00e0 casa de banho. O frasco de sab\u00e3o emoldurado com design cl\u00e1ssico de coluna, misturado com uma bomba dourada, e o copo cil\u00edndrico liso e a saboneteira especialmente concebida podem contribuir para a sofistica\u00e7\u00e3o e eleg\u00e2ncia da casa de banho.<\/li>\n\n\n\n<li><strong>Material de alta qualidade: <\/strong>Estes acess\u00f3rios de casa de banho chineses de alta qualidade s\u00e3o resistentes e duradouros, n\u00e3o se desgastam facilmente nem se partem, e s\u00e3o f\u00e1ceis de limpar. As manchas de \u00e1gua, sab\u00e3o e outras sujidades dificilmente permanecer\u00e3o. Basta passar um pano h\u00famido para os manter limpos.<\/li>\n\n\n\n<li><strong>Conjunto completo: <\/strong>Estes acess\u00f3rios de casa de banho chineses incluem um dispensador de sab\u00e3o, dois copos e uma saboneteira, satisfazendo v\u00e1rias necessidades di\u00e1rias de lavagem, como distribuir sab\u00e3o l\u00edquido, segurar escovas de dentes e pasta de dentes, enxaguar a boca e guardar sab\u00e3o, formando um conjunto completo de artigos de higiene pessoal.<\/li>\n\n\n\n<li><strong>Amigo do ambiente: <\/strong>As cer\u00e2micas s\u00e3o materiais inorg\u00e2nicos n\u00e3o met\u00e1licos que ocorrem naturalmente e n\u00e3o cont\u00eam produtos qu\u00edmicos t\u00f3xicos. Estes conjuntos de casa de banho personalizados s\u00e3o recicl\u00e1veis quando a sua vida \u00fatil termina, tornando-os cada vez mais amigos do ambiente.<\/li>\n<\/ul>\n<\/div>\n\n\n\n<div class=\"wp-block-column is-layout-flow wp-block-column-is-layout-flow\">\n<figure class=\"wp-block-image size-full\"><img fetchpriority=\"high\" decoding=\"async\" width=\"800\" height=\"800\" src=\"https:\/\/jinhuaceramic.com\/wp-content\/uploads\/2025\/05\/Retro-Green-Bathroom-Set-Ceramic-Hotel-Bath-Accessories-Wholesale.webp\" alt=\"acess\u00f3rios de casa de banho chineses-retro-green-ceramic-hotel-custom-bathroom-set-1\" class=\"wp-image-8918\" srcset=\"https:\/\/jinhuaceramic.com\/wp-content\/uploads\/2025\/05\/Retro-Green-Bathroom-Set-Ceramic-Hotel-Bath-Accessories-Wholesale.webp 800w, https:\/\/jinhuaceramic.com\/wp-content\/uploads\/2025\/05\/Retro-Green-Bathroom-Set-Ceramic-Hotel-Bath-Accessories-Wholesale-300x300.webp 300w, https:\/\/jinhuaceramic.com\/wp-content\/uploads\/2025\/05\/Retro-Green-Bathroom-Set-Ceramic-Hotel-Bath-Accessories-Wholesale-150x150.webp 150w, https:\/\/jinhuaceramic.com\/wp-content\/uploads\/2025\/05\/Retro-Green-Bathroom-Set-Ceramic-Hotel-Bath-Accessories-Wholesale-768x768.webp 768w, https:\/\/jinhuaceramic.com\/wp-content\/uploads\/2025\/05\/Retro-Green-Bathroom-Set-Ceramic-Hotel-Bath-Accessories-Wholesale-12x12.webp 12w, https:\/\/jinhuaceramic.com\/wp-content\/uploads\/2025\/05\/Retro-Green-Bathroom-Set-Ceramic-Hotel-Bath-Accessories-Wholesale-285x285.webp 285w, https:\/\/jinhuaceramic.com\/wp-content\/uploads\/2025\/05\/Retro-Green-Bathroom-Set-Ceramic-Hotel-Bath-Accessories-Wholesale-270x270.webp 270w, https:\/\/jinhuaceramic.com\/wp-content\/uploads\/2025\/05\/Retro-Green-Bathroom-Set-Ceramic-Hotel-Bath-Accessories-Wholesale-540x540.webp 540w, https:\/\/jinhuaceramic.com\/wp-content\/uploads\/2025\/05\/Retro-Green-Bathroom-Set-Ceramic-Hotel-Bath-Accessories-Wholesale-660x660.webp 660w\" sizes=\"(max-width: 800px) 100vw, 800px\" \/><\/figure>\n<\/div>\n<\/div>\n\n\n\n<p><\/p>","protected":false},"excerpt":{"rendered":"<p>Bem-vindo a comprar os nossos conjuntos de casa de banho personalizados. Estes acess\u00f3rios de casa de banho chineses de estilo retro verde-escuro s\u00e3o requintados e vers\u00e1teis, e podem melhorar o estilo da casa de banho. O kit tem acess\u00f3rios completos para atender a todos os tipos de necessidades de lavagem. O material cer\u00e2mico \u00e9 dur\u00e1vel, duradouro, f\u00e1cil de limpar, seguro e amigo do ambiente, proporcionando aos utilizadores uma experi\u00eancia saud\u00e1vel e confort\u00e1vel.<\/p>","protected":false},"featured_media":8913,"comment_status":"closed","ping_status":"closed","template":"","meta":{"_acf_changed":false},"product_brand":[],"product_cat":[51],"product_tag":[74],"class_list":{"0":"post-8912","1":"product","2":"type-product","3":"status-publish","4":"has-post-thumbnail","6":"product_cat-bathroom-accessories-wholesale","7":"product_tag-ceramic-bath-accessories-wholesale","9":"first","10":"instock","11":"shipping-taxable","12":"product-type-simple"},"acf":[],"_links":{"self":[{"href":"https:\/\/jinhuaceramic.com\/pt\/wp-json\/wp\/v2\/product\/8912","targetHints":{"allow":["GET"]}}],"collection":[{"href":"https:\/\/jinhuaceramic.com\/pt\/wp-json\/wp\/v2\/product"}],"about":[{"href":"https:\/\/jinhuaceramic.com\/pt\/wp-json\/wp\/v2\/types\/product"}],"replies":[{"embeddable":true,"href":"https:\/\/jinhuaceramic.com\/pt\/wp-json\/wp\/v2\/comments?post=8912"}],"version-history":[{"count":0,"href":"https:\/\/jinhuaceramic.com\/pt\/wp-json\/wp\/v2\/product\/8912\/revisions"}],"wp:featuredmedia":[{"embeddable":true,"href":"https:\/\/jinhuaceramic.com\/pt\/wp-json\/wp\/v2\/media\/8913"}],"wp:attachment":[{"href":"https:\/\/jinhuaceramic.com\/pt\/wp-json\/wp\/v2\/media?parent=8912"}],"wp:term":[{"taxonomy":"product_brand","embeddable":true,"href":"https:\/\/jinhuaceramic.com\/pt\/wp-json\/wp\/v2\/product_brand?post=8912"},{"taxonomy":"product_cat","embeddable":true,"href":"https:\/\/jinhuaceramic.com\/pt\/wp-json\/wp\/v2\/product_cat?post=8912"},{"taxonomy":"product_tag","embeddable":true,"href":"https:\/\/jinhuaceramic.com\/pt\/wp-json\/wp\/v2\/product_tag?post=8912"}],"curies":[{"name":"wp","href":"https:\/\/api.w.org\/{rel}","templated":true}]}}