{"id":8931,"date":"2025-05-10T02:57:28","date_gmt":"2025-05-10T02:57:28","guid":{"rendered":"https:\/\/jinhuaceramic.com\/?post_type=product&#038;p=8931"},"modified":"2025-05-10T02:57:30","modified_gmt":"2025-05-10T02:57:30","slug":"plates-and-bowls-wholesale","status":"publish","type":"product","link":"https:\/\/jinhuaceramic.com\/pt\/product\/plates-and-bowls-wholesale\/","title":{"rendered":"Pratos e ta\u00e7as pastorais por atacado, conjuntos de utens\u00edlios de mesa a granel"},"content":{"rendered":"<div class=\"wp-block-columns is-layout-flex wp-container-core-columns-is-layout-9d6595d7 wp-block-columns-is-layout-flex\">\n<div class=\"wp-block-column is-layout-flow wp-block-column-is-layout-flow\">\n<h3 class=\"wp-block-heading\">Pratos e ta\u00e7as Premium por atacado Carater\u00edsticas:<\/h3>\n\n\n\n<ul class=\"wp-block-list\">\n<li><strong>Fundo branco com desenhos de plantas:<\/strong> Estes pratos e ta\u00e7as de cer\u00e2mica para venda por grosso baseiam-se em tons quentes de branco, complementados por padr\u00f5es de plantas castanhas pintadas \u00e0 m\u00e3o, criando um ambiente natural e acolhedor para as refei\u00e7\u00f5es.<\/li>\n\n\n\n<li><strong>Uma variedade de tamanhos para satisfazer as necessidades de refei\u00e7\u00f5es em todos os cen\u00e1rios:<\/strong> Os nossos conjuntos de utens\u00edlios de mesa a granel abrangem uma variedade de tamanhos de pratos e ta\u00e7as, adequados para refei\u00e7\u00f5es principais, saladas, sobremesas, sopas e outros pratos diferentes, com combina\u00e7\u00f5es flex\u00edveis e grande praticidade.<\/li>\n\n\n\n<li><strong>Textura cer\u00e2mica fosca, quente e antiderrapante: <\/strong>A superf\u00edcie destes pratos e ta\u00e7as de cer\u00e2mica para venda por grosso tem um delicado toque fosco, que melhora a textura do produto, refor\u00e7ando simultaneamente a propriedade antiderrapante, e \u00e9 simultaneamente bonita e segura.<\/li>\n\n\n\n<li><strong>Adequado para compras a granel em v\u00e1rios cen\u00e1rios: <\/strong>Os nossos conjuntos de loi\u00e7a de cer\u00e2mica a granel suportam servi\u00e7os de personaliza\u00e7\u00e3o OEM\/ODM, adequados para v\u00e1rios canais, tais como venda a retalho ao domic\u00edlio, instala\u00e7\u00f5es de alojamento em casa de fam\u00edlia, aquisi\u00e7\u00e3o de restaurantes e personaliza\u00e7\u00e3o de presentes.<\/li>\n<\/ul>\n<\/div>\n\n\n\n<div class=\"wp-block-column is-layout-flow wp-block-column-is-layout-flow\">\n<figure class=\"wp-block-image size-full\"><img fetchpriority=\"high\" decoding=\"async\" width=\"800\" height=\"800\" src=\"https:\/\/jinhuaceramic.com\/wp-content\/uploads\/2025\/05\/A-Variety-of-Ceramic-Bowl-and-Plate-Combinations-Custom-Tableware-Set-3.webp\" alt=\"Pratos e tigelas pastorais por atacado, conjuntos de utens\u00edlios de mesa a granel-1\" class=\"wp-image-8933\" srcset=\"https:\/\/jinhuaceramic.com\/wp-content\/uploads\/2025\/05\/A-Variety-of-Ceramic-Bowl-and-Plate-Combinations-Custom-Tableware-Set-3.webp 800w, https:\/\/jinhuaceramic.com\/wp-content\/uploads\/2025\/05\/A-Variety-of-Ceramic-Bowl-and-Plate-Combinations-Custom-Tableware-Set-3-300x300.webp 300w, https:\/\/jinhuaceramic.com\/wp-content\/uploads\/2025\/05\/A-Variety-of-Ceramic-Bowl-and-Plate-Combinations-Custom-Tableware-Set-3-150x150.webp 150w, https:\/\/jinhuaceramic.com\/wp-content\/uploads\/2025\/05\/A-Variety-of-Ceramic-Bowl-and-Plate-Combinations-Custom-Tableware-Set-3-768x768.webp 768w, https:\/\/jinhuaceramic.com\/wp-content\/uploads\/2025\/05\/A-Variety-of-Ceramic-Bowl-and-Plate-Combinations-Custom-Tableware-Set-3-12x12.webp 12w, https:\/\/jinhuaceramic.com\/wp-content\/uploads\/2025\/05\/A-Variety-of-Ceramic-Bowl-and-Plate-Combinations-Custom-Tableware-Set-3-285x285.webp 285w, https:\/\/jinhuaceramic.com\/wp-content\/uploads\/2025\/05\/A-Variety-of-Ceramic-Bowl-and-Plate-Combinations-Custom-Tableware-Set-3-270x270.webp 270w, https:\/\/jinhuaceramic.com\/wp-content\/uploads\/2025\/05\/A-Variety-of-Ceramic-Bowl-and-Plate-Combinations-Custom-Tableware-Set-3-540x540.webp 540w, https:\/\/jinhuaceramic.com\/wp-content\/uploads\/2025\/05\/A-Variety-of-Ceramic-Bowl-and-Plate-Combinations-Custom-Tableware-Set-3-660x660.webp 660w\" sizes=\"(max-width: 800px) 100vw, 800px\" \/><\/figure>\n<\/div>\n<\/div>","protected":false},"excerpt":{"rendered":"<p>Bem-vindo \u00e0 compra de conjuntos de loi\u00e7a de mesa a granel. Os nossos pratos e tigelas de cer\u00e2mica de estilo pastoral por atacado apresentam um fundo branco e padr\u00f5es de plantas castanhas, com uma variedade de tamanhos de pratos e tigelas e uma delicada textura mate, apresentando uma est\u00e9tica de mesa de jantar natural e acolhedora.<\/p>","protected":false},"featured_media":8932,"comment_status":"closed","ping_status":"closed","template":"","meta":{"_acf_changed":false},"product_brand":[],"product_cat":[83,54],"product_tag":[],"class_list":{"0":"post-8931","1":"product","2":"type-product","3":"status-publish","4":"has-post-thumbnail","6":"product_cat-wholesale-dinnerware-sets","7":"product_cat-tableware-wholesale","9":"first","10":"instock","11":"shipping-taxable","12":"product-type-simple"},"acf":[],"_links":{"self":[{"href":"https:\/\/jinhuaceramic.com\/pt\/wp-json\/wp\/v2\/product\/8931","targetHints":{"allow":["GET"]}}],"collection":[{"href":"https:\/\/jinhuaceramic.com\/pt\/wp-json\/wp\/v2\/product"}],"about":[{"href":"https:\/\/jinhuaceramic.com\/pt\/wp-json\/wp\/v2\/types\/product"}],"replies":[{"embeddable":true,"href":"https:\/\/jinhuaceramic.com\/pt\/wp-json\/wp\/v2\/comments?post=8931"}],"version-history":[{"count":0,"href":"https:\/\/jinhuaceramic.com\/pt\/wp-json\/wp\/v2\/product\/8931\/revisions"}],"wp:featuredmedia":[{"embeddable":true,"href":"https:\/\/jinhuaceramic.com\/pt\/wp-json\/wp\/v2\/media\/8932"}],"wp:attachment":[{"href":"https:\/\/jinhuaceramic.com\/pt\/wp-json\/wp\/v2\/media?parent=8931"}],"wp:term":[{"taxonomy":"product_brand","embeddable":true,"href":"https:\/\/jinhuaceramic.com\/pt\/wp-json\/wp\/v2\/product_brand?post=8931"},{"taxonomy":"product_cat","embeddable":true,"href":"https:\/\/jinhuaceramic.com\/pt\/wp-json\/wp\/v2\/product_cat?post=8931"},{"taxonomy":"product_tag","embeddable":true,"href":"https:\/\/jinhuaceramic.com\/pt\/wp-json\/wp\/v2\/product_tag?post=8931"}],"curies":[{"name":"wp","href":"https:\/\/api.w.org\/{rel}","templated":true}]}}