{"id":8950,"date":"2025-05-10T02:45:30","date_gmt":"2025-05-10T02:45:30","guid":{"rendered":"https:\/\/jinhuaceramic.com\/?post_type=product&#038;p=8950"},"modified":"2025-05-10T02:45:31","modified_gmt":"2025-05-10T02:45:31","slug":"modern-bathroom-accessories-wholesale","status":"publish","type":"product","link":"https:\/\/jinhuaceramic.com\/pt\/product\/modern-bathroom-accessories-wholesale\/","title":{"rendered":"Acess\u00f3rios de casa de banho modernos por atacado com padr\u00e3o de rosto"},"content":{"rendered":"<div class=\"wp-block-columns is-layout-flex wp-container-core-columns-is-layout-9d6595d7 wp-block-columns-is-layout-flex\">\n<div class=\"wp-block-column is-layout-flow wp-block-column-is-layout-flow\">\n<h3 class=\"wp-block-heading\">Acess\u00f3rios de casa de banho Premium por atacado Carater\u00edsticas:<\/h3>\n\n\n\n<ul class=\"wp-block-list\">\n<li><strong>Padr\u00e3o de linhas faciais personalizado, cheio de sentido art\u00edstico: <\/strong>Os nossos acess\u00f3rios de casa de banho modernos por atacado adoptam um design de linha de rosto humano de estilo minimalista moderno, quebrando a forma tradicional dos acess\u00f3rios de casa de banho, adicionando uma atmosfera art\u00edstica ao espa\u00e7o da casa de banho.<\/li>\n\n\n\n<li><strong>Material cer\u00e2mico, textura de alta qualidade e durabilidade: <\/strong>Os nossos conjuntos de banho em cer\u00e2mica a granel s\u00e3o cozidos a alta temperatura, o esmalte liso n\u00e3o \u00e9 f\u00e1cil de manchar, \u00e9 \u00e0 prova de humidade e antibacteriano, e tem tanto de pr\u00e1tico como de bonito.<\/li>\n\n\n\n<li><strong>Combina\u00e7\u00e3o de conjunto completo, pr\u00e1tico e c\u00f3modo: <\/strong>Os nossos acess\u00f3rios de casa de banho modernos por atacado incluem suportes para escovas de dentes, copos para elixir bucal, dispensadores de sab\u00e3o, saboneteiras e outros acess\u00f3rios para satisfazer as necessidades di\u00e1rias de lavagem e armazenamento, tornando a casa de banho mais arrumada e organizada.<\/li>\n\n\n\n<li><strong>Suporte \u00e0 personaliza\u00e7\u00e3o em massa, adequado para v\u00e1rios canais de vendas: <\/strong>Fornecemos personaliza\u00e7\u00e3o de padr\u00f5es, cores, log\u00f3tipos e embalagens para conjuntos de banho em cer\u00e2mica a granel, adequados para promo\u00e7\u00e3o da marca, vendas de com\u00e9rcio eletr\u00f3nico, projectos de presentes e retalho offline.<\/li>\n<\/ul>\n<\/div>\n\n\n\n<div class=\"wp-block-column is-layout-flow wp-block-column-is-layout-flow\">\n<figure class=\"wp-block-image size-full\"><img fetchpriority=\"high\" decoding=\"async\" width=\"800\" height=\"800\" src=\"https:\/\/jinhuaceramic.com\/wp-content\/uploads\/2025\/05\/Unique-Bathroom-Set-with-Face-Pattern-Bathroom-Accessories-Supplies-5.webp\" alt=\"Acess\u00f3rios de casa de banho modernos por atacado com padr\u00e3o de rosto-1\" class=\"wp-image-8954\" srcset=\"https:\/\/jinhuaceramic.com\/wp-content\/uploads\/2025\/05\/Unique-Bathroom-Set-with-Face-Pattern-Bathroom-Accessories-Supplies-5.webp 800w, https:\/\/jinhuaceramic.com\/wp-content\/uploads\/2025\/05\/Unique-Bathroom-Set-with-Face-Pattern-Bathroom-Accessories-Supplies-5-300x300.webp 300w, https:\/\/jinhuaceramic.com\/wp-content\/uploads\/2025\/05\/Unique-Bathroom-Set-with-Face-Pattern-Bathroom-Accessories-Supplies-5-150x150.webp 150w, https:\/\/jinhuaceramic.com\/wp-content\/uploads\/2025\/05\/Unique-Bathroom-Set-with-Face-Pattern-Bathroom-Accessories-Supplies-5-768x768.webp 768w, https:\/\/jinhuaceramic.com\/wp-content\/uploads\/2025\/05\/Unique-Bathroom-Set-with-Face-Pattern-Bathroom-Accessories-Supplies-5-12x12.webp 12w, https:\/\/jinhuaceramic.com\/wp-content\/uploads\/2025\/05\/Unique-Bathroom-Set-with-Face-Pattern-Bathroom-Accessories-Supplies-5-285x285.webp 285w, https:\/\/jinhuaceramic.com\/wp-content\/uploads\/2025\/05\/Unique-Bathroom-Set-with-Face-Pattern-Bathroom-Accessories-Supplies-5-270x270.webp 270w, https:\/\/jinhuaceramic.com\/wp-content\/uploads\/2025\/05\/Unique-Bathroom-Set-with-Face-Pattern-Bathroom-Accessories-Supplies-5-540x540.webp 540w, https:\/\/jinhuaceramic.com\/wp-content\/uploads\/2025\/05\/Unique-Bathroom-Set-with-Face-Pattern-Bathroom-Accessories-Supplies-5-660x660.webp 660w\" sizes=\"(max-width: 800px) 100vw, 800px\" \/><\/figure>\n<\/div>\n<\/div>","protected":false},"excerpt":{"rendered":"<p>Bem-vindo \u00e0 compra de conjuntos de banho em cer\u00e2mica a granel. Este moderno acess\u00f3rio de casa de banho por atacado combina design art\u00edstico e fun\u00e7\u00f5es pr\u00e1ticas, simples e \u00fanico, adequado para fam\u00edlias e espa\u00e7os de alta qualidade que procuram a est\u00e9tica da vida, e \u00e9 uma escolha popular para o retalho e o atacado.<\/p>","protected":false},"featured_media":8955,"comment_status":"closed","ping_status":"closed","template":"","meta":{"_acf_changed":false},"product_brand":[],"product_cat":[51],"product_tag":[74],"class_list":{"0":"post-8950","1":"product","2":"type-product","3":"status-publish","4":"has-post-thumbnail","6":"product_cat-bathroom-accessories-wholesale","7":"product_tag-ceramic-bath-accessories-wholesale","9":"first","10":"instock","11":"shipping-taxable","12":"product-type-simple"},"acf":[],"_links":{"self":[{"href":"https:\/\/jinhuaceramic.com\/pt\/wp-json\/wp\/v2\/product\/8950","targetHints":{"allow":["GET"]}}],"collection":[{"href":"https:\/\/jinhuaceramic.com\/pt\/wp-json\/wp\/v2\/product"}],"about":[{"href":"https:\/\/jinhuaceramic.com\/pt\/wp-json\/wp\/v2\/types\/product"}],"replies":[{"embeddable":true,"href":"https:\/\/jinhuaceramic.com\/pt\/wp-json\/wp\/v2\/comments?post=8950"}],"version-history":[{"count":0,"href":"https:\/\/jinhuaceramic.com\/pt\/wp-json\/wp\/v2\/product\/8950\/revisions"}],"wp:featuredmedia":[{"embeddable":true,"href":"https:\/\/jinhuaceramic.com\/pt\/wp-json\/wp\/v2\/media\/8955"}],"wp:attachment":[{"href":"https:\/\/jinhuaceramic.com\/pt\/wp-json\/wp\/v2\/media?parent=8950"}],"wp:term":[{"taxonomy":"product_brand","embeddable":true,"href":"https:\/\/jinhuaceramic.com\/pt\/wp-json\/wp\/v2\/product_brand?post=8950"},{"taxonomy":"product_cat","embeddable":true,"href":"https:\/\/jinhuaceramic.com\/pt\/wp-json\/wp\/v2\/product_cat?post=8950"},{"taxonomy":"product_tag","embeddable":true,"href":"https:\/\/jinhuaceramic.com\/pt\/wp-json\/wp\/v2\/product_tag?post=8950"}],"curies":[{"name":"wp","href":"https:\/\/api.w.org\/{rel}","templated":true}]}}