{"id":8995,"date":"2025-05-10T02:23:45","date_gmt":"2025-05-10T02:23:45","guid":{"rendered":"https:\/\/jinhuaceramic.com\/?post_type=product&#038;p=8995"},"modified":"2025-05-10T02:23:46","modified_gmt":"2025-05-10T02:23:46","slug":"ceramic-candle-vessels-wholesale","status":"publish","type":"product","link":"https:\/\/jinhuaceramic.com\/pt\/product\/ceramic-candle-vessels-wholesale\/","title":{"rendered":"Vasos de vela em cer\u00e2mica com textura geom\u00e9trica Venda por grosso a granel"},"content":{"rendered":"<div class=\"wp-block-columns is-layout-flex wp-container-core-columns-is-layout-9d6595d7 wp-block-columns-is-layout-flex\">\n<div class=\"wp-block-column is-layout-flow wp-block-column-is-layout-flow\">\n<h3 class=\"wp-block-heading\">Vasos de vela de cer\u00e2mica premium Carater\u00edsticas por atacado:<\/h3>\n\n\n\n<ul class=\"wp-block-list\">\n<li><strong>Desenho geom\u00e9trico em relevo, forte beleza tridimensional: <\/strong>A superf\u00edcie dos nossos recipientes para velas de cer\u00e2mica com textura geom\u00e9trica requintada, toque rico, forma \u00fanica, melhora a camada visual e o grau geral do produto para velas.<\/li>\n\n\n\n<li><strong>Material cer\u00e2mico, isolamento t\u00e9rmico seguro sem fugas: <\/strong>Os nossos frascos para velas a granel utilizam cer\u00e2mica cozida a alta temperatura, estrutura est\u00e1vel, n\u00e3o \u00e9 f\u00e1cil de penetrar na cera, com boa resist\u00eancia ao calor, adequada para todos os tipos de enchimento de velas de aromaterapia.<\/li>\n\n\n\n<li><strong>Op\u00e7\u00e3o multicolorida, adequada para uma variedade de estilos: <\/strong>Fornecemos recipientes para velas de cer\u00e2mica por atacado com uma variedade de op\u00e7\u00f5es de cores para satisfazer o estilo simples, n\u00f3rdico, retro e outros estilos diferentes de casa ou de presente.<\/li>\n\n\n\n<li><strong>Apoiar a personaliza\u00e7\u00e3o em massa e a produ\u00e7\u00e3o OEM: <\/strong>Estes frascos de velas de cer\u00e2mica a granel podem ser personalizados de acordo com as necessidades do cliente em termos de tamanho, log\u00f3tipo, cor e embalagem, adequados para marcas, grandes retalhistas e aquisi\u00e7\u00e3o de projectos de presentes.<\/li>\n<\/ul>\n<\/div>\n\n\n\n<div class=\"wp-block-column is-layout-flow wp-block-column-is-layout-flow\">\n<figure class=\"wp-block-image size-full\"><img fetchpriority=\"high\" decoding=\"async\" width=\"800\" height=\"800\" src=\"https:\/\/jinhuaceramic.com\/wp-content\/uploads\/2025\/05\/Wholesale-Candle-Jars-With-Geometric-Texture-Candle-Vessels-In-Bulk-4.webp\" alt=\"Vasos de vela em cer\u00e2mica com textura geom\u00e9trica por atacado a granel-1\" class=\"wp-image-8998\" srcset=\"https:\/\/jinhuaceramic.com\/wp-content\/uploads\/2025\/05\/Wholesale-Candle-Jars-With-Geometric-Texture-Candle-Vessels-In-Bulk-4.webp 800w, https:\/\/jinhuaceramic.com\/wp-content\/uploads\/2025\/05\/Wholesale-Candle-Jars-With-Geometric-Texture-Candle-Vessels-In-Bulk-4-300x300.webp 300w, https:\/\/jinhuaceramic.com\/wp-content\/uploads\/2025\/05\/Wholesale-Candle-Jars-With-Geometric-Texture-Candle-Vessels-In-Bulk-4-150x150.webp 150w, https:\/\/jinhuaceramic.com\/wp-content\/uploads\/2025\/05\/Wholesale-Candle-Jars-With-Geometric-Texture-Candle-Vessels-In-Bulk-4-768x768.webp 768w, https:\/\/jinhuaceramic.com\/wp-content\/uploads\/2025\/05\/Wholesale-Candle-Jars-With-Geometric-Texture-Candle-Vessels-In-Bulk-4-12x12.webp 12w, https:\/\/jinhuaceramic.com\/wp-content\/uploads\/2025\/05\/Wholesale-Candle-Jars-With-Geometric-Texture-Candle-Vessels-In-Bulk-4-285x285.webp 285w, https:\/\/jinhuaceramic.com\/wp-content\/uploads\/2025\/05\/Wholesale-Candle-Jars-With-Geometric-Texture-Candle-Vessels-In-Bulk-4-270x270.webp 270w, https:\/\/jinhuaceramic.com\/wp-content\/uploads\/2025\/05\/Wholesale-Candle-Jars-With-Geometric-Texture-Candle-Vessels-In-Bulk-4-540x540.webp 540w, https:\/\/jinhuaceramic.com\/wp-content\/uploads\/2025\/05\/Wholesale-Candle-Jars-With-Geometric-Texture-Candle-Vessels-In-Bulk-4-660x660.webp 660w\" sizes=\"(max-width: 800px) 100vw, 800px\" \/><\/figure>\n<\/div>\n<\/div>","protected":false},"excerpt":{"rendered":"<p>Bem-vindo \u00e0 compra de frascos de velas a granel. Estes recipientes para velas de cer\u00e2mica com textura geom\u00e9trica s\u00e3o pr\u00e1ticos e bonitos, e s\u00e3o a escolha ideal para marcas de aromaterapia, presentes para o lar e projectos personalizados, suportando encomendas a granel e personaliza\u00e7\u00e3o.<\/p>","protected":false},"featured_media":9000,"comment_status":"closed","ping_status":"closed","template":"","meta":{"_acf_changed":false},"product_brand":[],"product_cat":[52],"product_tag":[66],"class_list":{"0":"post-8995","1":"product","2":"type-product","3":"status-publish","4":"has-post-thumbnail","6":"product_cat-wholesale-candle-containers","7":"product_tag-candle-jars-wholesale","9":"first","10":"instock","11":"shipping-taxable","12":"product-type-simple"},"acf":[],"_links":{"self":[{"href":"https:\/\/jinhuaceramic.com\/pt\/wp-json\/wp\/v2\/product\/8995","targetHints":{"allow":["GET"]}}],"collection":[{"href":"https:\/\/jinhuaceramic.com\/pt\/wp-json\/wp\/v2\/product"}],"about":[{"href":"https:\/\/jinhuaceramic.com\/pt\/wp-json\/wp\/v2\/types\/product"}],"replies":[{"embeddable":true,"href":"https:\/\/jinhuaceramic.com\/pt\/wp-json\/wp\/v2\/comments?post=8995"}],"version-history":[{"count":0,"href":"https:\/\/jinhuaceramic.com\/pt\/wp-json\/wp\/v2\/product\/8995\/revisions"}],"wp:featuredmedia":[{"embeddable":true,"href":"https:\/\/jinhuaceramic.com\/pt\/wp-json\/wp\/v2\/media\/9000"}],"wp:attachment":[{"href":"https:\/\/jinhuaceramic.com\/pt\/wp-json\/wp\/v2\/media?parent=8995"}],"wp:term":[{"taxonomy":"product_brand","embeddable":true,"href":"https:\/\/jinhuaceramic.com\/pt\/wp-json\/wp\/v2\/product_brand?post=8995"},{"taxonomy":"product_cat","embeddable":true,"href":"https:\/\/jinhuaceramic.com\/pt\/wp-json\/wp\/v2\/product_cat?post=8995"},{"taxonomy":"product_tag","embeddable":true,"href":"https:\/\/jinhuaceramic.com\/pt\/wp-json\/wp\/v2\/product_tag?post=8995"}],"curies":[{"name":"wp","href":"https:\/\/api.w.org\/{rel}","templated":true}]}}