{"id":9004,"date":"2025-05-10T02:39:59","date_gmt":"2025-05-10T02:39:59","guid":{"rendered":"https:\/\/jinhuaceramic.com\/?post_type=product&#038;p=9004"},"modified":"2025-05-10T02:40:00","modified_gmt":"2025-05-10T02:40:00","slug":"wholesale-bath-accessories-set","status":"publish","type":"product","link":"https:\/\/jinhuaceramic.com\/pt\/product\/wholesale-bath-accessories-set\/","title":{"rendered":"Conjunto de acess\u00f3rios de banho elegantes por atacado, conjunto de casa de banho em cer\u00e2mica"},"content":{"rendered":"<div class=\"wp-block-columns is-layout-flex wp-container-core-columns-is-layout-9d6595d7 wp-block-columns-is-layout-flex\">\n<div class=\"wp-block-column is-layout-flow wp-block-column-is-layout-flow\">\n<h3 class=\"wp-block-heading\">Conjunto de acess\u00f3rios de banho por atacado Premium Carater\u00edstica:<\/h3>\n\n\n\n<ul class=\"wp-block-list\">\n<li><strong>Padr\u00e3o requintado de flores e p\u00e1ssaros, design decorativo de estilo oriental: <\/strong>Este conjunto de acess\u00f3rios de casa de banho por atacado com base em esmalte branco tem padr\u00f5es requintados de flores e p\u00e1ssaros, que simbolizam frescura e eleg\u00e2ncia, e trazem um toque de estilo geral \u00e0 casa de banho, e integram decora\u00e7\u00e3o e fun\u00e7\u00f5es.<\/li>\n\n\n\n<li><strong>Material cer\u00e2mico, textura delicada e durabilidade: <\/strong>Os nossos conjuntos de casa de banho de cer\u00e2mica a granel s\u00e3o feitos de cer\u00e2mica de alta qualidade cozida a alta temperatura, com uma superf\u00edcie lisa que \u00e9 f\u00e1cil de limpar, resistente a riscos e n\u00e3o desvanece, e tem uma longa vida \u00fatil.<\/li>\n\n\n\n<li><strong>Conjunto completo de quatro pe\u00e7as, cheio de fun\u00e7\u00f5es: <\/strong>Este conjunto de acess\u00f3rios de banho por atacado inclui um suporte para escova de dentes, um copo para elixir bucal, um dispensador de sab\u00e3o tipo \"push\" e uma saboneteira, que satisfazem as necessidades de lavagem e armazenamento di\u00e1rios, e um conjunto de utens\u00edlios de casa de banho.<\/li>\n\n\n\n<li><strong>Personaliza\u00e7\u00e3o de suporte, adequada para presentes e venda a retalho: <\/strong>Fornecemos conjuntos de casa de banho em cer\u00e2mica a granel com uma variedade de servi\u00e7os personalizados, tais como padr\u00f5es, cores e embalagens, que s\u00e3o adequados para a personaliza\u00e7\u00e3o da marca, presentes para casa, vendas de com\u00e9rcio eletr\u00f3nico e outros cen\u00e1rios.<\/li>\n<\/ul>\n<\/div>\n\n\n\n<div class=\"wp-block-column is-layout-flow wp-block-column-is-layout-flow\">\n<figure class=\"wp-block-image size-full\"><img fetchpriority=\"high\" decoding=\"async\" width=\"1600\" height=\"1600\" src=\"https:\/\/jinhuaceramic.com\/wp-content\/uploads\/2025\/05\/High-End-Bathroom-Accessories-Wholesale-Ceramic-Bathroom-Supplies-Set-3.webp\" alt=\"Conjunto de acess\u00f3rios de banho elegantes por atacado, Conjunto de casa de banho em cer\u00e2mica-1\" class=\"wp-image-9006\" srcset=\"https:\/\/jinhuaceramic.com\/wp-content\/uploads\/2025\/05\/High-End-Bathroom-Accessories-Wholesale-Ceramic-Bathroom-Supplies-Set-3.webp 1600w, https:\/\/jinhuaceramic.com\/wp-content\/uploads\/2025\/05\/High-End-Bathroom-Accessories-Wholesale-Ceramic-Bathroom-Supplies-Set-3-300x300.webp 300w, https:\/\/jinhuaceramic.com\/wp-content\/uploads\/2025\/05\/High-End-Bathroom-Accessories-Wholesale-Ceramic-Bathroom-Supplies-Set-3-150x150.webp 150w, https:\/\/jinhuaceramic.com\/wp-content\/uploads\/2025\/05\/High-End-Bathroom-Accessories-Wholesale-Ceramic-Bathroom-Supplies-Set-3-768x768.webp 768w, https:\/\/jinhuaceramic.com\/wp-content\/uploads\/2025\/05\/High-End-Bathroom-Accessories-Wholesale-Ceramic-Bathroom-Supplies-Set-3-12x12.webp 12w, https:\/\/jinhuaceramic.com\/wp-content\/uploads\/2025\/05\/High-End-Bathroom-Accessories-Wholesale-Ceramic-Bathroom-Supplies-Set-3-285x285.webp 285w, https:\/\/jinhuaceramic.com\/wp-content\/uploads\/2025\/05\/High-End-Bathroom-Accessories-Wholesale-Ceramic-Bathroom-Supplies-Set-3-270x270.webp 270w, https:\/\/jinhuaceramic.com\/wp-content\/uploads\/2025\/05\/High-End-Bathroom-Accessories-Wholesale-Ceramic-Bathroom-Supplies-Set-3-540x540.webp 540w, https:\/\/jinhuaceramic.com\/wp-content\/uploads\/2025\/05\/High-End-Bathroom-Accessories-Wholesale-Ceramic-Bathroom-Supplies-Set-3-660x660.webp 660w\" sizes=\"(max-width: 1600px) 100vw, 1600px\" \/><\/figure>\n<\/div>\n<\/div>","protected":false},"excerpt":{"rendered":"<p>Bem-vindo ao comprar conjuntos de casa de banho em cer\u00e2mica a granel. Este conjunto de acess\u00f3rios de banho por atacado com padr\u00e3o de flores e p\u00e1ssaros \u00e9 baseado no branco, com ilustra\u00e7\u00f5es frescas de estilo oriental, combinando praticidade e beleza, adequado para atacado e personaliza\u00e7\u00e3o.<\/p>","protected":false},"featured_media":9005,"comment_status":"closed","ping_status":"closed","template":"","meta":{"_acf_changed":false},"product_brand":[],"product_cat":[51],"product_tag":[74],"class_list":{"0":"post-9004","1":"product","2":"type-product","3":"status-publish","4":"has-post-thumbnail","6":"product_cat-bathroom-accessories-wholesale","7":"product_tag-ceramic-bath-accessories-wholesale","9":"first","10":"instock","11":"shipping-taxable","12":"product-type-simple"},"acf":[],"_links":{"self":[{"href":"https:\/\/jinhuaceramic.com\/pt\/wp-json\/wp\/v2\/product\/9004","targetHints":{"allow":["GET"]}}],"collection":[{"href":"https:\/\/jinhuaceramic.com\/pt\/wp-json\/wp\/v2\/product"}],"about":[{"href":"https:\/\/jinhuaceramic.com\/pt\/wp-json\/wp\/v2\/types\/product"}],"replies":[{"embeddable":true,"href":"https:\/\/jinhuaceramic.com\/pt\/wp-json\/wp\/v2\/comments?post=9004"}],"version-history":[{"count":0,"href":"https:\/\/jinhuaceramic.com\/pt\/wp-json\/wp\/v2\/product\/9004\/revisions"}],"wp:featuredmedia":[{"embeddable":true,"href":"https:\/\/jinhuaceramic.com\/pt\/wp-json\/wp\/v2\/media\/9005"}],"wp:attachment":[{"href":"https:\/\/jinhuaceramic.com\/pt\/wp-json\/wp\/v2\/media?parent=9004"}],"wp:term":[{"taxonomy":"product_brand","embeddable":true,"href":"https:\/\/jinhuaceramic.com\/pt\/wp-json\/wp\/v2\/product_brand?post=9004"},{"taxonomy":"product_cat","embeddable":true,"href":"https:\/\/jinhuaceramic.com\/pt\/wp-json\/wp\/v2\/product_cat?post=9004"},{"taxonomy":"product_tag","embeddable":true,"href":"https:\/\/jinhuaceramic.com\/pt\/wp-json\/wp\/v2\/product_tag?post=9004"}],"curies":[{"name":"wp","href":"https:\/\/api.w.org\/{rel}","templated":true}]}}