{"id":9039,"date":"2025-05-16T07:55:52","date_gmt":"2025-05-16T07:55:52","guid":{"rendered":"https:\/\/jinhuaceramic.com\/?post_type=product&#038;p=9039"},"modified":"2025-05-16T07:55:53","modified_gmt":"2025-05-16T07:55:53","slug":"wholesale-bath-accessory-set","status":"publish","type":"product","link":"https:\/\/jinhuaceramic.com\/pt\/product\/wholesale-bath-accessory-set\/","title":{"rendered":"Conjunto de acess\u00f3rios de banho de 6 pe\u00e7as, conjunto de casa de banho em cer\u00e2mica roxa"},"content":{"rendered":"<div class=\"wp-block-columns is-layout-flex wp-container-core-columns-is-layout-9d6595d7 wp-block-columns-is-layout-flex\">\n<div class=\"wp-block-column is-layout-flow wp-block-column-is-layout-flow\">\n<h3 class=\"wp-block-heading\">Conjunto de acess\u00f3rios de banho Premium Wholesale Carater\u00edsticas:<\/h3>\n\n\n\n<ul class=\"wp-block-list\">\n<li><strong>Design elegante: <\/strong>Estes conjuntos de acess\u00f3rios de banho por atacado apresentam um esquema de cores p\u00farpura gradiente, com transi\u00e7\u00f5es naturais de cores claras para escuras de cima para baixo, criando um efeito visual suave e em camadas. Todos os acess\u00f3rios t\u00eam texturas irregulares e subtis nas suas superf\u00edcies, acrescentando uma sensa\u00e7\u00e3o de requinte aos produtos.<\/li>\n\n\n\n<li><strong>Material duradouro: <\/strong>Estes conjuntos de casa de banho em cer\u00e2mica cozida a alta temperatura a granel t\u00eam elevada dureza e resist\u00eancia, n\u00e3o s\u00e3o propensos a desgaste e danos, e t\u00eam uma longa vida \u00fatil. E a superf\u00edcie da cer\u00e2mica \u00e9 lisa, f\u00e1cil de limpar e manter.<\/li>\n\n\n\n<li><strong>Conjunto completo: <\/strong>Os nossos conjuntos de acess\u00f3rios de banho de 6 pe\u00e7as por atacado incluem um dispensador de sab\u00e3o, saboneteira, frasco de algod\u00e3o, suporte para escova de dentes, copo para elixir bucal e suporte para escova de sanita, combinando v\u00e1rias fun\u00e7\u00f5es de casa de banho, como lavagem, limpeza e armazenamento.<\/li>\n\n\n\n<li><strong>Harmonia e unidade: <\/strong>Estes conjuntos de casa de banho em cer\u00e2mica a granel proporcionam consist\u00eancia no estilo de design e na cor de cada pe\u00e7a, de modo a que as casas de banho n\u00e3o fiquem desordenadas com artigos individuais combinados, mas sim em harmonia e unidade, formando uma decora\u00e7\u00e3o hol\u00edstica para a casa de banho, que real\u00e7a a beleza geral.<\/li>\n<\/ul>\n<\/div>\n\n\n\n<div class=\"wp-block-column is-layout-flow wp-block-column-is-layout-flow\">\n<figure class=\"wp-block-image size-full\"><img fetchpriority=\"high\" decoding=\"async\" width=\"1600\" height=\"1600\" src=\"https:\/\/jinhuaceramic.com\/wp-content\/uploads\/2025\/05\/6-Piece-Purple-Ceramic-Bathroom-Set-Wholesale-Custom-Bath-Accessories-2.webp\" alt=\"Conjunto de acess\u00f3rios de banho de 6 pe\u00e7as, conjunto de casa de banho em cer\u00e2mica roxa - 7\" class=\"wp-image-9040\" srcset=\"https:\/\/jinhuaceramic.com\/wp-content\/uploads\/2025\/05\/6-Piece-Purple-Ceramic-Bathroom-Set-Wholesale-Custom-Bath-Accessories-2.webp 1600w, https:\/\/jinhuaceramic.com\/wp-content\/uploads\/2025\/05\/6-Piece-Purple-Ceramic-Bathroom-Set-Wholesale-Custom-Bath-Accessories-2-300x300.webp 300w, https:\/\/jinhuaceramic.com\/wp-content\/uploads\/2025\/05\/6-Piece-Purple-Ceramic-Bathroom-Set-Wholesale-Custom-Bath-Accessories-2-150x150.webp 150w, https:\/\/jinhuaceramic.com\/wp-content\/uploads\/2025\/05\/6-Piece-Purple-Ceramic-Bathroom-Set-Wholesale-Custom-Bath-Accessories-2-768x768.webp 768w, https:\/\/jinhuaceramic.com\/wp-content\/uploads\/2025\/05\/6-Piece-Purple-Ceramic-Bathroom-Set-Wholesale-Custom-Bath-Accessories-2-12x12.webp 12w, https:\/\/jinhuaceramic.com\/wp-content\/uploads\/2025\/05\/6-Piece-Purple-Ceramic-Bathroom-Set-Wholesale-Custom-Bath-Accessories-2-285x285.webp 285w, https:\/\/jinhuaceramic.com\/wp-content\/uploads\/2025\/05\/6-Piece-Purple-Ceramic-Bathroom-Set-Wholesale-Custom-Bath-Accessories-2-270x270.webp 270w, https:\/\/jinhuaceramic.com\/wp-content\/uploads\/2025\/05\/6-Piece-Purple-Ceramic-Bathroom-Set-Wholesale-Custom-Bath-Accessories-2-540x540.webp 540w, https:\/\/jinhuaceramic.com\/wp-content\/uploads\/2025\/05\/6-Piece-Purple-Ceramic-Bathroom-Set-Wholesale-Custom-Bath-Accessories-2-660x660.webp 660w\" sizes=\"(max-width: 1600px) 100vw, 1600px\" \/><\/figure>\n<\/div>\n<\/div>","protected":false},"excerpt":{"rendered":"<p>Bem-vindo ao comprar conjuntos de acess\u00f3rios de banho por atacado. Estes conjuntos de casa de banho em cer\u00e2mica a granel t\u00eam um design elegante e podem acrescentar uma atmosfera elegante e acolhedora \u00e0 casa de banho. Entretanto, o material cer\u00e2mico \u00e9 dur\u00e1vel e f\u00e1cil de limpar, o que o torna muito pr\u00e1tico.<\/p>","protected":false},"featured_media":9044,"comment_status":"closed","ping_status":"closed","template":"","meta":{"_acf_changed":false},"product_brand":[],"product_cat":[51],"product_tag":[74],"class_list":{"0":"post-9039","1":"product","2":"type-product","3":"status-publish","4":"has-post-thumbnail","6":"product_cat-bathroom-accessories-wholesale","7":"product_tag-ceramic-bath-accessories-wholesale","9":"first","10":"instock","11":"shipping-taxable","12":"product-type-simple"},"acf":[],"_links":{"self":[{"href":"https:\/\/jinhuaceramic.com\/pt\/wp-json\/wp\/v2\/product\/9039","targetHints":{"allow":["GET"]}}],"collection":[{"href":"https:\/\/jinhuaceramic.com\/pt\/wp-json\/wp\/v2\/product"}],"about":[{"href":"https:\/\/jinhuaceramic.com\/pt\/wp-json\/wp\/v2\/types\/product"}],"replies":[{"embeddable":true,"href":"https:\/\/jinhuaceramic.com\/pt\/wp-json\/wp\/v2\/comments?post=9039"}],"version-history":[{"count":0,"href":"https:\/\/jinhuaceramic.com\/pt\/wp-json\/wp\/v2\/product\/9039\/revisions"}],"wp:featuredmedia":[{"embeddable":true,"href":"https:\/\/jinhuaceramic.com\/pt\/wp-json\/wp\/v2\/media\/9044"}],"wp:attachment":[{"href":"https:\/\/jinhuaceramic.com\/pt\/wp-json\/wp\/v2\/media?parent=9039"}],"wp:term":[{"taxonomy":"product_brand","embeddable":true,"href":"https:\/\/jinhuaceramic.com\/pt\/wp-json\/wp\/v2\/product_brand?post=9039"},{"taxonomy":"product_cat","embeddable":true,"href":"https:\/\/jinhuaceramic.com\/pt\/wp-json\/wp\/v2\/product_cat?post=9039"},{"taxonomy":"product_tag","embeddable":true,"href":"https:\/\/jinhuaceramic.com\/pt\/wp-json\/wp\/v2\/product_tag?post=9039"}],"curies":[{"name":"wp","href":"https:\/\/api.w.org\/{rel}","templated":true}]}}