{"id":9054,"date":"2025-05-16T07:49:52","date_gmt":"2025-05-16T07:49:52","guid":{"rendered":"https:\/\/jinhuaceramic.com\/?post_type=product&#038;p=9054"},"modified":"2025-05-16T07:49:54","modified_gmt":"2025-05-16T07:49:54","slug":"wholesale-candle-vessel","status":"publish","type":"product","link":"https:\/\/jinhuaceramic.com\/pt\/product\/wholesale-candle-vessel\/","title":{"rendered":"Vaso de vela vazio por atacado, frascos de vela de cer\u00e2mica personalizados"},"content":{"rendered":"<div class=\"wp-block-columns is-layout-flex wp-container-core-columns-is-layout-9d6595d7 wp-block-columns-is-layout-flex\">\n<div class=\"wp-block-column is-layout-flow wp-block-column-is-layout-flow\">\n<h3 class=\"wp-block-heading\">Carater\u00edsticas do vaso de vela Premium Wholesale:<\/h3>\n\n\n\n<ul class=\"wp-block-list\">\n<li><strong>Cor gradiente: <\/strong>Estes recipientes para velas por atacado apresentam um padr\u00e3o de cor gradiente, passando gradualmente de verde claro na parte superior para verde escuro na parte inferior. A transi\u00e7\u00e3o da cor \u00e9 natural e cheia de camadas, permitindo que as pessoas se sintam naturais e frescas.<\/li>\n\n\n\n<li><strong>Forma \u00fanica:<\/strong> Estes frascos para velas em cer\u00e2mica personalizados t\u00eam formas simples mas inovadoras. S\u00e3o cil\u00edndricos com uma cintura m\u00e9dia estreita e um padr\u00e3o circular de textura semelhante a n\u00f3s de bambu no exterior, o que confere textura e incentiva a singularidade.<\/li>\n\n\n\n<li><strong>Durabilidade:<\/strong> Estes recipientes para velas por grosso t\u00eam uma elevada estabilidade t\u00e9rmica que se mant\u00e9m inalterada pelo calor das velas e s\u00e3o resistentes a fissuras e n\u00e3o deform\u00e1veis para uma utiliza\u00e7\u00e3o segura.<\/li>\n\n\n\n<li><strong>V\u00e1rias cores: <\/strong>Estes frascos para velas em cer\u00e2mica personalizados est\u00e3o dispon\u00edveis em duas cores, castanho e verde. Os clientes podem selecionar de acordo com os seus requisitos e prefer\u00eancias de design de interiores. Tamb\u00e9m podemos modificar outras cores com base nas exig\u00eancias dos clientes como fabricantes.<\/li>\n<\/ul>\n<\/div>\n\n\n\n<div class=\"wp-block-column is-layout-flow wp-block-column-is-layout-flow\">\n<figure class=\"wp-block-image size-full\"><img fetchpriority=\"high\" decoding=\"async\" width=\"800\" height=\"800\" src=\"https:\/\/jinhuaceramic.com\/wp-content\/uploads\/2025\/05\/Custom-Empty-Candle-Vessel-Wholesale-Ceramic-Candle-Jar-for-Candle-Making.webp\" alt=\"Vaso de vela vazio por atacado, frascos de vela de cer\u00e2mica personalizados-4\" class=\"wp-image-9058\" srcset=\"https:\/\/jinhuaceramic.com\/wp-content\/uploads\/2025\/05\/Custom-Empty-Candle-Vessel-Wholesale-Ceramic-Candle-Jar-for-Candle-Making.webp 800w, https:\/\/jinhuaceramic.com\/wp-content\/uploads\/2025\/05\/Custom-Empty-Candle-Vessel-Wholesale-Ceramic-Candle-Jar-for-Candle-Making-300x300.webp 300w, https:\/\/jinhuaceramic.com\/wp-content\/uploads\/2025\/05\/Custom-Empty-Candle-Vessel-Wholesale-Ceramic-Candle-Jar-for-Candle-Making-150x150.webp 150w, https:\/\/jinhuaceramic.com\/wp-content\/uploads\/2025\/05\/Custom-Empty-Candle-Vessel-Wholesale-Ceramic-Candle-Jar-for-Candle-Making-768x768.webp 768w, https:\/\/jinhuaceramic.com\/wp-content\/uploads\/2025\/05\/Custom-Empty-Candle-Vessel-Wholesale-Ceramic-Candle-Jar-for-Candle-Making-12x12.webp 12w, https:\/\/jinhuaceramic.com\/wp-content\/uploads\/2025\/05\/Custom-Empty-Candle-Vessel-Wholesale-Ceramic-Candle-Jar-for-Candle-Making-285x285.webp 285w, https:\/\/jinhuaceramic.com\/wp-content\/uploads\/2025\/05\/Custom-Empty-Candle-Vessel-Wholesale-Ceramic-Candle-Jar-for-Candle-Making-270x270.webp 270w, https:\/\/jinhuaceramic.com\/wp-content\/uploads\/2025\/05\/Custom-Empty-Candle-Vessel-Wholesale-Ceramic-Candle-Jar-for-Candle-Making-540x540.webp 540w, https:\/\/jinhuaceramic.com\/wp-content\/uploads\/2025\/05\/Custom-Empty-Candle-Vessel-Wholesale-Ceramic-Candle-Jar-for-Candle-Making-660x660.webp 660w\" sizes=\"(max-width: 800px) 100vw, 800px\" \/><\/figure>\n<\/div>\n<\/div>","protected":false},"excerpt":{"rendered":"<p>Bem-vindo ao comprar frascos para velas em cer\u00e2mica personalizados. Estes recipientes para velas por atacado s\u00e3o constru\u00eddos com textura de alta qualidade, materiais dur\u00e1veis e amigos do ambiente. As suas linhas elegantes e o seu design minimalista tornam-nos n\u00e3o s\u00f3 funcionais, mas tamb\u00e9m decorativos, criando uma sensa\u00e7\u00e3o de sofistica\u00e7\u00e3o e aconchego no ambiente interior.<\/p>","protected":false},"featured_media":9056,"comment_status":"closed","ping_status":"closed","template":"","meta":{"_acf_changed":false},"product_brand":[],"product_cat":[52],"product_tag":[66],"class_list":{"0":"post-9054","1":"product","2":"type-product","3":"status-publish","4":"has-post-thumbnail","6":"product_cat-wholesale-candle-containers","7":"product_tag-candle-jars-wholesale","9":"first","10":"instock","11":"shipping-taxable","12":"product-type-simple"},"acf":[],"_links":{"self":[{"href":"https:\/\/jinhuaceramic.com\/pt\/wp-json\/wp\/v2\/product\/9054","targetHints":{"allow":["GET"]}}],"collection":[{"href":"https:\/\/jinhuaceramic.com\/pt\/wp-json\/wp\/v2\/product"}],"about":[{"href":"https:\/\/jinhuaceramic.com\/pt\/wp-json\/wp\/v2\/types\/product"}],"replies":[{"embeddable":true,"href":"https:\/\/jinhuaceramic.com\/pt\/wp-json\/wp\/v2\/comments?post=9054"}],"version-history":[{"count":0,"href":"https:\/\/jinhuaceramic.com\/pt\/wp-json\/wp\/v2\/product\/9054\/revisions"}],"wp:featuredmedia":[{"embeddable":true,"href":"https:\/\/jinhuaceramic.com\/pt\/wp-json\/wp\/v2\/media\/9056"}],"wp:attachment":[{"href":"https:\/\/jinhuaceramic.com\/pt\/wp-json\/wp\/v2\/media?parent=9054"}],"wp:term":[{"taxonomy":"product_brand","embeddable":true,"href":"https:\/\/jinhuaceramic.com\/pt\/wp-json\/wp\/v2\/product_brand?post=9054"},{"taxonomy":"product_cat","embeddable":true,"href":"https:\/\/jinhuaceramic.com\/pt\/wp-json\/wp\/v2\/product_cat?post=9054"},{"taxonomy":"product_tag","embeddable":true,"href":"https:\/\/jinhuaceramic.com\/pt\/wp-json\/wp\/v2\/product_tag?post=9054"}],"curies":[{"name":"wp","href":"https:\/\/api.w.org\/{rel}","templated":true}]}}