{"id":9061,"date":"2025-05-16T07:42:09","date_gmt":"2025-05-16T07:42:09","guid":{"rendered":"https:\/\/jinhuaceramic.com\/?post_type=product&#038;p=9061"},"modified":"2025-09-22T08:25:53","modified_gmt":"2025-09-22T08:25:53","slug":"wholesale-essential-oil-diffusers","status":"publish","type":"product","link":"https:\/\/jinhuaceramic.com\/pt\/product\/wholesale-essential-oil-diffusers\/","title":{"rendered":"Difusores de \u00f3leo essencial por atacado, Difusor de aroma de cer\u00e2mica a granel"},"content":{"rendered":"<div class=\"wp-block-columns is-layout-flex wp-container-core-columns-is-layout-9d6595d7 wp-block-columns-is-layout-flex\">\n<div class=\"wp-block-column is-layout-flow wp-block-column-is-layout-flow\">\n<h3 class=\"wp-block-heading\">Difusores de \u00f3leo essencial por atacado Premium Carater\u00edsticas:<\/h3>\n\n\n\n<ul class=\"wp-block-list\">\n<li><strong>Cer\u00e2mica de qualidade artesanal:<\/strong> Os nossos difusores de \u00f3leo essencial por atacado apresentam cer\u00e2mica da mais alta qualidade, utilizada para garantir a longevidade do produto ao calor e d\u00e1-lhe um acabamento sedoso e espelhado para combinar com qualquer decora\u00e7\u00e3o.<\/li>\n\n\n\n<li><strong>F\u00e1cil de utilizar e limpar: <\/strong>O tamanho pequeno do aquecedor de cera de cer\u00e2mica por atacado facilita a coloca\u00e7\u00e3o de cera derretida ou de uma vela no interior, enquanto o material cer\u00e2mico facilita a limpeza ap\u00f3s a utiliza\u00e7\u00e3o.<\/li>\n\n\n\n<li><strong>V\u00e1rias cores: <\/strong>Estes difusores de \u00f3leo essencial por atacado v\u00eam em v\u00e1rias cores, como cor branca pura, cor preta pura, manchas verdes e pretas, manchas brancas e pretas e manchas coloridas e brancas. Eles t\u00eam um design moderno e elegante e podem ser usados para se adequar a v\u00e1rios designs de decora\u00e7\u00e3o de casa.<\/li>\n\n\n\n<li><strong>Estrutura pr\u00e1tica:<\/strong> Estes difusores de aromas em cer\u00e2mica a granel s\u00e3o compostos por tr\u00eas partes. A parte superior \u00e9 um recipiente em forma de ta\u00e7a para a fragr\u00e2ncia de \u00f3leos essenciais, enquanto a parte inferior apresenta uma cavidade redonda e um pequeno tabuleiro em forma de colher com uma pega para colocar velas tealight.<\/li>\n\n\n\n<li><strong>Expans\u00e3o da fragr\u00e2ncia suave:<\/strong> Estes difusores de \u00f3leo essencial por atacado s\u00e3o simples de utilizar. Basta deitar o \u00f3leo essencial na ta\u00e7a superior e acender a vela tealight por baixo. O calor da vela ir\u00e1 vaporizar o \u00f3leo essencial e expandi-lo, dispersando o aroma lentamente e promovendo um ambiente relaxante.<\/li>\n<\/ul>\n<\/div>\n\n\n\n<div class=\"wp-block-column is-layout-flow wp-block-column-is-layout-flow\">\n<figure class=\"wp-block-image size-full\"><img fetchpriority=\"high\" decoding=\"async\" width=\"800\" height=\"800\" src=\"https:\/\/jinhuaceramic.com\/wp-content\/uploads\/2025\/05\/Ceramic-Essential-Oil-Burner-with-Tealight-Candle-Holder-for-Home-Decor-8.webp\" alt=\"Difusores de \u00f3leo essencial por atacado, Difusor de aroma em cer\u00e2mica Bulk-1\" class=\"wp-image-9068\" srcset=\"https:\/\/jinhuaceramic.com\/wp-content\/uploads\/2025\/05\/Ceramic-Essential-Oil-Burner-with-Tealight-Candle-Holder-for-Home-Decor-8.webp 800w, https:\/\/jinhuaceramic.com\/wp-content\/uploads\/2025\/05\/Ceramic-Essential-Oil-Burner-with-Tealight-Candle-Holder-for-Home-Decor-8-300x300.webp 300w, https:\/\/jinhuaceramic.com\/wp-content\/uploads\/2025\/05\/Ceramic-Essential-Oil-Burner-with-Tealight-Candle-Holder-for-Home-Decor-8-150x150.webp 150w, https:\/\/jinhuaceramic.com\/wp-content\/uploads\/2025\/05\/Ceramic-Essential-Oil-Burner-with-Tealight-Candle-Holder-for-Home-Decor-8-768x768.webp 768w, https:\/\/jinhuaceramic.com\/wp-content\/uploads\/2025\/05\/Ceramic-Essential-Oil-Burner-with-Tealight-Candle-Holder-for-Home-Decor-8-12x12.webp 12w, https:\/\/jinhuaceramic.com\/wp-content\/uploads\/2025\/05\/Ceramic-Essential-Oil-Burner-with-Tealight-Candle-Holder-for-Home-Decor-8-285x285.webp 285w, https:\/\/jinhuaceramic.com\/wp-content\/uploads\/2025\/05\/Ceramic-Essential-Oil-Burner-with-Tealight-Candle-Holder-for-Home-Decor-8-270x270.webp 270w, https:\/\/jinhuaceramic.com\/wp-content\/uploads\/2025\/05\/Ceramic-Essential-Oil-Burner-with-Tealight-Candle-Holder-for-Home-Decor-8-540x540.webp 540w, https:\/\/jinhuaceramic.com\/wp-content\/uploads\/2025\/05\/Ceramic-Essential-Oil-Burner-with-Tealight-Candle-Holder-for-Home-Decor-8-660x660.webp 660w\" sizes=\"(max-width: 800px) 100vw, 800px\" \/><\/figure>\n<\/div>\n<\/div>","protected":false},"excerpt":{"rendered":"<p>Bem-vindo ao comprar difusores de perfume de cer\u00e2mica a granel. Estes difusores de \u00f3leo essencial por atacado t\u00eam designs convenientes, seguros e f\u00e1ceis de usar. Eles s\u00e3o requintados e pr\u00e1ticos, e podem ser pequenas decora\u00e7\u00f5es para tornar seu quarto aconchegante e \u00edntimo para relaxar e liberar o estresse.<\/p>","protected":false},"featured_media":9066,"comment_status":"closed","ping_status":"closed","template":"","meta":{"_acf_changed":false},"product_brand":[],"product_cat":[52],"product_tag":[79],"class_list":{"0":"post-9061","1":"product","2":"type-product","3":"status-publish","4":"has-post-thumbnail","6":"product_cat-wholesale-candle-containers","7":"product_tag-tea-light-candle-holders-bulk","9":"first","10":"instock","11":"shipping-taxable","12":"product-type-simple"},"acf":[],"_links":{"self":[{"href":"https:\/\/jinhuaceramic.com\/pt\/wp-json\/wp\/v2\/product\/9061","targetHints":{"allow":["GET"]}}],"collection":[{"href":"https:\/\/jinhuaceramic.com\/pt\/wp-json\/wp\/v2\/product"}],"about":[{"href":"https:\/\/jinhuaceramic.com\/pt\/wp-json\/wp\/v2\/types\/product"}],"replies":[{"embeddable":true,"href":"https:\/\/jinhuaceramic.com\/pt\/wp-json\/wp\/v2\/comments?post=9061"}],"version-history":[{"count":0,"href":"https:\/\/jinhuaceramic.com\/pt\/wp-json\/wp\/v2\/product\/9061\/revisions"}],"wp:featuredmedia":[{"embeddable":true,"href":"https:\/\/jinhuaceramic.com\/pt\/wp-json\/wp\/v2\/media\/9066"}],"wp:attachment":[{"href":"https:\/\/jinhuaceramic.com\/pt\/wp-json\/wp\/v2\/media?parent=9061"}],"wp:term":[{"taxonomy":"product_brand","embeddable":true,"href":"https:\/\/jinhuaceramic.com\/pt\/wp-json\/wp\/v2\/product_brand?post=9061"},{"taxonomy":"product_cat","embeddable":true,"href":"https:\/\/jinhuaceramic.com\/pt\/wp-json\/wp\/v2\/product_cat?post=9061"},{"taxonomy":"product_tag","embeddable":true,"href":"https:\/\/jinhuaceramic.com\/pt\/wp-json\/wp\/v2\/product_tag?post=9061"}],"curies":[{"name":"wp","href":"https:\/\/api.w.org\/{rel}","templated":true}]}}