{"id":9098,"date":"2025-05-22T03:32:55","date_gmt":"2025-05-22T03:32:55","guid":{"rendered":"https:\/\/jinhuaceramic.com\/?post_type=product&#038;p=9098"},"modified":"2025-05-22T03:32:57","modified_gmt":"2025-05-22T03:32:57","slug":"white-bathroom-set-wholesale","status":"publish","type":"product","link":"https:\/\/jinhuaceramic.com\/pt\/product\/white-bathroom-set-wholesale\/","title":{"rendered":"Conjunto de casa de banho branco moderno por atacado, acess\u00f3rio de banho em cer\u00e2mica"},"content":{"rendered":"<div class=\"wp-block-columns is-layout-flex wp-container-core-columns-is-layout-9d6595d7 wp-block-columns-is-layout-flex\">\n<div class=\"wp-block-column is-layout-flow wp-block-column-is-layout-flow\">\n<h3 class=\"wp-block-heading\">Conjunto de casa de banho branco premium Carater\u00edsticas por atacado:<\/h3>\n\n\n\n<ul class=\"wp-block-list\">\n<li><strong>Design moderno: <\/strong>A nossa casa de banho branca por atacado tem uma forma quadrada contempor\u00e2nea com um topo largo e um fundo estreito. O branco \u00e9 puro e adapt\u00e1vel; combina bem com v\u00e1rias ideias de design de casas de banho, melhorando assim a beleza geral da casa de banho e promovendo um ambiente descontra\u00eddo e agrad\u00e1vel.<\/li>\n\n\n\n<li><strong>Material duradouro: <\/strong>Estes acess\u00f3rios de banho em cer\u00e2mica de primeira qualidade a granel n\u00e3o s\u00e3o facilmente corro\u00eddos pelos produtos de higiene na casa de banho, t\u00eam grande dureza, resist\u00eancia ao desgaste, resist\u00eancia \u00e0 corros\u00e3o e longa vida \u00fatil.<\/li>\n\n\n\n<li><strong>Conjunto completo: <\/strong>Este conjunto de casa de banho branco por atacado inclui saboneteiras, copos para elixir bucal, suportes para escovas de dentes e dispensadores de sab\u00e3o. Para garantir a higiene, o porta-escovas de dentes tem divis\u00f5es que permitem colocar v\u00e1rias escovas de dentes ao mesmo tempo. O dispensador de sab\u00e3o pressiona facilmente e oferece um l\u00edquido consistente.<\/li>\n\n\n\n<li><strong>Versatilidade:<\/strong> Estes acess\u00f3rios de banho em cer\u00e2mica a granel n\u00e3o se adequam apenas a casas, mas tamb\u00e9m a ambientes comerciais, como hot\u00e9is e apartamentos em todo o lado. Ao mesmo tempo, s\u00e3o presentes ideais para novas casas ou casamentos.<\/li>\n<\/ul>\n<\/div>\n\n\n\n<div class=\"wp-block-column is-layout-flow wp-block-column-is-layout-flow\">\n<figure class=\"wp-block-image size-full\"><img fetchpriority=\"high\" decoding=\"async\" width=\"1430\" height=\"1334\" src=\"https:\/\/jinhuaceramic.com\/wp-content\/uploads\/2025\/05\/Modern-White-Bathroom-Set-Wholesale-Custom-Bath-Accessories-Supplies-2.webp\" alt=\"Conjunto de casa de banho branco moderno por atacado, acess\u00f3rio de banho em cer\u00e2mica-6\" class=\"wp-image-9099\" srcset=\"https:\/\/jinhuaceramic.com\/wp-content\/uploads\/2025\/05\/Modern-White-Bathroom-Set-Wholesale-Custom-Bath-Accessories-Supplies-2.webp 1430w, https:\/\/jinhuaceramic.com\/wp-content\/uploads\/2025\/05\/Modern-White-Bathroom-Set-Wholesale-Custom-Bath-Accessories-Supplies-2-300x280.webp 300w, https:\/\/jinhuaceramic.com\/wp-content\/uploads\/2025\/05\/Modern-White-Bathroom-Set-Wholesale-Custom-Bath-Accessories-Supplies-2-768x716.webp 768w, https:\/\/jinhuaceramic.com\/wp-content\/uploads\/2025\/05\/Modern-White-Bathroom-Set-Wholesale-Custom-Bath-Accessories-Supplies-2-13x12.webp 13w, https:\/\/jinhuaceramic.com\/wp-content\/uploads\/2025\/05\/Modern-White-Bathroom-Set-Wholesale-Custom-Bath-Accessories-Supplies-2-285x266.webp 285w, https:\/\/jinhuaceramic.com\/wp-content\/uploads\/2025\/05\/Modern-White-Bathroom-Set-Wholesale-Custom-Bath-Accessories-Supplies-2-660x616.webp 660w, https:\/\/jinhuaceramic.com\/wp-content\/uploads\/2025\/05\/Modern-White-Bathroom-Set-Wholesale-Custom-Bath-Accessories-Supplies-2-150x140.webp 150w\" sizes=\"(max-width: 1430px) 100vw, 1430px\" \/><\/figure>\n<\/div>\n<\/div>","protected":false},"excerpt":{"rendered":"<p>Bem-vindo ao comprar acess\u00f3rios de banho em cer\u00e2mica a granel. Este conjunto de casa de banho branco por atacado \u00e9 completo com acess\u00f3rios e totalmente funcional, o que pode manter a casa de banho em boa ordem. A cor branca vers\u00e1til e o design moderno fazem com que estes conjuntos de casa de banho n\u00e3o sejam apenas utens\u00edlios de casa de banho pr\u00e1ticos, mas tamb\u00e9m decora\u00e7\u00f5es de casa que criam uma atmosfera limpa e confort\u00e1vel.<\/p>","protected":false},"featured_media":9103,"comment_status":"closed","ping_status":"closed","template":"","meta":{"_acf_changed":false},"product_brand":[],"product_cat":[51],"product_tag":[74],"class_list":{"0":"post-9098","1":"product","2":"type-product","3":"status-publish","4":"has-post-thumbnail","6":"product_cat-bathroom-accessories-wholesale","7":"product_tag-ceramic-bath-accessories-wholesale","9":"first","10":"instock","11":"shipping-taxable","12":"product-type-simple"},"acf":[],"_links":{"self":[{"href":"https:\/\/jinhuaceramic.com\/pt\/wp-json\/wp\/v2\/product\/9098","targetHints":{"allow":["GET"]}}],"collection":[{"href":"https:\/\/jinhuaceramic.com\/pt\/wp-json\/wp\/v2\/product"}],"about":[{"href":"https:\/\/jinhuaceramic.com\/pt\/wp-json\/wp\/v2\/types\/product"}],"replies":[{"embeddable":true,"href":"https:\/\/jinhuaceramic.com\/pt\/wp-json\/wp\/v2\/comments?post=9098"}],"version-history":[{"count":0,"href":"https:\/\/jinhuaceramic.com\/pt\/wp-json\/wp\/v2\/product\/9098\/revisions"}],"wp:featuredmedia":[{"embeddable":true,"href":"https:\/\/jinhuaceramic.com\/pt\/wp-json\/wp\/v2\/media\/9103"}],"wp:attachment":[{"href":"https:\/\/jinhuaceramic.com\/pt\/wp-json\/wp\/v2\/media?parent=9098"}],"wp:term":[{"taxonomy":"product_brand","embeddable":true,"href":"https:\/\/jinhuaceramic.com\/pt\/wp-json\/wp\/v2\/product_brand?post=9098"},{"taxonomy":"product_cat","embeddable":true,"href":"https:\/\/jinhuaceramic.com\/pt\/wp-json\/wp\/v2\/product_cat?post=9098"},{"taxonomy":"product_tag","embeddable":true,"href":"https:\/\/jinhuaceramic.com\/pt\/wp-json\/wp\/v2\/product_tag?post=9098"}],"curies":[{"name":"wp","href":"https:\/\/api.w.org\/{rel}","templated":true}]}}