{"id":9107,"date":"2025-05-22T03:15:09","date_gmt":"2025-05-22T03:15:09","guid":{"rendered":"https:\/\/jinhuaceramic.com\/?post_type=product&#038;p=9107"},"modified":"2025-05-22T03:15:10","modified_gmt":"2025-05-22T03:15:10","slug":"bulk-baking-pans","status":"publish","type":"product","link":"https:\/\/jinhuaceramic.com\/pt\/product\/bulk-baking-pans\/","title":{"rendered":"Formas de cer\u00e2mica antiaderente para cozer a granel, Material para bolos feito \u00e0 medida"},"content":{"rendered":"<div class=\"wp-block-columns is-layout-flex wp-container-core-columns-is-layout-9d6595d7 wp-block-columns-is-layout-flex\">\n<div class=\"wp-block-column is-layout-flow wp-block-column-is-layout-flow\">\n<h3 class=\"wp-block-heading\">Formas de cozimento a granel Premium Carater\u00edsticas:<\/h3>\n\n\n\n<ul class=\"wp-block-list\">\n<li><strong>Simples e elegante:<\/strong> O aspeto bicolor destas formas de cer\u00e2mica para cozer a granel \u00e9 a tonalidade branca coordenada com a base castanha, o que confere alguma sofistica\u00e7\u00e3o \u00e0 cozinha e aumenta o prazer de cozinhar. Tamb\u00e9m podem ser ajustadas diretamente na mesa de jantar.<\/li>\n\n\n\n<li><strong>Pegas c\u00f3modas: <\/strong>Estes utens\u00edlios de cozinha especialmente concebidos \u00e0 medida t\u00eam pegas em ambos os lados para um acesso e movimento r\u00e1pidos, especialmente quando as formas est\u00e3o aquecidas, ajudando assim a evitar queimaduras e a melhorar a seguran\u00e7a da utiliza\u00e7\u00e3o.<\/li>\n\n\n\n<li><strong>Material de alta qualidade:<\/strong> Estes tabuleiros de cer\u00e2mica de primeira qualidade para cozer a granel s\u00e3o fabricados a temperaturas extremamente elevadas e s\u00e3o feitos de excelente material cer\u00e2mico. Garantem a seguran\u00e7a alimentar, uma vez que s\u00e3o resistentes ao calor, n\u00e3o cont\u00eam produtos qu\u00edmicos t\u00f3xicos e n\u00e3o deixam escapar compostos nocivos durante o processo de cozedura a alta temperatura.<\/li>\n\n\n\n<li><strong>F\u00e1cil de limpar: <\/strong>Os restos de comida s\u00e3o dif\u00edceis de agarrar nas superf\u00edcies lisas destes utens\u00edlios de cer\u00e2mica feitos por medida, pelo que s\u00e3o f\u00e1ceis de limpar. Os materiais cer\u00e2micos s\u00e3o dif\u00edceis de absorver os pigmentos e os odores dos alimentos. A assadeira pode continuar a estar arrumada e limpa mesmo depois de v\u00e1rias utiliza\u00e7\u00f5es.<\/li>\n<\/ul>\n<\/div>\n\n\n\n<div class=\"wp-block-column is-layout-flow wp-block-column-is-layout-flow\">\n<figure class=\"wp-block-image size-full\"><img fetchpriority=\"high\" decoding=\"async\" width=\"640\" height=\"640\" src=\"https:\/\/jinhuaceramic.com\/wp-content\/uploads\/2025\/05\/Nonstick-Two-Tone-Custom-Bakeware-Wholesale-Ceramic-Baking-Dishes-4.webp\" alt=\"Formas de cer\u00e2mica antiaderente para pastelaria a granel, material para pastelaria feito \u00e0 medida-2\" class=\"wp-image-9110\" srcset=\"https:\/\/jinhuaceramic.com\/wp-content\/uploads\/2025\/05\/Nonstick-Two-Tone-Custom-Bakeware-Wholesale-Ceramic-Baking-Dishes-4.webp 640w, https:\/\/jinhuaceramic.com\/wp-content\/uploads\/2025\/05\/Nonstick-Two-Tone-Custom-Bakeware-Wholesale-Ceramic-Baking-Dishes-4-300x300.webp 300w, https:\/\/jinhuaceramic.com\/wp-content\/uploads\/2025\/05\/Nonstick-Two-Tone-Custom-Bakeware-Wholesale-Ceramic-Baking-Dishes-4-150x150.webp 150w, https:\/\/jinhuaceramic.com\/wp-content\/uploads\/2025\/05\/Nonstick-Two-Tone-Custom-Bakeware-Wholesale-Ceramic-Baking-Dishes-4-12x12.webp 12w, https:\/\/jinhuaceramic.com\/wp-content\/uploads\/2025\/05\/Nonstick-Two-Tone-Custom-Bakeware-Wholesale-Ceramic-Baking-Dishes-4-285x285.webp 285w, https:\/\/jinhuaceramic.com\/wp-content\/uploads\/2025\/05\/Nonstick-Two-Tone-Custom-Bakeware-Wholesale-Ceramic-Baking-Dishes-4-270x270.webp 270w, https:\/\/jinhuaceramic.com\/wp-content\/uploads\/2025\/05\/Nonstick-Two-Tone-Custom-Bakeware-Wholesale-Ceramic-Baking-Dishes-4-540x540.webp 540w\" sizes=\"(max-width: 640px) 100vw, 640px\" \/><\/figure>\n<\/div>\n<\/div>","protected":false},"excerpt":{"rendered":"<p>Bem-vindo \u00e0 compra de formas de cer\u00e2mica para cozer a granel. Estes utens\u00edlios de pastelaria personalizados t\u00eam um aspeto bonito e elegante, pegas seguras e c\u00f3modas, materiais cer\u00e2micos de alta qualidade e limpeza f\u00e1cil, combinando praticidade e est\u00e9tica.<\/p>","protected":false},"featured_media":9111,"comment_status":"closed","ping_status":"closed","template":"","meta":{"_acf_changed":false},"product_brand":[],"product_cat":[53],"product_tag":[71],"class_list":{"0":"post-9107","1":"product","2":"type-product","3":"status-publish","4":"has-post-thumbnail","6":"product_cat-bakeware-in-bulk","7":"product_tag-wholesale-baking-pans","9":"first","10":"instock","11":"shipping-taxable","12":"product-type-simple"},"acf":[],"_links":{"self":[{"href":"https:\/\/jinhuaceramic.com\/pt\/wp-json\/wp\/v2\/product\/9107","targetHints":{"allow":["GET"]}}],"collection":[{"href":"https:\/\/jinhuaceramic.com\/pt\/wp-json\/wp\/v2\/product"}],"about":[{"href":"https:\/\/jinhuaceramic.com\/pt\/wp-json\/wp\/v2\/types\/product"}],"replies":[{"embeddable":true,"href":"https:\/\/jinhuaceramic.com\/pt\/wp-json\/wp\/v2\/comments?post=9107"}],"version-history":[{"count":0,"href":"https:\/\/jinhuaceramic.com\/pt\/wp-json\/wp\/v2\/product\/9107\/revisions"}],"wp:featuredmedia":[{"embeddable":true,"href":"https:\/\/jinhuaceramic.com\/pt\/wp-json\/wp\/v2\/media\/9111"}],"wp:attachment":[{"href":"https:\/\/jinhuaceramic.com\/pt\/wp-json\/wp\/v2\/media?parent=9107"}],"wp:term":[{"taxonomy":"product_brand","embeddable":true,"href":"https:\/\/jinhuaceramic.com\/pt\/wp-json\/wp\/v2\/product_brand?post=9107"},{"taxonomy":"product_cat","embeddable":true,"href":"https:\/\/jinhuaceramic.com\/pt\/wp-json\/wp\/v2\/product_cat?post=9107"},{"taxonomy":"product_tag","embeddable":true,"href":"https:\/\/jinhuaceramic.com\/pt\/wp-json\/wp\/v2\/product_tag?post=9107"}],"curies":[{"name":"wp","href":"https:\/\/api.w.org\/{rel}","templated":true}]}}