{"id":9114,"date":"2025-05-22T02:58:21","date_gmt":"2025-05-22T02:58:21","guid":{"rendered":"https:\/\/jinhuaceramic.com\/?post_type=product&#038;p=9114"},"modified":"2025-05-22T02:58:23","modified_gmt":"2025-05-22T02:58:23","slug":"custom-made-ceramic-bakeware","status":"publish","type":"product","link":"https:\/\/jinhuaceramic.com\/pt\/product\/custom-made-ceramic-bakeware\/","title":{"rendered":"Assadeiras quadradas de cer\u00e2mica feitas sob medida, assadeiras por atacado"},"content":{"rendered":"<div class=\"wp-block-columns is-layout-flex wp-container-core-columns-is-layout-9d6595d7 wp-block-columns-is-layout-flex\">\n<div class=\"wp-block-column is-layout-flow wp-block-column-is-layout-flow\">\n<h3 class=\"wp-block-heading\">Bakeware de cer\u00e2mica Premium feito \u00e0 medida Carater\u00edsticas:<\/h3>\n\n\n\n<ul class=\"wp-block-list\">\n<li><strong>Design elegante: <\/strong>Estas formas de cer\u00e2mica feitas \u00e0 medida t\u00eam um exterior azul claro e um interior verde claro, pelo que o seu design moderno e esquema de cores brilhantes ajudariam a iluminar a cozinha. Com estrelas espalhadas entre as linhas, o exterior da forma \u00e9 adornado com estrelas brancas e desenhos de linhas, inspirando assim vibra\u00e7\u00e3o e moda.<\/li>\n\n\n\n<li><strong>Material de alta qualidade: <\/strong>Estes tabuleiros para cozer por atacado s\u00e3o criados a partir de materiais cer\u00e2micos de primeira qualidade cozidos a altas temperaturas. A boa estabilidade t\u00e9rmica destes materiais permite que sejam aquecidos uniformemente no forno, o que melhora os resultados da cozedura e reduz o risco de queimadura local ou de cozedura insuficiente.<\/li>\n\n\n\n<li><strong>Praticabilidade: <\/strong>Com a sua profundidade particular de forma quadrada, estes bakeware de cer\u00e2mica feitos \u00e0 medida s\u00e3o adequados para grelhar refei\u00e7\u00f5es principais como carne e peixe, bem como para grelhar legumes, satisfazendo assim v\u00e1rios requisitos de cozedura com arroz cozido, etc.<\/li>\n\n\n\n<li><strong>Antiaderente e f\u00e1cil de limpar: <\/strong>Estes tabuleiros de cer\u00e2mica t\u00eam uma superf\u00edcie lisa e antiaderente e os alimentos n\u00e3o se agarram facilmente. Para limpar, basta enxaguar as manchas com \u00e1gua ou com uma pequena quantidade de detergente. Para poupar tempo e trabalho, tamb\u00e9m podem ser lavadas na m\u00e1quina de lavar lou\u00e7a.<\/li>\n<\/ul>\n<\/div>\n\n\n\n<div class=\"wp-block-column is-layout-flow wp-block-column-is-layout-flow\">\n<figure class=\"wp-block-image size-full\"><img fetchpriority=\"high\" decoding=\"async\" width=\"640\" height=\"640\" src=\"https:\/\/jinhuaceramic.com\/wp-content\/uploads\/2025\/05\/Square-Custom-Baking-Dishes-Wholesale-Custom-Ceramic-Bakeware-4.webp\" alt=\"Assadeiras quadradas de cer\u00e2mica feitas sob medida, assadeiras por atacado-1\" class=\"wp-image-9117\" srcset=\"https:\/\/jinhuaceramic.com\/wp-content\/uploads\/2025\/05\/Square-Custom-Baking-Dishes-Wholesale-Custom-Ceramic-Bakeware-4.webp 640w, https:\/\/jinhuaceramic.com\/wp-content\/uploads\/2025\/05\/Square-Custom-Baking-Dishes-Wholesale-Custom-Ceramic-Bakeware-4-300x300.webp 300w, https:\/\/jinhuaceramic.com\/wp-content\/uploads\/2025\/05\/Square-Custom-Baking-Dishes-Wholesale-Custom-Ceramic-Bakeware-4-150x150.webp 150w, https:\/\/jinhuaceramic.com\/wp-content\/uploads\/2025\/05\/Square-Custom-Baking-Dishes-Wholesale-Custom-Ceramic-Bakeware-4-12x12.webp 12w, https:\/\/jinhuaceramic.com\/wp-content\/uploads\/2025\/05\/Square-Custom-Baking-Dishes-Wholesale-Custom-Ceramic-Bakeware-4-285x285.webp 285w, https:\/\/jinhuaceramic.com\/wp-content\/uploads\/2025\/05\/Square-Custom-Baking-Dishes-Wholesale-Custom-Ceramic-Bakeware-4-270x270.webp 270w, https:\/\/jinhuaceramic.com\/wp-content\/uploads\/2025\/05\/Square-Custom-Baking-Dishes-Wholesale-Custom-Ceramic-Bakeware-4-540x540.webp 540w\" sizes=\"(max-width: 640px) 100vw, 640px\" \/><\/figure>\n<\/div>\n<\/div>\n\n\n\n<p><\/p>","protected":false},"excerpt":{"rendered":"<p>Bem-vindo \u00e0 compra de assadeiras de cer\u00e2mica feitas \u00e0 medida. Estas formas para bolos por atacado s\u00e3o populares devido ao seu aspeto fresco e elegante, com uma base azul combinada com um padr\u00e3o branco de linhas estreladas, que \u00e9 bonito e apelativo.<\/p>","protected":false},"featured_media":9118,"comment_status":"closed","ping_status":"closed","template":"","meta":{"_acf_changed":false},"product_brand":[],"product_cat":[53],"product_tag":[71],"class_list":{"0":"post-9114","1":"product","2":"type-product","3":"status-publish","4":"has-post-thumbnail","6":"product_cat-bakeware-in-bulk","7":"product_tag-wholesale-baking-pans","9":"first","10":"instock","11":"shipping-taxable","12":"product-type-simple"},"acf":[],"_links":{"self":[{"href":"https:\/\/jinhuaceramic.com\/pt\/wp-json\/wp\/v2\/product\/9114","targetHints":{"allow":["GET"]}}],"collection":[{"href":"https:\/\/jinhuaceramic.com\/pt\/wp-json\/wp\/v2\/product"}],"about":[{"href":"https:\/\/jinhuaceramic.com\/pt\/wp-json\/wp\/v2\/types\/product"}],"replies":[{"embeddable":true,"href":"https:\/\/jinhuaceramic.com\/pt\/wp-json\/wp\/v2\/comments?post=9114"}],"version-history":[{"count":0,"href":"https:\/\/jinhuaceramic.com\/pt\/wp-json\/wp\/v2\/product\/9114\/revisions"}],"wp:featuredmedia":[{"embeddable":true,"href":"https:\/\/jinhuaceramic.com\/pt\/wp-json\/wp\/v2\/media\/9118"}],"wp:attachment":[{"href":"https:\/\/jinhuaceramic.com\/pt\/wp-json\/wp\/v2\/media?parent=9114"}],"wp:term":[{"taxonomy":"product_brand","embeddable":true,"href":"https:\/\/jinhuaceramic.com\/pt\/wp-json\/wp\/v2\/product_brand?post=9114"},{"taxonomy":"product_cat","embeddable":true,"href":"https:\/\/jinhuaceramic.com\/pt\/wp-json\/wp\/v2\/product_cat?post=9114"},{"taxonomy":"product_tag","embeddable":true,"href":"https:\/\/jinhuaceramic.com\/pt\/wp-json\/wp\/v2\/product_tag?post=9114"}],"curies":[{"name":"wp","href":"https:\/\/api.w.org\/{rel}","templated":true}]}}