{"id":9132,"date":"2025-05-26T02:47:31","date_gmt":"2025-05-26T02:47:31","guid":{"rendered":"https:\/\/jinhuaceramic.com\/?post_type=product&#038;p=9132"},"modified":"2025-05-26T02:47:32","modified_gmt":"2025-05-26T02:47:32","slug":"customized-baking-dishes","status":"publish","type":"product","link":"https:\/\/jinhuaceramic.com\/pt\/product\/customized-baking-dishes\/","title":{"rendered":"Pratos para assar personalizados de tamanho pequeno Formas de torta por atacado"},"content":{"rendered":"<div class=\"wp-block-columns is-layout-flex wp-container-core-columns-is-layout-9d6595d7 wp-block-columns-is-layout-flex\">\n<div class=\"wp-block-column is-layout-flow wp-block-column-is-layout-flow\">\n<h3 class=\"wp-block-heading\">Pratos para assar personalizados Premium Carater\u00edstica:<\/h3>\n\n\n\n<ul class=\"wp-block-list\">\n<li><strong>Design elegante: <\/strong>Estes tabuleiros personalizados s\u00e3o feitos com simplicidade e eleg\u00e2ncia, e as linhas pretas que percorrem os bordos conferem-lhes profundidade visual e delicadeza. O desenho de riscas verticais na superf\u00edcie exterior aumenta a fric\u00e7\u00e3o e confere uma textura e um padr\u00e3o agrad\u00e1veis ao tabuleiro.<\/li>\n\n\n\n<li><strong>Pegas c\u00f3modas:<\/strong> As pegas convenientes est\u00e3o dispon\u00edveis em ambos os lados das formas para tartes por atacado, e a forma das pegas est\u00e1 de acordo com os bordos das formas de forma curva e cont\u00ednua. As pegas proporcionam comodidade ao deslocar os tabuleiros sem alterar a estrutura geral.<\/li>\n\n\n\n<li><strong>Material de alta qualidade:<\/strong> Estes tabuleiros personalizados s\u00e3o feitos de material cer\u00e2mico natural que \u00e9 aquecido a alta temperatura e n\u00e3o liberta qu\u00edmicos nocivos, pelo que \u00e9 seguro utiliz\u00e1-los com alimentos.<\/li>\n\n\n\n<li><strong>Praticidade: <\/strong>Estas formas para tartes por atacado s\u00e3o compactas e perfeitas para fazer sobremesas ou refei\u00e7\u00f5es de pequenas dimens\u00f5es, ou seja, pequenos bolos, pizzas individuais ou legumes no churrasco. O tamanho compacto \u00e9 muito pr\u00e1tico para cozinhar ou fazer bolos em casa para solteiros.<\/li>\n<\/ul>\n<\/div>\n\n\n\n<div class=\"wp-block-column is-layout-flow wp-block-column-is-layout-flow\">\n<figure class=\"wp-block-image size-full\"><img fetchpriority=\"high\" decoding=\"async\" width=\"1600\" height=\"1600\" src=\"https:\/\/jinhuaceramic.com\/wp-content\/uploads\/2025\/05\/High-Quality-Custom-Baking-Dishes-Pans-Ceramic-Bakeware-Set-In-Bulk-5.webp\" alt=\"Pratos para assar personalizados de tamanho pequeno Formas de torta por atacado-1\" class=\"wp-image-9136\" srcset=\"https:\/\/jinhuaceramic.com\/wp-content\/uploads\/2025\/05\/High-Quality-Custom-Baking-Dishes-Pans-Ceramic-Bakeware-Set-In-Bulk-5.webp 1600w, https:\/\/jinhuaceramic.com\/wp-content\/uploads\/2025\/05\/High-Quality-Custom-Baking-Dishes-Pans-Ceramic-Bakeware-Set-In-Bulk-5-300x300.webp 300w, https:\/\/jinhuaceramic.com\/wp-content\/uploads\/2025\/05\/High-Quality-Custom-Baking-Dishes-Pans-Ceramic-Bakeware-Set-In-Bulk-5-150x150.webp 150w, https:\/\/jinhuaceramic.com\/wp-content\/uploads\/2025\/05\/High-Quality-Custom-Baking-Dishes-Pans-Ceramic-Bakeware-Set-In-Bulk-5-768x768.webp 768w, https:\/\/jinhuaceramic.com\/wp-content\/uploads\/2025\/05\/High-Quality-Custom-Baking-Dishes-Pans-Ceramic-Bakeware-Set-In-Bulk-5-12x12.webp 12w, https:\/\/jinhuaceramic.com\/wp-content\/uploads\/2025\/05\/High-Quality-Custom-Baking-Dishes-Pans-Ceramic-Bakeware-Set-In-Bulk-5-285x285.webp 285w, https:\/\/jinhuaceramic.com\/wp-content\/uploads\/2025\/05\/High-Quality-Custom-Baking-Dishes-Pans-Ceramic-Bakeware-Set-In-Bulk-5-270x270.webp 270w, https:\/\/jinhuaceramic.com\/wp-content\/uploads\/2025\/05\/High-Quality-Custom-Baking-Dishes-Pans-Ceramic-Bakeware-Set-In-Bulk-5-540x540.webp 540w, https:\/\/jinhuaceramic.com\/wp-content\/uploads\/2025\/05\/High-Quality-Custom-Baking-Dishes-Pans-Ceramic-Bakeware-Set-In-Bulk-5-660x660.webp 660w\" sizes=\"(max-width: 1600px) 100vw, 1600px\" \/><\/figure>\n<\/div>\n<\/div>","protected":false},"excerpt":{"rendered":"<p>Bem-vindo \u00e0 compra de formas para tartes por atacado. Estes pratos cl\u00e1ssicos personalizados a preto e branco s\u00e3o vers\u00e1teis e elegantes, com um design de orelha dupla para f\u00e1cil acesso e material cer\u00e2mico que \u00e9 seguro e dur\u00e1vel.<\/p>","protected":false},"featured_media":9135,"comment_status":"closed","ping_status":"closed","template":"","meta":{"_acf_changed":false},"product_brand":[],"product_cat":[53],"product_tag":[71],"class_list":{"0":"post-9132","1":"product","2":"type-product","3":"status-publish","4":"has-post-thumbnail","6":"product_cat-bakeware-in-bulk","7":"product_tag-wholesale-baking-pans","9":"first","10":"instock","11":"shipping-taxable","12":"product-type-simple"},"acf":[],"_links":{"self":[{"href":"https:\/\/jinhuaceramic.com\/pt\/wp-json\/wp\/v2\/product\/9132","targetHints":{"allow":["GET"]}}],"collection":[{"href":"https:\/\/jinhuaceramic.com\/pt\/wp-json\/wp\/v2\/product"}],"about":[{"href":"https:\/\/jinhuaceramic.com\/pt\/wp-json\/wp\/v2\/types\/product"}],"replies":[{"embeddable":true,"href":"https:\/\/jinhuaceramic.com\/pt\/wp-json\/wp\/v2\/comments?post=9132"}],"version-history":[{"count":0,"href":"https:\/\/jinhuaceramic.com\/pt\/wp-json\/wp\/v2\/product\/9132\/revisions"}],"wp:featuredmedia":[{"embeddable":true,"href":"https:\/\/jinhuaceramic.com\/pt\/wp-json\/wp\/v2\/media\/9135"}],"wp:attachment":[{"href":"https:\/\/jinhuaceramic.com\/pt\/wp-json\/wp\/v2\/media?parent=9132"}],"wp:term":[{"taxonomy":"product_brand","embeddable":true,"href":"https:\/\/jinhuaceramic.com\/pt\/wp-json\/wp\/v2\/product_brand?post=9132"},{"taxonomy":"product_cat","embeddable":true,"href":"https:\/\/jinhuaceramic.com\/pt\/wp-json\/wp\/v2\/product_cat?post=9132"},{"taxonomy":"product_tag","embeddable":true,"href":"https:\/\/jinhuaceramic.com\/pt\/wp-json\/wp\/v2\/product_tag?post=9132"}],"curies":[{"name":"wp","href":"https:\/\/api.w.org\/{rel}","templated":true}]}}