{"id":9143,"date":"2025-05-26T02:28:10","date_gmt":"2025-05-26T02:28:10","guid":{"rendered":"https:\/\/jinhuaceramic.com\/?post_type=product&#038;p=9143"},"modified":"2025-05-26T02:28:11","modified_gmt":"2025-05-26T02:28:11","slug":"cake-baking-pans-wholesale","status":"publish","type":"product","link":"https:\/\/jinhuaceramic.com\/pt\/product\/cake-baking-pans-wholesale\/","title":{"rendered":"Panelas de cer\u00e2mica azul para bolos por atacado, panelas personalizadas"},"content":{"rendered":"<div class=\"wp-block-columns is-layout-flex wp-container-core-columns-is-layout-9d6595d7 wp-block-columns-is-layout-flex\">\n<div class=\"wp-block-column is-layout-flow wp-block-column-is-layout-flow\">\n<h3 class=\"wp-block-heading\">Formas para bolos Premium Carater\u00edsticas por atacado:<\/h3>\n\n\n\n<ul class=\"wp-block-list\">\n<li><strong>Design elegante: <\/strong>O exterior destas formas para bolos por atacado \u00e9 azul escuro, decorado com riscas onduladas horizontais, ricas em textura e camadas. O interior \u00e9 branco puro, criando um contraste de cores marcante, visualmente deslumbrante e conveniente para observar o estado de cozedura dos alimentos.<\/li>\n\n\n\n<li><strong>Material duradouro: <\/strong>Estes conjuntos de utens\u00edlios de pastelaria personalizados atrav\u00e9s de cozedura a alta temperatura, t\u00eam uma elevada dureza, boa estabilidade, resist\u00eancia a altas temperaturas, resist\u00eancia \u00e0 deforma\u00e7\u00e3o e vida \u00fatil a longo prazo.<\/li>\n\n\n\n<li><strong>V\u00e1rios tamanhos: <\/strong>Estas formas para bolos por atacado t\u00eam 3 tamanhos diferentes de pratos de cozedura para satisfazer v\u00e1rias necessidades culin\u00e1rias, como cozer pastelaria pequena, legumes ou carnes grandes, frangos inteiros, etc.<\/li>\n\n\n\n<li><strong>Praticidade: <\/strong>Estes conjuntos de pastelaria personalizados de diferentes tamanhos podem ser encaixados uns nos outros para poupar espa\u00e7o de arruma\u00e7\u00e3o. As formas t\u00eam pegas brancas em ambos os lados para n\u00e3o serem dif\u00edceis de segurar, o que pode evitar queimaduras ao retirar do forno e torn\u00e1-las mais est\u00e1veis na utiliza\u00e7\u00e3o.<\/li>\n<\/ul>\n<\/div>\n\n\n\n<div class=\"wp-block-column is-layout-flow wp-block-column-is-layout-flow\">\n<figure class=\"wp-block-image size-full\"><img fetchpriority=\"high\" decoding=\"async\" width=\"2400\" height=\"2400\" src=\"https:\/\/jinhuaceramic.com\/wp-content\/uploads\/2025\/05\/Wholesale-Blue-Bakeware-Set-Custom-Ceramic-Baking-Dishes-Pans-in-Bulk-4.webp\" alt=\"Panelas de cer\u00e2mica azul para bolos por atacado, panelas personalizadas-1\" class=\"wp-image-9146\" srcset=\"https:\/\/jinhuaceramic.com\/wp-content\/uploads\/2025\/05\/Wholesale-Blue-Bakeware-Set-Custom-Ceramic-Baking-Dishes-Pans-in-Bulk-4.webp 2400w, https:\/\/jinhuaceramic.com\/wp-content\/uploads\/2025\/05\/Wholesale-Blue-Bakeware-Set-Custom-Ceramic-Baking-Dishes-Pans-in-Bulk-4-300x300.webp 300w, https:\/\/jinhuaceramic.com\/wp-content\/uploads\/2025\/05\/Wholesale-Blue-Bakeware-Set-Custom-Ceramic-Baking-Dishes-Pans-in-Bulk-4-150x150.webp 150w, https:\/\/jinhuaceramic.com\/wp-content\/uploads\/2025\/05\/Wholesale-Blue-Bakeware-Set-Custom-Ceramic-Baking-Dishes-Pans-in-Bulk-4-768x768.webp 768w, https:\/\/jinhuaceramic.com\/wp-content\/uploads\/2025\/05\/Wholesale-Blue-Bakeware-Set-Custom-Ceramic-Baking-Dishes-Pans-in-Bulk-4-12x12.webp 12w, https:\/\/jinhuaceramic.com\/wp-content\/uploads\/2025\/05\/Wholesale-Blue-Bakeware-Set-Custom-Ceramic-Baking-Dishes-Pans-in-Bulk-4-285x285.webp 285w, https:\/\/jinhuaceramic.com\/wp-content\/uploads\/2025\/05\/Wholesale-Blue-Bakeware-Set-Custom-Ceramic-Baking-Dishes-Pans-in-Bulk-4-1600x1600.webp 1600w, https:\/\/jinhuaceramic.com\/wp-content\/uploads\/2025\/05\/Wholesale-Blue-Bakeware-Set-Custom-Ceramic-Baking-Dishes-Pans-in-Bulk-4-270x270.webp 270w, https:\/\/jinhuaceramic.com\/wp-content\/uploads\/2025\/05\/Wholesale-Blue-Bakeware-Set-Custom-Ceramic-Baking-Dishes-Pans-in-Bulk-4-540x540.webp 540w, https:\/\/jinhuaceramic.com\/wp-content\/uploads\/2025\/05\/Wholesale-Blue-Bakeware-Set-Custom-Ceramic-Baking-Dishes-Pans-in-Bulk-4-660x660.webp 660w\" sizes=\"(max-width: 2400px) 100vw, 2400px\" \/><\/figure>\n<\/div>\n<\/div>","protected":false},"excerpt":{"rendered":"<p>Bem-vindo \u00e0 compra de conjuntos de pastelaria personalizados. Estas formas para bolos azuis s\u00e3o muito populares devido ao seu design elegante, material cer\u00e2mico dur\u00e1vel, v\u00e1rios tamanhos para satisfazer diferentes necessidades de cozedura e design pr\u00e1tico empilh\u00e1vel e de orelha dupla.<\/p>","protected":false},"featured_media":9147,"comment_status":"closed","ping_status":"closed","template":"","meta":{"_acf_changed":false},"product_brand":[],"product_cat":[53],"product_tag":[71],"class_list":{"0":"post-9143","1":"product","2":"type-product","3":"status-publish","4":"has-post-thumbnail","6":"product_cat-bakeware-in-bulk","7":"product_tag-wholesale-baking-pans","9":"first","10":"instock","11":"shipping-taxable","12":"product-type-simple"},"acf":[],"_links":{"self":[{"href":"https:\/\/jinhuaceramic.com\/pt\/wp-json\/wp\/v2\/product\/9143","targetHints":{"allow":["GET"]}}],"collection":[{"href":"https:\/\/jinhuaceramic.com\/pt\/wp-json\/wp\/v2\/product"}],"about":[{"href":"https:\/\/jinhuaceramic.com\/pt\/wp-json\/wp\/v2\/types\/product"}],"replies":[{"embeddable":true,"href":"https:\/\/jinhuaceramic.com\/pt\/wp-json\/wp\/v2\/comments?post=9143"}],"version-history":[{"count":0,"href":"https:\/\/jinhuaceramic.com\/pt\/wp-json\/wp\/v2\/product\/9143\/revisions"}],"wp:featuredmedia":[{"embeddable":true,"href":"https:\/\/jinhuaceramic.com\/pt\/wp-json\/wp\/v2\/media\/9147"}],"wp:attachment":[{"href":"https:\/\/jinhuaceramic.com\/pt\/wp-json\/wp\/v2\/media?parent=9143"}],"wp:term":[{"taxonomy":"product_brand","embeddable":true,"href":"https:\/\/jinhuaceramic.com\/pt\/wp-json\/wp\/v2\/product_brand?post=9143"},{"taxonomy":"product_cat","embeddable":true,"href":"https:\/\/jinhuaceramic.com\/pt\/wp-json\/wp\/v2\/product_cat?post=9143"},{"taxonomy":"product_tag","embeddable":true,"href":"https:\/\/jinhuaceramic.com\/pt\/wp-json\/wp\/v2\/product_tag?post=9143"}],"curies":[{"name":"wp","href":"https:\/\/api.w.org\/{rel}","templated":true}]}}