{"id":9164,"date":"2025-06-03T02:17:46","date_gmt":"2025-06-03T02:17:46","guid":{"rendered":"https:\/\/jinhuaceramic.com\/?post_type=product&#038;p=9164"},"modified":"2025-06-03T03:20:26","modified_gmt":"2025-06-03T03:20:26","slug":"ceramic-ramekin-bulk","status":"publish","type":"product","link":"https:\/\/jinhuaceramic.com\/pt\/product\/ceramic-ramekin-bulk\/","title":{"rendered":"Pequeno Ramequim de Cer\u00e2mica para Cozimento a granel, Copos de Souffl\u00e9 de Cer\u00e2mica por atacado para Cozinha"},"content":{"rendered":"<div class=\"wp-block-columns is-layout-flex wp-container-core-columns-is-layout-9d6595d7 wp-block-columns-is-layout-flex\">\n<div class=\"wp-block-column is-layout-flow wp-block-column-is-layout-flow\">\n<h3 class=\"wp-block-heading\">Premium Baking Ceramic Ramekin bulk\u00a0Features:<\/h3>\n\n\n\n<ul class=\"wp-block-list\">\n<li><strong>Design r\u00fastico: <\/strong>The ceramic ramekin bulk features a cute two-tone look, with the top half being a clean white and the bottom half a warm rustic light brown color. The simple horizontal textures on the surface provide visual interest and feature a slight texture for better grip, ensuring it will stay in place in your hands.<\/li>\n\n\n\n<li><strong>High Quality Ceramics:<\/strong> Made from high-quality ceramics that can withstand high heat, the ceramic ramekin bulk is a versatile and durable product. They are designed not only to retain shape, but also integrity through repeated use in ovens, microwaves, and more. The cooking vessels show quality, as they resist deformation at high temperatures.<\/li>\n\n\n\n<li><strong>Versatilidade: <\/strong>With a 4oz capacity, these ceramic souffle cups wholesale are perfect for whipping up individual desserts including cupcakes, caramel pudding, custard pastries and souffles. They can be used for much more than dessert, such as fruits, pastries, and even dips are perfect for serving.<\/li>\n\n\n\n<li><strong>Stackable &amp; Easy to Clean: <\/strong>These ceramic souffle cups wholesale are stackable, which is a real space-saver in your kitchen. Plus, their smooth surface makes it tough for food residues to stick, so cleaning them is a breeze.<\/li>\n<\/ul>\n<\/div>\n\n\n\n<div class=\"wp-block-column is-layout-flow wp-block-column-is-layout-flow\">\n<figure class=\"wp-block-image size-full\"><img fetchpriority=\"high\" decoding=\"async\" width=\"1500\" height=\"1500\" src=\"https:\/\/jinhuaceramic.com\/wp-content\/uploads\/2025\/05\/Bulk-Small-Baking-Ramekin-Ceramic-Wholesale-Souffle-Cups-for-Kitchen-4.webp\" alt=\"small-baking-ceramic-ramekin-bulk-ceramic-souffle-cups-wholesale-4\" class=\"wp-image-9167\" srcset=\"https:\/\/jinhuaceramic.com\/wp-content\/uploads\/2025\/05\/Bulk-Small-Baking-Ramekin-Ceramic-Wholesale-Souffle-Cups-for-Kitchen-4.webp 1500w, https:\/\/jinhuaceramic.com\/wp-content\/uploads\/2025\/05\/Bulk-Small-Baking-Ramekin-Ceramic-Wholesale-Souffle-Cups-for-Kitchen-4-300x300.webp 300w, https:\/\/jinhuaceramic.com\/wp-content\/uploads\/2025\/05\/Bulk-Small-Baking-Ramekin-Ceramic-Wholesale-Souffle-Cups-for-Kitchen-4-150x150.webp 150w, https:\/\/jinhuaceramic.com\/wp-content\/uploads\/2025\/05\/Bulk-Small-Baking-Ramekin-Ceramic-Wholesale-Souffle-Cups-for-Kitchen-4-768x768.webp 768w, https:\/\/jinhuaceramic.com\/wp-content\/uploads\/2025\/05\/Bulk-Small-Baking-Ramekin-Ceramic-Wholesale-Souffle-Cups-for-Kitchen-4-12x12.webp 12w, https:\/\/jinhuaceramic.com\/wp-content\/uploads\/2025\/05\/Bulk-Small-Baking-Ramekin-Ceramic-Wholesale-Souffle-Cups-for-Kitchen-4-285x285.webp 285w, https:\/\/jinhuaceramic.com\/wp-content\/uploads\/2025\/05\/Bulk-Small-Baking-Ramekin-Ceramic-Wholesale-Souffle-Cups-for-Kitchen-4-270x270.webp 270w, https:\/\/jinhuaceramic.com\/wp-content\/uploads\/2025\/05\/Bulk-Small-Baking-Ramekin-Ceramic-Wholesale-Souffle-Cups-for-Kitchen-4-540x540.webp 540w, https:\/\/jinhuaceramic.com\/wp-content\/uploads\/2025\/05\/Bulk-Small-Baking-Ramekin-Ceramic-Wholesale-Souffle-Cups-for-Kitchen-4-660x660.webp 660w\" sizes=\"(max-width: 1500px) 100vw, 1500px\" \/><\/figure>\n<\/div>\n<\/div>","protected":false},"excerpt":{"rendered":"<p>Welcome to purchase our ceramic souffle cups wholesale. The small baking ceramic ramekin bulk boasts an incredibly cute rustic look, is made from durable high-temperature ceramic, is versatile, stackable, and easy to clean. They combine style and practicality as a superior product.<\/p>","protected":false},"featured_media":9169,"comment_status":"closed","ping_status":"closed","template":"","meta":{"_acf_changed":false},"product_brand":[],"product_cat":[53],"product_tag":[69],"class_list":{"0":"post-9164","1":"product","2":"type-product","3":"status-publish","4":"has-post-thumbnail","6":"product_cat-bakeware-in-bulk","7":"product_tag-bulk-ramekins","9":"first","10":"instock","11":"shipping-taxable","12":"product-type-simple"},"acf":[],"_links":{"self":[{"href":"https:\/\/jinhuaceramic.com\/pt\/wp-json\/wp\/v2\/product\/9164","targetHints":{"allow":["GET"]}}],"collection":[{"href":"https:\/\/jinhuaceramic.com\/pt\/wp-json\/wp\/v2\/product"}],"about":[{"href":"https:\/\/jinhuaceramic.com\/pt\/wp-json\/wp\/v2\/types\/product"}],"replies":[{"embeddable":true,"href":"https:\/\/jinhuaceramic.com\/pt\/wp-json\/wp\/v2\/comments?post=9164"}],"version-history":[{"count":0,"href":"https:\/\/jinhuaceramic.com\/pt\/wp-json\/wp\/v2\/product\/9164\/revisions"}],"wp:featuredmedia":[{"embeddable":true,"href":"https:\/\/jinhuaceramic.com\/pt\/wp-json\/wp\/v2\/media\/9169"}],"wp:attachment":[{"href":"https:\/\/jinhuaceramic.com\/pt\/wp-json\/wp\/v2\/media?parent=9164"}],"wp:term":[{"taxonomy":"product_brand","embeddable":true,"href":"https:\/\/jinhuaceramic.com\/pt\/wp-json\/wp\/v2\/product_brand?post=9164"},{"taxonomy":"product_cat","embeddable":true,"href":"https:\/\/jinhuaceramic.com\/pt\/wp-json\/wp\/v2\/product_cat?post=9164"},{"taxonomy":"product_tag","embeddable":true,"href":"https:\/\/jinhuaceramic.com\/pt\/wp-json\/wp\/v2\/product_tag?post=9164"}],"curies":[{"name":"wp","href":"https:\/\/api.w.org\/{rel}","templated":true}]}}