{"id":9173,"date":"2025-06-03T02:34:15","date_gmt":"2025-06-03T02:34:15","guid":{"rendered":"https:\/\/jinhuaceramic.com\/?post_type=product&#038;p=9173"},"modified":"2025-06-03T02:34:17","modified_gmt":"2025-06-03T02:34:17","slug":"custom-design-dinnerware","status":"publish","type":"product","link":"https:\/\/jinhuaceramic.com\/pt\/product\/custom-design-dinnerware\/","title":{"rendered":"Lou\u00e7a, pratos e ta\u00e7as com design personalizado em dois tons Venda por grosso"},"content":{"rendered":"<div class=\"wp-block-columns is-layout-flex wp-container-core-columns-is-layout-9d6595d7 wp-block-columns-is-layout-flex\">\n<div class=\"wp-block-column is-layout-flow wp-block-column-is-layout-flow\">\n<h3 class=\"wp-block-heading\">Servi\u00e7o de jantar Premium de dois tons com design personalizado Carater\u00edsticas:<\/h3>\n\n\n\n<ul class=\"wp-block-list\">\n<li><strong>Design elegante:<\/strong> A combina\u00e7\u00e3o de loi\u00e7a de design personalizado de bege claro no interior e azul claro no exterior destes conjuntos de loi\u00e7a personalizados d\u00e1 uma sensa\u00e7\u00e3o de frescura e naturalidade, com linhas de rebordo castanhas que acrescentam um toque de delicadeza. Todo o design enfatiza a simplicidade, mas acrescenta eleg\u00e2ncia que pode aumentar o prazer da sua experi\u00eancia gastron\u00f3mica.<\/li>\n\n\n\n<li><strong>Material duradouro: <\/strong>Estes pratos e ta\u00e7as por atacado s\u00e3o feitos de materiais cer\u00e2micos de alta qualidade, adicionados ap\u00f3s a cozedura a alta temperatura. S\u00e3o moderadamente duros, n\u00e3o racham nem riscam facilmente e t\u00eam carater\u00edsticas de limpeza quotidiana e de durabilidade.<\/li>\n\n\n\n<li><strong>Muito pr\u00e1tico: <\/strong>Estes conjuntos de loi\u00e7a de design personalizado s\u00e3o oferecidos em diferentes pratos e tigelas para proporcionar v\u00e1rias op\u00e7\u00f5es de tamanho. que podem satisfazer v\u00e1rias necessidades de refei\u00e7\u00f5es, tais como servir pratos principais, sopas, saladas, etc. S\u00e3o totalmente funcionais e adequados para refei\u00e7\u00f5es di\u00e1rias em fam\u00edlia ou pequenas reuni\u00f5es.<\/li>\n\n\n\n<li><strong>F\u00e1cil de limpar: <\/strong>Estes pratos e tigelas de cer\u00e2mica t\u00eam uma superf\u00edcie lisa e plana, os alimentos n\u00e3o ficar\u00e3o incrustados, como pode acontecer com o uso di\u00e1rio, uma vez que foram concebidos para uma limpeza f\u00e1cil. Tamb\u00e9m podem ser lavados numa m\u00e1quina de lavar lou\u00e7a, o que lhe proporcionar\u00e1 um tempo de limpeza f\u00e1cil, reduzindo assim a possibilidade de crescimento bacteriano para manter a higiene dos seus utens\u00edlios de mesa.<\/li>\n<\/ul>\n<\/div>\n\n\n\n<div class=\"wp-block-column is-layout-flow wp-block-column-is-layout-flow\">\n<figure class=\"wp-block-image size-full\"><img fetchpriority=\"high\" decoding=\"async\" width=\"800\" height=\"800\" src=\"https:\/\/jinhuaceramic.com\/wp-content\/uploads\/2025\/05\/Custom-Two-Tone-Tableware-Set-Ceramic-Dinner-Plates-Bowls-Set-in-Bulk-2.webp\" alt=\"pratos e ta\u00e7as de jantar com design personalizado de dois tons - venda por grosso-2\" class=\"wp-image-9174\" srcset=\"https:\/\/jinhuaceramic.com\/wp-content\/uploads\/2025\/05\/Custom-Two-Tone-Tableware-Set-Ceramic-Dinner-Plates-Bowls-Set-in-Bulk-2.webp 800w, https:\/\/jinhuaceramic.com\/wp-content\/uploads\/2025\/05\/Custom-Two-Tone-Tableware-Set-Ceramic-Dinner-Plates-Bowls-Set-in-Bulk-2-300x300.webp 300w, https:\/\/jinhuaceramic.com\/wp-content\/uploads\/2025\/05\/Custom-Two-Tone-Tableware-Set-Ceramic-Dinner-Plates-Bowls-Set-in-Bulk-2-150x150.webp 150w, https:\/\/jinhuaceramic.com\/wp-content\/uploads\/2025\/05\/Custom-Two-Tone-Tableware-Set-Ceramic-Dinner-Plates-Bowls-Set-in-Bulk-2-768x768.webp 768w, https:\/\/jinhuaceramic.com\/wp-content\/uploads\/2025\/05\/Custom-Two-Tone-Tableware-Set-Ceramic-Dinner-Plates-Bowls-Set-in-Bulk-2-12x12.webp 12w, https:\/\/jinhuaceramic.com\/wp-content\/uploads\/2025\/05\/Custom-Two-Tone-Tableware-Set-Ceramic-Dinner-Plates-Bowls-Set-in-Bulk-2-285x285.webp 285w, https:\/\/jinhuaceramic.com\/wp-content\/uploads\/2025\/05\/Custom-Two-Tone-Tableware-Set-Ceramic-Dinner-Plates-Bowls-Set-in-Bulk-2-270x270.webp 270w, https:\/\/jinhuaceramic.com\/wp-content\/uploads\/2025\/05\/Custom-Two-Tone-Tableware-Set-Ceramic-Dinner-Plates-Bowls-Set-in-Bulk-2-540x540.webp 540w, https:\/\/jinhuaceramic.com\/wp-content\/uploads\/2025\/05\/Custom-Two-Tone-Tableware-Set-Ceramic-Dinner-Plates-Bowls-Set-in-Bulk-2-660x660.webp 660w\" sizes=\"(max-width: 800px) 100vw, 800px\" \/><\/figure>\n<\/div>\n<\/div>\n\n\n\n<p><\/p>","protected":false},"excerpt":{"rendered":"<p>Bem-vindo a comprar os nossos pratos e ta\u00e7as de cer\u00e2mica por grosso. Estas pe\u00e7as de lou\u00e7a de design personalizado s\u00e3o elegantemente concebidas para se integrarem em v\u00e1rios estilos de mesa de jantar e ambientes de decora\u00e7\u00e3o de casa. Os materiais cer\u00e2micos s\u00e3o dur\u00e1veis e f\u00e1ceis de limpar, e a combina\u00e7\u00e3o de v\u00e1rios tamanhos de loi\u00e7a de mesa satisfaz v\u00e1rias necessidades de refei\u00e7\u00f5es, tornando estes conjuntos de loi\u00e7a de mesa esteticamente agrad\u00e1veis e pr\u00e1ticos.<\/p>","protected":false},"featured_media":9177,"comment_status":"closed","ping_status":"closed","template":"","meta":{"_acf_changed":false},"product_brand":[],"product_cat":[83,54],"product_tag":[],"class_list":{"0":"post-9173","1":"product","2":"type-product","3":"status-publish","4":"has-post-thumbnail","6":"product_cat-wholesale-dinnerware-sets","7":"product_cat-tableware-wholesale","9":"first","10":"instock","11":"shipping-taxable","12":"product-type-simple"},"acf":[],"_links":{"self":[{"href":"https:\/\/jinhuaceramic.com\/pt\/wp-json\/wp\/v2\/product\/9173","targetHints":{"allow":["GET"]}}],"collection":[{"href":"https:\/\/jinhuaceramic.com\/pt\/wp-json\/wp\/v2\/product"}],"about":[{"href":"https:\/\/jinhuaceramic.com\/pt\/wp-json\/wp\/v2\/types\/product"}],"replies":[{"embeddable":true,"href":"https:\/\/jinhuaceramic.com\/pt\/wp-json\/wp\/v2\/comments?post=9173"}],"version-history":[{"count":0,"href":"https:\/\/jinhuaceramic.com\/pt\/wp-json\/wp\/v2\/product\/9173\/revisions"}],"wp:featuredmedia":[{"embeddable":true,"href":"https:\/\/jinhuaceramic.com\/pt\/wp-json\/wp\/v2\/media\/9177"}],"wp:attachment":[{"href":"https:\/\/jinhuaceramic.com\/pt\/wp-json\/wp\/v2\/media?parent=9173"}],"wp:term":[{"taxonomy":"product_brand","embeddable":true,"href":"https:\/\/jinhuaceramic.com\/pt\/wp-json\/wp\/v2\/product_brand?post=9173"},{"taxonomy":"product_cat","embeddable":true,"href":"https:\/\/jinhuaceramic.com\/pt\/wp-json\/wp\/v2\/product_cat?post=9173"},{"taxonomy":"product_tag","embeddable":true,"href":"https:\/\/jinhuaceramic.com\/pt\/wp-json\/wp\/v2\/product_tag?post=9173"}],"curies":[{"name":"wp","href":"https:\/\/api.w.org\/{rel}","templated":true}]}}