{"id":9181,"date":"2025-06-03T04:03:25","date_gmt":"2025-06-03T04:03:25","guid":{"rendered":"https:\/\/jinhuaceramic.com\/?post_type=product&#038;p=9181"},"modified":"2025-06-03T04:03:28","modified_gmt":"2025-06-03T04:03:28","slug":"candlestick-bulk","status":"publish","type":"product","link":"https:\/\/jinhuaceramic.com\/pt\/product\/candlestick-bulk\/","title":{"rendered":"Casti\u00e7al bonito a granel com forma de cogumelo, casti\u00e7al de cer\u00e2mica personalizado"},"content":{"rendered":"<div class=\"wp-block-columns is-layout-flex wp-container-core-columns-is-layout-9d6595d7 wp-block-columns-is-layout-flex\">\n<div class=\"wp-block-column is-layout-flow wp-block-column-is-layout-flow\">\n<h3 class=\"wp-block-heading\">Casti\u00e7al de qualidade superior a granel Carater\u00edsticas:<\/h3>\n\n\n\n<ul class=\"wp-block-list\">\n<li><strong>Design giro: <\/strong>A maioria dos casti\u00e7ais \u00e9 em forma de cogumelo, com um design minimalista e l\u00fadico, que pode criar uma atmosfera animada em casa. Os casti\u00e7ais est\u00e3o dispon\u00edveis nas op\u00e7\u00f5es de cores Morandi, verde claro, branco, rosa claro e amarelo claro, todas elas cores calmantes e terap\u00eauticas que, por conseguinte, fazem com que as pessoas se sintam quentes e acolhedoras.<\/li>\n\n\n\n<li><strong>Material duradouro: <\/strong>Este casti\u00e7al personalizado \u00e9 feito de materiais cer\u00e2micos de alta qualidade que foram cozidos a altas temperaturas, possuem algum n\u00edvel de dureza e resist\u00eancia a altas temperaturas e s\u00e3o seguros para segurar uma vela viva.<\/li>\n\n\n\n<li><strong>V\u00e1rios tamanhos: <\/strong>O casti\u00e7al maiorit\u00e1rio existe em dois tamanhos e tem orif\u00edcios para velas de di\u00e2metros diferentes, pelo que tamb\u00e9m pode ser considerado para colocar velas de tamanhos diferentes. T\u00eam mais op\u00e7\u00f5es compat\u00edveis e podem ser combinados de forma intercambi\u00e1vel e colocados de acordo com as necessidades.<\/li>\n\n\n\n<li><strong>Forte car\u00e1cter pr\u00e1tico: <\/strong>O suporte de velas com um design \u00fanico e personalizado consegue apanhar os pingos de cera que resultam do acender das velas, para que n\u00e3o caiam diretamente sobre o tampo da mesa e fiquem protegidos. A estrutura inferior \u00e9 funcional e, quando as velas s\u00e3o a\u00ed colocadas, ficam resistentes e n\u00e3o tombam.<\/li>\n<\/ul>\n<\/div>\n\n\n\n<div class=\"wp-block-column is-layout-flow wp-block-column-is-layout-flow\">\n<figure class=\"wp-block-image size-full\"><img fetchpriority=\"high\" decoding=\"async\" width=\"800\" height=\"800\" src=\"https:\/\/jinhuaceramic.com\/wp-content\/uploads\/2025\/05\/Cute-Candle-Stick-with-Mushroom-Shape-Wholesale-Candle-Holders-Bulk-7.webp\" alt=\"casti\u00e7al-casti\u00e7al-bulk-com-forma-de-cogumelo-cer\u00e2mica-casti\u00e7al-personalizado-7\" class=\"wp-image-9187\" srcset=\"https:\/\/jinhuaceramic.com\/wp-content\/uploads\/2025\/05\/Cute-Candle-Stick-with-Mushroom-Shape-Wholesale-Candle-Holders-Bulk-7.webp 800w, https:\/\/jinhuaceramic.com\/wp-content\/uploads\/2025\/05\/Cute-Candle-Stick-with-Mushroom-Shape-Wholesale-Candle-Holders-Bulk-7-300x300.webp 300w, https:\/\/jinhuaceramic.com\/wp-content\/uploads\/2025\/05\/Cute-Candle-Stick-with-Mushroom-Shape-Wholesale-Candle-Holders-Bulk-7-150x150.webp 150w, https:\/\/jinhuaceramic.com\/wp-content\/uploads\/2025\/05\/Cute-Candle-Stick-with-Mushroom-Shape-Wholesale-Candle-Holders-Bulk-7-768x768.webp 768w, https:\/\/jinhuaceramic.com\/wp-content\/uploads\/2025\/05\/Cute-Candle-Stick-with-Mushroom-Shape-Wholesale-Candle-Holders-Bulk-7-12x12.webp 12w, https:\/\/jinhuaceramic.com\/wp-content\/uploads\/2025\/05\/Cute-Candle-Stick-with-Mushroom-Shape-Wholesale-Candle-Holders-Bulk-7-285x285.webp 285w, https:\/\/jinhuaceramic.com\/wp-content\/uploads\/2025\/05\/Cute-Candle-Stick-with-Mushroom-Shape-Wholesale-Candle-Holders-Bulk-7-270x270.webp 270w, https:\/\/jinhuaceramic.com\/wp-content\/uploads\/2025\/05\/Cute-Candle-Stick-with-Mushroom-Shape-Wholesale-Candle-Holders-Bulk-7-540x540.webp 540w, https:\/\/jinhuaceramic.com\/wp-content\/uploads\/2025\/05\/Cute-Candle-Stick-with-Mushroom-Shape-Wholesale-Candle-Holders-Bulk-7-660x660.webp 660w\" sizes=\"(max-width: 800px) 100vw, 800px\" \/><\/figure>\n<\/div>\n<\/div>","protected":false},"excerpt":{"rendered":"<p>Bem-vindo ao comprar o nosso casti\u00e7al de cer\u00e2mica personalizado. Este casti\u00e7al a granel \u00e9 popular principalmente devido \u00e0 sua interessante forma de cogumelo e cores suaves que se misturam bem com diversos estilos de casa e geram calor. Ao mesmo tempo, o material cer\u00e2mico dur\u00e1vel \u00e9 de alta qualidade, resistente ao calor e combina praticidade e decora\u00e7\u00e3o.<\/p>","protected":false},"featured_media":9182,"comment_status":"closed","ping_status":"closed","template":"","meta":{"_acf_changed":false},"product_brand":[],"product_cat":[52],"product_tag":[68],"class_list":{"0":"post-9181","1":"product","2":"type-product","3":"status-publish","4":"has-post-thumbnail","6":"product_cat-wholesale-candle-containers","7":"product_tag-ceramic-candlesticks-bulk","9":"first","10":"instock","11":"shipping-taxable","12":"product-type-simple"},"acf":[],"_links":{"self":[{"href":"https:\/\/jinhuaceramic.com\/pt\/wp-json\/wp\/v2\/product\/9181","targetHints":{"allow":["GET"]}}],"collection":[{"href":"https:\/\/jinhuaceramic.com\/pt\/wp-json\/wp\/v2\/product"}],"about":[{"href":"https:\/\/jinhuaceramic.com\/pt\/wp-json\/wp\/v2\/types\/product"}],"replies":[{"embeddable":true,"href":"https:\/\/jinhuaceramic.com\/pt\/wp-json\/wp\/v2\/comments?post=9181"}],"version-history":[{"count":0,"href":"https:\/\/jinhuaceramic.com\/pt\/wp-json\/wp\/v2\/product\/9181\/revisions"}],"wp:featuredmedia":[{"embeddable":true,"href":"https:\/\/jinhuaceramic.com\/pt\/wp-json\/wp\/v2\/media\/9182"}],"wp:attachment":[{"href":"https:\/\/jinhuaceramic.com\/pt\/wp-json\/wp\/v2\/media?parent=9181"}],"wp:term":[{"taxonomy":"product_brand","embeddable":true,"href":"https:\/\/jinhuaceramic.com\/pt\/wp-json\/wp\/v2\/product_brand?post=9181"},{"taxonomy":"product_cat","embeddable":true,"href":"https:\/\/jinhuaceramic.com\/pt\/wp-json\/wp\/v2\/product_cat?post=9181"},{"taxonomy":"product_tag","embeddable":true,"href":"https:\/\/jinhuaceramic.com\/pt\/wp-json\/wp\/v2\/product_tag?post=9181"}],"curies":[{"name":"wp","href":"https:\/\/api.w.org\/{rel}","templated":true}]}}