{"id":9192,"date":"2025-06-03T03:18:32","date_gmt":"2025-06-03T03:18:32","guid":{"rendered":"https:\/\/jinhuaceramic.com\/?post_type=product&#038;p=9192"},"modified":"2025-06-03T03:18:34","modified_gmt":"2025-06-03T03:18:34","slug":"candle-vessels-in-bulk","status":"publish","type":"product","link":"https:\/\/jinhuaceramic.com\/pt\/product\/candle-vessels-in-bulk\/","title":{"rendered":"Recipientes para velas a granel com v\u00e1rias cores, frascos para velas em cer\u00e2mica personalizados"},"content":{"rendered":"<div class=\"wp-block-columns is-layout-flex wp-container-core-columns-is-layout-9d6595d7 wp-block-columns-is-layout-flex\">\n<div class=\"wp-block-column is-layout-flow wp-block-column-is-layout-flow\">\n<h3 class=\"wp-block-heading\">Vasos de vela Premium a granel Carater\u00edsticas:<\/h3>\n\n\n\n<ul class=\"wp-block-list\">\n<li><strong>Design refinado: <\/strong>Simples mas de design refinado, estes frascos para velas em cer\u00e2mica personalizados com texturas irregulares c\u00f4ncavas e convexas na superf\u00edcie, design visualmente estratificado e divers\u00e3o t\u00e1til, tornam-nos \u00fanicos em termos de design mas simples para real\u00e7ar a beleza geral do espa\u00e7o.<\/li>\n\n\n\n<li><strong>V\u00e1rias cores: <\/strong>Estes recipientes para velas a granel s\u00e3o produzidos em v\u00e1rias cores suaves, como azul, verde, rosa, roxo, cinzento, branco, creme, etc., libertando um ambiente acolhedor. Os clientes podem escolher de acordo com o seu desejo ou com o interior da casa.<\/li>\n\n\n\n<li><strong>Alta qualidade: <\/strong>Estes recipientes para velas em cer\u00e2mica s\u00e3o fabricados a granel com argila cer\u00e2mica de alta qualidade, com elevada dureza e boa resist\u00eancia ao calor. Estes recipientes foram cozinhados a altas temperaturas, o que os torna menos suscept\u00edveis de se deformarem ou partirem quando funcionam normalmente durante o processo de queima da vela, para permitir uma utiliza\u00e7\u00e3o segura!<\/li>\n\n\n\n<li><strong>Reutiliz\u00e1vel:<\/strong> Estes frascos de vela em cer\u00e2mica personalizados podem ser reutilizados. Depois de queimada a vela, o casti\u00e7al pode ser limpo e utilizado como porta-canetas ou como um pequeno vaso de flores para um fim secund\u00e1rio.<\/li>\n<\/ul>\n<\/div>\n\n\n\n<div class=\"wp-block-column is-layout-flow wp-block-column-is-layout-flow\">\n<figure class=\"wp-block-image size-full\"><img fetchpriority=\"high\" decoding=\"async\" width=\"527\" height=\"564\" src=\"https:\/\/jinhuaceramic.com\/wp-content\/uploads\/2025\/05\/Wholesale-Candle-Vessel-With-Various-Colors-Ceramic-Candle-Jar-In-Bulk-5.webp\" alt=\"vasos de velas a granel com v\u00e1rias cores - vasos de velas de cer\u00e2mica personalizados - 5\" class=\"wp-image-9196\" srcset=\"https:\/\/jinhuaceramic.com\/wp-content\/uploads\/2025\/05\/Wholesale-Candle-Vessel-With-Various-Colors-Ceramic-Candle-Jar-In-Bulk-5.webp 527w, https:\/\/jinhuaceramic.com\/wp-content\/uploads\/2025\/05\/Wholesale-Candle-Vessel-With-Various-Colors-Ceramic-Candle-Jar-In-Bulk-5-280x300.webp 280w, https:\/\/jinhuaceramic.com\/wp-content\/uploads\/2025\/05\/Wholesale-Candle-Vessel-With-Various-Colors-Ceramic-Candle-Jar-In-Bulk-5-11x12.webp 11w, https:\/\/jinhuaceramic.com\/wp-content\/uploads\/2025\/05\/Wholesale-Candle-Vessel-With-Various-Colors-Ceramic-Candle-Jar-In-Bulk-5-285x305.webp 285w, https:\/\/jinhuaceramic.com\/wp-content\/uploads\/2025\/05\/Wholesale-Candle-Vessel-With-Various-Colors-Ceramic-Candle-Jar-In-Bulk-5-140x150.webp 140w\" sizes=\"(max-width: 527px) 100vw, 527px\" \/><\/figure>\n<\/div>\n<\/div>","protected":false},"excerpt":{"rendered":"<p>Bem-vindo a comprar os nossos recipientes para velas a granel. Frascos para velas em cer\u00e2mica personalizados com um design simples mas elegante! Com muitas cores suaves para combinar com muitos estilos de decora\u00e7\u00e3o de casa. Para al\u00e9m disso, o material cer\u00e2mico \u00e9 dur\u00e1vel e resistente ao calor; os recipientes para velas em cer\u00e2mica podem ser reutilizados, o que os torna bonitas decora\u00e7\u00f5es para a casa com um elemento de praticidade.<\/p>","protected":false},"featured_media":9193,"comment_status":"closed","ping_status":"closed","template":"","meta":{"_acf_changed":false},"product_brand":[],"product_cat":[52],"product_tag":[66],"class_list":{"0":"post-9192","1":"product","2":"type-product","3":"status-publish","4":"has-post-thumbnail","6":"product_cat-wholesale-candle-containers","7":"product_tag-candle-jars-wholesale","9":"first","10":"instock","11":"shipping-taxable","12":"product-type-simple"},"acf":[],"_links":{"self":[{"href":"https:\/\/jinhuaceramic.com\/pt\/wp-json\/wp\/v2\/product\/9192","targetHints":{"allow":["GET"]}}],"collection":[{"href":"https:\/\/jinhuaceramic.com\/pt\/wp-json\/wp\/v2\/product"}],"about":[{"href":"https:\/\/jinhuaceramic.com\/pt\/wp-json\/wp\/v2\/types\/product"}],"replies":[{"embeddable":true,"href":"https:\/\/jinhuaceramic.com\/pt\/wp-json\/wp\/v2\/comments?post=9192"}],"version-history":[{"count":0,"href":"https:\/\/jinhuaceramic.com\/pt\/wp-json\/wp\/v2\/product\/9192\/revisions"}],"wp:featuredmedia":[{"embeddable":true,"href":"https:\/\/jinhuaceramic.com\/pt\/wp-json\/wp\/v2\/media\/9193"}],"wp:attachment":[{"href":"https:\/\/jinhuaceramic.com\/pt\/wp-json\/wp\/v2\/media?parent=9192"}],"wp:term":[{"taxonomy":"product_brand","embeddable":true,"href":"https:\/\/jinhuaceramic.com\/pt\/wp-json\/wp\/v2\/product_brand?post=9192"},{"taxonomy":"product_cat","embeddable":true,"href":"https:\/\/jinhuaceramic.com\/pt\/wp-json\/wp\/v2\/product_cat?post=9192"},{"taxonomy":"product_tag","embeddable":true,"href":"https:\/\/jinhuaceramic.com\/pt\/wp-json\/wp\/v2\/product_tag?post=9192"}],"curies":[{"name":"wp","href":"https:\/\/api.w.org\/{rel}","templated":true}]}}