{"id":9236,"date":"2025-06-06T07:56:45","date_gmt":"2025-06-06T07:56:45","guid":{"rendered":"https:\/\/jinhuaceramic.com\/?post_type=product&#038;p=9236"},"modified":"2025-06-06T07:56:46","modified_gmt":"2025-06-06T07:56:46","slug":"unique-candle-containers-bulk","status":"publish","type":"product","link":"https:\/\/jinhuaceramic.com\/pt\/product\/unique-candle-containers-bulk\/","title":{"rendered":"Recipientes de vela \u00fanicos a granel, vasos de vela vazios de cer\u00e2mica por atacado"},"content":{"rendered":"<div class=\"wp-block-columns is-layout-flex wp-container-core-columns-is-layout-9d6595d7 wp-block-columns-is-layout-flex\">\n<div class=\"wp-block-column is-layout-flow wp-block-column-is-layout-flow\">\n<h3 class=\"wp-block-heading\">Recipientes para velas Premium Unique Bulk Carater\u00edsticas:<\/h3>\n\n\n\n<ul class=\"wp-block-list\">\n<li><strong>Forma \u00fanica: <\/strong>Estes frascos para velas personalizados s\u00e3o cil\u00edndricos e t\u00eam uma curva transparente c\u00f4ncava e convexa no fundo, o que provoca uma curva em forma de \u201ccaba\u00e7a\u201d, tornando os frascos para velas \u00fanicos e mais interessantes e criando uma melhor fixa\u00e7\u00e3o, para que n\u00e3o escorreguem facilmente.<\/li>\n\n\n\n<li><strong>Vers\u00e1til em branco:<\/strong> Estes recipientes para velas \u00fanicos s\u00e3o apresentados em branco, uma cor suave e interdenominacional que se enquadra facilmente em qualquer esquema de decora\u00e7\u00e3o de casa, desde moderno a n\u00f3rdico, japon\u00eas ou minimalista.<\/li>\n\n\n\n<li><strong>Material duradouro:<\/strong> Estes recipientes para velas exclusivos s\u00e3o fabricados com material cer\u00e2mico da melhor qualidade e cozedura a alta temperatura, pelo que s\u00e3o duros, duradouros e resistentes ao calor. N\u00e3o estalam com o calor das velas e s\u00e3o seguros de utilizar.<\/li>\n\n\n\n<li><strong>Reutiliz\u00e1vel: <\/strong>Estes recipientes de cer\u00e2mica para velas podem ser reutilizados e, depois de a vela ser apagada, estes suportes de cer\u00e2mica \u00fanicos podem ser lavados e reutilizados como mini vasos, suportes para canetas, suportes para pinc\u00e9is de maquilhagem, suportes para escovas de dentes, etc., que s\u00e3o amigos do ambiente e multifuncionais.<\/li>\n<\/ul>\n<\/div>\n\n\n\n<div class=\"wp-block-column is-layout-flow wp-block-column-is-layout-flow\">\n<figure class=\"wp-block-image size-full\"><img fetchpriority=\"high\" decoding=\"async\" width=\"800\" height=\"800\" src=\"https:\/\/jinhuaceramic.com\/wp-content\/uploads\/2025\/06\/Unique-Bulk-Empty-Candle-Jars-Ceramic-Candle-Vessels-Wholesale-7.webp\" alt=\"Recipientes para velas \u00fanicos - recipientes para velas a granel - recipientes para velas vazios em cer\u00e2mica - venda por grosso-7\" class=\"wp-image-9242\" srcset=\"https:\/\/jinhuaceramic.com\/wp-content\/uploads\/2025\/06\/Unique-Bulk-Empty-Candle-Jars-Ceramic-Candle-Vessels-Wholesale-7.webp 800w, https:\/\/jinhuaceramic.com\/wp-content\/uploads\/2025\/06\/Unique-Bulk-Empty-Candle-Jars-Ceramic-Candle-Vessels-Wholesale-7-300x300.webp 300w, https:\/\/jinhuaceramic.com\/wp-content\/uploads\/2025\/06\/Unique-Bulk-Empty-Candle-Jars-Ceramic-Candle-Vessels-Wholesale-7-150x150.webp 150w, https:\/\/jinhuaceramic.com\/wp-content\/uploads\/2025\/06\/Unique-Bulk-Empty-Candle-Jars-Ceramic-Candle-Vessels-Wholesale-7-768x768.webp 768w, https:\/\/jinhuaceramic.com\/wp-content\/uploads\/2025\/06\/Unique-Bulk-Empty-Candle-Jars-Ceramic-Candle-Vessels-Wholesale-7-12x12.webp 12w, https:\/\/jinhuaceramic.com\/wp-content\/uploads\/2025\/06\/Unique-Bulk-Empty-Candle-Jars-Ceramic-Candle-Vessels-Wholesale-7-285x285.webp 285w, https:\/\/jinhuaceramic.com\/wp-content\/uploads\/2025\/06\/Unique-Bulk-Empty-Candle-Jars-Ceramic-Candle-Vessels-Wholesale-7-270x270.webp 270w, https:\/\/jinhuaceramic.com\/wp-content\/uploads\/2025\/06\/Unique-Bulk-Empty-Candle-Jars-Ceramic-Candle-Vessels-Wholesale-7-540x540.webp 540w, https:\/\/jinhuaceramic.com\/wp-content\/uploads\/2025\/06\/Unique-Bulk-Empty-Candle-Jars-Ceramic-Candle-Vessels-Wholesale-7-660x660.webp 660w\" sizes=\"(max-width: 800px) 100vw, 800px\" \/><\/figure>\n<\/div>\n<\/div>","protected":false},"excerpt":{"rendered":"<p>Bem-vindo a comprar os nossos recipientes para velas \u00fanicos a granel. As vantagens destes frascos para velas de cer\u00e2mica por atacado s\u00e3o a sua forma ergon\u00f3mica e \u00fanica, a cor lisa e universal, a textura do material cer\u00e2mico e a reutiliza\u00e7\u00e3o e universalidade. Com igual foco na funcionalidade e est\u00e9tica, esses potes para velas podem transmitir um pouco de arte e calor ao ambiente dom\u00e9stico.<\/p>","protected":false},"featured_media":9243,"comment_status":"closed","ping_status":"closed","template":"","meta":{"_acf_changed":false},"product_brand":[],"product_cat":[52],"product_tag":[66],"class_list":{"0":"post-9236","1":"product","2":"type-product","3":"status-publish","4":"has-post-thumbnail","6":"product_cat-wholesale-candle-containers","7":"product_tag-candle-jars-wholesale","9":"first","10":"instock","11":"shipping-taxable","12":"product-type-simple"},"acf":[],"_links":{"self":[{"href":"https:\/\/jinhuaceramic.com\/pt\/wp-json\/wp\/v2\/product\/9236","targetHints":{"allow":["GET"]}}],"collection":[{"href":"https:\/\/jinhuaceramic.com\/pt\/wp-json\/wp\/v2\/product"}],"about":[{"href":"https:\/\/jinhuaceramic.com\/pt\/wp-json\/wp\/v2\/types\/product"}],"replies":[{"embeddable":true,"href":"https:\/\/jinhuaceramic.com\/pt\/wp-json\/wp\/v2\/comments?post=9236"}],"version-history":[{"count":0,"href":"https:\/\/jinhuaceramic.com\/pt\/wp-json\/wp\/v2\/product\/9236\/revisions"}],"wp:featuredmedia":[{"embeddable":true,"href":"https:\/\/jinhuaceramic.com\/pt\/wp-json\/wp\/v2\/media\/9243"}],"wp:attachment":[{"href":"https:\/\/jinhuaceramic.com\/pt\/wp-json\/wp\/v2\/media?parent=9236"}],"wp:term":[{"taxonomy":"product_brand","embeddable":true,"href":"https:\/\/jinhuaceramic.com\/pt\/wp-json\/wp\/v2\/product_brand?post=9236"},{"taxonomy":"product_cat","embeddable":true,"href":"https:\/\/jinhuaceramic.com\/pt\/wp-json\/wp\/v2\/product_cat?post=9236"},{"taxonomy":"product_tag","embeddable":true,"href":"https:\/\/jinhuaceramic.com\/pt\/wp-json\/wp\/v2\/product_tag?post=9236"}],"curies":[{"name":"wp","href":"https:\/\/api.w.org\/{rel}","templated":true}]}}