{"id":9249,"date":"2025-06-06T08:24:24","date_gmt":"2025-06-06T08:24:24","guid":{"rendered":"https:\/\/jinhuaceramic.com\/?post_type=product&#038;p=9249"},"modified":"2025-06-06T08:24:26","modified_gmt":"2025-06-06T08:24:26","slug":"modern-candle-jars-wholesale","status":"publish","type":"product","link":"https:\/\/jinhuaceramic.com\/pt\/product\/modern-candle-jars-wholesale\/","title":{"rendered":"Frascos de velas modernos e brilhantes por atacado, vasos de velas por atacado em v\u00e1rias cores"},"content":{"rendered":"<div class=\"wp-block-columns is-layout-flex wp-container-core-columns-is-layout-9d6595d7 wp-block-columns-is-layout-flex\">\n<div class=\"wp-block-column is-layout-flow wp-block-column-is-layout-flow\">\n<h3 class=\"wp-block-heading\">Frascos para velas modernos de qualidade superior Carater\u00edsticas por atacado:<\/h3>\n\n\n\n<ul class=\"wp-block-list\">\n<li><strong>Forma especial: <\/strong>Estes casti\u00e7ais personalizados t\u00eam uma forma especial de tr\u00eas donuts empilhados uns sobre os outros. Estes frascos para velas destacam-se dos habituais designs de tubo reto; s\u00e3o art\u00edsticos e decorativos, acrescentando beleza a qualquer espa\u00e7o.<\/li>\n\n\n\n<li><strong>Uma gama de cores brilhantes: <\/strong>Estes modernos frascos de velas por grosso est\u00e3o dispon\u00edveis em v\u00e1rias cores, incluindo preto, rosa, dourado, prateado e muito mais. Os clientes podem escolher os seus favoritos com base no seu estilo pessoal ou na decora\u00e7\u00e3o da casa. Os frascos t\u00eam um acabamento brilhante, dando-lhes um aspeto luxuoso e elegante.<\/li>\n\n\n\n<li><strong>Material cer\u00e2mico de alta qualidade: <\/strong>Estes casti\u00e7ais de cer\u00e2mica de alta qualidade s\u00e3o ligeiramente duros, resistentes a riscos e quebras e duradouros por longos per\u00edodos. O material cer\u00e2mico \u00e9 tamb\u00e9m resistente ao calor e pode ser utilizado para queimar velas de uma forma segura e perfeita.<\/li>\n\n\n\n<li><strong>Versatilidade: <\/strong>Estes modernos frascos de velas por atacado podem ser utilizados como casti\u00e7ais, ou como porta-canetas, porta-escovas de dentes ou como frascos para quaisquer outros artigos pequenos depois de as velas se queimarem, e \u00e9 um pensamento muito amigo do ambiente.<\/li>\n<\/ul>\n<\/div>\n\n\n\n<div class=\"wp-block-column is-layout-flow wp-block-column-is-layout-flow\">\n<figure class=\"wp-block-image size-full\"><img fetchpriority=\"high\" decoding=\"async\" width=\"800\" height=\"800\" src=\"https:\/\/jinhuaceramic.com\/wp-content\/uploads\/2025\/06\/Wholesale-Shiny-Candle-Vessels-Custom-Candle-Jars-in-Various-Colors-5.webp\" alt=\"jarros de velas brilhantes-modernos-venda por grosso-vasos de velas em v\u00e1rias cores-5\" class=\"wp-image-9253\" srcset=\"https:\/\/jinhuaceramic.com\/wp-content\/uploads\/2025\/06\/Wholesale-Shiny-Candle-Vessels-Custom-Candle-Jars-in-Various-Colors-5.webp 800w, https:\/\/jinhuaceramic.com\/wp-content\/uploads\/2025\/06\/Wholesale-Shiny-Candle-Vessels-Custom-Candle-Jars-in-Various-Colors-5-300x300.webp 300w, https:\/\/jinhuaceramic.com\/wp-content\/uploads\/2025\/06\/Wholesale-Shiny-Candle-Vessels-Custom-Candle-Jars-in-Various-Colors-5-150x150.webp 150w, https:\/\/jinhuaceramic.com\/wp-content\/uploads\/2025\/06\/Wholesale-Shiny-Candle-Vessels-Custom-Candle-Jars-in-Various-Colors-5-768x768.webp 768w, https:\/\/jinhuaceramic.com\/wp-content\/uploads\/2025\/06\/Wholesale-Shiny-Candle-Vessels-Custom-Candle-Jars-in-Various-Colors-5-12x12.webp 12w, https:\/\/jinhuaceramic.com\/wp-content\/uploads\/2025\/06\/Wholesale-Shiny-Candle-Vessels-Custom-Candle-Jars-in-Various-Colors-5-285x285.webp 285w, https:\/\/jinhuaceramic.com\/wp-content\/uploads\/2025\/06\/Wholesale-Shiny-Candle-Vessels-Custom-Candle-Jars-in-Various-Colors-5-270x270.webp 270w, https:\/\/jinhuaceramic.com\/wp-content\/uploads\/2025\/06\/Wholesale-Shiny-Candle-Vessels-Custom-Candle-Jars-in-Various-Colors-5-540x540.webp 540w, https:\/\/jinhuaceramic.com\/wp-content\/uploads\/2025\/06\/Wholesale-Shiny-Candle-Vessels-Custom-Candle-Jars-in-Various-Colors-5-660x660.webp 660w\" sizes=\"(max-width: 800px) 100vw, 800px\" \/><\/figure>\n<\/div>\n<\/div>","protected":false},"excerpt":{"rendered":"<p>Bem-vindo a comprar os nossos modernos frascos de velas por grosso. Estes recipientes de velas por atacado s\u00e3o feitos de material cer\u00e2mico dur\u00e1vel e s\u00e3o altamente funcionais. Ao mesmo tempo, eles t\u00eam formas \u00fanicas, superf\u00edcies brilhantes e uma variedade de cores para escolher. Estes frascos para velas n\u00e3o s\u00e3o apenas pr\u00e1ticos, mas tamb\u00e9m podem ser usados como decora\u00e7\u00e3o de casa, adicionando uma atmosfera calorosa e art\u00edstica ao espa\u00e7o.<\/p>","protected":false},"featured_media":9255,"comment_status":"closed","ping_status":"closed","template":"","meta":{"_acf_changed":false},"product_brand":[],"product_cat":[52],"product_tag":[66],"class_list":{"0":"post-9249","1":"product","2":"type-product","3":"status-publish","4":"has-post-thumbnail","6":"product_cat-wholesale-candle-containers","7":"product_tag-candle-jars-wholesale","9":"first","10":"instock","11":"shipping-taxable","12":"product-type-simple"},"acf":[],"_links":{"self":[{"href":"https:\/\/jinhuaceramic.com\/pt\/wp-json\/wp\/v2\/product\/9249","targetHints":{"allow":["GET"]}}],"collection":[{"href":"https:\/\/jinhuaceramic.com\/pt\/wp-json\/wp\/v2\/product"}],"about":[{"href":"https:\/\/jinhuaceramic.com\/pt\/wp-json\/wp\/v2\/types\/product"}],"replies":[{"embeddable":true,"href":"https:\/\/jinhuaceramic.com\/pt\/wp-json\/wp\/v2\/comments?post=9249"}],"version-history":[{"count":0,"href":"https:\/\/jinhuaceramic.com\/pt\/wp-json\/wp\/v2\/product\/9249\/revisions"}],"wp:featuredmedia":[{"embeddable":true,"href":"https:\/\/jinhuaceramic.com\/pt\/wp-json\/wp\/v2\/media\/9255"}],"wp:attachment":[{"href":"https:\/\/jinhuaceramic.com\/pt\/wp-json\/wp\/v2\/media?parent=9249"}],"wp:term":[{"taxonomy":"product_brand","embeddable":true,"href":"https:\/\/jinhuaceramic.com\/pt\/wp-json\/wp\/v2\/product_brand?post=9249"},{"taxonomy":"product_cat","embeddable":true,"href":"https:\/\/jinhuaceramic.com\/pt\/wp-json\/wp\/v2\/product_cat?post=9249"},{"taxonomy":"product_tag","embeddable":true,"href":"https:\/\/jinhuaceramic.com\/pt\/wp-json\/wp\/v2\/product_tag?post=9249"}],"curies":[{"name":"wp","href":"https:\/\/api.w.org\/{rel}","templated":true}]}}