{"id":9273,"date":"2025-06-10T03:31:54","date_gmt":"2025-06-10T03:31:54","guid":{"rendered":"https:\/\/jinhuaceramic.com\/?post_type=product&#038;p=9273"},"modified":"2025-06-10T03:31:55","modified_gmt":"2025-06-10T03:31:55","slug":"custom-baking-dishes","status":"publish","type":"product","link":"https:\/\/jinhuaceramic.com\/pt\/product\/custom-baking-dishes\/","title":{"rendered":"Assadeiras personalizadas quadradas vermelhas, assadeiras de cer\u00e2mica por atacado"},"content":{"rendered":"<div class=\"wp-block-columns is-layout-flex wp-container-core-columns-is-layout-9d6595d7 wp-block-columns-is-layout-flex\">\n<div class=\"wp-block-column is-layout-flow wp-block-column-is-layout-flow\">\n<h3 class=\"wp-block-heading\">Pratos para assar personalizados Premium Carater\u00edsticas:<\/h3>\n\n\n\n<ul class=\"wp-block-list\">\n<li><strong>Estilo campestre: <\/strong>Estas assadeiras personalizadas s\u00e3o vermelhas no exterior, com bonitos e coloridos padr\u00f5es florais, mas brancas com um deslumbrante padr\u00e3o floral e de folhas verdes no centro, no interior. Est\u00e3o cheias de um ambiente campestre e vintage, que pode trazer energia \u00e0 mesa de jantar e \u00e0 cozinha.<\/li>\n\n\n\n<li><strong>Material de alta qualidade:<\/strong> Estes tabuleiros de cer\u00e2mica de alta qualidade s\u00e3o f\u00e1ceis de cozer no forno, s\u00e3o resistentes ao calor, distribuem uniformemente o calor e favorecem a cozedura dos alimentos com a consist\u00eancia adequada. A cer\u00e2mica tamb\u00e9m acaba por ser um bom retentor de calor, pelo que os alimentos cozinhados permanecem quentes durante mais tempo.<\/li>\n\n\n\n<li><strong>Forte car\u00e1cter pr\u00e1tico: <\/strong>Estes tabuleiros quadrados s\u00e3o ideais para confecionar alimentos abundantes como ca\u00e7arolas, lasanha, legumes assados e muito mais. As pegas grandes em ambos os lados facilitam a remo\u00e7\u00e3o do forno ou da mesa, e a ader\u00eancia firme mesmo com luvas de forno.<\/li>\n\n\n\n<li><strong>Prenda perfeita:<\/strong> Atraentes e \u00fateis, estes pratos de pastelaria personalizados s\u00e3o perfeitos para serem utilizados como prendas de boas-vindas, prendas de casamento ou prendas para padeiros.<\/li>\n<\/ul>\n<\/div>\n\n\n\n<div class=\"wp-block-column is-layout-flow wp-block-column-is-layout-flow\">\n<figure class=\"wp-block-image size-full\"><img fetchpriority=\"high\" decoding=\"async\" width=\"640\" height=\"640\" src=\"https:\/\/jinhuaceramic.com\/wp-content\/uploads\/2025\/06\/Wholesale-Red-Square-Baking-Pan-Ceramic-Baking-Dish-Custom-Bakeware.webp\" alt=\"pratos para ir ao forno vermelhos quadrados de cer\u00e2mica para ir ao forno - grossista - 6\" class=\"wp-image-9278\" srcset=\"https:\/\/jinhuaceramic.com\/wp-content\/uploads\/2025\/06\/Wholesale-Red-Square-Baking-Pan-Ceramic-Baking-Dish-Custom-Bakeware.webp 640w, https:\/\/jinhuaceramic.com\/wp-content\/uploads\/2025\/06\/Wholesale-Red-Square-Baking-Pan-Ceramic-Baking-Dish-Custom-Bakeware-300x300.webp 300w, https:\/\/jinhuaceramic.com\/wp-content\/uploads\/2025\/06\/Wholesale-Red-Square-Baking-Pan-Ceramic-Baking-Dish-Custom-Bakeware-150x150.webp 150w, https:\/\/jinhuaceramic.com\/wp-content\/uploads\/2025\/06\/Wholesale-Red-Square-Baking-Pan-Ceramic-Baking-Dish-Custom-Bakeware-12x12.webp 12w, https:\/\/jinhuaceramic.com\/wp-content\/uploads\/2025\/06\/Wholesale-Red-Square-Baking-Pan-Ceramic-Baking-Dish-Custom-Bakeware-285x285.webp 285w, https:\/\/jinhuaceramic.com\/wp-content\/uploads\/2025\/06\/Wholesale-Red-Square-Baking-Pan-Ceramic-Baking-Dish-Custom-Bakeware-270x270.webp 270w, https:\/\/jinhuaceramic.com\/wp-content\/uploads\/2025\/06\/Wholesale-Red-Square-Baking-Pan-Ceramic-Baking-Dish-Custom-Bakeware-540x540.webp 540w\" sizes=\"(max-width: 640px) 100vw, 640px\" \/><\/figure>\n<\/div>\n<\/div>","protected":false},"excerpt":{"rendered":"<p>Bem-vindo a comprar os nossos pratos de cozedura personalizados. Estas assadeiras quadradas vermelhas por atacado s\u00e3o feitas de material cer\u00e2mico duro e t\u00eam boa resist\u00eancia ao calor, pelo que podem ser utilizadas para cozer diferentes pratos. Ao mesmo tempo, a apar\u00eancia \u00fanica das assadeiras torna-as n\u00e3o s\u00f3 utens\u00edlios de cozinha pr\u00e1ticos, mas tamb\u00e9m decora\u00e7\u00f5es de mesa, o que tornar\u00e1 as pessoas mais agrad\u00e1veis para comer.<\/p>","protected":false},"featured_media":9275,"comment_status":"closed","ping_status":"closed","template":"","meta":{"_acf_changed":false},"product_brand":[],"product_cat":[53],"product_tag":[71],"class_list":{"0":"post-9273","1":"product","2":"type-product","3":"status-publish","4":"has-post-thumbnail","6":"product_cat-bakeware-in-bulk","7":"product_tag-wholesale-baking-pans","9":"first","10":"instock","11":"shipping-taxable","12":"product-type-simple"},"acf":[],"_links":{"self":[{"href":"https:\/\/jinhuaceramic.com\/pt\/wp-json\/wp\/v2\/product\/9273","targetHints":{"allow":["GET"]}}],"collection":[{"href":"https:\/\/jinhuaceramic.com\/pt\/wp-json\/wp\/v2\/product"}],"about":[{"href":"https:\/\/jinhuaceramic.com\/pt\/wp-json\/wp\/v2\/types\/product"}],"replies":[{"embeddable":true,"href":"https:\/\/jinhuaceramic.com\/pt\/wp-json\/wp\/v2\/comments?post=9273"}],"version-history":[{"count":0,"href":"https:\/\/jinhuaceramic.com\/pt\/wp-json\/wp\/v2\/product\/9273\/revisions"}],"wp:featuredmedia":[{"embeddable":true,"href":"https:\/\/jinhuaceramic.com\/pt\/wp-json\/wp\/v2\/media\/9275"}],"wp:attachment":[{"href":"https:\/\/jinhuaceramic.com\/pt\/wp-json\/wp\/v2\/media?parent=9273"}],"wp:term":[{"taxonomy":"product_brand","embeddable":true,"href":"https:\/\/jinhuaceramic.com\/pt\/wp-json\/wp\/v2\/product_brand?post=9273"},{"taxonomy":"product_cat","embeddable":true,"href":"https:\/\/jinhuaceramic.com\/pt\/wp-json\/wp\/v2\/product_cat?post=9273"},{"taxonomy":"product_tag","embeddable":true,"href":"https:\/\/jinhuaceramic.com\/pt\/wp-json\/wp\/v2\/product_tag?post=9273"}],"curies":[{"name":"wp","href":"https:\/\/api.w.org\/{rel}","templated":true}]}}