{"id":9282,"date":"2025-06-10T03:58:47","date_gmt":"2025-06-10T03:58:47","guid":{"rendered":"https:\/\/jinhuaceramic.com\/?post_type=product&#038;p=9282"},"modified":"2025-06-10T03:58:48","modified_gmt":"2025-06-10T03:58:48","slug":"bulk-candle-vessels","status":"publish","type":"product","link":"https:\/\/jinhuaceramic.com\/pt\/product\/bulk-candle-vessels\/","title":{"rendered":"Recipientes para velas a granel, frascos para velas memoriais com anjo em relevo por atacado"},"content":{"rendered":"<div class=\"wp-block-columns is-layout-flex wp-container-core-columns-is-layout-9d6595d7 wp-block-columns-is-layout-flex\">\n<div class=\"wp-block-column is-layout-flow wp-block-column-is-layout-flow\">\n<h3 class=\"wp-block-heading\">Recipientes para velas a granel de qualidade superior Carater\u00edsticas:<\/h3>\n\n\n\n<ul class=\"wp-block-list\">\n<li><strong>Apoio emocional: <\/strong>Estes frascos de velas personalizados t\u00eam palavras impressas: \u201cTenho um Anjo do C\u00e9u a olhar por mim\u201d ou \u201cPorque algu\u00e9m que amamos est\u00e1 no C\u00e9u... H\u00e1 um pouco de C\u00e9u na nossa casa\u201d, que exprimem diretamente a saudade dos familiares falecidos e podem trazer conforto psicol\u00f3gico e for\u00e7a aos utilizadores.<\/li>\n\n\n\n<li><strong>Conce\u00e7\u00e3o individual:<\/strong> A tonalidade esbranqui\u00e7ada com uma textura suave m\u00ednima e a forma arredondada em l\u00e1grima dos recipientes para velas a granel \u00e9 extremamente adequada para o design do tema memorial. A superf\u00edcie do frasco \u00e9 dotada de uma leve textura de borboleta e flor em relevo, o que d\u00e1 um toque elegante ao frasco de velas.<\/li>\n\n\n\n<li><strong>Material duradouro:<\/strong> Os recipientes para velas a granel s\u00e3o feitos de material cer\u00e2mico de alta qualidade e cozidos a altas temperaturas, pelo que s\u00e3o resistentes a altas temperaturas e podem manter as velas acesas em seguran\u00e7a. O material cer\u00e2mico \u00e9 mais denso e mais forte do que o metal e o vidro.<\/li>\n\n\n\n<li><strong>Prenda com significado: <\/strong>Estes frascos de velas de cer\u00e2mica por atacado s\u00e3o presentes extremamente significativos e humanos que podem ser oferecidos a uma pessoa que perdeu algo, a fim de oferecer apoio e preocupa\u00e7\u00e3o.<\/li>\n<\/ul>\n<\/div>\n\n\n\n<div class=\"wp-block-column is-layout-flow wp-block-column-is-layout-flow\">\n<figure class=\"wp-block-image size-full\"><img fetchpriority=\"high\" decoding=\"async\" width=\"1024\" height=\"1024\" src=\"https:\/\/jinhuaceramic.com\/wp-content\/uploads\/2025\/06\/Embossed-Angel-Memorial-Candle-Jar-Ceramic-Candle-Vessels-Wholesale-4.webp\" alt=\"recipientes para velas a granel-embossed-angel-memorial-candle-jars-wholesale-4\" class=\"wp-image-9285\" srcset=\"https:\/\/jinhuaceramic.com\/wp-content\/uploads\/2025\/06\/Embossed-Angel-Memorial-Candle-Jar-Ceramic-Candle-Vessels-Wholesale-4.webp 1024w, https:\/\/jinhuaceramic.com\/wp-content\/uploads\/2025\/06\/Embossed-Angel-Memorial-Candle-Jar-Ceramic-Candle-Vessels-Wholesale-4-300x300.webp 300w, https:\/\/jinhuaceramic.com\/wp-content\/uploads\/2025\/06\/Embossed-Angel-Memorial-Candle-Jar-Ceramic-Candle-Vessels-Wholesale-4-150x150.webp 150w, https:\/\/jinhuaceramic.com\/wp-content\/uploads\/2025\/06\/Embossed-Angel-Memorial-Candle-Jar-Ceramic-Candle-Vessels-Wholesale-4-768x768.webp 768w, https:\/\/jinhuaceramic.com\/wp-content\/uploads\/2025\/06\/Embossed-Angel-Memorial-Candle-Jar-Ceramic-Candle-Vessels-Wholesale-4-12x12.webp 12w, https:\/\/jinhuaceramic.com\/wp-content\/uploads\/2025\/06\/Embossed-Angel-Memorial-Candle-Jar-Ceramic-Candle-Vessels-Wholesale-4-285x285.webp 285w, https:\/\/jinhuaceramic.com\/wp-content\/uploads\/2025\/06\/Embossed-Angel-Memorial-Candle-Jar-Ceramic-Candle-Vessels-Wholesale-4-270x270.webp 270w, https:\/\/jinhuaceramic.com\/wp-content\/uploads\/2025\/06\/Embossed-Angel-Memorial-Candle-Jar-Ceramic-Candle-Vessels-Wholesale-4-540x540.webp 540w, https:\/\/jinhuaceramic.com\/wp-content\/uploads\/2025\/06\/Embossed-Angel-Memorial-Candle-Jar-Ceramic-Candle-Vessels-Wholesale-4-660x660.webp 660w\" sizes=\"(max-width: 1024px) 100vw, 1024px\" \/><\/figure>\n<\/div>\n<\/div>\n\n\n\n<p><\/p>","protected":false},"excerpt":{"rendered":"<p>Bem-vindo \u00e0 compra de recipientes para velas a granel. Estes frascos de velas personalizados s\u00e3o feitos de material cer\u00e2mico superior e dur\u00e1vel e s\u00e3o extremamente pr\u00e1ticos. Ao mesmo tempo, a forma encantadora e as palavras sentimentais destes frascos para velas n\u00e3o s\u00f3 os transformam em recipientes para velas, mas tamb\u00e9m em recipientes para transmitir emo\u00e7\u00f5es, trazer paz e expressar amor.<\/p>","protected":false},"featured_media":9288,"comment_status":"closed","ping_status":"closed","template":"","meta":{"_acf_changed":false},"product_brand":[],"product_cat":[52],"product_tag":[66],"class_list":{"0":"post-9282","1":"product","2":"type-product","3":"status-publish","4":"has-post-thumbnail","6":"product_cat-wholesale-candle-containers","7":"product_tag-candle-jars-wholesale","9":"first","10":"instock","11":"shipping-taxable","12":"product-type-simple"},"acf":[],"_links":{"self":[{"href":"https:\/\/jinhuaceramic.com\/pt\/wp-json\/wp\/v2\/product\/9282","targetHints":{"allow":["GET"]}}],"collection":[{"href":"https:\/\/jinhuaceramic.com\/pt\/wp-json\/wp\/v2\/product"}],"about":[{"href":"https:\/\/jinhuaceramic.com\/pt\/wp-json\/wp\/v2\/types\/product"}],"replies":[{"embeddable":true,"href":"https:\/\/jinhuaceramic.com\/pt\/wp-json\/wp\/v2\/comments?post=9282"}],"version-history":[{"count":0,"href":"https:\/\/jinhuaceramic.com\/pt\/wp-json\/wp\/v2\/product\/9282\/revisions"}],"wp:featuredmedia":[{"embeddable":true,"href":"https:\/\/jinhuaceramic.com\/pt\/wp-json\/wp\/v2\/media\/9288"}],"wp:attachment":[{"href":"https:\/\/jinhuaceramic.com\/pt\/wp-json\/wp\/v2\/media?parent=9282"}],"wp:term":[{"taxonomy":"product_brand","embeddable":true,"href":"https:\/\/jinhuaceramic.com\/pt\/wp-json\/wp\/v2\/product_brand?post=9282"},{"taxonomy":"product_cat","embeddable":true,"href":"https:\/\/jinhuaceramic.com\/pt\/wp-json\/wp\/v2\/product_cat?post=9282"},{"taxonomy":"product_tag","embeddable":true,"href":"https:\/\/jinhuaceramic.com\/pt\/wp-json\/wp\/v2\/product_tag?post=9282"}],"curies":[{"name":"wp","href":"https:\/\/api.w.org\/{rel}","templated":true}]}}