{"id":9295,"date":"2025-06-11T10:09:30","date_gmt":"2025-06-11T10:09:30","guid":{"rendered":"https:\/\/jinhuaceramic.com\/?post_type=product&#038;p=9295"},"modified":"2025-06-11T10:09:31","modified_gmt":"2025-06-11T10:09:31","slug":"bulk-pie-pans-with-lids","status":"publish","type":"product","link":"https:\/\/jinhuaceramic.com\/pt\/product\/bulk-pie-pans-with-lids\/","title":{"rendered":"Formas de tarte de ab\u00f3bora a granel com tampas, servi\u00e7o de pastelaria personalizado"},"content":{"rendered":"<div class=\"wp-block-columns is-layout-flex wp-container-core-columns-is-layout-9d6595d7 wp-block-columns-is-layout-flex\">\n<div class=\"wp-block-column is-layout-flow wp-block-column-is-layout-flow\">\n<h3 class=\"wp-block-heading\">Formas para tartes de ab\u00f3bora a granel Premium com tampa Carater\u00edsticas:<\/h3>\n\n\n\n<ul class=\"wp-block-list\">\n<li><strong>Forma \u00fanica de ab\u00f3bora:<\/strong> Com a forma realista de uma ab\u00f3bora, as formas para tartes a granel com tampa est\u00e3o dispon\u00edveis em dois tons de cor, o branco pr\u00e1tico e elegante e o laranja rico, e as pegas douradas em forma de ab\u00f3bora na parte superior s\u00e3o brilhantes, acrescentando sofistica\u00e7\u00e3o e riqueza aos recipientes para pastelaria.<\/li>\n\n\n\n<li><strong>Gr\u00e9s de longa dura\u00e7\u00e3o:<\/strong> Estas formas para tartes de ab\u00f3bora com tampa s\u00e3o feitas de gr\u00e9s de longa dura\u00e7\u00e3o, resistentes ao desgaste e durar\u00e3o muito tempo. A superf\u00edcie lisa do gr\u00e9s \u00e9 muito f\u00e1cil de limpar.<\/li>\n\n\n\n<li><strong>Forte car\u00e1cter pr\u00e1tico:<\/strong> As tampas destas formas personalizadas n\u00e3o s\u00e3o apenas bonitas, mas tamb\u00e9m muito pr\u00e1ticas. As tampas mant\u00eam os alimentos h\u00famidos e evitam que se queimem durante a cozedura, mantendo-os quentes e frescos at\u00e9 serem servidos. As duas pegas de cada lado da assadeira facilitam a remo\u00e7\u00e3o do forno e o transporte para a mesa.<\/li>\n\n\n\n<li><strong>Criar um ambiente festivo: <\/strong>A forma de ab\u00f3bora destas assadeiras personalizadas \u00e9 a mais adequada para complementar o ambiente de outono, Halloween e A\u00e7\u00e3o de Gra\u00e7as. Colocar comida nesta assadeira durante as f\u00e9rias pode, de facto, criar uma atmosfera festiva e aumentar o prazer da comida.<\/li>\n<\/ul>\n<\/div>\n\n\n\n<div class=\"wp-block-column is-layout-flow wp-block-column-is-layout-flow\">\n<figure class=\"wp-block-image size-full\"><img fetchpriority=\"high\" decoding=\"async\" width=\"717\" height=\"717\" src=\"https:\/\/jinhuaceramic.com\/wp-content\/uploads\/2025\/06\/Pumpkin-Pie-Baking-Dish-with-Lid-Custom-Stoneware-Serving-Bakeware-6.webp\" alt=\"forminhas de empada de ab\u00f3bora com tampa - talheres personalizados - para 6 pessoas\" class=\"wp-image-9300\" srcset=\"https:\/\/jinhuaceramic.com\/wp-content\/uploads\/2025\/06\/Pumpkin-Pie-Baking-Dish-with-Lid-Custom-Stoneware-Serving-Bakeware-6.webp 717w, https:\/\/jinhuaceramic.com\/wp-content\/uploads\/2025\/06\/Pumpkin-Pie-Baking-Dish-with-Lid-Custom-Stoneware-Serving-Bakeware-6-300x300.webp 300w, https:\/\/jinhuaceramic.com\/wp-content\/uploads\/2025\/06\/Pumpkin-Pie-Baking-Dish-with-Lid-Custom-Stoneware-Serving-Bakeware-6-150x150.webp 150w, https:\/\/jinhuaceramic.com\/wp-content\/uploads\/2025\/06\/Pumpkin-Pie-Baking-Dish-with-Lid-Custom-Stoneware-Serving-Bakeware-6-12x12.webp 12w, https:\/\/jinhuaceramic.com\/wp-content\/uploads\/2025\/06\/Pumpkin-Pie-Baking-Dish-with-Lid-Custom-Stoneware-Serving-Bakeware-6-285x285.webp 285w, https:\/\/jinhuaceramic.com\/wp-content\/uploads\/2025\/06\/Pumpkin-Pie-Baking-Dish-with-Lid-Custom-Stoneware-Serving-Bakeware-6-270x270.webp 270w, https:\/\/jinhuaceramic.com\/wp-content\/uploads\/2025\/06\/Pumpkin-Pie-Baking-Dish-with-Lid-Custom-Stoneware-Serving-Bakeware-6-540x540.webp 540w, https:\/\/jinhuaceramic.com\/wp-content\/uploads\/2025\/06\/Pumpkin-Pie-Baking-Dish-with-Lid-Custom-Stoneware-Serving-Bakeware-6-660x660.webp 660w\" sizes=\"(max-width: 717px) 100vw, 717px\" \/><\/figure>\n<\/div>\n<\/div>","protected":false},"excerpt":{"rendered":"<p>Bem-vindo a comprar as nossas formas para tartes com tampa. As nossas tampas e pegas para assadeiras s\u00e3o de gr\u00e9s, e o padr\u00e3o fino das tampas e pegas \u00e9 bastante pr\u00e1tico; s\u00e3o utens\u00edlios essenciais para assar em casa. Al\u00e9m disso, a forma de ab\u00f3bora est\u00e1 cheia de atmosfera festiva, pelo que estas formas n\u00e3o s\u00e3o apenas pr\u00e1ticas, mas tamb\u00e9m decora\u00e7\u00f5es na mesa de jantar, dando \u00e0s pessoas uma sensa\u00e7\u00e3o de ritual de jantar.<\/p>","protected":false},"featured_media":9298,"comment_status":"closed","ping_status":"closed","template":"","meta":{"_acf_changed":false},"product_brand":[],"product_cat":[53],"product_tag":[70],"class_list":{"0":"post-9295","1":"product","2":"type-product","3":"status-publish","4":"has-post-thumbnail","6":"product_cat-bakeware-in-bulk","7":"product_tag-custom-pie-pans","9":"first","10":"instock","11":"shipping-taxable","12":"product-type-simple"},"acf":[],"_links":{"self":[{"href":"https:\/\/jinhuaceramic.com\/pt\/wp-json\/wp\/v2\/product\/9295","targetHints":{"allow":["GET"]}}],"collection":[{"href":"https:\/\/jinhuaceramic.com\/pt\/wp-json\/wp\/v2\/product"}],"about":[{"href":"https:\/\/jinhuaceramic.com\/pt\/wp-json\/wp\/v2\/types\/product"}],"replies":[{"embeddable":true,"href":"https:\/\/jinhuaceramic.com\/pt\/wp-json\/wp\/v2\/comments?post=9295"}],"version-history":[{"count":0,"href":"https:\/\/jinhuaceramic.com\/pt\/wp-json\/wp\/v2\/product\/9295\/revisions"}],"wp:featuredmedia":[{"embeddable":true,"href":"https:\/\/jinhuaceramic.com\/pt\/wp-json\/wp\/v2\/media\/9298"}],"wp:attachment":[{"href":"https:\/\/jinhuaceramic.com\/pt\/wp-json\/wp\/v2\/media?parent=9295"}],"wp:term":[{"taxonomy":"product_brand","embeddable":true,"href":"https:\/\/jinhuaceramic.com\/pt\/wp-json\/wp\/v2\/product_brand?post=9295"},{"taxonomy":"product_cat","embeddable":true,"href":"https:\/\/jinhuaceramic.com\/pt\/wp-json\/wp\/v2\/product_cat?post=9295"},{"taxonomy":"product_tag","embeddable":true,"href":"https:\/\/jinhuaceramic.com\/pt\/wp-json\/wp\/v2\/product_tag?post=9295"}],"curies":[{"name":"wp","href":"https:\/\/api.w.org\/{rel}","templated":true}]}}