{"id":9310,"date":"2025-06-11T10:37:52","date_gmt":"2025-06-11T10:37:52","guid":{"rendered":"https:\/\/jinhuaceramic.com\/?post_type=product&#038;p=9310"},"modified":"2025-06-11T10:37:53","modified_gmt":"2025-06-11T10:37:53","slug":"custom-stoneware","status":"publish","type":"product","link":"https:\/\/jinhuaceramic.com\/pt\/product\/custom-stoneware\/","title":{"rendered":"Conjunto de pratos e ta\u00e7as de gr\u00e9s personalizados com esmalte reativo, artigos de mesa por grosso"},"content":{"rendered":"<div class=\"wp-block-columns is-layout-flex wp-container-core-columns-is-layout-9d6595d7 wp-block-columns-is-layout-flex\">\n<div class=\"wp-block-column is-layout-flow wp-block-column-is-layout-flow\">\n<h3 class=\"wp-block-heading\">Conjunto de pratos e ta\u00e7as em gr\u00e9s personalizados Premium Carater\u00edsticas:<\/h3>\n\n\n\n<ul class=\"wp-block-list\">\n<li><strong>Esmalte reativo: <\/strong>Os conjuntos de loi\u00e7a por atacado utilizam esmalte reativo, que cria uma varia\u00e7\u00e3o de cor e textura naturais e \u00fanicas durante o processo de queima, e cada loi\u00e7a \u00e9 um pouco diferente, exalando uma atmosfera art\u00edstica exclusiva, afastando a monotonia da produ\u00e7\u00e3o industrial em massa. Os pratos e as tigelas de cor castanha quente s\u00e3o salpicados com v\u00e1rios padr\u00f5es mosqueados, oferecendo atmosferas retro e r\u00fasticas.<\/li>\n\n\n\n<li><strong>Gr\u00e9s de alta qualidade:<\/strong> Estes pratos e ta\u00e7as para venda por grosso s\u00e3o feitos de gr\u00e9s de alta qualidade, sendo mais densos e mais fortes do que a cer\u00e2mica normal, pelo que n\u00e3o se partem ou riscam facilmente e podem ser utilizados todos os dias sem qualquer perigo. O gr\u00e9s de qualidade alimentar \u00e9 isento de qu\u00edmicos nocivos como o c\u00e1dmio e o chumbo, e \u00e9 seguro de utilizar.<\/li>\n\n\n\n<li><strong>Conjunto completo: <\/strong>O conjunto completo de pratos e tigelas em gr\u00e9s personalizados inclui pratos grandes e pratos e tigelas pequenos, que podem ser selecionados opcionalmente em fun\u00e7\u00e3o da quantidade de pratos e tigelas a utilizar para v\u00e1rios fins de servir comida simples, acompanhamentos, sopas, sobremesas, etc.<\/li>\n\n\n\n<li><strong>F\u00e1cil de limpar: <\/strong>O conjunto de gr\u00e9s personalizado tem uma textura suave e n\u00e3o pode ser facilmente manchado com res\u00edduos de alimentos, sendo simples de limpar. Podem ser lavados na m\u00e1quina de lavar lou\u00e7a, o que permite poupar tempo e reduzir o esfor\u00e7o.<\/li>\n<\/ul>\n<\/div>\n\n\n\n<div class=\"wp-block-column is-layout-flow wp-block-column-is-layout-flow\">\n<figure class=\"wp-block-image size-full\"><img fetchpriority=\"high\" decoding=\"async\" width=\"2000\" height=\"2000\" src=\"https:\/\/jinhuaceramic.com\/wp-content\/uploads\/2025\/06\/Stoneware-Plates-and-Bowls-Set-with-Reactive-Glaze-Wholesale-Tableware-Set.webp\" alt=\"pratos e ta\u00e7as de faian\u00e7a personalizados com esmalte reativo - artigos de mesa para venda a retalho\" class=\"wp-image-9317\" srcset=\"https:\/\/jinhuaceramic.com\/wp-content\/uploads\/2025\/06\/Stoneware-Plates-and-Bowls-Set-with-Reactive-Glaze-Wholesale-Tableware-Set.webp 2000w, https:\/\/jinhuaceramic.com\/wp-content\/uploads\/2025\/06\/Stoneware-Plates-and-Bowls-Set-with-Reactive-Glaze-Wholesale-Tableware-Set-300x300.webp 300w, https:\/\/jinhuaceramic.com\/wp-content\/uploads\/2025\/06\/Stoneware-Plates-and-Bowls-Set-with-Reactive-Glaze-Wholesale-Tableware-Set-150x150.webp 150w, https:\/\/jinhuaceramic.com\/wp-content\/uploads\/2025\/06\/Stoneware-Plates-and-Bowls-Set-with-Reactive-Glaze-Wholesale-Tableware-Set-768x768.webp 768w, https:\/\/jinhuaceramic.com\/wp-content\/uploads\/2025\/06\/Stoneware-Plates-and-Bowls-Set-with-Reactive-Glaze-Wholesale-Tableware-Set-12x12.webp 12w, https:\/\/jinhuaceramic.com\/wp-content\/uploads\/2025\/06\/Stoneware-Plates-and-Bowls-Set-with-Reactive-Glaze-Wholesale-Tableware-Set-285x285.webp 285w, https:\/\/jinhuaceramic.com\/wp-content\/uploads\/2025\/06\/Stoneware-Plates-and-Bowls-Set-with-Reactive-Glaze-Wholesale-Tableware-Set-1600x1600.webp 1600w, https:\/\/jinhuaceramic.com\/wp-content\/uploads\/2025\/06\/Stoneware-Plates-and-Bowls-Set-with-Reactive-Glaze-Wholesale-Tableware-Set-270x270.webp 270w, https:\/\/jinhuaceramic.com\/wp-content\/uploads\/2025\/06\/Stoneware-Plates-and-Bowls-Set-with-Reactive-Glaze-Wholesale-Tableware-Set-540x540.webp 540w, https:\/\/jinhuaceramic.com\/wp-content\/uploads\/2025\/06\/Stoneware-Plates-and-Bowls-Set-with-Reactive-Glaze-Wholesale-Tableware-Set-660x660.webp 660w\" sizes=\"(max-width: 2000px) 100vw, 2000px\" \/><\/figure>\n<\/div>\n<\/div>\n\n\n\n<p><\/p>","protected":false},"excerpt":{"rendered":"<p>Bem-vindo a comprar o nosso conjunto de gr\u00e9s personalizado de alta qualidade. Os destaques dos pratos e tigelas por atacado incluem o seu esmalte reativo \u00fanico, material s\u00f3lido e dur\u00e1vel e combina\u00e7\u00f5es pr\u00e1ticas e diversas, que podem melhorar significativamente a qualidade e a experi\u00eancia das refei\u00e7\u00f5es di\u00e1rias.<\/p>","protected":false},"featured_media":9312,"comment_status":"closed","ping_status":"closed","template":"","meta":{"_acf_changed":false},"product_brand":[],"product_cat":[83],"product_tag":[],"class_list":{"0":"post-9310","1":"product","2":"type-product","3":"status-publish","4":"has-post-thumbnail","6":"product_cat-wholesale-dinnerware-sets","8":"first","9":"instock","10":"shipping-taxable","11":"product-type-simple"},"acf":[],"_links":{"self":[{"href":"https:\/\/jinhuaceramic.com\/pt\/wp-json\/wp\/v2\/product\/9310","targetHints":{"allow":["GET"]}}],"collection":[{"href":"https:\/\/jinhuaceramic.com\/pt\/wp-json\/wp\/v2\/product"}],"about":[{"href":"https:\/\/jinhuaceramic.com\/pt\/wp-json\/wp\/v2\/types\/product"}],"replies":[{"embeddable":true,"href":"https:\/\/jinhuaceramic.com\/pt\/wp-json\/wp\/v2\/comments?post=9310"}],"version-history":[{"count":0,"href":"https:\/\/jinhuaceramic.com\/pt\/wp-json\/wp\/v2\/product\/9310\/revisions"}],"wp:featuredmedia":[{"embeddable":true,"href":"https:\/\/jinhuaceramic.com\/pt\/wp-json\/wp\/v2\/media\/9312"}],"wp:attachment":[{"href":"https:\/\/jinhuaceramic.com\/pt\/wp-json\/wp\/v2\/media?parent=9310"}],"wp:term":[{"taxonomy":"product_brand","embeddable":true,"href":"https:\/\/jinhuaceramic.com\/pt\/wp-json\/wp\/v2\/product_brand?post=9310"},{"taxonomy":"product_cat","embeddable":true,"href":"https:\/\/jinhuaceramic.com\/pt\/wp-json\/wp\/v2\/product_cat?post=9310"},{"taxonomy":"product_tag","embeddable":true,"href":"https:\/\/jinhuaceramic.com\/pt\/wp-json\/wp\/v2\/product_tag?post=9310"}],"curies":[{"name":"wp","href":"https:\/\/api.w.org\/{rel}","templated":true}]}}