{"id":9333,"date":"2025-06-13T01:56:05","date_gmt":"2025-06-13T01:56:05","guid":{"rendered":"https:\/\/jinhuaceramic.com\/?post_type=product&#038;p=9333"},"modified":"2025-06-13T01:56:07","modified_gmt":"2025-06-13T01:56:07","slug":"sage-burner-wholesale","status":"publish","type":"product","link":"https:\/\/jinhuaceramic.com\/pt\/product\/sage-burner-wholesale\/","title":{"rendered":"Queimador de cer\u00e2mica de Palo Santo Sage por atacado, porta-borbulhas a granel"},"content":{"rendered":"<div class=\"wp-block-columns is-layout-flex wp-container-core-columns-is-layout-9d6595d7 wp-block-columns-is-layout-flex\">\n<div class=\"wp-block-column is-layout-flow wp-block-column-is-layout-flow\">\n<h3 class=\"wp-block-heading\">Queimador de s\u00e1lvia Premium Carater\u00edsticas por atacado:<\/h3>\n\n\n\n<ul class=\"wp-block-list\">\n<li><strong>Design moderno:<\/strong> Este queimador de Palo Santo e salva por atacado tem uma base redonda simples e um encaixe redondo no centro. A forma arredondada da ranhura estar\u00e1 em posi\u00e7\u00e3o de acumular as cinzas derramadas depois de acender o Palo Santo. Estes suportes para o Palo Santo est\u00e3o dispon\u00edveis em v\u00e1rias cores, o que dar\u00e1 cor a qualquer ambiente dom\u00e9stico.<\/li>\n\n\n\n<li><strong>Material de alta qualidade: <\/strong>Estes porta-bast\u00f5es de cer\u00e2mica a granel s\u00e3o resistentes ao calor e podem suportar com seguran\u00e7a o calor da combust\u00e3o do Palo Santo. A superf\u00edcie lisa da cer\u00e2mica facilita a limpeza das cinzas com um pano suave.<\/li>\n\n\n\n<li><strong>Versatilidade: <\/strong>O nosso queimador de salva por atacado tem m\u00faltiplas utiliza\u00e7\u00f5es. Em primeiro lugar, o Palo Santo \u00e9 uma madeira perfumada natural utilizada para purifica\u00e7\u00e3o e medita\u00e7\u00e3o, que pode ser acesa e inserida no orif\u00edcio central para permitir que o fumo se difunda naturalmente. Estes suportes de Palo Santo tamb\u00e9m podem ser suportes de velas para segurar velas acesas.<\/li>\n\n\n\n<li><strong>Prenda perfeita: <\/strong>Estes suportes para borr\u00f5es a granel podem ajudar os utilizadores a desfrutar dos efeitos calmantes e purificadores do Palo Santo durante a medita\u00e7\u00e3o, o ioga ou o relaxamento di\u00e1rio. S\u00e3o prendas perfeitas para os amigos que gostam de aromaterapia, medita\u00e7\u00e3o ou procuram qualidade de vida.<\/li>\n<\/ul>\n<\/div>\n\n\n\n<div class=\"wp-block-column is-layout-flow wp-block-column-is-layout-flow\">\n<figure class=\"wp-block-image size-full\"><img fetchpriority=\"high\" decoding=\"async\" width=\"1001\" height=\"1001\" src=\"https:\/\/jinhuaceramic.com\/wp-content\/uploads\/2025\/06\/Various-Colors-Palo-Santo-Burner-Wholesale-Ceramic-Smudge-Candle-Holder-8.webp\" alt=\"Queimador de cer\u00e2mica de Palo Santo Sage por atacado, porta-borbulhas a granel-1\" class=\"wp-image-9340\" srcset=\"https:\/\/jinhuaceramic.com\/wp-content\/uploads\/2025\/06\/Various-Colors-Palo-Santo-Burner-Wholesale-Ceramic-Smudge-Candle-Holder-8.webp 1001w, https:\/\/jinhuaceramic.com\/wp-content\/uploads\/2025\/06\/Various-Colors-Palo-Santo-Burner-Wholesale-Ceramic-Smudge-Candle-Holder-8-300x300.webp 300w, https:\/\/jinhuaceramic.com\/wp-content\/uploads\/2025\/06\/Various-Colors-Palo-Santo-Burner-Wholesale-Ceramic-Smudge-Candle-Holder-8-150x150.webp 150w, https:\/\/jinhuaceramic.com\/wp-content\/uploads\/2025\/06\/Various-Colors-Palo-Santo-Burner-Wholesale-Ceramic-Smudge-Candle-Holder-8-768x768.webp 768w, https:\/\/jinhuaceramic.com\/wp-content\/uploads\/2025\/06\/Various-Colors-Palo-Santo-Burner-Wholesale-Ceramic-Smudge-Candle-Holder-8-12x12.webp 12w, https:\/\/jinhuaceramic.com\/wp-content\/uploads\/2025\/06\/Various-Colors-Palo-Santo-Burner-Wholesale-Ceramic-Smudge-Candle-Holder-8-285x285.webp 285w, https:\/\/jinhuaceramic.com\/wp-content\/uploads\/2025\/06\/Various-Colors-Palo-Santo-Burner-Wholesale-Ceramic-Smudge-Candle-Holder-8-270x270.webp 270w, https:\/\/jinhuaceramic.com\/wp-content\/uploads\/2025\/06\/Various-Colors-Palo-Santo-Burner-Wholesale-Ceramic-Smudge-Candle-Holder-8-540x540.webp 540w, https:\/\/jinhuaceramic.com\/wp-content\/uploads\/2025\/06\/Various-Colors-Palo-Santo-Burner-Wholesale-Ceramic-Smudge-Candle-Holder-8-660x660.webp 660w\" sizes=\"(max-width: 1001px) 100vw, 1001px\" \/><\/figure>\n<\/div>\n<\/div>","protected":false},"excerpt":{"rendered":"<p>Bem-vindo ao comprar porta-bast\u00f5es a granel. As vantagens deste queimador de salva Palo Santo por atacado s\u00e3o o design moderno, as cores diversas, o material cer\u00e2mico dur\u00e1vel e a versatilidade. Eles combinam beleza, praticidade e versatilidade, podem melhorar a atmosfera do ambiente dom\u00e9stico.<\/p>","protected":false},"featured_media":9339,"comment_status":"closed","ping_status":"closed","template":"","meta":{"_acf_changed":false},"product_brand":[],"product_cat":[52],"product_tag":[68],"class_list":{"0":"post-9333","1":"product","2":"type-product","3":"status-publish","4":"has-post-thumbnail","6":"product_cat-wholesale-candle-containers","7":"product_tag-ceramic-candlesticks-bulk","9":"first","10":"instock","11":"shipping-taxable","12":"product-type-simple"},"acf":[],"_links":{"self":[{"href":"https:\/\/jinhuaceramic.com\/pt\/wp-json\/wp\/v2\/product\/9333","targetHints":{"allow":["GET"]}}],"collection":[{"href":"https:\/\/jinhuaceramic.com\/pt\/wp-json\/wp\/v2\/product"}],"about":[{"href":"https:\/\/jinhuaceramic.com\/pt\/wp-json\/wp\/v2\/types\/product"}],"replies":[{"embeddable":true,"href":"https:\/\/jinhuaceramic.com\/pt\/wp-json\/wp\/v2\/comments?post=9333"}],"version-history":[{"count":0,"href":"https:\/\/jinhuaceramic.com\/pt\/wp-json\/wp\/v2\/product\/9333\/revisions"}],"wp:featuredmedia":[{"embeddable":true,"href":"https:\/\/jinhuaceramic.com\/pt\/wp-json\/wp\/v2\/media\/9339"}],"wp:attachment":[{"href":"https:\/\/jinhuaceramic.com\/pt\/wp-json\/wp\/v2\/media?parent=9333"}],"wp:term":[{"taxonomy":"product_brand","embeddable":true,"href":"https:\/\/jinhuaceramic.com\/pt\/wp-json\/wp\/v2\/product_brand?post=9333"},{"taxonomy":"product_cat","embeddable":true,"href":"https:\/\/jinhuaceramic.com\/pt\/wp-json\/wp\/v2\/product_cat?post=9333"},{"taxonomy":"product_tag","embeddable":true,"href":"https:\/\/jinhuaceramic.com\/pt\/wp-json\/wp\/v2\/product_tag?post=9333"}],"curies":[{"name":"wp","href":"https:\/\/api.w.org\/{rel}","templated":true}]}}