{"id":9350,"date":"2025-06-14T03:55:12","date_gmt":"2025-06-14T03:55:12","guid":{"rendered":"https:\/\/jinhuaceramic.com\/?post_type=product&#038;p=9350"},"modified":"2025-06-14T03:55:13","modified_gmt":"2025-06-14T03:55:13","slug":"empty-candle-jars-bulk","status":"publish","type":"product","link":"https:\/\/jinhuaceramic.com\/pt\/product\/empty-candle-jars-bulk\/","title":{"rendered":"Frascos de vela vazios em cer\u00e2mica com logotipo personalizado"},"content":{"rendered":"<div class=\"wp-block-columns is-layout-flex wp-container-core-columns-is-layout-9d6595d7 wp-block-columns-is-layout-flex\">\n<div class=\"wp-block-column is-layout-flow wp-block-column-is-layout-flow\">\n<h3 class=\"wp-block-heading\">Frascos para velas vazios Premium Carater\u00edsticas a granel:<\/h3>\n\n\n\n<ul class=\"wp-block-list\">\n<li><strong>Design elegante: <\/strong>O design geral destes frascos de velas vazios a granel \u00e9 refinado e minimalista, com linhas suaves. Os desenhos em relevo nos frascos s\u00e3o delicados e persp\u00edcuos, o que reflecte a grande habilidade artesanal, tem uma atmosfera art\u00edstica tradicional e pode ser perfeitamente colocado em qualquer tipo de estilo de casa.<\/li>\n\n\n\n<li><strong>Cores suaves: <\/strong>Estes recipientes para velas por atacado est\u00e3o dispon\u00edveis numa variedade de cores suaves: bege, cinzento claro, preto e branco. Estes tons de baixa satura\u00e7\u00e3o podem transmitir uma sensa\u00e7\u00e3o de luxo no ambiente. Os consumidores podem escolher com base no estilo e na decora\u00e7\u00e3o da casa.<\/li>\n\n\n\n<li><strong>Material de alta qualidade: <\/strong>Estes frascos para velas vazios a granel s\u00e3o feitos de material cer\u00e2mico de alta qualidade e cozidos a alta temperatura. Por isso, t\u00eam elevada dureza e boa resist\u00eancia ao calor. Podem suportar o calor das velas acesas e n\u00e3o s\u00e3o f\u00e1ceis de partir.<\/li>\n\n\n\n<li><strong>Reutiliz\u00e1vel e amigo do ambiente:<\/strong> Estes requintados recipientes de velas por atacado podem ser reutilizados, o que est\u00e1 mais de acordo com o conceito de desenvolvimento sustent\u00e1vel do que os frascos de velas de metal, reduzindo a utiliza\u00e7\u00e3o de recipientes descart\u00e1veis. Quando as velas s\u00e3o queimadas, estes frascos de velas podem ser limpos e utilizados como porta-canetas, frascos de armazenamento ou pequenos vasos, etc.<\/li>\n<\/ul>\n<\/div>\n\n\n\n<div class=\"wp-block-column is-layout-flow wp-block-column-is-layout-flow\">\n<figure class=\"wp-block-image size-full\"><img fetchpriority=\"high\" decoding=\"async\" width=\"750\" height=\"750\" src=\"https:\/\/jinhuaceramic.com\/wp-content\/uploads\/2025\/06\/Bulk-Embossed-Candle-Jar-with-Custom-Logo-Wholesale-Candle-Container-3.webp\" alt=\"Frascos de vela vazios em cer\u00e2mica com logotipo personalizado-1\" class=\"wp-image-9352\" srcset=\"https:\/\/jinhuaceramic.com\/wp-content\/uploads\/2025\/06\/Bulk-Embossed-Candle-Jar-with-Custom-Logo-Wholesale-Candle-Container-3.webp 750w, https:\/\/jinhuaceramic.com\/wp-content\/uploads\/2025\/06\/Bulk-Embossed-Candle-Jar-with-Custom-Logo-Wholesale-Candle-Container-3-300x300.webp 300w, https:\/\/jinhuaceramic.com\/wp-content\/uploads\/2025\/06\/Bulk-Embossed-Candle-Jar-with-Custom-Logo-Wholesale-Candle-Container-3-150x150.webp 150w, https:\/\/jinhuaceramic.com\/wp-content\/uploads\/2025\/06\/Bulk-Embossed-Candle-Jar-with-Custom-Logo-Wholesale-Candle-Container-3-12x12.webp 12w, https:\/\/jinhuaceramic.com\/wp-content\/uploads\/2025\/06\/Bulk-Embossed-Candle-Jar-with-Custom-Logo-Wholesale-Candle-Container-3-285x285.webp 285w, https:\/\/jinhuaceramic.com\/wp-content\/uploads\/2025\/06\/Bulk-Embossed-Candle-Jar-with-Custom-Logo-Wholesale-Candle-Container-3-270x270.webp 270w, https:\/\/jinhuaceramic.com\/wp-content\/uploads\/2025\/06\/Bulk-Embossed-Candle-Jar-with-Custom-Logo-Wholesale-Candle-Container-3-540x540.webp 540w, https:\/\/jinhuaceramic.com\/wp-content\/uploads\/2025\/06\/Bulk-Embossed-Candle-Jar-with-Custom-Logo-Wholesale-Candle-Container-3-660x660.webp 660w\" sizes=\"(max-width: 750px) 100vw, 750px\" \/><\/figure>\n<\/div>\n<\/div>","protected":false},"excerpt":{"rendered":"<p>Bem-vindo \u00e0 compra de recipientes para velas por atacado. Estes frascos de velas vazios a granel s\u00e3o feitos de materiais cer\u00e2micos de alta qualidade, o relevo requintado, v\u00e1rias cores e designs recicl\u00e1veis tornam-nos ornamentos dom\u00e9sticos de alta qualidade que podem adornar o ambiente e refletir o excelente gosto do propriet\u00e1rio.<\/p>","protected":false},"featured_media":9357,"comment_status":"closed","ping_status":"closed","template":"","meta":{"_acf_changed":false},"product_brand":[],"product_cat":[52],"product_tag":[66],"class_list":{"0":"post-9350","1":"product","2":"type-product","3":"status-publish","4":"has-post-thumbnail","6":"product_cat-wholesale-candle-containers","7":"product_tag-candle-jars-wholesale","9":"first","10":"instock","11":"shipping-taxable","12":"product-type-simple"},"acf":[],"_links":{"self":[{"href":"https:\/\/jinhuaceramic.com\/pt\/wp-json\/wp\/v2\/product\/9350","targetHints":{"allow":["GET"]}}],"collection":[{"href":"https:\/\/jinhuaceramic.com\/pt\/wp-json\/wp\/v2\/product"}],"about":[{"href":"https:\/\/jinhuaceramic.com\/pt\/wp-json\/wp\/v2\/types\/product"}],"replies":[{"embeddable":true,"href":"https:\/\/jinhuaceramic.com\/pt\/wp-json\/wp\/v2\/comments?post=9350"}],"version-history":[{"count":0,"href":"https:\/\/jinhuaceramic.com\/pt\/wp-json\/wp\/v2\/product\/9350\/revisions"}],"wp:featuredmedia":[{"embeddable":true,"href":"https:\/\/jinhuaceramic.com\/pt\/wp-json\/wp\/v2\/media\/9357"}],"wp:attachment":[{"href":"https:\/\/jinhuaceramic.com\/pt\/wp-json\/wp\/v2\/media?parent=9350"}],"wp:term":[{"taxonomy":"product_brand","embeddable":true,"href":"https:\/\/jinhuaceramic.com\/pt\/wp-json\/wp\/v2\/product_brand?post=9350"},{"taxonomy":"product_cat","embeddable":true,"href":"https:\/\/jinhuaceramic.com\/pt\/wp-json\/wp\/v2\/product_cat?post=9350"},{"taxonomy":"product_tag","embeddable":true,"href":"https:\/\/jinhuaceramic.com\/pt\/wp-json\/wp\/v2\/product_tag?post=9350"}],"curies":[{"name":"wp","href":"https:\/\/api.w.org\/{rel}","templated":true}]}}