{"id":9369,"date":"2025-06-17T01:50:10","date_gmt":"2025-06-17T01:50:10","guid":{"rendered":"https:\/\/jinhuaceramic.com\/?post_type=product&#038;p=9369"},"modified":"2025-06-17T01:50:12","modified_gmt":"2025-06-17T01:50:12","slug":"grey-bathroom-set-wholesale","status":"publish","type":"product","link":"https:\/\/jinhuaceramic.com\/pt\/product\/grey-bathroom-set-wholesale\/","title":{"rendered":"Conjunto de casa de banho cinzento minimalista por atacado, acess\u00f3rios de casa de banho em cer\u00e2mica personalizados"},"content":{"rendered":"<div class=\"wp-block-columns is-layout-flex wp-container-core-columns-is-layout-9d6595d7 wp-block-columns-is-layout-flex\">\n<div class=\"wp-block-column is-layout-flow wp-block-column-is-layout-flow\">\n<h3 class=\"wp-block-heading\">Conjunto de casa de banho cinzento Premium Carater\u00edsticas por atacado:<\/h3>\n\n\n\n<ul class=\"wp-block-list\">\n<li><strong>Materiais de alta qualidade:<\/strong> Este conjunto de casa de banho cinzento por atacado utiliza cer\u00e2mica de alta qualidade, resistente \u00e0 deforma\u00e7\u00e3o e ao envelhecimento. A sua face de cer\u00e2mica imperme\u00e1vel e resistente \u00e0 humidade \u00e9 perfeitamente adequada para ambientes de casa de banho com muito vapor.<\/li>\n\n\n\n<li><strong>Design minimalista:<\/strong> Este conjunto de casa de banho cinzento por atacado apresenta uma forma simples e, com o acabamento cinzento claro e mate, pode facilmente integrar-se. O acabamento mate \u00e9 menos chamativo e mais discreto do que o acabamento brilhante, e pode ser facilmente integrado na maioria dos temas de decora\u00e7\u00e3o de casa de banho para oferecer uma atmosfera limpa e tranquila. Entretanto, a cabe\u00e7a preta da bomba deste dispensador de sabonete confere ao produto um ar de contemporaneidade.<\/li>\n\n\n\n<li><strong>Praticidade: <\/strong>Praticidade: O conjunto de acess\u00f3rios de casa de banho em cer\u00e2mica personalizada \u00e9 composto por um suporte para escova de dentes, um copo para elixir bucal, um dispensador de sabonete e um frasco para cotonetes com tampa, para guardar os artigos de casa de banho di\u00e1rios, de modo a manter uma bancada limpa e organizada.<\/li>\n\n\n\n<li><strong>Versatilidade: <\/strong>Todos estes acess\u00f3rios de casa de banho em cer\u00e2mica personalizados s\u00e3o flex\u00edveis para serem utilizados em todos os tipos de situa\u00e7\u00f5es, n\u00e3o s\u00f3 em casa, mas tamb\u00e9m em locais de neg\u00f3cios, como hot\u00e9is e apartamentos. Tamb\u00e9m s\u00e3o adequados para serem trocados como presente no caso de uma inaugura\u00e7\u00e3o de casa ou como presente de boas-vindas a amigos que valorizam a decora\u00e7\u00e3o da casa.<\/li>\n<\/ul>\n<\/div>\n\n\n\n<div class=\"wp-block-column is-layout-flow wp-block-column-is-layout-flow\">\n<figure class=\"wp-block-image size-full\"><img fetchpriority=\"high\" decoding=\"async\" width=\"2000\" height=\"2000\" src=\"https:\/\/jinhuaceramic.com\/wp-content\/uploads\/2025\/06\/Minimalist-Grey-Bathroom-Set-Ceramic-Bathroom-Accessories-Wholesale-5.webp\" alt=\"Conjunto de casa de banho minimalista-cinzento-venda por grosso-acess\u00f3rios-da-casa-de-banho-cer\u00e2mica-personalizados-5\" class=\"wp-image-9373\" srcset=\"https:\/\/jinhuaceramic.com\/wp-content\/uploads\/2025\/06\/Minimalist-Grey-Bathroom-Set-Ceramic-Bathroom-Accessories-Wholesale-5.webp 2000w, https:\/\/jinhuaceramic.com\/wp-content\/uploads\/2025\/06\/Minimalist-Grey-Bathroom-Set-Ceramic-Bathroom-Accessories-Wholesale-5-300x300.webp 300w, https:\/\/jinhuaceramic.com\/wp-content\/uploads\/2025\/06\/Minimalist-Grey-Bathroom-Set-Ceramic-Bathroom-Accessories-Wholesale-5-150x150.webp 150w, https:\/\/jinhuaceramic.com\/wp-content\/uploads\/2025\/06\/Minimalist-Grey-Bathroom-Set-Ceramic-Bathroom-Accessories-Wholesale-5-768x768.webp 768w, https:\/\/jinhuaceramic.com\/wp-content\/uploads\/2025\/06\/Minimalist-Grey-Bathroom-Set-Ceramic-Bathroom-Accessories-Wholesale-5-12x12.webp 12w, https:\/\/jinhuaceramic.com\/wp-content\/uploads\/2025\/06\/Minimalist-Grey-Bathroom-Set-Ceramic-Bathroom-Accessories-Wholesale-5-285x285.webp 285w, https:\/\/jinhuaceramic.com\/wp-content\/uploads\/2025\/06\/Minimalist-Grey-Bathroom-Set-Ceramic-Bathroom-Accessories-Wholesale-5-1600x1600.webp 1600w, https:\/\/jinhuaceramic.com\/wp-content\/uploads\/2025\/06\/Minimalist-Grey-Bathroom-Set-Ceramic-Bathroom-Accessories-Wholesale-5-270x270.webp 270w, https:\/\/jinhuaceramic.com\/wp-content\/uploads\/2025\/06\/Minimalist-Grey-Bathroom-Set-Ceramic-Bathroom-Accessories-Wholesale-5-540x540.webp 540w, https:\/\/jinhuaceramic.com\/wp-content\/uploads\/2025\/06\/Minimalist-Grey-Bathroom-Set-Ceramic-Bathroom-Accessories-Wholesale-5-660x660.webp 660w\" sizes=\"(max-width: 2000px) 100vw, 2000px\" \/><\/figure>\n<\/div>\n<\/div>\n\n\n\n<p><\/p>","protected":false},"excerpt":{"rendered":"<p>Bem-vindo a comprar o nosso conjunto de casa de banho cinzento por atacado. Estes acess\u00f3rios de casa de banho em cer\u00e2mica personalizados t\u00eam um aspeto simples e elegante e uma cor equilibrada e uniforme, que pode melhorar o aspeto geral da casa de banho. Os materiais cer\u00e2micos de qualidade e o conjunto completo de acess\u00f3rios s\u00e3o funcionais. Ao combinar funcionalidade e beleza, estes conjuntos de casa de banho podem ser usados em v\u00e1rias circunst\u00e2ncias.<\/p>","protected":false},"featured_media":9376,"comment_status":"closed","ping_status":"closed","template":"","meta":{"_acf_changed":false},"product_brand":[],"product_cat":[51],"product_tag":[74],"class_list":{"0":"post-9369","1":"product","2":"type-product","3":"status-publish","4":"has-post-thumbnail","6":"product_cat-bathroom-accessories-wholesale","7":"product_tag-ceramic-bath-accessories-wholesale","9":"first","10":"instock","11":"shipping-taxable","12":"product-type-simple"},"acf":[],"_links":{"self":[{"href":"https:\/\/jinhuaceramic.com\/pt\/wp-json\/wp\/v2\/product\/9369","targetHints":{"allow":["GET"]}}],"collection":[{"href":"https:\/\/jinhuaceramic.com\/pt\/wp-json\/wp\/v2\/product"}],"about":[{"href":"https:\/\/jinhuaceramic.com\/pt\/wp-json\/wp\/v2\/types\/product"}],"replies":[{"embeddable":true,"href":"https:\/\/jinhuaceramic.com\/pt\/wp-json\/wp\/v2\/comments?post=9369"}],"version-history":[{"count":0,"href":"https:\/\/jinhuaceramic.com\/pt\/wp-json\/wp\/v2\/product\/9369\/revisions"}],"wp:featuredmedia":[{"embeddable":true,"href":"https:\/\/jinhuaceramic.com\/pt\/wp-json\/wp\/v2\/media\/9376"}],"wp:attachment":[{"href":"https:\/\/jinhuaceramic.com\/pt\/wp-json\/wp\/v2\/media?parent=9369"}],"wp:term":[{"taxonomy":"product_brand","embeddable":true,"href":"https:\/\/jinhuaceramic.com\/pt\/wp-json\/wp\/v2\/product_brand?post=9369"},{"taxonomy":"product_cat","embeddable":true,"href":"https:\/\/jinhuaceramic.com\/pt\/wp-json\/wp\/v2\/product_cat?post=9369"},{"taxonomy":"product_tag","embeddable":true,"href":"https:\/\/jinhuaceramic.com\/pt\/wp-json\/wp\/v2\/product_tag?post=9369"}],"curies":[{"name":"wp","href":"https:\/\/api.w.org\/{rel}","templated":true}]}}