{"id":9383,"date":"2025-06-27T10:05:04","date_gmt":"2025-06-27T10:05:04","guid":{"rendered":"https:\/\/jinhuaceramic.com\/?post_type=product&#038;p=9383"},"modified":"2025-06-27T10:05:05","modified_gmt":"2025-06-27T10:05:05","slug":"wholesale-baking-dishes","status":"publish","type":"product","link":"https:\/\/jinhuaceramic.com\/pt\/product\/wholesale-baking-dishes\/","title":{"rendered":"Pratos de gr\u00e9s para ir ao forno por atacado, formas antiaderentes para ir ao forno"},"content":{"rendered":"<div class=\"wp-block-columns is-layout-flex wp-container-core-columns-is-layout-9d6595d7 wp-block-columns-is-layout-flex\">\n<div class=\"wp-block-column is-layout-flow wp-block-column-is-layout-flow\">\n<h3 class=\"wp-block-heading\">Pratos para assar Premium Wholesale Carater\u00edsticas:<\/h3>\n\n\n\n<ul class=\"wp-block-list\">\n<li><strong>Padr\u00e3o interessante: <\/strong>Estes pratos de cozinha por grosso t\u00eam as palavras \"BIG MISTAKE\" impressas no interior. Este design \u00fanico e humor\u00edstico pode dar um toque divertido ao processo de cozedura e de jantar, especialmente para quem gosta de brincar ou quer surpreender os seus convidados.<\/li>\n\n\n\n<li><strong>Cores brilhantes: <\/strong>Estas formas de cer\u00e2mica a granel s\u00e3o maioritariamente cor de laranja brilhante com riscas brancas nos lados e um padr\u00e3o no interior. As cores s\u00e3o vivas e alegres e d\u00e3o um toque de energia \u00e0 cozinha e \u00e0 mesa de jantar.<\/li>\n\n\n\n<li><strong>Gr\u00e9s Premium:<\/strong> Os nossos tabuleiros para assar por atacado s\u00e3o feitos de gr\u00e9s de primeira qualidade que distribui o calor uniformemente, para que os seus alimentos fiquem perfeitamente cozinhados por dentro e por fora, sem manchas cruas ou queimadas. Os tabuleiros de gr\u00e9s podem ser utilizados no forno, no micro-ondas e na m\u00e1quina de lavar loi\u00e7a para uma utiliza\u00e7\u00e3o conveniente.<\/li>\n\n\n\n<li><strong>Forte car\u00e1cter pr\u00e1tico: <\/strong>Estes tabuleiros quadrados de cer\u00e2mica de 8 polegadas s\u00e3o perfeitos para v\u00e1rios tipos de cozinhados, como brownies, ca\u00e7arolas, lasanha, etc. As pegas de grandes dimens\u00f5es em ambos os lados permitem uma remo\u00e7\u00e3o sem esfor\u00e7o do forno e um transporte seguro para a mesa, mesmo com luvas de forno.<\/li>\n<\/ul>\n<\/div>\n\n\n\n<div class=\"wp-block-column is-layout-flow wp-block-column-is-layout-flow\">\n<figure class=\"wp-block-image size-full\"><img fetchpriority=\"high\" decoding=\"async\" width=\"640\" height=\"640\" src=\"https:\/\/jinhuaceramic.com\/wp-content\/uploads\/2025\/06\/Nonstick-Square-Baking-Pan-Kitchen-Stoneware-Baking-Dish-Wholesale-3.webp\" alt=\"Pratos de gr\u00e9s para ir ao forno por atacado, formas antiaderentes para ir ao forno-3\" class=\"wp-image-9385\" srcset=\"https:\/\/jinhuaceramic.com\/wp-content\/uploads\/2025\/06\/Nonstick-Square-Baking-Pan-Kitchen-Stoneware-Baking-Dish-Wholesale-3.webp 640w, https:\/\/jinhuaceramic.com\/wp-content\/uploads\/2025\/06\/Nonstick-Square-Baking-Pan-Kitchen-Stoneware-Baking-Dish-Wholesale-3-300x300.webp 300w, https:\/\/jinhuaceramic.com\/wp-content\/uploads\/2025\/06\/Nonstick-Square-Baking-Pan-Kitchen-Stoneware-Baking-Dish-Wholesale-3-150x150.webp 150w, https:\/\/jinhuaceramic.com\/wp-content\/uploads\/2025\/06\/Nonstick-Square-Baking-Pan-Kitchen-Stoneware-Baking-Dish-Wholesale-3-12x12.webp 12w, https:\/\/jinhuaceramic.com\/wp-content\/uploads\/2025\/06\/Nonstick-Square-Baking-Pan-Kitchen-Stoneware-Baking-Dish-Wholesale-3-285x285.webp 285w, https:\/\/jinhuaceramic.com\/wp-content\/uploads\/2025\/06\/Nonstick-Square-Baking-Pan-Kitchen-Stoneware-Baking-Dish-Wholesale-3-270x270.webp 270w, https:\/\/jinhuaceramic.com\/wp-content\/uploads\/2025\/06\/Nonstick-Square-Baking-Pan-Kitchen-Stoneware-Baking-Dish-Wholesale-3-540x540.webp 540w\" sizes=\"(max-width: 640px) 100vw, 640px\" \/><\/figure>\n<\/div>\n<\/div>\n\n\n\n<p><\/p>","protected":false},"excerpt":{"rendered":"<p>Bem-vindo \u00e0 compra de assadeiras de cer\u00e2mica a granel. Estas assadeiras por grosso s\u00e3o populares pelas suas cores vivas, padr\u00f5es interessantes, gr\u00e9s de boa qualidade e fun\u00e7\u00f5es pr\u00e1ticas de cozedura. Mais do que utens\u00edlios de cozinha, estas assadeiras tornam a cozinha mais agrad\u00e1vel e funcionam como um ponto focal de conversa para a fam\u00edlia e amigos durante as refei\u00e7\u00f5es.<\/p>","protected":false},"featured_media":9387,"comment_status":"closed","ping_status":"closed","template":"","meta":{"_acf_changed":false},"product_brand":[],"product_cat":[53],"product_tag":[71],"class_list":{"0":"post-9383","1":"product","2":"type-product","3":"status-publish","4":"has-post-thumbnail","6":"product_cat-bakeware-in-bulk","7":"product_tag-wholesale-baking-pans","9":"first","10":"instock","11":"shipping-taxable","12":"product-type-simple"},"acf":[],"_links":{"self":[{"href":"https:\/\/jinhuaceramic.com\/pt\/wp-json\/wp\/v2\/product\/9383","targetHints":{"allow":["GET"]}}],"collection":[{"href":"https:\/\/jinhuaceramic.com\/pt\/wp-json\/wp\/v2\/product"}],"about":[{"href":"https:\/\/jinhuaceramic.com\/pt\/wp-json\/wp\/v2\/types\/product"}],"replies":[{"embeddable":true,"href":"https:\/\/jinhuaceramic.com\/pt\/wp-json\/wp\/v2\/comments?post=9383"}],"version-history":[{"count":0,"href":"https:\/\/jinhuaceramic.com\/pt\/wp-json\/wp\/v2\/product\/9383\/revisions"}],"wp:featuredmedia":[{"embeddable":true,"href":"https:\/\/jinhuaceramic.com\/pt\/wp-json\/wp\/v2\/media\/9387"}],"wp:attachment":[{"href":"https:\/\/jinhuaceramic.com\/pt\/wp-json\/wp\/v2\/media?parent=9383"}],"wp:term":[{"taxonomy":"product_brand","embeddable":true,"href":"https:\/\/jinhuaceramic.com\/pt\/wp-json\/wp\/v2\/product_brand?post=9383"},{"taxonomy":"product_cat","embeddable":true,"href":"https:\/\/jinhuaceramic.com\/pt\/wp-json\/wp\/v2\/product_cat?post=9383"},{"taxonomy":"product_tag","embeddable":true,"href":"https:\/\/jinhuaceramic.com\/pt\/wp-json\/wp\/v2\/product_tag?post=9383"}],"curies":[{"name":"wp","href":"https:\/\/api.w.org\/{rel}","templated":true}]}}