{"id":9452,"date":"2025-06-28T01:30:49","date_gmt":"2025-06-28T01:30:49","guid":{"rendered":"https:\/\/jinhuaceramic.com\/?post_type=product&#038;p=9452"},"modified":"2025-06-28T01:30:51","modified_gmt":"2025-06-28T01:30:51","slug":"creme-brulee-ramekins-wholesale","status":"publish","type":"product","link":"https:\/\/jinhuaceramic.com\/pt\/product\/creme-brulee-ramekins-wholesale\/","title":{"rendered":"Ramequins de cer\u00e2mica para creme brulee por atacado com tampa e pega"},"content":{"rendered":"<div class=\"wp-block-columns is-layout-flex wp-container-core-columns-is-layout-9d6595d7 wp-block-columns-is-layout-flex\">\n<div class=\"wp-block-column is-layout-flow wp-block-column-is-layout-flow\">\n<h3 class=\"wp-block-heading\">Ramequins Premium Creme Brulee Carater\u00edsticas por atacado:<\/h3>\n\n\n\n<ul class=\"wp-block-list\">\n<li><strong>Design giro: <\/strong>Estes ramequins de creme brulee por atacado s\u00e3o concebidos numa variedade de cores vivas, incluindo vermelho, verde, amarelo e bege. O ramequim bege tem um desenho colorido de bolinhas no exterior, enquanto as outras cores s\u00e3o combinadas com bolinhas brancas, tornando estes ramequins cheios de vitalidade e divers\u00e3o infantil, e muito bonitos.<\/li>\n\n\n\n<li><strong>Material de alta qualidade: <\/strong>Estes ramequins de cer\u00e2mica de alta qualidade a granel n\u00e3o ficam manchados nem absorvem os odores dos alimentos, mas podem continuar a ser t\u00e3o bonitos e higi\u00e9nicos como novos, mesmo ap\u00f3s uma utiliza\u00e7\u00e3o prolongada. N\u00e3o cont\u00eam produtos qu\u00edmicos, como o chumbo e o c\u00e1dmio, pelo que s\u00e3o seguros para guardar alimentos.<\/li>\n\n\n\n<li><strong>Tampa funcional: <\/strong>As tampas destes ramequins para creme brulee por atacado t\u00eam tampas funcionais que ret\u00eam a humidade nos alimentos durante a cozedura e evitam que sequem ou queimem \u00e0 superf\u00edcie. Tamb\u00e9m aquecem e mant\u00eam os alimentos limpos at\u00e9 serem servidos.<\/li>\n\n\n\n<li><strong>Versatilidade:<\/strong> Estes ramequins de cer\u00e2mica a granel s\u00e3o perfeitos para sobremesas como souffl\u00e9, cr\u00e8me br\u00fbl\u00e9e, etc., mini ca\u00e7arolas, guisados, aperitivos, etc. Para al\u00e9m da pastelaria, tamb\u00e9m podem ser utilizados para servir sopas, aperitivos, molhos ou como centro de mesa em miniatura.<\/li>\n<\/ul>\n<\/div>\n\n\n\n<div class=\"wp-block-column is-layout-flow wp-block-column-is-layout-flow\">\n<figure class=\"wp-block-image size-full\"><img fetchpriority=\"high\" decoding=\"async\" width=\"1500\" height=\"1500\" src=\"https:\/\/jinhuaceramic.com\/wp-content\/uploads\/2025\/06\/Wholesale-Bulk-Ramekins-with-Lid-Ceramic-Baking-Dish-with-Various-Colors-5.webp\" alt=\"Ramequins de cer\u00e2mica para creme brulee por atacado com tampa e pega-1\" class=\"wp-image-9456\" srcset=\"https:\/\/jinhuaceramic.com\/wp-content\/uploads\/2025\/06\/Wholesale-Bulk-Ramekins-with-Lid-Ceramic-Baking-Dish-with-Various-Colors-5.webp 1500w, https:\/\/jinhuaceramic.com\/wp-content\/uploads\/2025\/06\/Wholesale-Bulk-Ramekins-with-Lid-Ceramic-Baking-Dish-with-Various-Colors-5-300x300.webp 300w, https:\/\/jinhuaceramic.com\/wp-content\/uploads\/2025\/06\/Wholesale-Bulk-Ramekins-with-Lid-Ceramic-Baking-Dish-with-Various-Colors-5-150x150.webp 150w, https:\/\/jinhuaceramic.com\/wp-content\/uploads\/2025\/06\/Wholesale-Bulk-Ramekins-with-Lid-Ceramic-Baking-Dish-with-Various-Colors-5-768x768.webp 768w, https:\/\/jinhuaceramic.com\/wp-content\/uploads\/2025\/06\/Wholesale-Bulk-Ramekins-with-Lid-Ceramic-Baking-Dish-with-Various-Colors-5-12x12.webp 12w, https:\/\/jinhuaceramic.com\/wp-content\/uploads\/2025\/06\/Wholesale-Bulk-Ramekins-with-Lid-Ceramic-Baking-Dish-with-Various-Colors-5-285x285.webp 285w, https:\/\/jinhuaceramic.com\/wp-content\/uploads\/2025\/06\/Wholesale-Bulk-Ramekins-with-Lid-Ceramic-Baking-Dish-with-Various-Colors-5-270x270.webp 270w, https:\/\/jinhuaceramic.com\/wp-content\/uploads\/2025\/06\/Wholesale-Bulk-Ramekins-with-Lid-Ceramic-Baking-Dish-with-Various-Colors-5-540x540.webp 540w, https:\/\/jinhuaceramic.com\/wp-content\/uploads\/2025\/06\/Wholesale-Bulk-Ramekins-with-Lid-Ceramic-Baking-Dish-with-Various-Colors-5-660x660.webp 660w\" sizes=\"(max-width: 1500px) 100vw, 1500px\" \/><\/figure>\n<\/div>\n<\/div>","protected":false},"excerpt":{"rendered":"<p>Bem-vindo ao comprar ramequins de cer\u00e2mica a granel. Estes ramequins para creme brulee por atacado t\u00eam tampas funcionais e pegas pr\u00e1ticas, com material cer\u00e2mico de primeira qualidade e tamanho adequado, o que os torna ideais para cozer v\u00e1rias receitas. O design bonito permite que sejam servidos diretamente na mesa de jantar, conferindo \u00e0 refei\u00e7\u00e3o alguma eleg\u00e2ncia e ritual.<\/p>","protected":false},"featured_media":9457,"comment_status":"closed","ping_status":"closed","template":"","meta":{"_acf_changed":false},"product_brand":[],"product_cat":[53],"product_tag":[69],"class_list":{"0":"post-9452","1":"product","2":"type-product","3":"status-publish","4":"has-post-thumbnail","6":"product_cat-bakeware-in-bulk","7":"product_tag-bulk-ramekins","9":"first","10":"instock","11":"shipping-taxable","12":"product-type-simple"},"acf":[],"_links":{"self":[{"href":"https:\/\/jinhuaceramic.com\/pt\/wp-json\/wp\/v2\/product\/9452","targetHints":{"allow":["GET"]}}],"collection":[{"href":"https:\/\/jinhuaceramic.com\/pt\/wp-json\/wp\/v2\/product"}],"about":[{"href":"https:\/\/jinhuaceramic.com\/pt\/wp-json\/wp\/v2\/types\/product"}],"replies":[{"embeddable":true,"href":"https:\/\/jinhuaceramic.com\/pt\/wp-json\/wp\/v2\/comments?post=9452"}],"version-history":[{"count":0,"href":"https:\/\/jinhuaceramic.com\/pt\/wp-json\/wp\/v2\/product\/9452\/revisions"}],"wp:featuredmedia":[{"embeddable":true,"href":"https:\/\/jinhuaceramic.com\/pt\/wp-json\/wp\/v2\/media\/9457"}],"wp:attachment":[{"href":"https:\/\/jinhuaceramic.com\/pt\/wp-json\/wp\/v2\/media?parent=9452"}],"wp:term":[{"taxonomy":"product_brand","embeddable":true,"href":"https:\/\/jinhuaceramic.com\/pt\/wp-json\/wp\/v2\/product_brand?post=9452"},{"taxonomy":"product_cat","embeddable":true,"href":"https:\/\/jinhuaceramic.com\/pt\/wp-json\/wp\/v2\/product_cat?post=9452"},{"taxonomy":"product_tag","embeddable":true,"href":"https:\/\/jinhuaceramic.com\/pt\/wp-json\/wp\/v2\/product_tag?post=9452"}],"curies":[{"name":"wp","href":"https:\/\/api.w.org\/{rel}","templated":true}]}}