{"id":9549,"date":"2025-06-27T10:17:03","date_gmt":"2025-06-27T10:17:03","guid":{"rendered":"https:\/\/jinhuaceramic.com\/?post_type=product&#038;p=9549"},"modified":"2025-06-27T10:17:04","modified_gmt":"2025-06-27T10:17:04","slug":"wholesale-pie-pans","status":"publish","type":"product","link":"https:\/\/jinhuaceramic.com\/pt\/product\/wholesale-pie-pans\/","title":{"rendered":"Formas de tarte de gr\u00e9s por atacado, pratos redondos para assar a granel"},"content":{"rendered":"<div class=\"wp-block-columns is-layout-flex wp-container-core-columns-is-layout-9d6595d7 wp-block-columns-is-layout-flex\">\n<div class=\"wp-block-column is-layout-flow wp-block-column-is-layout-flow\">\n<h3 class=\"wp-block-heading\">Formas para tartes Premium Wholesale Carater\u00edsticas:<\/h3>\n\n\n\n<ul class=\"wp-block-list\">\n<li><strong>Design elegante:<\/strong> Estas formas para tartes por atacado apresentam um elegante rebordo ondulado que cria um rebordo estaladi\u00e7o para a sua tarte ou torta. As riscas verticais nos lados d\u00e3o um toque de eleg\u00e2ncia e ader\u00eancia. Este aspeto intemporal \u00e9 perfeito para qualquer ocasi\u00e3o, quer seja para uso di\u00e1rio ou para uma celebra\u00e7\u00e3o festiva.<\/li>\n\n\n\n<li><strong>Gr\u00e9s de alta qualidade:<\/strong> Estes pratos de cer\u00e2mica de alta qualidade para cozer a granel podem distribuir uniformemente o calor, garantindo que os produtos cozinhados ficam bem cozinhados e estaladi\u00e7os, evitando pontos queimados ou mal cozinhados. A cer\u00e2mica de alta qualidade n\u00e3o cont\u00e9m subst\u00e2ncias nocivas como o chumbo e o c\u00e1dmio, o que torna a sua utiliza\u00e7\u00e3o mais segura.<\/li>\n\n\n\n<li><strong>Versatilidade: <\/strong>Estas formas para tartes por atacado s\u00e3o principalmente utilizadas para preparar v\u00e1rias tartes, como quiche, tarte de ma\u00e7\u00e3, tarte de ab\u00f3bora, etc., mas tamb\u00e9m podem ser utilizadas para preparar tartes, legumes assados ou pequenas ca\u00e7arolas. A forma bonita das formas permite-lhes serem servidas diretamente do forno para a mesa, o que pode aumentar o prazer da refei\u00e7\u00e3o.<\/li>\n\n\n\n<li><strong>Prenda perfeita:<\/strong> Estes pratos de cer\u00e2mica para ir ao forno a granel n\u00e3o s\u00e3o apenas pr\u00e1ticos, mas tamb\u00e9m deslumbrantes, perfeitos como presentes de casamento ou de boas-vindas para a fam\u00edlia e amigos, e tamb\u00e9m os melhores presentes para padeiros.<\/li>\n<\/ul>\n<\/div>\n\n\n\n<div class=\"wp-block-column is-layout-flow wp-block-column-is-layout-flow\">\n<figure class=\"wp-block-image size-full\"><img fetchpriority=\"high\" decoding=\"async\" width=\"1800\" height=\"1800\" src=\"https:\/\/jinhuaceramic.com\/wp-content\/uploads\/2025\/06\/Stoneware-Custom-Pie-Pans-Bulk-Round-Baking-Dishes-Wholesale-4.webp\" alt=\"Formas de tarte de gr\u00e9s por atacado, pratos redondos para assar a granel-1\" class=\"wp-image-9552\" srcset=\"https:\/\/jinhuaceramic.com\/wp-content\/uploads\/2025\/06\/Stoneware-Custom-Pie-Pans-Bulk-Round-Baking-Dishes-Wholesale-4.webp 1800w, https:\/\/jinhuaceramic.com\/wp-content\/uploads\/2025\/06\/Stoneware-Custom-Pie-Pans-Bulk-Round-Baking-Dishes-Wholesale-4-300x300.webp 300w, https:\/\/jinhuaceramic.com\/wp-content\/uploads\/2025\/06\/Stoneware-Custom-Pie-Pans-Bulk-Round-Baking-Dishes-Wholesale-4-150x150.webp 150w, https:\/\/jinhuaceramic.com\/wp-content\/uploads\/2025\/06\/Stoneware-Custom-Pie-Pans-Bulk-Round-Baking-Dishes-Wholesale-4-768x768.webp 768w, https:\/\/jinhuaceramic.com\/wp-content\/uploads\/2025\/06\/Stoneware-Custom-Pie-Pans-Bulk-Round-Baking-Dishes-Wholesale-4-12x12.webp 12w, https:\/\/jinhuaceramic.com\/wp-content\/uploads\/2025\/06\/Stoneware-Custom-Pie-Pans-Bulk-Round-Baking-Dishes-Wholesale-4-285x285.webp 285w, https:\/\/jinhuaceramic.com\/wp-content\/uploads\/2025\/06\/Stoneware-Custom-Pie-Pans-Bulk-Round-Baking-Dishes-Wholesale-4-1600x1600.webp 1600w, https:\/\/jinhuaceramic.com\/wp-content\/uploads\/2025\/06\/Stoneware-Custom-Pie-Pans-Bulk-Round-Baking-Dishes-Wholesale-4-270x270.webp 270w, https:\/\/jinhuaceramic.com\/wp-content\/uploads\/2025\/06\/Stoneware-Custom-Pie-Pans-Bulk-Round-Baking-Dishes-Wholesale-4-540x540.webp 540w, https:\/\/jinhuaceramic.com\/wp-content\/uploads\/2025\/06\/Stoneware-Custom-Pie-Pans-Bulk-Round-Baking-Dishes-Wholesale-4-660x660.webp 660w\" sizes=\"(max-width: 1800px) 100vw, 1800px\" \/><\/figure>\n<\/div>\n<\/div>","protected":false},"excerpt":{"rendered":"<p>Bem-vindo ao comprar pratos de cer\u00e2mica para cozer a granel. Estas formas para tartes por atacado s\u00e3o populares pelo seu design deslumbrante e polivalente, excelente qualidade de gr\u00e9s e utiliza\u00e7\u00e3o pr\u00e1tica. Combinando design e utilidade, estes pratos de pastelaria s\u00e3o a melhor escolha para os amantes de pastelaria e entusiastas da beleza de mesa.<\/p>","protected":false},"featured_media":9556,"comment_status":"closed","ping_status":"closed","template":"","meta":{"_acf_changed":false},"product_brand":[],"product_cat":[53],"product_tag":[70],"class_list":{"0":"post-9549","1":"product","2":"type-product","3":"status-publish","4":"has-post-thumbnail","6":"product_cat-bakeware-in-bulk","7":"product_tag-custom-pie-pans","9":"first","10":"instock","11":"shipping-taxable","12":"product-type-simple"},"acf":[],"_links":{"self":[{"href":"https:\/\/jinhuaceramic.com\/pt\/wp-json\/wp\/v2\/product\/9549","targetHints":{"allow":["GET"]}}],"collection":[{"href":"https:\/\/jinhuaceramic.com\/pt\/wp-json\/wp\/v2\/product"}],"about":[{"href":"https:\/\/jinhuaceramic.com\/pt\/wp-json\/wp\/v2\/types\/product"}],"replies":[{"embeddable":true,"href":"https:\/\/jinhuaceramic.com\/pt\/wp-json\/wp\/v2\/comments?post=9549"}],"version-history":[{"count":0,"href":"https:\/\/jinhuaceramic.com\/pt\/wp-json\/wp\/v2\/product\/9549\/revisions"}],"wp:featuredmedia":[{"embeddable":true,"href":"https:\/\/jinhuaceramic.com\/pt\/wp-json\/wp\/v2\/media\/9556"}],"wp:attachment":[{"href":"https:\/\/jinhuaceramic.com\/pt\/wp-json\/wp\/v2\/media?parent=9549"}],"wp:term":[{"taxonomy":"product_brand","embeddable":true,"href":"https:\/\/jinhuaceramic.com\/pt\/wp-json\/wp\/v2\/product_brand?post=9549"},{"taxonomy":"product_cat","embeddable":true,"href":"https:\/\/jinhuaceramic.com\/pt\/wp-json\/wp\/v2\/product_cat?post=9549"},{"taxonomy":"product_tag","embeddable":true,"href":"https:\/\/jinhuaceramic.com\/pt\/wp-json\/wp\/v2\/product_tag?post=9549"}],"curies":[{"name":"wp","href":"https:\/\/api.w.org\/{rel}","templated":true}]}}