{"id":9574,"date":"2025-07-01T01:37:43","date_gmt":"2025-07-01T01:37:43","guid":{"rendered":"https:\/\/jinhuaceramic.com\/?post_type=product&#038;p=9574"},"modified":"2025-07-01T01:37:45","modified_gmt":"2025-07-01T01:37:45","slug":"restaurant-dishware-wholesale","status":"publish","type":"product","link":"https:\/\/jinhuaceramic.com\/pt\/product\/restaurant-dishware-wholesale\/","title":{"rendered":"Lou\u00e7a de restaurante por atacado, lou\u00e7a preta e branca a granel"},"content":{"rendered":"<div class=\"wp-block-columns is-layout-flex wp-container-core-columns-is-layout-9d6595d7 wp-block-columns-is-layout-flex\">\n<div class=\"wp-block-column is-layout-flow wp-block-column-is-layout-flow\">\n<h3 class=\"wp-block-heading\">Lou\u00e7a de restaurante premium por atacado Carater\u00edsticas:<\/h3>\n\n\n\n<ul class=\"wp-block-list\">\n<li><strong>Design elegante em cores contrastantes:<\/strong> A combina\u00e7\u00e3o de cores preto e branco desta lou\u00e7a de restaurante por atacado \u00e9 cl\u00e1ssica e dur\u00e1vel, trazendo uma forte camada visual, adequada para uma variedade de cenas, desde restaurantes modernos a caf\u00e9s boutique.<\/li>\n\n\n\n<li><strong>Detalhe de tinta com pormenor artesanal: <\/strong>Este conjunto de loi\u00e7a a granel tem um esmalte interior bege com manchas pretas naturalmente distribu\u00eddas, mostrando um efeito art\u00edstico \u00fanico de salpicos de tinta e criando um toque artesanal \u00fanico.<\/li>\n\n\n\n<li><strong>Excelente durabilidade:<\/strong> A nossa loi\u00e7a de restaurante por atacado utiliza gr\u00e9s, que tem uma textura espessa e \u00e9 cozido a alta temperatura. \u00c9 mais resistente ao calor, resistente a arranh\u00f5es e n\u00e3o \u00e9 f\u00e1cil de quebrar, adequado para ambientes de uso de alta frequ\u00eancia.<\/li>\n\n\n\n<li><strong>A combina\u00e7\u00e3o de v\u00e1rias pe\u00e7as \u00e9 pr\u00e1tica: <\/strong>O nosso conjunto de loi\u00e7a a granel inclui dois tamanhos de pratos rasos e uma tigela, que \u00e9 adequada para saladas, pratos principais, sopas, etc., para satisfazer as necessidades di\u00e1rias diversificadas de refei\u00e7\u00f5es.<\/li>\n<\/ul>\n<\/div>\n\n\n\n<div class=\"wp-block-column is-layout-flow wp-block-column-is-layout-flow\">\n<figure class=\"wp-block-image size-full\"><img fetchpriority=\"high\" decoding=\"async\" width=\"2000\" height=\"2000\" src=\"https:\/\/jinhuaceramic.com\/wp-content\/uploads\/2025\/06\/Black-and-White-Dinnerware-Set-Wholesale-Custom-Stoneware-Plates-and-Bowls-2.webp\" alt=\"Lou\u00e7a de restaurante por atacado, lou\u00e7a preta e branca a granel\" class=\"wp-image-9575\" srcset=\"https:\/\/jinhuaceramic.com\/wp-content\/uploads\/2025\/06\/Black-and-White-Dinnerware-Set-Wholesale-Custom-Stoneware-Plates-and-Bowls-2.webp 2000w, https:\/\/jinhuaceramic.com\/wp-content\/uploads\/2025\/06\/Black-and-White-Dinnerware-Set-Wholesale-Custom-Stoneware-Plates-and-Bowls-2-300x300.webp 300w, https:\/\/jinhuaceramic.com\/wp-content\/uploads\/2025\/06\/Black-and-White-Dinnerware-Set-Wholesale-Custom-Stoneware-Plates-and-Bowls-2-150x150.webp 150w, https:\/\/jinhuaceramic.com\/wp-content\/uploads\/2025\/06\/Black-and-White-Dinnerware-Set-Wholesale-Custom-Stoneware-Plates-and-Bowls-2-768x768.webp 768w, https:\/\/jinhuaceramic.com\/wp-content\/uploads\/2025\/06\/Black-and-White-Dinnerware-Set-Wholesale-Custom-Stoneware-Plates-and-Bowls-2-12x12.webp 12w, https:\/\/jinhuaceramic.com\/wp-content\/uploads\/2025\/06\/Black-and-White-Dinnerware-Set-Wholesale-Custom-Stoneware-Plates-and-Bowls-2-285x285.webp 285w, https:\/\/jinhuaceramic.com\/wp-content\/uploads\/2025\/06\/Black-and-White-Dinnerware-Set-Wholesale-Custom-Stoneware-Plates-and-Bowls-2-1600x1600.webp 1600w, https:\/\/jinhuaceramic.com\/wp-content\/uploads\/2025\/06\/Black-and-White-Dinnerware-Set-Wholesale-Custom-Stoneware-Plates-and-Bowls-2-270x270.webp 270w, https:\/\/jinhuaceramic.com\/wp-content\/uploads\/2025\/06\/Black-and-White-Dinnerware-Set-Wholesale-Custom-Stoneware-Plates-and-Bowls-2-540x540.webp 540w, https:\/\/jinhuaceramic.com\/wp-content\/uploads\/2025\/06\/Black-and-White-Dinnerware-Set-Wholesale-Custom-Stoneware-Plates-and-Bowls-2-660x660.webp 660w\" sizes=\"(max-width: 2000px) 100vw, 2000px\" \/><\/figure>\n<\/div>\n<\/div>","protected":false},"excerpt":{"rendered":"<p>Bem-vindo ao comprar lou\u00e7a de restaurante por atacado. Este conjunto de loi\u00e7a a granel utiliza um contraste cl\u00e1ssico a preto e branco e um efeito \u00fanico de salpicos de tinta, que est\u00e1 cheio de sentido moderno. \u00c9 feito de gr\u00e9s de alta qualidade cozido a alta temperatura, que \u00e9 resistente e dur\u00e1vel.<\/p>","protected":false},"featured_media":9581,"comment_status":"closed","ping_status":"closed","template":"","meta":{"_acf_changed":false},"product_brand":[],"product_cat":[83,54],"product_tag":[],"class_list":{"0":"post-9574","1":"product","2":"type-product","3":"status-publish","4":"has-post-thumbnail","6":"product_cat-wholesale-dinnerware-sets","7":"product_cat-tableware-wholesale","9":"first","10":"instock","11":"shipping-taxable","12":"product-type-simple"},"acf":[],"_links":{"self":[{"href":"https:\/\/jinhuaceramic.com\/pt\/wp-json\/wp\/v2\/product\/9574","targetHints":{"allow":["GET"]}}],"collection":[{"href":"https:\/\/jinhuaceramic.com\/pt\/wp-json\/wp\/v2\/product"}],"about":[{"href":"https:\/\/jinhuaceramic.com\/pt\/wp-json\/wp\/v2\/types\/product"}],"replies":[{"embeddable":true,"href":"https:\/\/jinhuaceramic.com\/pt\/wp-json\/wp\/v2\/comments?post=9574"}],"version-history":[{"count":0,"href":"https:\/\/jinhuaceramic.com\/pt\/wp-json\/wp\/v2\/product\/9574\/revisions"}],"wp:featuredmedia":[{"embeddable":true,"href":"https:\/\/jinhuaceramic.com\/pt\/wp-json\/wp\/v2\/media\/9581"}],"wp:attachment":[{"href":"https:\/\/jinhuaceramic.com\/pt\/wp-json\/wp\/v2\/media?parent=9574"}],"wp:term":[{"taxonomy":"product_brand","embeddable":true,"href":"https:\/\/jinhuaceramic.com\/pt\/wp-json\/wp\/v2\/product_brand?post=9574"},{"taxonomy":"product_cat","embeddable":true,"href":"https:\/\/jinhuaceramic.com\/pt\/wp-json\/wp\/v2\/product_cat?post=9574"},{"taxonomy":"product_tag","embeddable":true,"href":"https:\/\/jinhuaceramic.com\/pt\/wp-json\/wp\/v2\/product_tag?post=9574"}],"curies":[{"name":"wp","href":"https:\/\/api.w.org\/{rel}","templated":true}]}}