{"id":9585,"date":"2025-07-01T01:46:16","date_gmt":"2025-07-01T01:46:16","guid":{"rendered":"https:\/\/jinhuaceramic.com\/?post_type=product&#038;p=9585"},"modified":"2025-07-01T01:46:18","modified_gmt":"2025-07-01T01:46:18","slug":"baking-dish-wholesale","status":"publish","type":"product","link":"https:\/\/jinhuaceramic.com\/pt\/product\/baking-dish-wholesale\/","title":{"rendered":"Assadeira de gr\u00e9s por atacado, conjunto de 3 pe\u00e7as para assar personalizado"},"content":{"rendered":"<div class=\"wp-block-columns is-layout-flex wp-container-core-columns-is-layout-9d6595d7 wp-block-columns-is-layout-flex\">\n<div class=\"wp-block-column is-layout-flow wp-block-column-is-layout-flow\">\n<h3 class=\"wp-block-heading\">Prato de cozimento premium Carater\u00edsticas por atacado:<\/h3>\n\n\n\n<ul class=\"wp-block-list\">\n<li><strong>Design de estilo pastoral:<\/strong> Esta assadeira por atacado utiliza um esquema de cores quentes e naturais, com o bege como cor principal e um gradiente de castanho claro nas bordas, criando uma experi\u00eancia de jantar confort\u00e1vel.<\/li>\n\n\n\n<li><strong>Material cer\u00e2mico de alta qualidade: <\/strong>O nosso conjunto de utens\u00edlios de pastelaria personalizados \u00e9 robusto e dur\u00e1vel, resistente a riscos e fissuras, adequado para ambientes de alta temperatura no forno, e n\u00e3o \u00e9 f\u00e1cil de deformar e envelhecer. A estrutura cer\u00e2mica assegura um aquecimento uniforme e ajuda a que os alimentos fiquem totalmente cozinhados.<\/li>\n\n\n\n<li><strong>Tr\u00eas tamanhos pr\u00e1ticos: <\/strong>A nossa assadeira por atacado oferece tr\u00eas especifica\u00e7\u00f5es: grande, m\u00e9dia e pequena, adequadas para uma variedade de ingredientes e pratos, desde frangos inteiros assados, lasanha, sobremesas at\u00e9 \u00e0 cozedura di\u00e1ria de vegetais.<\/li>\n\n\n\n<li><strong>Arruma\u00e7\u00e3o aninh\u00e1vel e pegas pr\u00e1ticas:<\/strong> O design encaix\u00e1vel deste conjunto de pastelaria personalizado poupa espa\u00e7o e as pegas alargadas de ambos os lados s\u00e3o f\u00e1ceis de utilizar, tornando-o mais seguro e pr\u00e1tico, quer seja retirado do forno ou servido diretamente na mesa.<\/li>\n<\/ul>\n<\/div>\n\n\n\n<div class=\"wp-block-column is-layout-flow wp-block-column-is-layout-flow\">\n<figure class=\"wp-block-image size-full\"><img fetchpriority=\"high\" decoding=\"async\" width=\"800\" height=\"800\" src=\"https:\/\/jinhuaceramic.com\/wp-content\/uploads\/2025\/06\/3-Piece-Custom-Baking-Dishes-Set-Ceramic-Bakeware-Set-Wholesale-5.webp\" alt=\"Assadeira de gr\u00e9s por atacado, conjunto de 3 pe\u00e7as para assar personalizado - 4\" class=\"wp-image-9589\" srcset=\"https:\/\/jinhuaceramic.com\/wp-content\/uploads\/2025\/06\/3-Piece-Custom-Baking-Dishes-Set-Ceramic-Bakeware-Set-Wholesale-5.webp 800w, https:\/\/jinhuaceramic.com\/wp-content\/uploads\/2025\/06\/3-Piece-Custom-Baking-Dishes-Set-Ceramic-Bakeware-Set-Wholesale-5-300x300.webp 300w, https:\/\/jinhuaceramic.com\/wp-content\/uploads\/2025\/06\/3-Piece-Custom-Baking-Dishes-Set-Ceramic-Bakeware-Set-Wholesale-5-150x150.webp 150w, https:\/\/jinhuaceramic.com\/wp-content\/uploads\/2025\/06\/3-Piece-Custom-Baking-Dishes-Set-Ceramic-Bakeware-Set-Wholesale-5-768x768.webp 768w, https:\/\/jinhuaceramic.com\/wp-content\/uploads\/2025\/06\/3-Piece-Custom-Baking-Dishes-Set-Ceramic-Bakeware-Set-Wholesale-5-12x12.webp 12w, https:\/\/jinhuaceramic.com\/wp-content\/uploads\/2025\/06\/3-Piece-Custom-Baking-Dishes-Set-Ceramic-Bakeware-Set-Wholesale-5-285x285.webp 285w, https:\/\/jinhuaceramic.com\/wp-content\/uploads\/2025\/06\/3-Piece-Custom-Baking-Dishes-Set-Ceramic-Bakeware-Set-Wholesale-5-270x270.webp 270w, https:\/\/jinhuaceramic.com\/wp-content\/uploads\/2025\/06\/3-Piece-Custom-Baking-Dishes-Set-Ceramic-Bakeware-Set-Wholesale-5-540x540.webp 540w, https:\/\/jinhuaceramic.com\/wp-content\/uploads\/2025\/06\/3-Piece-Custom-Baking-Dishes-Set-Ceramic-Bakeware-Set-Wholesale-5-660x660.webp 660w\" sizes=\"(max-width: 800px) 100vw, 800px\" \/><\/figure>\n<\/div>\n<\/div>","protected":false},"excerpt":{"rendered":"<p>Bem-vindo \u00e0 compra de assadeira por atacado. Este conjunto de assadeiras personalizadas de estilo pastoral \u00e9 bege como cor principal, com um design gradiente castanho claro nas bordas, simples e natural, adequado para v\u00e1rios estilos de cozinha. Utiliza cer\u00e2micas de alta qualidade resistentes a altas temperaturas, que s\u00e3o aquecidas uniformemente, robustas e resistentes a rachaduras, e suportam cozimento em v\u00e1rias cenas.<\/p>","protected":false},"featured_media":9587,"comment_status":"closed","ping_status":"closed","template":"","meta":{"_acf_changed":false},"product_brand":[],"product_cat":[53],"product_tag":[71],"class_list":{"0":"post-9585","1":"product","2":"type-product","3":"status-publish","4":"has-post-thumbnail","6":"product_cat-bakeware-in-bulk","7":"product_tag-wholesale-baking-pans","9":"first","10":"instock","11":"shipping-taxable","12":"product-type-simple"},"acf":[],"_links":{"self":[{"href":"https:\/\/jinhuaceramic.com\/pt\/wp-json\/wp\/v2\/product\/9585","targetHints":{"allow":["GET"]}}],"collection":[{"href":"https:\/\/jinhuaceramic.com\/pt\/wp-json\/wp\/v2\/product"}],"about":[{"href":"https:\/\/jinhuaceramic.com\/pt\/wp-json\/wp\/v2\/types\/product"}],"replies":[{"embeddable":true,"href":"https:\/\/jinhuaceramic.com\/pt\/wp-json\/wp\/v2\/comments?post=9585"}],"version-history":[{"count":0,"href":"https:\/\/jinhuaceramic.com\/pt\/wp-json\/wp\/v2\/product\/9585\/revisions"}],"wp:featuredmedia":[{"embeddable":true,"href":"https:\/\/jinhuaceramic.com\/pt\/wp-json\/wp\/v2\/media\/9587"}],"wp:attachment":[{"href":"https:\/\/jinhuaceramic.com\/pt\/wp-json\/wp\/v2\/media?parent=9585"}],"wp:term":[{"taxonomy":"product_brand","embeddable":true,"href":"https:\/\/jinhuaceramic.com\/pt\/wp-json\/wp\/v2\/product_brand?post=9585"},{"taxonomy":"product_cat","embeddable":true,"href":"https:\/\/jinhuaceramic.com\/pt\/wp-json\/wp\/v2\/product_cat?post=9585"},{"taxonomy":"product_tag","embeddable":true,"href":"https:\/\/jinhuaceramic.com\/pt\/wp-json\/wp\/v2\/product_tag?post=9585"}],"curies":[{"name":"wp","href":"https:\/\/api.w.org\/{rel}","templated":true}]}}