{"id":9601,"date":"2025-07-04T01:12:03","date_gmt":"2025-07-04T01:12:03","guid":{"rendered":"https:\/\/jinhuaceramic.com\/?post_type=product&#038;p=9601"},"modified":"2025-07-04T01:12:04","modified_gmt":"2025-07-04T01:12:04","slug":"wholesale-stoneware","status":"publish","type":"product","link":"https:\/\/jinhuaceramic.com\/pt\/product\/wholesale-stoneware\/","title":{"rendered":"Pratos e ta\u00e7as de gr\u00e9s por grosso, artigos de mesa com tema do oceano"},"content":{"rendered":"<div class=\"wp-block-columns is-layout-flex wp-container-core-columns-is-layout-9d6595d7 wp-block-columns-is-layout-flex\">\n<div class=\"wp-block-column is-layout-flow wp-block-column-is-layout-flow\">\n<h3 class=\"wp-block-heading\">Conjunto de gr\u00e9s Premium Wholesale Carater\u00edsticas:<\/h3>\n\n\n\n<ul class=\"wp-block-list\">\n<li><strong>Padr\u00e3o art\u00edstico: <\/strong>Esta loi\u00e7a de gr\u00e9s por atacado incorpora padr\u00f5es art\u00edsticos, impressos com uma bela vida marinha, como conchas, estrelas-do-mar e corais, utilizando o azul fresco como cor de fundo, em contraste com o fundo cinzento r\u00fastico e quente, evocando um ambiente calmo de f\u00e9rias ou de praia.<\/li>\n\n\n\n<li><strong>Textura natural: <\/strong>Os pratos, as ta\u00e7as e as ch\u00e1venas deste conjunto de loi\u00e7a de restaurante apresentam delicados desenhos em espiral na superf\u00edcie, imitando o trabalho manual da cer\u00e2mica artesanal e apresentando um aspeto r\u00fastico e terroso.<\/li>\n\n\n\n<li><strong>Cer\u00e2mica duradoura:<\/strong> Estas loi\u00e7as de gr\u00e9s por grosso de alta qualidade n\u00e3o s\u00e3o fabricadas com produtos qu\u00edmicos como o chumbo e o c\u00e1dmio e s\u00e3o seguras para os alimentos. A cer\u00e2mica \u00e9 menos suscet\u00edvel de se partir, \u00e9 mais s\u00f3lida do que a cer\u00e2mica normal, n\u00e3o \u00e9 quebradi\u00e7a e tem uma vida \u00fatil mais longa.<\/li>\n<\/ul>\n<\/div>\n\n\n\n<div class=\"wp-block-column is-layout-flow wp-block-column-is-layout-flow\">\n<figure class=\"wp-block-image size-full\"><img fetchpriority=\"high\" decoding=\"async\" width=\"800\" height=\"800\" src=\"https:\/\/jinhuaceramic.com\/wp-content\/uploads\/2025\/07\/Ocean-Themed-Tableware-Set-Stoneware-Dinner-Plate-and-Bowls-in-Bulk-6.webp\" alt=\"Pratos e ta\u00e7as de gr\u00e9s por grosso, artigos de mesa com tema do oceano-1\" class=\"wp-image-9606\" srcset=\"https:\/\/jinhuaceramic.com\/wp-content\/uploads\/2025\/07\/Ocean-Themed-Tableware-Set-Stoneware-Dinner-Plate-and-Bowls-in-Bulk-6.webp 800w, https:\/\/jinhuaceramic.com\/wp-content\/uploads\/2025\/07\/Ocean-Themed-Tableware-Set-Stoneware-Dinner-Plate-and-Bowls-in-Bulk-6-300x300.webp 300w, https:\/\/jinhuaceramic.com\/wp-content\/uploads\/2025\/07\/Ocean-Themed-Tableware-Set-Stoneware-Dinner-Plate-and-Bowls-in-Bulk-6-150x150.webp 150w, https:\/\/jinhuaceramic.com\/wp-content\/uploads\/2025\/07\/Ocean-Themed-Tableware-Set-Stoneware-Dinner-Plate-and-Bowls-in-Bulk-6-768x768.webp 768w, https:\/\/jinhuaceramic.com\/wp-content\/uploads\/2025\/07\/Ocean-Themed-Tableware-Set-Stoneware-Dinner-Plate-and-Bowls-in-Bulk-6-12x12.webp 12w, https:\/\/jinhuaceramic.com\/wp-content\/uploads\/2025\/07\/Ocean-Themed-Tableware-Set-Stoneware-Dinner-Plate-and-Bowls-in-Bulk-6-285x285.webp 285w, https:\/\/jinhuaceramic.com\/wp-content\/uploads\/2025\/07\/Ocean-Themed-Tableware-Set-Stoneware-Dinner-Plate-and-Bowls-in-Bulk-6-270x270.webp 270w, https:\/\/jinhuaceramic.com\/wp-content\/uploads\/2025\/07\/Ocean-Themed-Tableware-Set-Stoneware-Dinner-Plate-and-Bowls-in-Bulk-6-540x540.webp 540w, https:\/\/jinhuaceramic.com\/wp-content\/uploads\/2025\/07\/Ocean-Themed-Tableware-Set-Stoneware-Dinner-Plate-and-Bowls-in-Bulk-6-660x660.webp 660w\" sizes=\"(max-width: 800px) 100vw, 800px\" \/><\/figure>\n<\/div>\n<\/div>","protected":false},"excerpt":{"rendered":"<p>Bem-vindo \u00e0 compra de lou\u00e7a de gr\u00e9s por atacado. Esta lou\u00e7a de restaurante a granel adopta um design tem\u00e1tico \u00fanico do oceano, material cer\u00e2mico dur\u00e1vel, cheio de recursos, bonito e pr\u00e1tico. Adicione uma atmosfera marinha \u00fanica ao ambiente de jantar e melhore a experi\u00eancia de jantar.<\/p>","protected":false},"featured_media":9603,"comment_status":"closed","ping_status":"closed","template":"","meta":{"_acf_changed":false},"product_brand":[],"product_cat":[83,54],"product_tag":[],"class_list":{"0":"post-9601","1":"product","2":"type-product","3":"status-publish","4":"has-post-thumbnail","6":"product_cat-wholesale-dinnerware-sets","7":"product_cat-tableware-wholesale","9":"first","10":"instock","11":"shipping-taxable","12":"product-type-simple"},"acf":[],"_links":{"self":[{"href":"https:\/\/jinhuaceramic.com\/pt\/wp-json\/wp\/v2\/product\/9601","targetHints":{"allow":["GET"]}}],"collection":[{"href":"https:\/\/jinhuaceramic.com\/pt\/wp-json\/wp\/v2\/product"}],"about":[{"href":"https:\/\/jinhuaceramic.com\/pt\/wp-json\/wp\/v2\/types\/product"}],"replies":[{"embeddable":true,"href":"https:\/\/jinhuaceramic.com\/pt\/wp-json\/wp\/v2\/comments?post=9601"}],"version-history":[{"count":0,"href":"https:\/\/jinhuaceramic.com\/pt\/wp-json\/wp\/v2\/product\/9601\/revisions"}],"wp:featuredmedia":[{"embeddable":true,"href":"https:\/\/jinhuaceramic.com\/pt\/wp-json\/wp\/v2\/media\/9603"}],"wp:attachment":[{"href":"https:\/\/jinhuaceramic.com\/pt\/wp-json\/wp\/v2\/media?parent=9601"}],"wp:term":[{"taxonomy":"product_brand","embeddable":true,"href":"https:\/\/jinhuaceramic.com\/pt\/wp-json\/wp\/v2\/product_brand?post=9601"},{"taxonomy":"product_cat","embeddable":true,"href":"https:\/\/jinhuaceramic.com\/pt\/wp-json\/wp\/v2\/product_cat?post=9601"},{"taxonomy":"product_tag","embeddable":true,"href":"https:\/\/jinhuaceramic.com\/pt\/wp-json\/wp\/v2\/product_tag?post=9601"}],"curies":[{"name":"wp","href":"https:\/\/api.w.org\/{rel}","templated":true}]}}