{"id":9618,"date":"2025-07-04T01:50:56","date_gmt":"2025-07-04T01:50:56","guid":{"rendered":"https:\/\/jinhuaceramic.com\/?post_type=product&#038;p=9618"},"modified":"2025-07-04T01:50:58","modified_gmt":"2025-07-04T01:50:58","slug":"bulk-dishware","status":"publish","type":"product","link":"https:\/\/jinhuaceramic.com\/pt\/product\/bulk-dishware\/","title":{"rendered":"Fornecimento de f\u00e1brica de lou\u00e7a a granel, conjuntos de lou\u00e7a azul por atacado"},"content":{"rendered":"<div class=\"wp-block-columns is-layout-flex wp-container-core-columns-is-layout-9d6595d7 wp-block-columns-is-layout-flex\">\n<div class=\"wp-block-column is-layout-flow wp-block-column-is-layout-flow\">\n<h3 class=\"wp-block-heading\">Loi\u00e7a Premium a granel Carater\u00edsticas:<\/h3>\n\n\n\n<ul class=\"wp-block-list\">\n<li><strong>Design elegante:<\/strong> Esta loi\u00e7a a granel \u00e9 em tons de azul escuro, exalando um brilho estrelado, que \u00e9 muito elegante. O rebordo castanho irregular ao longo da borda da loi\u00e7a tem um aspeto r\u00fastico feito \u00e0 m\u00e3o, aumentando o car\u00e1cter art\u00edstico da loi\u00e7a.<\/li>\n\n\n\n<li><strong>Material de alta qualidade: <\/strong>Estes conjuntos de loi\u00e7a azul por atacado s\u00e3o feitos de cer\u00e2mica de qualidade alimentar de alta qualidade, sem qu\u00edmicos nocivos como o chumbo e o c\u00e1dmio, e s\u00e3o mais seguros de utilizar. Estes utens\u00edlios de mesa podem ser utilizados em micro-ondas, fornos, fritadeiras de ar, frigor\u00edficos e m\u00e1quinas de lavar lou\u00e7a, o que \u00e9 muito conveniente.<\/li>\n\n\n\n<li><strong>Forte car\u00e1cter pr\u00e1tico: <\/strong>A nossa loi\u00e7a a granel cont\u00e9m uma tigela de boca larga de 7,5 polegadas, um prato de 8,5 polegadas e um prato de 10,5 polegadas, que podem satisfazer as necessidades de servir uma variedade de alimentos, tais como alimentos b\u00e1sicos, acompanhamentos, sopas, saladas, sobremesas, etc., e \u00e9 extremamente pr\u00e1tica.<\/li>\n\n\n\n<li><strong>Presente perfeito: <\/strong>Os nossos conjuntos de lou\u00e7a azul por atacado s\u00e3o pr\u00e1ticos e bonitos, muito adequados como um presente de casamento ou presente de inaugura\u00e7\u00e3o de casa, destacando o gosto do presenteador e transmitindo os bons desejos do presenteador.<\/li>\n<\/ul>\n<\/div>\n\n\n\n<div class=\"wp-block-column is-layout-flow wp-block-column-is-layout-flow\">\n<figure class=\"wp-block-image size-full\"><img fetchpriority=\"high\" decoding=\"async\" width=\"800\" height=\"800\" src=\"https:\/\/jinhuaceramic.com\/wp-content\/uploads\/2025\/07\/Blue-Dinner-Plate-and-Bowl-Set-Wholesale-Ceramic-Tableware-Set-5.webp\" alt=\"Fornecimento de f\u00e1brica de lou\u00e7a a granel, conjuntos de lou\u00e7a azul por atacado-1\" class=\"wp-image-9622\" srcset=\"https:\/\/jinhuaceramic.com\/wp-content\/uploads\/2025\/07\/Blue-Dinner-Plate-and-Bowl-Set-Wholesale-Ceramic-Tableware-Set-5.webp 800w, https:\/\/jinhuaceramic.com\/wp-content\/uploads\/2025\/07\/Blue-Dinner-Plate-and-Bowl-Set-Wholesale-Ceramic-Tableware-Set-5-300x300.webp 300w, https:\/\/jinhuaceramic.com\/wp-content\/uploads\/2025\/07\/Blue-Dinner-Plate-and-Bowl-Set-Wholesale-Ceramic-Tableware-Set-5-150x150.webp 150w, https:\/\/jinhuaceramic.com\/wp-content\/uploads\/2025\/07\/Blue-Dinner-Plate-and-Bowl-Set-Wholesale-Ceramic-Tableware-Set-5-768x768.webp 768w, https:\/\/jinhuaceramic.com\/wp-content\/uploads\/2025\/07\/Blue-Dinner-Plate-and-Bowl-Set-Wholesale-Ceramic-Tableware-Set-5-12x12.webp 12w, https:\/\/jinhuaceramic.com\/wp-content\/uploads\/2025\/07\/Blue-Dinner-Plate-and-Bowl-Set-Wholesale-Ceramic-Tableware-Set-5-285x285.webp 285w, https:\/\/jinhuaceramic.com\/wp-content\/uploads\/2025\/07\/Blue-Dinner-Plate-and-Bowl-Set-Wholesale-Ceramic-Tableware-Set-5-270x270.webp 270w, https:\/\/jinhuaceramic.com\/wp-content\/uploads\/2025\/07\/Blue-Dinner-Plate-and-Bowl-Set-Wholesale-Ceramic-Tableware-Set-5-540x540.webp 540w, https:\/\/jinhuaceramic.com\/wp-content\/uploads\/2025\/07\/Blue-Dinner-Plate-and-Bowl-Set-Wholesale-Ceramic-Tableware-Set-5-660x660.webp 660w\" sizes=\"(max-width: 800px) 100vw, 800px\" \/><\/figure>\n<\/div>\n<\/div>","protected":false},"excerpt":{"rendered":"<p>Bem-vindo \u00e0 compra de loi\u00e7a a granel. Os nossos conjuntos de lou\u00e7a azul por atacado t\u00eam designs elegantes e combina\u00e7\u00f5es pr\u00e1ticas de v\u00e1rios utens\u00edlios de mesa. N\u00e3o s\u00e3o apenas adequados para uso dom\u00e9stico ou em restaurantes, mas tamb\u00e9m s\u00e3o presentes perfeitos.<\/p>","protected":false},"featured_media":9624,"comment_status":"closed","ping_status":"closed","template":"","meta":{"_acf_changed":false},"product_brand":[],"product_cat":[83,54],"product_tag":[],"class_list":{"0":"post-9618","1":"product","2":"type-product","3":"status-publish","4":"has-post-thumbnail","6":"product_cat-wholesale-dinnerware-sets","7":"product_cat-tableware-wholesale","9":"first","10":"instock","11":"shipping-taxable","12":"product-type-simple"},"acf":[],"_links":{"self":[{"href":"https:\/\/jinhuaceramic.com\/pt\/wp-json\/wp\/v2\/product\/9618","targetHints":{"allow":["GET"]}}],"collection":[{"href":"https:\/\/jinhuaceramic.com\/pt\/wp-json\/wp\/v2\/product"}],"about":[{"href":"https:\/\/jinhuaceramic.com\/pt\/wp-json\/wp\/v2\/types\/product"}],"replies":[{"embeddable":true,"href":"https:\/\/jinhuaceramic.com\/pt\/wp-json\/wp\/v2\/comments?post=9618"}],"version-history":[{"count":0,"href":"https:\/\/jinhuaceramic.com\/pt\/wp-json\/wp\/v2\/product\/9618\/revisions"}],"wp:featuredmedia":[{"embeddable":true,"href":"https:\/\/jinhuaceramic.com\/pt\/wp-json\/wp\/v2\/media\/9624"}],"wp:attachment":[{"href":"https:\/\/jinhuaceramic.com\/pt\/wp-json\/wp\/v2\/media?parent=9618"}],"wp:term":[{"taxonomy":"product_brand","embeddable":true,"href":"https:\/\/jinhuaceramic.com\/pt\/wp-json\/wp\/v2\/product_brand?post=9618"},{"taxonomy":"product_cat","embeddable":true,"href":"https:\/\/jinhuaceramic.com\/pt\/wp-json\/wp\/v2\/product_cat?post=9618"},{"taxonomy":"product_tag","embeddable":true,"href":"https:\/\/jinhuaceramic.com\/pt\/wp-json\/wp\/v2\/product_tag?post=9618"}],"curies":[{"name":"wp","href":"https:\/\/api.w.org\/{rel}","templated":true}]}}