{"id":9633,"date":"2025-07-10T06:51:45","date_gmt":"2025-07-10T06:51:45","guid":{"rendered":"https:\/\/jinhuaceramic.com\/?post_type=product&#038;p=9633"},"modified":"2025-11-12T03:27:51","modified_gmt":"2025-11-12T03:27:51","slug":"wholesale-bath-accessories-sets","status":"publish","type":"product","link":"https:\/\/jinhuaceramic.com\/pt\/product\/wholesale-bath-accessories-sets\/","title":{"rendered":"Conjuntos de acess\u00f3rios de banho de 5 pe\u00e7as por atacado, conjunto de casa de banho personalizado"},"content":{"rendered":"<div class=\"wp-block-columns is-layout-flex wp-container-core-columns-is-layout-9d6595d7 wp-block-columns-is-layout-flex\">\n<div class=\"wp-block-column is-layout-flow wp-block-column-is-layout-flow\">\n<h3 class=\"wp-block-heading\">Conjuntos de acess\u00f3rios de banho Premium de 5 pe\u00e7as por atacado Carater\u00edsticas:<\/h3>\n\n\n\n<ul class=\"wp-block-list\">\n<li><strong>Forma \u00fanica: <\/strong>Estes conjuntos de acess\u00f3rios de banho por atacado t\u00eam formas \u00fanicas e arredondadas, tal como pedras redondas empilhadas naturalmente, que s\u00e3o escalonadas e quebram as linhas regulares dos artigos de casa de banho convencionais e est\u00e3o cheias de sentido art\u00edstico.<\/li>\n\n\n\n<li><strong>Branco mate:<\/strong> Estes conjuntos de acess\u00f3rios de banho por atacado s\u00e3o simples e refrescantes em branco, o que \u00e9 adequado para casas de banho que procuram um espa\u00e7o limpo e \u00e9 muito vers\u00e1til e adequado para v\u00e1rios estilos de decora\u00e7\u00e3o. A superf\u00edcie apresenta uma cor mate, que \u00e9 mais avan\u00e7ada e contida do que a superf\u00edcie brilhante.<\/li>\n\n\n\n<li><strong>Material fino:<\/strong> O conjunto de casa de banho por atacado \u00e9 constru\u00eddo com material cer\u00e2mico de qualidade superior que \u00e9 dur\u00e1vel, \u00e0 prova de \u00e1gua e \u00e0 prova de vapor e pode resistir ao teste do tempo e a ambientes vaporosos.<\/li>\n\n\n\n<li><strong>Conjunto completo:<\/strong> Dispensadores de sab\u00e3o, suportes para escovas de dentes, copos para elixir bucal, frascos de armazenamento com tampas e saboneteiras est\u00e3o todos inclu\u00eddos nos conjuntos de casa de banho por atacado. S\u00e3o unidades completas e podem ser utilizadas para armazenar e utilizar os artigos de casa de banho essenciais do dia a dia, eliminando a possibilidade de as bancadas da casa de banho ficarem desarrumadas e desorganizadas.<\/li>\n<\/ul>\n<\/div>\n\n\n\n<div class=\"wp-block-column is-layout-flow wp-block-column-is-layout-flow\">\n<figure class=\"wp-block-image size-full\"><img fetchpriority=\"high\" decoding=\"async\" width=\"1600\" height=\"1600\" src=\"https:\/\/jinhuaceramic.com\/wp-content\/uploads\/2025\/07\/5-Piece-Designer-Bathroom-Sets-Wholesale-Shower-Accessories-In-Bulk-3.webp\" alt=\"Conjunto de 5 pe\u00e7as para casa de banho - acess\u00f3rios de casa de banho personalizados - conjunto 3\" class=\"wp-image-9635\" srcset=\"https:\/\/jinhuaceramic.com\/wp-content\/uploads\/2025\/07\/5-Piece-Designer-Bathroom-Sets-Wholesale-Shower-Accessories-In-Bulk-3.webp 1600w, https:\/\/jinhuaceramic.com\/wp-content\/uploads\/2025\/07\/5-Piece-Designer-Bathroom-Sets-Wholesale-Shower-Accessories-In-Bulk-3-300x300.webp 300w, https:\/\/jinhuaceramic.com\/wp-content\/uploads\/2025\/07\/5-Piece-Designer-Bathroom-Sets-Wholesale-Shower-Accessories-In-Bulk-3-150x150.webp 150w, https:\/\/jinhuaceramic.com\/wp-content\/uploads\/2025\/07\/5-Piece-Designer-Bathroom-Sets-Wholesale-Shower-Accessories-In-Bulk-3-768x768.webp 768w, https:\/\/jinhuaceramic.com\/wp-content\/uploads\/2025\/07\/5-Piece-Designer-Bathroom-Sets-Wholesale-Shower-Accessories-In-Bulk-3-12x12.webp 12w, https:\/\/jinhuaceramic.com\/wp-content\/uploads\/2025\/07\/5-Piece-Designer-Bathroom-Sets-Wholesale-Shower-Accessories-In-Bulk-3-285x285.webp 285w, https:\/\/jinhuaceramic.com\/wp-content\/uploads\/2025\/07\/5-Piece-Designer-Bathroom-Sets-Wholesale-Shower-Accessories-In-Bulk-3-270x270.webp 270w, https:\/\/jinhuaceramic.com\/wp-content\/uploads\/2025\/07\/5-Piece-Designer-Bathroom-Sets-Wholesale-Shower-Accessories-In-Bulk-3-540x540.webp 540w, https:\/\/jinhuaceramic.com\/wp-content\/uploads\/2025\/07\/5-Piece-Designer-Bathroom-Sets-Wholesale-Shower-Accessories-In-Bulk-3-660x660.webp 660w\" sizes=\"(max-width: 1600px) 100vw, 1600px\" \/><\/figure>\n<\/div>\n<\/div>","protected":false},"excerpt":{"rendered":"<p>Welcome to purchase our wholesale bath accessories sets. These unique bathroom sets are made of durable ceramic material combined with functional accessories, which make them an essential bathroom item. Also, the creative and distinctive shape and pristine matte white luxury make them functional and enhance the overall aesthetics of the bathroom.<\/p>","protected":false},"featured_media":9639,"comment_status":"closed","ping_status":"closed","template":"","meta":{"_acf_changed":false},"product_brand":[],"product_cat":[51],"product_tag":[],"class_list":{"0":"post-9633","1":"product","2":"type-product","3":"status-publish","4":"has-post-thumbnail","6":"product_cat-bathroom-accessories-wholesale","8":"first","9":"instock","10":"shipping-taxable","11":"product-type-simple"},"acf":[],"_links":{"self":[{"href":"https:\/\/jinhuaceramic.com\/pt\/wp-json\/wp\/v2\/product\/9633","targetHints":{"allow":["GET"]}}],"collection":[{"href":"https:\/\/jinhuaceramic.com\/pt\/wp-json\/wp\/v2\/product"}],"about":[{"href":"https:\/\/jinhuaceramic.com\/pt\/wp-json\/wp\/v2\/types\/product"}],"replies":[{"embeddable":true,"href":"https:\/\/jinhuaceramic.com\/pt\/wp-json\/wp\/v2\/comments?post=9633"}],"version-history":[{"count":0,"href":"https:\/\/jinhuaceramic.com\/pt\/wp-json\/wp\/v2\/product\/9633\/revisions"}],"wp:featuredmedia":[{"embeddable":true,"href":"https:\/\/jinhuaceramic.com\/pt\/wp-json\/wp\/v2\/media\/9639"}],"wp:attachment":[{"href":"https:\/\/jinhuaceramic.com\/pt\/wp-json\/wp\/v2\/media?parent=9633"}],"wp:term":[{"taxonomy":"product_brand","embeddable":true,"href":"https:\/\/jinhuaceramic.com\/pt\/wp-json\/wp\/v2\/product_brand?post=9633"},{"taxonomy":"product_cat","embeddable":true,"href":"https:\/\/jinhuaceramic.com\/pt\/wp-json\/wp\/v2\/product_cat?post=9633"},{"taxonomy":"product_tag","embeddable":true,"href":"https:\/\/jinhuaceramic.com\/pt\/wp-json\/wp\/v2\/product_tag?post=9633"}],"curies":[{"name":"wp","href":"https:\/\/api.w.org\/{rel}","templated":true}]}}