{"id":9642,"date":"2025-07-10T06:15:50","date_gmt":"2025-07-10T06:15:50","guid":{"rendered":"https:\/\/jinhuaceramic.com\/?post_type=product&#038;p=9642"},"modified":"2025-11-12T03:39:44","modified_gmt":"2025-11-12T03:39:44","slug":"black-baking-dish-set-wholesale","status":"publish","type":"product","link":"https:\/\/jinhuaceramic.com\/pt\/product\/black-baking-dish-set-wholesale\/","title":{"rendered":"Conjunto de assadeira preta por atacado, assadeira de cer\u00e2mica a granel"},"content":{"rendered":"<div class=\"wp-block-columns is-layout-flex wp-container-core-columns-is-layout-9d6595d7 wp-block-columns-is-layout-flex\">\n<div class=\"wp-block-column is-layout-flow wp-block-column-is-layout-flow\">\n<h3 class=\"wp-block-heading\">Premium Black Baking Dish Set Wholesale&nbsp;Features:<\/h3>\n\n\n\n<ul class=\"wp-block-list\">\n<li><strong>Design \u00fanico: <\/strong>O interior deste conjunto de assadeiras pretas por atacado \u00e9 um esmalte preto liso, mas o exterior \u00e9 decorado com riscas de v\u00e1rios comprimentos numa orienta\u00e7\u00e3o vertical, e tiras de castanho claro tipo borla pendem do topo das riscas para acrescentar um elemento contrastante \u00fanico que traz eleg\u00e2ncia e arte.<\/li>\n\n\n\n<li><strong>Excellent Materials:<\/strong> These high-quality wholesale ceramic baking dish sets of high heat retention and heat-conducting materials ensure food can be heated evenly from the inside out, delivering food that tastes great and crafting a cooked dish that does not contain overcooked or undercooked spots.<\/li>\n\n\n\n<li><strong>Versatilidade: <\/strong>These customized bakeware sets with 3 assorted sizes of rectangular pans to offer all your baking needs, from individual servings to family dinners. Whether you are cooking\/baking complete lasagnas, casseroles, roasted chickens, or small brownies and roasted vegetables, you will have the right size to use.<\/li>\n\n\n\n<li><strong>Antiaderente e de f\u00e1cil limpeza: <\/strong>Estes conjuntos de assadeiras pretas t\u00eam um esmalte liso que n\u00e3o faz com que os res\u00edduos de alimentos se colem a elas, tornando-as assim f\u00e1ceis de limpar, enquanto o material cer\u00e2mico n\u00e3o absorve odores, pelo que s\u00e3o sempre higi\u00e9nicas.<\/li>\n<\/ul>\n<\/div>\n\n\n\n<div class=\"wp-block-column is-layout-flow wp-block-column-is-layout-flow\">\n<figure class=\"wp-block-image size-full\"><img fetchpriority=\"high\" decoding=\"async\" width=\"800\" height=\"800\" src=\"https:\/\/jinhuaceramic.com\/wp-content\/uploads\/2025\/07\/Black-Custom-Baking-Dish-Set-Food-Service-Baking-Pans-Wholesale-5.webp\" alt=\"conjunto de assadeiras pretas - venda por grosso - servi\u00e7o alimentar - assadeiras de cer\u00e2mica - venda por grosso - 5\" class=\"wp-image-9646\" srcset=\"https:\/\/jinhuaceramic.com\/wp-content\/uploads\/2025\/07\/Black-Custom-Baking-Dish-Set-Food-Service-Baking-Pans-Wholesale-5.webp 800w, https:\/\/jinhuaceramic.com\/wp-content\/uploads\/2025\/07\/Black-Custom-Baking-Dish-Set-Food-Service-Baking-Pans-Wholesale-5-300x300.webp 300w, https:\/\/jinhuaceramic.com\/wp-content\/uploads\/2025\/07\/Black-Custom-Baking-Dish-Set-Food-Service-Baking-Pans-Wholesale-5-150x150.webp 150w, https:\/\/jinhuaceramic.com\/wp-content\/uploads\/2025\/07\/Black-Custom-Baking-Dish-Set-Food-Service-Baking-Pans-Wholesale-5-768x768.webp 768w, https:\/\/jinhuaceramic.com\/wp-content\/uploads\/2025\/07\/Black-Custom-Baking-Dish-Set-Food-Service-Baking-Pans-Wholesale-5-12x12.webp 12w, https:\/\/jinhuaceramic.com\/wp-content\/uploads\/2025\/07\/Black-Custom-Baking-Dish-Set-Food-Service-Baking-Pans-Wholesale-5-285x285.webp 285w, https:\/\/jinhuaceramic.com\/wp-content\/uploads\/2025\/07\/Black-Custom-Baking-Dish-Set-Food-Service-Baking-Pans-Wholesale-5-270x270.webp 270w, https:\/\/jinhuaceramic.com\/wp-content\/uploads\/2025\/07\/Black-Custom-Baking-Dish-Set-Food-Service-Baking-Pans-Wholesale-5-540x540.webp 540w, https:\/\/jinhuaceramic.com\/wp-content\/uploads\/2025\/07\/Black-Custom-Baking-Dish-Set-Food-Service-Baking-Pans-Wholesale-5-660x660.webp 660w\" sizes=\"(max-width: 800px) 100vw, 800px\" \/><\/figure>\n<\/div>\n<\/div>","protected":false},"excerpt":{"rendered":"<p>Bem-vindo ao comprar o nosso conjunto de assadeiras pretas por atacado. Estes conjuntos de assadeiras personalizadas s\u00e3o populares devido ao seu design \u00fanico, material cer\u00e2mico de alta qualidade, combina\u00e7\u00f5es de v\u00e1rios tamanhos e limpeza f\u00e1cil. Combinando praticidade e beleza, essas assadeiras n\u00e3o s\u00e3o apenas ferramentas essenciais para assar na cozinha, mas tamb\u00e9m podem ser servidas diretamente na mesa para melhorar a experi\u00eancia de jantar.<\/p>","protected":false},"featured_media":9648,"comment_status":"closed","ping_status":"closed","template":"","meta":{"_acf_changed":false},"product_brand":[],"product_cat":[53],"product_tag":[71],"class_list":{"0":"post-9642","1":"product","2":"type-product","3":"status-publish","4":"has-post-thumbnail","6":"product_cat-bakeware-in-bulk","7":"product_tag-wholesale-baking-pans","9":"first","10":"instock","11":"shipping-taxable","12":"product-type-simple"},"acf":[],"_links":{"self":[{"href":"https:\/\/jinhuaceramic.com\/pt\/wp-json\/wp\/v2\/product\/9642","targetHints":{"allow":["GET"]}}],"collection":[{"href":"https:\/\/jinhuaceramic.com\/pt\/wp-json\/wp\/v2\/product"}],"about":[{"href":"https:\/\/jinhuaceramic.com\/pt\/wp-json\/wp\/v2\/types\/product"}],"replies":[{"embeddable":true,"href":"https:\/\/jinhuaceramic.com\/pt\/wp-json\/wp\/v2\/comments?post=9642"}],"version-history":[{"count":0,"href":"https:\/\/jinhuaceramic.com\/pt\/wp-json\/wp\/v2\/product\/9642\/revisions"}],"wp:featuredmedia":[{"embeddable":true,"href":"https:\/\/jinhuaceramic.com\/pt\/wp-json\/wp\/v2\/media\/9648"}],"wp:attachment":[{"href":"https:\/\/jinhuaceramic.com\/pt\/wp-json\/wp\/v2\/media?parent=9642"}],"wp:term":[{"taxonomy":"product_brand","embeddable":true,"href":"https:\/\/jinhuaceramic.com\/pt\/wp-json\/wp\/v2\/product_brand?post=9642"},{"taxonomy":"product_cat","embeddable":true,"href":"https:\/\/jinhuaceramic.com\/pt\/wp-json\/wp\/v2\/product_cat?post=9642"},{"taxonomy":"product_tag","embeddable":true,"href":"https:\/\/jinhuaceramic.com\/pt\/wp-json\/wp\/v2\/product_tag?post=9642"}],"curies":[{"name":"wp","href":"https:\/\/api.w.org\/{rel}","templated":true}]}}