{"id":9665,"date":"2025-07-10T03:33:07","date_gmt":"2025-07-10T03:33:07","guid":{"rendered":"https:\/\/jinhuaceramic.com\/?post_type=product&#038;p=9665"},"modified":"2025-11-12T03:42:15","modified_gmt":"2025-11-12T03:42:15","slug":"custom-made-crockery","status":"publish","type":"product","link":"https:\/\/jinhuaceramic.com\/pt\/product\/custom-made-crockery\/","title":{"rendered":"Conjunto de lou\u00e7a de jantar por atacado, verde fresco, feito \u00e0 medida"},"content":{"rendered":"<div class=\"wp-block-columns is-layout-flex wp-container-core-columns-is-layout-9d6595d7 wp-block-columns-is-layout-flex\">\n<div class=\"wp-block-column is-layout-flow wp-block-column-is-layout-flow\">\n<h3 class=\"wp-block-heading\">Lou\u00e7a Premium Fresh Green feita \u00e0 medida Carater\u00edsticas:<\/h3>\n\n\n\n<ul class=\"wp-block-list\">\n<li><strong>Cores frescas: <\/strong>Estes conjuntos de loi\u00e7a feitos por medida s\u00e3o de um verde claro suave e fresco, com pequenas manchas pretas na superf\u00edcie, acrescentando uma textura artesanal. A borda da loi\u00e7a \u00e9 uma linha branca n\u00edtida que corta o corpo da loi\u00e7a verde com bastante nitidez, tornando as linhas da loi\u00e7a mais limpas e organizadas.<\/li>\n\n\n\n<li><strong>Gr\u00e9s de longa dura\u00e7\u00e3o:<\/strong> Estes conjuntos de loi\u00e7a de gr\u00e9s de alta qualidade s\u00e3o mais espessos e mais duradouros do que a loi\u00e7a de cer\u00e2mica normal e mais resistentes a lascas e riscos, pelo que s\u00e3o ideais para o uso di\u00e1rio.<\/li>\n\n\n\n<li><strong>Elevada praticidade:<\/strong> Esta loi\u00e7a feita por medida inclui pratos e tigelas de diferentes tamanhos, que podem satisfazer as necessidades das refei\u00e7\u00f5es di\u00e1rias da fam\u00edlia ou de pequenas reuni\u00f5es. Os utens\u00edlios de mesa de diferentes tamanhos podem ser utilizados para guardar alimentos b\u00e1sicos, acompanhamentos, sopas, saladas, sobremesas e outros alimentos, o que \u00e9 muito pr\u00e1tico.<\/li>\n\n\n\n<li><strong>Um \u00f3timo presente:<\/strong> Estes conjuntos de loi\u00e7a por atacado t\u00eam um design bonito, s\u00e3o feitos de materiais de alta qualidade e s\u00e3o muito pr\u00e1ticos, o que os torna muito adequados como presentes para ocasi\u00f5es importantes, como inaugura\u00e7\u00f5es de casas, casamentos, anivers\u00e1rios, etc., que s\u00e3o simultaneamente de bom gosto e pr\u00e1ticos.<\/li>\n<\/ul>\n<\/div>\n\n\n\n<div class=\"wp-block-column is-layout-flow wp-block-column-is-layout-flow\">\n<figure class=\"wp-block-image size-full\"><img fetchpriority=\"high\" decoding=\"async\" width=\"800\" height=\"800\" src=\"https:\/\/jinhuaceramic.com\/wp-content\/uploads\/2025\/07\/Fresh-Green-Custom-Crockery-Set-Wholesale-Dinnerware-Set-Service-For-4-2.webp\" alt=\"fresh-green-custom-made-crockery-wholesale-dinnerware-set-service-for-4-2\" class=\"wp-image-9666\" srcset=\"https:\/\/jinhuaceramic.com\/wp-content\/uploads\/2025\/07\/Fresh-Green-Custom-Crockery-Set-Wholesale-Dinnerware-Set-Service-For-4-2.webp 800w, https:\/\/jinhuaceramic.com\/wp-content\/uploads\/2025\/07\/Fresh-Green-Custom-Crockery-Set-Wholesale-Dinnerware-Set-Service-For-4-2-300x300.webp 300w, https:\/\/jinhuaceramic.com\/wp-content\/uploads\/2025\/07\/Fresh-Green-Custom-Crockery-Set-Wholesale-Dinnerware-Set-Service-For-4-2-150x150.webp 150w, https:\/\/jinhuaceramic.com\/wp-content\/uploads\/2025\/07\/Fresh-Green-Custom-Crockery-Set-Wholesale-Dinnerware-Set-Service-For-4-2-768x768.webp 768w, https:\/\/jinhuaceramic.com\/wp-content\/uploads\/2025\/07\/Fresh-Green-Custom-Crockery-Set-Wholesale-Dinnerware-Set-Service-For-4-2-12x12.webp 12w, https:\/\/jinhuaceramic.com\/wp-content\/uploads\/2025\/07\/Fresh-Green-Custom-Crockery-Set-Wholesale-Dinnerware-Set-Service-For-4-2-285x285.webp 285w, https:\/\/jinhuaceramic.com\/wp-content\/uploads\/2025\/07\/Fresh-Green-Custom-Crockery-Set-Wholesale-Dinnerware-Set-Service-For-4-2-270x270.webp 270w, https:\/\/jinhuaceramic.com\/wp-content\/uploads\/2025\/07\/Fresh-Green-Custom-Crockery-Set-Wholesale-Dinnerware-Set-Service-For-4-2-540x540.webp 540w, https:\/\/jinhuaceramic.com\/wp-content\/uploads\/2025\/07\/Fresh-Green-Custom-Crockery-Set-Wholesale-Dinnerware-Set-Service-For-4-2-660x660.webp 660w\" sizes=\"(max-width: 800px) 100vw, 800px\" \/><\/figure>\n<\/div>\n<\/div>","protected":false},"excerpt":{"rendered":"<p>Bem-vindo a comprar o nosso conjunto de loi\u00e7a verde fresco feito \u00e0 medida. Estes conjuntos de lou\u00e7a por atacado apresentam designs de cores frescas e naturais, materiais de gr\u00e9s dur\u00e1veis e fun\u00e7\u00f5es pr\u00e1ticas abrangentes que podem melhorar significativamente a qualidade das refei\u00e7\u00f5es di\u00e1rias e o apelo visual da mesa de jantar.<\/p>","protected":false},"featured_media":9670,"comment_status":"closed","ping_status":"closed","template":"","meta":{"_acf_changed":false},"product_brand":[],"product_cat":[83,54],"product_tag":[],"class_list":{"0":"post-9665","1":"product","2":"type-product","3":"status-publish","4":"has-post-thumbnail","6":"product_cat-wholesale-dinnerware-sets","7":"product_cat-tableware-wholesale","9":"first","10":"instock","11":"shipping-taxable","12":"product-type-simple"},"acf":[],"_links":{"self":[{"href":"https:\/\/jinhuaceramic.com\/pt\/wp-json\/wp\/v2\/product\/9665","targetHints":{"allow":["GET"]}}],"collection":[{"href":"https:\/\/jinhuaceramic.com\/pt\/wp-json\/wp\/v2\/product"}],"about":[{"href":"https:\/\/jinhuaceramic.com\/pt\/wp-json\/wp\/v2\/types\/product"}],"replies":[{"embeddable":true,"href":"https:\/\/jinhuaceramic.com\/pt\/wp-json\/wp\/v2\/comments?post=9665"}],"version-history":[{"count":0,"href":"https:\/\/jinhuaceramic.com\/pt\/wp-json\/wp\/v2\/product\/9665\/revisions"}],"wp:featuredmedia":[{"embeddable":true,"href":"https:\/\/jinhuaceramic.com\/pt\/wp-json\/wp\/v2\/media\/9670"}],"wp:attachment":[{"href":"https:\/\/jinhuaceramic.com\/pt\/wp-json\/wp\/v2\/media?parent=9665"}],"wp:term":[{"taxonomy":"product_brand","embeddable":true,"href":"https:\/\/jinhuaceramic.com\/pt\/wp-json\/wp\/v2\/product_brand?post=9665"},{"taxonomy":"product_cat","embeddable":true,"href":"https:\/\/jinhuaceramic.com\/pt\/wp-json\/wp\/v2\/product_cat?post=9665"},{"taxonomy":"product_tag","embeddable":true,"href":"https:\/\/jinhuaceramic.com\/pt\/wp-json\/wp\/v2\/product_tag?post=9665"}],"curies":[{"name":"wp","href":"https:\/\/api.w.org\/{rel}","templated":true}]}}