{"id":9709,"date":"2025-07-17T02:46:37","date_gmt":"2025-07-17T02:46:37","guid":{"rendered":"https:\/\/jinhuaceramic.com\/?post_type=product&#038;p=9709"},"modified":"2025-11-12T03:41:55","modified_gmt":"2025-11-12T03:41:55","slug":"custom-ceramic-candle-jar","status":"publish","type":"product","link":"https:\/\/jinhuaceramic.com\/pt\/product\/custom-ceramic-candle-jar\/","title":{"rendered":"Frascos para velas em cer\u00e2mica personalizados, recipientes para velas \u00fanicos a granel"},"content":{"rendered":"<div class=\"wp-block-columns is-layout-flex wp-container-core-columns-is-layout-9d6595d7 wp-block-columns-is-layout-flex\">\n<div class=\"wp-block-column is-layout-flow wp-block-column-is-layout-flow\">\n<h3 class=\"wp-block-heading\">Frasco de vela de cer\u00e2mica personalizada Premium Carater\u00edsticas:<\/h3>\n\n\n\n<ul class=\"wp-block-list\">\n<li><strong>Design n\u00e3o convencional:<\/strong> Os frascos para velas em cer\u00e2mica personalizados de formato \u00fanico t\u00eam uma forma arredondada, mas t\u00eam um fundo mais comprido, o que faz com que a altura do frasco aumente e a forma geral se torne mais escultural e art\u00edstica. Existem at\u00e9 riscas verticais no exterior do frasco, criando textura e camadas visuais, tornando-o ainda mais requintado e \u00fanico.<\/li>\n\n\n\n<li><strong>V\u00e1rios tons suaves: <\/strong>Est\u00e3o dispon\u00edveis diferentes tons suaves, como o branco, o esbranqui\u00e7ado, o rosa, o rosa claro, o verde claro, etc., para estes frascos de velas em cer\u00e2mica personalizados. Estes tons de baixa satura\u00e7\u00e3o s\u00e3o muito vers\u00e1teis e podem criar um ambiente relaxante, quente e acolhedor.<\/li>\n\n\n\n<li><strong>Material de longa dura\u00e7\u00e3o:<\/strong> Os frascos de velas por atacado s\u00e3o produzidos com material cer\u00e2mico dur\u00e1vel e cozidos em fornos de alta temperatura. Os frascos s\u00e3o duros, duradouros e resistentes ao calor. Suportam sem dificuldade o calor produzido pela queima das velas e n\u00e3o estalam facilmente.<\/li>\n\n\n\n<li><strong>Versatilidade: <\/strong>Estes recipientes de cer\u00e2mica para venda por grosso t\u00eam m\u00faltiplas utiliza\u00e7\u00f5es. Em primeiro lugar, s\u00e3o de tamanho moderado e s\u00e3o mais adequados como recipientes para velas perfumadas. Em segundo lugar, podem ser utilizados como pequenos vasos de flores para cultivar pequenas plantas e tamb\u00e9m podem ser utilizados como frascos de armazenamento para guardar pequenos objectos.<\/li>\n<\/ul>\n<\/div>\n\n\n\n<div class=\"wp-block-column is-layout-flow wp-block-column-is-layout-flow\">\n<figure class=\"wp-block-image size-full\"><img fetchpriority=\"high\" decoding=\"async\" width=\"800\" height=\"800\" src=\"https:\/\/jinhuaceramic.com\/wp-content\/uploads\/2025\/07\/Unique-Candle-Jars-Wholesale-Ceramic-Containers-For-Candle-Or-Plants-3.webp\" alt=\"Frascos de velas de cer\u00e2mica personalizados - frascos de velas \u00fanicos - venda por grosso - para velas ou plantas - 3\" class=\"wp-image-9711\" srcset=\"https:\/\/jinhuaceramic.com\/wp-content\/uploads\/2025\/07\/Unique-Candle-Jars-Wholesale-Ceramic-Containers-For-Candle-Or-Plants-3.webp 800w, https:\/\/jinhuaceramic.com\/wp-content\/uploads\/2025\/07\/Unique-Candle-Jars-Wholesale-Ceramic-Containers-For-Candle-Or-Plants-3-300x300.webp 300w, https:\/\/jinhuaceramic.com\/wp-content\/uploads\/2025\/07\/Unique-Candle-Jars-Wholesale-Ceramic-Containers-For-Candle-Or-Plants-3-150x150.webp 150w, https:\/\/jinhuaceramic.com\/wp-content\/uploads\/2025\/07\/Unique-Candle-Jars-Wholesale-Ceramic-Containers-For-Candle-Or-Plants-3-768x768.webp 768w, https:\/\/jinhuaceramic.com\/wp-content\/uploads\/2025\/07\/Unique-Candle-Jars-Wholesale-Ceramic-Containers-For-Candle-Or-Plants-3-12x12.webp 12w, https:\/\/jinhuaceramic.com\/wp-content\/uploads\/2025\/07\/Unique-Candle-Jars-Wholesale-Ceramic-Containers-For-Candle-Or-Plants-3-285x285.webp 285w, https:\/\/jinhuaceramic.com\/wp-content\/uploads\/2025\/07\/Unique-Candle-Jars-Wholesale-Ceramic-Containers-For-Candle-Or-Plants-3-270x270.webp 270w, https:\/\/jinhuaceramic.com\/wp-content\/uploads\/2025\/07\/Unique-Candle-Jars-Wholesale-Ceramic-Containers-For-Candle-Or-Plants-3-540x540.webp 540w, https:\/\/jinhuaceramic.com\/wp-content\/uploads\/2025\/07\/Unique-Candle-Jars-Wholesale-Ceramic-Containers-For-Candle-Or-Plants-3-660x660.webp 660w\" sizes=\"(max-width: 800px) 100vw, 800px\" \/><\/figure>\n<\/div>\n<\/div>\n\n\n\n<p><\/p>","protected":false},"excerpt":{"rendered":"<p>N\u00e3o hesite em contactar-nos para a compra a granel dos nossos frascos para velas em cer\u00e2mica personalizados. As vantagens destes frascos de velas por atacado incluem um design \u00fanico, cores suaves e flex\u00edveis, m\u00faltiplas utiliza\u00e7\u00f5es e excelentes materiais cer\u00e2micos. Estes frascos para velas s\u00e3o bonitos e pr\u00e1ticos, contribuindo para o espa\u00e7o interior com um toque de sofistica\u00e7\u00e3o e arte, melhorando a qualidade e o ritual da vida quotidiana.<\/p>","protected":false},"featured_media":9710,"comment_status":"closed","ping_status":"closed","template":"","meta":{"_acf_changed":false},"product_brand":[],"product_cat":[52],"product_tag":[66],"class_list":{"0":"post-9709","1":"product","2":"type-product","3":"status-publish","4":"has-post-thumbnail","6":"product_cat-wholesale-candle-containers","7":"product_tag-candle-jars-wholesale","9":"first","10":"instock","11":"shipping-taxable","12":"product-type-simple"},"acf":[],"_links":{"self":[{"href":"https:\/\/jinhuaceramic.com\/pt\/wp-json\/wp\/v2\/product\/9709","targetHints":{"allow":["GET"]}}],"collection":[{"href":"https:\/\/jinhuaceramic.com\/pt\/wp-json\/wp\/v2\/product"}],"about":[{"href":"https:\/\/jinhuaceramic.com\/pt\/wp-json\/wp\/v2\/types\/product"}],"replies":[{"embeddable":true,"href":"https:\/\/jinhuaceramic.com\/pt\/wp-json\/wp\/v2\/comments?post=9709"}],"version-history":[{"count":0,"href":"https:\/\/jinhuaceramic.com\/pt\/wp-json\/wp\/v2\/product\/9709\/revisions"}],"wp:featuredmedia":[{"embeddable":true,"href":"https:\/\/jinhuaceramic.com\/pt\/wp-json\/wp\/v2\/media\/9710"}],"wp:attachment":[{"href":"https:\/\/jinhuaceramic.com\/pt\/wp-json\/wp\/v2\/media?parent=9709"}],"wp:term":[{"taxonomy":"product_brand","embeddable":true,"href":"https:\/\/jinhuaceramic.com\/pt\/wp-json\/wp\/v2\/product_brand?post=9709"},{"taxonomy":"product_cat","embeddable":true,"href":"https:\/\/jinhuaceramic.com\/pt\/wp-json\/wp\/v2\/product_cat?post=9709"},{"taxonomy":"product_tag","embeddable":true,"href":"https:\/\/jinhuaceramic.com\/pt\/wp-json\/wp\/v2\/product_tag?post=9709"}],"curies":[{"name":"wp","href":"https:\/\/api.w.org\/{rel}","templated":true}]}}