{"id":9728,"date":"2025-07-17T07:08:38","date_gmt":"2025-07-17T07:08:38","guid":{"rendered":"https:\/\/jinhuaceramic.com\/?post_type=product&#038;p=9728"},"modified":"2025-11-12T02:51:37","modified_gmt":"2025-11-12T02:51:37","slug":"wholesale-ceramic-baking-dish-set","status":"publish","type":"product","link":"https:\/\/jinhuaceramic.com\/pt\/product\/wholesale-ceramic-baking-dish-set\/","title":{"rendered":"Conjunto de 3 pe\u00e7as para assadeiras de cer\u00e2mica para venda por atacado, Bakeware a granel"},"content":{"rendered":"<div class=\"wp-block-columns is-layout-flex wp-container-core-columns-is-layout-9d6595d7 wp-block-columns-is-layout-flex\">\n<div class=\"wp-block-column is-layout-flow wp-block-column-is-layout-flow\">\n<h3 class=\"wp-block-heading\">Conjunto de 3 pe\u00e7as para assar em cer\u00e2mica Premium Carater\u00edsticas:<\/h3>\n\n\n\n<ul class=\"wp-block-list\">\n<li><strong>Design moderno: <\/strong>Este recipiente para bolos a granel \u00e9 branco puro na parte superior e castanho claro quente na parte inferior do exterior. O estilo de costura em dois tons \u00e9 intemporal, mas moderno, e acrescenta dimens\u00e3o visual. O exterior dos tabuleiros tem uma textura horizontal que contribui para a textura e o requinte do produto.<\/li>\n\n\n\n<li><strong>Material superior:<\/strong> Estes conjuntos de assadeiras de cer\u00e2mica para venda por grosso s\u00e3o criados com cer\u00e2mica forte e de alta temperatura. S\u00e3o fortes e dur\u00e1veis, t\u00eam boa resist\u00eancia a riscos e fissuras e podem suportar as altas temperaturas do forno. Al\u00e9m disso, n\u00e3o s\u00e3o facilmente deformados ou envelhecidos.<\/li>\n\n\n\n<li><strong>Tamanhos vari\u00e1veis:<\/strong> Este conjunto de 3 pe\u00e7as de assadeiras de cer\u00e2mica para venda por atacado permite-lhe selecionar a assadeira certa para o tamanho da por\u00e7\u00e3o e o tipo de prato, como um frango inteiro ou uma assadeira de lasanha grande, uma assadeira de legumes ou ca\u00e7arola de tamanho m\u00e9dio e uma assadeira de brownie ou de tamanho de prato \u00fanico.<\/li>\n\n\n\n<li><strong>Design que empilha e manuseamento f\u00e1cil: <\/strong>Os conjuntos de pastelaria de cozinha a granel podem ser empilhados para poupar espa\u00e7o de armazenamento nos arm\u00e1rios da cozinha. As pegas largas de cada lado permitem um manuseamento f\u00e1cil dentro ou fora do forno e proporcionam uma ader\u00eancia firme mesmo quando se utilizam luvas de forno.<\/li>\n<\/ul>\n<\/div>\n\n\n\n<div class=\"wp-block-column is-layout-flow wp-block-column-is-layout-flow\">\n<figure class=\"wp-block-image size-full\"><img fetchpriority=\"high\" decoding=\"async\" width=\"1600\" height=\"1600\" src=\"https:\/\/jinhuaceramic.com\/wp-content\/uploads\/2025\/07\/3-Piece-Two-Tone-Baking-Dish-Set-Ceramic-Kitchen-Bakeware-Wholesale-For-Oven-3.webp\" alt=\"Conjunto de 3 pe\u00e7as de cer\u00e2mica para assar para cozinha - para forno - 3\" class=\"wp-image-9730\" srcset=\"https:\/\/jinhuaceramic.com\/wp-content\/uploads\/2025\/07\/3-Piece-Two-Tone-Baking-Dish-Set-Ceramic-Kitchen-Bakeware-Wholesale-For-Oven-3.webp 1600w, https:\/\/jinhuaceramic.com\/wp-content\/uploads\/2025\/07\/3-Piece-Two-Tone-Baking-Dish-Set-Ceramic-Kitchen-Bakeware-Wholesale-For-Oven-3-300x300.webp 300w, https:\/\/jinhuaceramic.com\/wp-content\/uploads\/2025\/07\/3-Piece-Two-Tone-Baking-Dish-Set-Ceramic-Kitchen-Bakeware-Wholesale-For-Oven-3-150x150.webp 150w, https:\/\/jinhuaceramic.com\/wp-content\/uploads\/2025\/07\/3-Piece-Two-Tone-Baking-Dish-Set-Ceramic-Kitchen-Bakeware-Wholesale-For-Oven-3-768x768.webp 768w, https:\/\/jinhuaceramic.com\/wp-content\/uploads\/2025\/07\/3-Piece-Two-Tone-Baking-Dish-Set-Ceramic-Kitchen-Bakeware-Wholesale-For-Oven-3-12x12.webp 12w, https:\/\/jinhuaceramic.com\/wp-content\/uploads\/2025\/07\/3-Piece-Two-Tone-Baking-Dish-Set-Ceramic-Kitchen-Bakeware-Wholesale-For-Oven-3-285x285.webp 285w, https:\/\/jinhuaceramic.com\/wp-content\/uploads\/2025\/07\/3-Piece-Two-Tone-Baking-Dish-Set-Ceramic-Kitchen-Bakeware-Wholesale-For-Oven-3-270x270.webp 270w, https:\/\/jinhuaceramic.com\/wp-content\/uploads\/2025\/07\/3-Piece-Two-Tone-Baking-Dish-Set-Ceramic-Kitchen-Bakeware-Wholesale-For-Oven-3-540x540.webp 540w, https:\/\/jinhuaceramic.com\/wp-content\/uploads\/2025\/07\/3-Piece-Two-Tone-Baking-Dish-Set-Ceramic-Kitchen-Bakeware-Wholesale-For-Oven-3-660x660.webp 660w\" sizes=\"(max-width: 1600px) 100vw, 1600px\" \/><\/figure>\n<\/div>\n<\/div>","protected":false},"excerpt":{"rendered":"<p>Bem-vindo ao comprar os nossos conjuntos de assadeiras de cer\u00e2mica de 3 pe\u00e7as por atacado. O material cer\u00e2mico robusto e dur\u00e1vel, a combina\u00e7\u00e3o pr\u00e1tica de v\u00e1rios tamanhos e o design de arruma\u00e7\u00e3o aninh\u00e1vel destes conjuntos de assadeiras tornam-nos numa ferramenta de cozedura indispens\u00e1vel na cozinha. Ao mesmo tempo, o design moderno e bonito permite que estas assadeiras sejam servidas diretamente na mesa, melhorando a experi\u00eancia de jantar.<\/p>","protected":false},"featured_media":9735,"comment_status":"closed","ping_status":"closed","template":"","meta":{"_acf_changed":false},"product_brand":[],"product_cat":[53],"product_tag":[71],"class_list":{"0":"post-9728","1":"product","2":"type-product","3":"status-publish","4":"has-post-thumbnail","6":"product_cat-bakeware-in-bulk","7":"product_tag-wholesale-baking-pans","9":"first","10":"instock","11":"shipping-taxable","12":"product-type-simple"},"acf":[],"_links":{"self":[{"href":"https:\/\/jinhuaceramic.com\/pt\/wp-json\/wp\/v2\/product\/9728","targetHints":{"allow":["GET"]}}],"collection":[{"href":"https:\/\/jinhuaceramic.com\/pt\/wp-json\/wp\/v2\/product"}],"about":[{"href":"https:\/\/jinhuaceramic.com\/pt\/wp-json\/wp\/v2\/types\/product"}],"replies":[{"embeddable":true,"href":"https:\/\/jinhuaceramic.com\/pt\/wp-json\/wp\/v2\/comments?post=9728"}],"version-history":[{"count":0,"href":"https:\/\/jinhuaceramic.com\/pt\/wp-json\/wp\/v2\/product\/9728\/revisions"}],"wp:featuredmedia":[{"embeddable":true,"href":"https:\/\/jinhuaceramic.com\/pt\/wp-json\/wp\/v2\/media\/9735"}],"wp:attachment":[{"href":"https:\/\/jinhuaceramic.com\/pt\/wp-json\/wp\/v2\/media?parent=9728"}],"wp:term":[{"taxonomy":"product_brand","embeddable":true,"href":"https:\/\/jinhuaceramic.com\/pt\/wp-json\/wp\/v2\/product_brand?post=9728"},{"taxonomy":"product_cat","embeddable":true,"href":"https:\/\/jinhuaceramic.com\/pt\/wp-json\/wp\/v2\/product_cat?post=9728"},{"taxonomy":"product_tag","embeddable":true,"href":"https:\/\/jinhuaceramic.com\/pt\/wp-json\/wp\/v2\/product_tag?post=9728"}],"curies":[{"name":"wp","href":"https:\/\/api.w.org\/{rel}","templated":true}]}}